{"id":561,"date":"2019-05-06T22:31:50","date_gmt":"2019-05-07T03:31:50","guid":{"rendered":"https:\/\/www.sadeora.com\/sky_dome\/the-future-planet\/?page_id=561"},"modified":"2024-08-29T05:17:03","modified_gmt":"2024-08-29T10:17:03","slug":"estonia","status":"publish","type":"page","link":"https:\/\/www.sadeora.com\/sky_dome\/the-future-planet\/felicitation-centers\/estonia\/","title":{"rendered":"Estonia"},"content":{"rendered":"\n\n\n<p><\/p>\n\n\n\n<figure class=\"wp-block-audio\"><audio controls src=\"https:\/\/www.sadeora.com\/sky_dome\/the-future-planet\/wp-content\/uploads\/2024\/08\/United_States_Navy_Band_-_Maamme.ogg\"><\/audio><\/figure>\n\n\n\n<p><\/p>\n\n\n\n<figure class=\"wp-block-table\"><table class=\"has-fixed-layout\"><tbody><tr><th><a href=\"https:\/\/en.wikipedia.org\/wiki\/Estonian_language\">Estonian<\/a>&nbsp;original<sup><a href=\"https:\/\/en.wikipedia.org\/wiki\/Mu_isamaa,_mu_%C3%B5nn_ja_r%C3%B5%C3%B5m#cite_note-6\">[5]<\/a><\/sup><sup><a href=\"https:\/\/en.wikipedia.org\/wiki\/Mu_isamaa,_mu_%C3%B5nn_ja_r%C3%B5%C3%B5m#cite_note-7\">[6]<\/a><\/sup><\/th><th>Literal English translation<sup><a href=\"https:\/\/en.wikipedia.org\/wiki\/Mu_isamaa,_mu_%C3%B5nn_ja_r%C3%B5%C3%B5m#cite_note-8\">[7]<\/a><\/sup><\/th><th>Metrical English translation<sup><a href=\"https:\/\/en.wikipedia.org\/wiki\/Mu_isamaa,_mu_%C3%B5nn_ja_r%C3%B5%C3%B5m#cite_note-eesti-1\">[1]<\/a><\/sup><\/th><\/tr><tr><td><strong>I<\/strong><br>Mu isamaa, mu \u00f5nn ja r\u00f5\u00f5m,<br>kui kaunis oled sa!<br>Ei leia mina iial teal<br>see suure, laia ilma peal,<br>mis mul nii armas oleks ka,<br>kui sa, mu isamaa!<br><br><strong>II<\/strong><br>Sa oled mind ju s\u00fcnnitand<br>ja \u00fcles kasvatand;<br>sind t\u00e4nan mina alati<br>ja j\u00e4\u00e4n sull&#8217; truuiks surmani,<br>mul k\u00f5ige armsam oled sa,<br>mu kallis isamaa!<br><br><strong>III<\/strong><br>Su \u00fcle Jumal valvaku<br>mu armas isamaa!<br>Ta olgu sinu kaitseja<br>ja v\u00f5tku rohkest \u00f5nnista,<br>mis iial ette v\u00f5tad sa,<br>mu kallis isamaa!<\/td><td><strong>I<\/strong><br>My fatherland, my joy and happiness,<br>How beautiful you are!<br>I shall not find such ever<br>In this huge wide world<br>Which would be so dear to me<br>As you, my fatherland!<br><br><strong>II<\/strong><br>You have given me birth<br>And raised me up;<br>I shall thank you always<br>And remain faithful to you \u2019til death,<br>To me most beloved are you,<br>My precious fatherland!<br><br><strong>III<\/strong><br>May God watch over you,<br>My precious fatherland!<br>Let Him be your defender<br>And provide bountiful blessings<br>For whatever you undertake,<br>My precious fatherland!<\/td><td><strong>I<\/strong><br>My native land, my joy \u2013 delight,<br>How fair thou art \u2013 how bright!<br>For nowhere in the world around<br>Can ever such a place be found<br>So well belov&#8217;d, from sense profound,<br>My native country dear!<br><br><strong>II<\/strong><br>My tiny crib stood on thy soil,<br>Whose blessings eased my toil.<br>May my last breath be thanks to thee,<br>For true to death I&#8217;ll ever be,<br>O worthy, most belov&#8217;d and fine,<br>Thou, dearest country mine!<br><br><strong>III<\/strong><br>May God in Heaven thee defend,<br>My own beloved land!<br>May He be guard, may He be shield,<br>For ever bless and guardian wield<br>Protection for all deeds of thine,<br>My own, my dearest land!<\/td><\/tr><\/tbody><\/table><\/figure>\n","protected":false},"excerpt":{"rendered":"<p>Estonian&nbsp;original[5][6] Literal English translation[7] Metrical English translation[1] IMu isamaa, mu \u00f5nn ja r\u00f5\u00f5m,kui kaunis oled sa!Ei leia mina iial tealsee suure, laia ilma peal,mis mul nii armas oleks ka,kui sa, mu isamaa! IISa oled mind ju s\u00fcnnitandja \u00fcles kasvatand;sind t\u00e4nan mina alatija j\u00e4\u00e4n sull&#8217; truuiks surmani,mul k\u00f5ige armsam oled sa,mu kallis isamaa! IIISu \u00fcle Jumal&hellip;<\/p>\n","protected":false},"author":1,"featured_media":0,"parent":366,"menu_order":0,"comment_status":"closed","ping_status":"closed","template":"fullwidth.php","meta":{"footnotes":""},"class_list":["post-561","page","type-page","status-publish","hentry"],"_links":{"self":[{"href":"https:\/\/www.sadeora.com\/sky_dome\/the-future-planet\/wp-json\/wp\/v2\/pages\/561","targetHints":{"allow":["GET"]}}],"collection":[{"href":"https:\/\/www.sadeora.com\/sky_dome\/the-future-planet\/wp-json\/wp\/v2\/pages"}],"about":[{"href":"https:\/\/www.sadeora.com\/sky_dome\/the-future-planet\/wp-json\/wp\/v2\/types\/page"}],"author":[{"embeddable":true,"href":"https:\/\/www.sadeora.com\/sky_dome\/the-future-planet\/wp-json\/wp\/v2\/users\/1"}],"replies":[{"embeddable":true,"href":"https:\/\/www.sadeora.com\/sky_dome\/the-future-planet\/wp-json\/wp\/v2\/comments?post=561"}],"version-history":[{"count":0,"href":"https:\/\/www.sadeora.com\/sky_dome\/the-future-planet\/wp-json\/wp\/v2\/pages\/561\/revisions"}],"up":[{"embeddable":true,"href":"https:\/\/www.sadeora.com\/sky_dome\/the-future-planet\/wp-json\/wp\/v2\/pages\/366"}],"wp:attachment":[{"href":"https:\/\/www.sadeora.com\/sky_dome\/the-future-planet\/wp-json\/wp\/v2\/media?parent=561"}],"curies":[{"name":"wp","href":"https:\/\/api.w.org\/{rel}","templated":true}]}}