{"id":559,"date":"2019-05-06T22:31:17","date_gmt":"2019-05-07T03:31:17","guid":{"rendered":"https:\/\/www.sadeora.com\/sky_dome\/the-future-planet\/?page_id=559"},"modified":"2024-09-02T00:07:16","modified_gmt":"2024-09-02T05:07:16","slug":"latvia","status":"publish","type":"page","link":"https:\/\/www.sadeora.com\/sky_dome\/the-future-planet\/felicitation-centers\/latvia\/","title":{"rendered":"Latvia"},"content":{"rendered":"\n\n\n<p><\/p>\n\n\n\n<figure class=\"wp-block-audio\"><audio controls src=\"https:\/\/www.sadeora.com\/sky_dome\/the-future-planet\/wp-content\/uploads\/2024\/09\/Latvian_National_Anthem.ogg\"><\/audio><\/figure>\n\n\n\n<p><\/p>\n\n\n\n<figure class=\"wp-block-table\"><table class=\"has-fixed-layout\"><tbody><tr><th>Latvian original<sup><a href=\"https:\/\/en.wikipedia.org\/wiki\/Dievs,_sv%C4%93t%C4%AB_Latviju!#cite_note-7\">[6]<\/a><\/sup><\/th><th>Latvian<br>(old orthography)<\/th><th><a href=\"https:\/\/en.wikipedia.org\/wiki\/International_Phonetic_Alphabet\">IPA<\/a>&nbsp;transcription<sup><a href=\"https:\/\/en.wikipedia.org\/wiki\/Dievs,_sv%C4%93t%C4%AB_Latviju!#cite_note-8\">[b]<\/a><\/sup><\/th><th>English translation<\/th><\/tr><tr><td>\ud834\udd06 Dievs, sv\u0113t\u012b Latviju!<br>M\u016bs&#8217; d\u0101rgo t\u0113viju<br>Sv\u0113t\u012b jel Latviju<br>Ak, sv\u0113t\u012b jel to! \ud834\udd07<br><br>\ud834\udd06 Kur latvju meitas zied<br>Kur latvju d\u0113li dzied<br>Laid mums tur laim\u0113 diet<br>M\u016bs&#8217; Latvij\u0101! \ud834\udd07<\/td><td>\ud834\udd06 Deew\u017f, \u017fwehtie Latwiju!<br>Muh\u017f\u2019 dahrgo tehwiju<br>\u017fwehtie jel Latwiju<br>Ak, \u017fwehtie jel to! \ud834\udd07<br><br>\ud834\udd06 Kur latwju meita\u017f seed<br>Kur latwju dehli zeed<br>Laid mum\u017f tur laimeh deet<br>Muh\u017f\u2019 Latwijah! \ud834\udd07<\/td><td>\ud834\udd06 [di\u00e6\u028a\u032fs | \u02c8sv\u025b\u02d0.ti\u02d0 \u02c8\u026b\u0251t.vi.ju \u2016]<br>[mu\u02d0z\u203f\u02c8d\u0251\u02d0r.gu\u0254\u032f \u02c8t\u025b\u02d0.vi.ju]<br>[\u02c8sv\u025b\u02d0.ti\u02d0 j\u025b\u026b \u02c8\u026b\u0251t.vi.ju]<br>[\u0251k | \u02c8sv\u025b\u02d0.ti\u02d0 j\u025b\u026b tu\u0254\u032f \u2016] \ud834\udd07<br><br>\ud834\udd06 [kur \u026b\u0251t.vju \u02c8m\u025bi\u032f.t\u00e6z\u203fzi\u032f\u00e6d]<br>[kur \u02c8\u026b\u0251t.vju \u02c8d\u025b\u02d0.\u026bi dzi\u032f\u00e6d]<br>[\u026b\u0251i\u032fd mu(m)s tur \u02c8\u026b\u0251i\u032f.m\u025b\u02d0 di\u032f\u00e6t]<br>[mu\u02d0z\u203f\u02c8\u026b\u0251t.vi.j\u0251\u02d0 \u2016] \ud834\udd07<\/td><td>\ud834\udd06 God bless Latvia!<br>Our homeland grand and dear,<br>O, exalt Latvia,<br>O, bless it once more! \ud834\udd07<br><br>\ud834\udd06 Where Latvian daughters bloom,<br>Where Latvian sons hum,<br>There let us dance and cheer,<br>In our Latvia! \ud834\udd07<\/td><\/tr><\/tbody><\/table><\/figure>\n","protected":false},"excerpt":{"rendered":"<p>Latvian original[6] Latvian(old orthography) IPA&nbsp;transcription[b] English translation \ud834\udd06 Dievs, sv\u0113t\u012b Latviju!M\u016bs&#8217; d\u0101rgo t\u0113vijuSv\u0113t\u012b jel LatvijuAk, sv\u0113t\u012b jel to! \ud834\udd07 \ud834\udd06 Kur latvju meitas ziedKur latvju d\u0113li dziedLaid mums tur laim\u0113 dietM\u016bs&#8217; Latvij\u0101! \ud834\udd07 \ud834\udd06 Deew\u017f, \u017fwehtie Latwiju!Muh\u017f\u2019 dahrgo tehwiju\u017fwehtie jel LatwijuAk, \u017fwehtie jel to! \ud834\udd07 \ud834\udd06 Kur latwju meita\u017f seedKur latwju dehli zeedLaid mum\u017f tur&hellip;<\/p>\n","protected":false},"author":1,"featured_media":0,"parent":366,"menu_order":0,"comment_status":"closed","ping_status":"closed","template":"fullwidth.php","meta":{"footnotes":""},"class_list":["post-559","page","type-page","status-publish","hentry"],"_links":{"self":[{"href":"https:\/\/www.sadeora.com\/sky_dome\/the-future-planet\/wp-json\/wp\/v2\/pages\/559","targetHints":{"allow":["GET"]}}],"collection":[{"href":"https:\/\/www.sadeora.com\/sky_dome\/the-future-planet\/wp-json\/wp\/v2\/pages"}],"about":[{"href":"https:\/\/www.sadeora.com\/sky_dome\/the-future-planet\/wp-json\/wp\/v2\/types\/page"}],"author":[{"embeddable":true,"href":"https:\/\/www.sadeora.com\/sky_dome\/the-future-planet\/wp-json\/wp\/v2\/users\/1"}],"replies":[{"embeddable":true,"href":"https:\/\/www.sadeora.com\/sky_dome\/the-future-planet\/wp-json\/wp\/v2\/comments?post=559"}],"version-history":[{"count":0,"href":"https:\/\/www.sadeora.com\/sky_dome\/the-future-planet\/wp-json\/wp\/v2\/pages\/559\/revisions"}],"up":[{"embeddable":true,"href":"https:\/\/www.sadeora.com\/sky_dome\/the-future-planet\/wp-json\/wp\/v2\/pages\/366"}],"wp:attachment":[{"href":"https:\/\/www.sadeora.com\/sky_dome\/the-future-planet\/wp-json\/wp\/v2\/media?parent=559"}],"curies":[{"name":"wp","href":"https:\/\/api.w.org\/{rel}","templated":true}]}}