{"id":556,"date":"2019-05-06T22:30:25","date_gmt":"2019-05-07T03:30:25","guid":{"rendered":"https:\/\/www.sadeora.com\/sky_dome\/the-future-planet\/?page_id=556"},"modified":"2024-09-02T00:29:30","modified_gmt":"2024-09-02T05:29:30","slug":"lithuania","status":"publish","type":"page","link":"https:\/\/www.sadeora.com\/sky_dome\/the-future-planet\/felicitation-centers\/lithuania\/","title":{"rendered":"Lithuania"},"content":{"rendered":"\n\n\n<p><\/p>\n\n\n\n<figure class=\"wp-block-audio\"><audio controls src=\"https:\/\/www.sadeora.com\/sky_dome\/the-future-planet\/wp-content\/uploads\/2024\/09\/Tautiska_giesme_instrumental.oga\"><\/audio><\/figure>\n\n\n\n<p><\/p>\n\n\n\n<figure class=\"wp-block-table\"><table class=\"has-fixed-layout\"><tbody><tr><th><a href=\"https:\/\/en.wikipedia.org\/wiki\/Lithuanian_language\">Lithuanian<\/a>&nbsp;original<sup><a href=\"https:\/\/en.wikipedia.org\/wiki\/Tauti%C5%A1ka_giesm%C4%97#cite_note-22\">[21]<\/a><\/sup><sup><a href=\"https:\/\/en.wikipedia.org\/wiki\/Tauti%C5%A1ka_giesm%C4%97#cite_note-23\">[22]<\/a><\/sup><sup><a href=\"https:\/\/en.wikipedia.org\/wiki\/Tauti%C5%A1ka_giesm%C4%97#cite_note-24\">[23]<\/a><\/sup><\/th><th><a href=\"https:\/\/en.wikipedia.org\/wiki\/International_Phonetic_Alphabet\">IPA<\/a>&nbsp;transcription<sup><a href=\"https:\/\/en.wikipedia.org\/wiki\/Tauti%C5%A1ka_giesm%C4%97#cite_note-25\">[b]<\/a><\/sup><\/th><th>Official English translation<sup><a href=\"https:\/\/en.wikipedia.org\/wiki\/Tauti%C5%A1ka_giesm%C4%97#cite_note-transl-4\">[3]<\/a><\/sup><\/th><\/tr><tr><td>Lietuva, T\u0117vyne m\u016bs\u0173,<br>Tu didvyri\u0173 \u017eeme,<br>I\u0161 praeities Tavo s\u016bn\u016bs<br>Te stipryb\u0119 semia.<br><br>Tegul Tavo vaikai eina<br>Vien takais doryb\u0117s,<br>Tegul dirba Tavo naudai<br>Ir \u017emoni\u0173 g\u0117rybei.<br><br>Tegul saul\u0117 Lietuvoj<sup><a href=\"https:\/\/en.wikipedia.org\/wiki\/Tauti%C5%A1ka_giesm%C4%97#cite_note-36\">[c]<\/a><\/sup><br>Tamsumas pra\u0161alina,<sup><a href=\"https:\/\/en.wikipedia.org\/wiki\/Tauti%C5%A1ka_giesm%C4%97#cite_note-39\">[d]<\/a><\/sup><br>Ir \u0161viesa, ir tiesa<br>M\u016bs \u017eingsnius telydi.<br><br>Tegul meil\u0117 Lietuvos<br>Dega m\u016bs\u0173 \u0161irdyse,<br>Vardan tos, Lietuvos<br>Vienyb\u0117 te\u017eydi!<\/td><td>[l\u02b2i\u00e6.t\u028a.\u02c8v\u0250 | t\u02b2e\u02d0.\u02c8v\u02b2i\u02d0.n\u02b2\u00e6 \u02c8mu\u02d0.su\u02d0 |]<br>[t\u028a d\u02b2\u026ad.\u02c8v\u02b2i\u02d0.r\u02b2u\u02d0 \u02c8\u0292\u02b2\u00e6.m\u02b2\u00e6 |]<br>[\u026a\u0283 pr\u0250.\u025b\u026a\u032f\u02d1.\u02c8t\u02b2i\u00e6s \u02c8t\u0250.vo\u02d0 \u02c8su\u02d0.nu\u02d0s]<br>[t\u02b2\u00e6 st\u02b2\u026a.\u02c8pr\u02b2i\u02d0.b\u02b2\u00e6\u02d0 \u02c8s\u02b2\u00e6.m\u02b2\u00e6 \u01c1]<br><br>[t\u02b2\u00e6\u02d0.\u02c8g\u028a\u026b \u02c8t\u0250.vo\u02d0 v\u0250\u026a\u032f\u02d1.\u02c8k\u0250\u026a\u032f\u02d1 \u02c8\u025b\u026a\u032f\u02d1.n\u0250]<br>[v\u02b2i\u00e6n t\u0250.\u02c8k\u0250\u026a\u032f\u02d1z\u203fdo\u02d0.\u02c8r\u02b2i\u02d0.b\u02b2e\u02d0s |]<br>[t\u02b2\u00e6\u02d0.\u02c8g\u028a\u026b \u02c8d\u02b2\u026ar.b\u0250 \u02c8t\u0250.vo\u02d0 \u02c8n\u0250\u028a\u032f.d\u0250\u026a\u032f\u02d1]<br>[\u026ar \u0292mo\u02d0.\u02c8n\u02b2u\u02d0 g\u02b2e\u02d0.\u02c8r\u02b2i\u02d0.b\u02b2\u025b\u026a\u032f\u02d1 \u01c1]<br><br>[t\u02b2\u00e6\u02d0.\u02c8g\u028a\u026b \u02c8s\u0250\u028a\u032f.l\u02b2e\u02d0 l\u02b2i\u00e6.t\u028a.\u02c8vo\u02d0j]<br>[\u02c8t\u0250m.s\u028a.m\u0250s pr\u0250.\u02c8\u0283\u0250.l\u02b2\u026a.n\u0250 |]<br>[\u026ar \u0283v\u02b2i\u00e6.\u02c8s\u0250 | \u026ar t\u02b2i\u00e6.\u02c8s\u0250]<br>[mu\u02d0z\u203f\u0292\u02b2\u026a\u014bg.\u02c8sn\u02b2\u028as t\u02b2\u00e6.\u02c8l\u02b2i\u02d0.d\u02b2\u026a \u01c1]<br><br>[t\u02b2\u00e6\u02d0.\u02c8g\u028a\u026b \u02c8m\u02b2\u00e6\u02d0j.l\u02b2e\u02d0 l\u02b2i\u00e6.t\u028a.\u02c8vo\u02d0s]<br>[\u02c8d\u02b2\u00e6\u02d0.g\u0250 \u02c8mu\u02d0.su\u02d0 \u0283\u02b2\u026ar.d\u02b2i\u02d0.\u02c8s\u02b2\u00e6 |]<br>[v\u0250r.\u02c8d\u0250n to\u02d0s | l\u02b2i\u00e6.t\u028a.\u02c8vo\u02d0s]<br>[v\u02b2i\u00e6.\u02c8n\u02b2i\u02d0.b\u02b2e\u02d0 t\u02b2\u00e6.\u02c8\u0292\u02b2i\u02d0.d\u02b2\u026a \u01c1]<\/td><td>Lithuania, our dear homeland,<br>Land of worthy heroes,<br>May&nbsp;<a href=\"https:\/\/en.wikipedia.org\/wiki\/Lithuanians\">your sons<\/a>&nbsp;draw strength and vigour<br>From&nbsp;<a href=\"https:\/\/en.wikipedia.org\/wiki\/History_of_Lithuania\">your past experience<\/a>.<br><br>May your children always proudly<br>Choose the paths of virtue,<br>May your good and gains of people<br>Be the goals they work for.<br><br>May the sun over this land<br>Scatter all the gloom and dark,<br>Truth and light, shining bright,<br>Guide our steps forever.<br><br>May our love for our native land<br>Keep on burning in our hearts,<br>For the sake of this land&#8230;<br>We shall stand together!<\/td><\/tr><\/tbody><\/table><\/figure>\n","protected":false},"excerpt":{"rendered":"<p>Lithuanian&nbsp;original[21][22][23] IPA&nbsp;transcription[b] Official English translation[3] Lietuva, T\u0117vyne m\u016bs\u0173,Tu didvyri\u0173 \u017eeme,I\u0161 praeities Tavo s\u016bn\u016bsTe stipryb\u0119 semia. Tegul Tavo vaikai einaVien takais doryb\u0117s,Tegul dirba Tavo naudaiIr \u017emoni\u0173 g\u0117rybei. Tegul saul\u0117 Lietuvoj[c]Tamsumas pra\u0161alina,[d]Ir \u0161viesa, ir tiesaM\u016bs \u017eingsnius telydi. Tegul meil\u0117 LietuvosDega m\u016bs\u0173 \u0161irdyse,Vardan tos, LietuvosVienyb\u0117 te\u017eydi! [l\u02b2i\u00e6.t\u028a.\u02c8v\u0250 | t\u02b2e\u02d0.\u02c8v\u02b2i\u02d0.n\u02b2\u00e6 \u02c8mu\u02d0.su\u02d0 |][t\u028a d\u02b2\u026ad.\u02c8v\u02b2i\u02d0.r\u02b2u\u02d0 \u02c8\u0292\u02b2\u00e6.m\u02b2\u00e6 |][\u026a\u0283 pr\u0250.\u025b\u026a\u032f\u02d1.\u02c8t\u02b2i\u00e6s \u02c8t\u0250.vo\u02d0 \u02c8su\u02d0.nu\u02d0s][t\u02b2\u00e6 st\u02b2\u026a.\u02c8pr\u02b2i\u02d0.b\u02b2\u00e6\u02d0&hellip;<\/p>\n","protected":false},"author":1,"featured_media":0,"parent":366,"menu_order":0,"comment_status":"closed","ping_status":"closed","template":"fullwidth.php","meta":{"footnotes":""},"class_list":["post-556","page","type-page","status-publish","hentry"],"_links":{"self":[{"href":"https:\/\/www.sadeora.com\/sky_dome\/the-future-planet\/wp-json\/wp\/v2\/pages\/556","targetHints":{"allow":["GET"]}}],"collection":[{"href":"https:\/\/www.sadeora.com\/sky_dome\/the-future-planet\/wp-json\/wp\/v2\/pages"}],"about":[{"href":"https:\/\/www.sadeora.com\/sky_dome\/the-future-planet\/wp-json\/wp\/v2\/types\/page"}],"author":[{"embeddable":true,"href":"https:\/\/www.sadeora.com\/sky_dome\/the-future-planet\/wp-json\/wp\/v2\/users\/1"}],"replies":[{"embeddable":true,"href":"https:\/\/www.sadeora.com\/sky_dome\/the-future-planet\/wp-json\/wp\/v2\/comments?post=556"}],"version-history":[{"count":0,"href":"https:\/\/www.sadeora.com\/sky_dome\/the-future-planet\/wp-json\/wp\/v2\/pages\/556\/revisions"}],"up":[{"embeddable":true,"href":"https:\/\/www.sadeora.com\/sky_dome\/the-future-planet\/wp-json\/wp\/v2\/pages\/366"}],"wp:attachment":[{"href":"https:\/\/www.sadeora.com\/sky_dome\/the-future-planet\/wp-json\/wp\/v2\/media?parent=556"}],"curies":[{"name":"wp","href":"https:\/\/api.w.org\/{rel}","templated":true}]}}