{"id":548,"date":"2019-05-06T22:28:03","date_gmt":"2019-05-07T03:28:03","guid":{"rendered":"https:\/\/www.sadeora.com\/sky_dome\/the-future-planet\/?page_id=548"},"modified":"2024-09-02T03:23:02","modified_gmt":"2024-09-02T08:23:02","slug":"moldova","status":"publish","type":"page","link":"https:\/\/www.sadeora.com\/sky_dome\/the-future-planet\/felicitation-centers\/moldova\/","title":{"rendered":"Moldova"},"content":{"rendered":"\n\n\n<p><\/p>\n\n\n\n<figure class=\"wp-block-audio\"><audio controls src=\"https:\/\/www.sadeora.com\/sky_dome\/the-future-planet\/wp-content\/uploads\/2024\/09\/Imnul_Republicii_Moldova_US_NAVY.ogg\"><\/audio><\/figure>\n\n\n\n<p><\/p>\n\n\n\n<figure class=\"wp-block-table\"><table class=\"has-fixed-layout\"><tbody><tr><th><a href=\"https:\/\/en.wikipedia.org\/wiki\/Romanian_language\">Romanian<\/a>&nbsp;original<sup><a href=\"https:\/\/en.wikipedia.org\/wiki\/Limba_noastr%C4%83#cite_note-7\">[6]<\/a><\/sup><sup><a href=\"https:\/\/en.wikipedia.org\/wiki\/Limba_noastr%C4%83#cite_note-8\">[7]<\/a><\/sup><\/th><th><a href=\"https:\/\/en.wikipedia.org\/wiki\/Moldovan_Cyrillic\">Moldovan Cyrillic<\/a><sup><a href=\"https:\/\/en.wikipedia.org\/wiki\/Limba_noastr%C4%83#cite_note-9\">[8]<\/a><\/sup><br>(official in&nbsp;<a href=\"https:\/\/en.wikipedia.org\/wiki\/Transnistria\">Transnistria<\/a>)<\/th><th><a href=\"https:\/\/en.wikipedia.org\/wiki\/International_Phonetic_Alphabet\">IPA<\/a>&nbsp;transcription<sup><a href=\"https:\/\/en.wikipedia.org\/wiki\/Limba_noastr%C4%83#cite_note-10\">[b]<\/a><\/sup><\/th><th>English translation<sup><a href=\"https:\/\/en.wikipedia.org\/wiki\/Limba_noastr%C4%83#cite_note-11\">[9]<\/a><\/sup><sup><a href=\"https:\/\/en.wikipedia.org\/wiki\/Limba_noastr%C4%83#cite_note-12\">[c]<\/a><\/sup><\/th><\/tr><tr><td><strong>I<\/strong><br><strong><a href=\"https:\/\/en.wikipedia.org\/wiki\/Romanian_language\">Limba noastr\u0103<\/a>-i o comoar\u0103<\/strong><br><strong>\u00een ad\u00eencuri \u00eenfundat\u0103<\/strong><br><strong>Un \u0219irag de piatr\u0103 rar\u0103<\/strong><br><strong>pe mo\u0219ie rev\u0103rsat\u0103.<\/strong><br><br><strong>II<\/strong><br><strong>Limba noastr\u0103-i foc ce arde<\/strong><br><strong>\u00eentr-un neam, ce f\u0103r\u0103 veste<\/strong><br><strong>S-a trezit din somn de moarte<\/strong><br><strong>ca viteazul din poveste.<\/strong><br><br><strong>III<\/strong><br>Limba noastr\u0103-i numai c\u00eentec<br>doina dorurilor noastre<br>Roi de fulgere, ce spintec<br>nouri negri, z\u0103ri albastre.<br><br><strong>IV<\/strong><br>Limba noastr\u0103-i graiul p\u00eeinii<br>c\u00eend de v\u00eent se mi\u0219c\u0103 vara<br>\u00cen rostirea ei b\u0103tr\u00eenii<br>cu sudori sfin\u021bit-au \u021bara.<br><br><strong>V<\/strong><br><strong>Limba noastr\u0103-i frunz\u0103 verde<\/strong><br><strong>zbuciumul din&nbsp;<a href=\"https:\/\/en.wikipedia.org\/wiki\/Codru_(forest)\">codrii<\/a>&nbsp;ve\u0219nici<\/strong><br><strong><a href=\"https:\/\/en.wikipedia.org\/wiki\/Dniester\">Nistrul<\/a>&nbsp;lin, ce-n valuri pierde<\/strong><br><strong>ai luceferilor sfe\u0219nici.<\/strong><br><br><strong>VI<\/strong><br>Limba noastr\u0103-i vechi izvoade<br>povestiri din alte vremuri<br>\u0218i citindu-le \u2019n\u0219irate<br>te-nfiori ad\u00eenc \u0219i tremuri.<br><br><strong>VII<\/strong><br>Limba noastr\u0103 \u00eei aleas\u0103<br>s\u0103 ridice slava-n ceruri<br>S\u0103 ne spuie-n hram \u0219i-acas\u0103<br>ve\u0219nicele adev\u0103ruri.<br><br><strong>VIII<\/strong><br><strong>Limba noastr\u0103-i limb\u0103 sf\u00eent\u0103<\/strong><br><strong>limba vechilor cazanii<\/strong><br><strong>Care-o pl\u00eeng \u0219i care-o c\u00eent\u0103<\/strong><br><strong>pe la vatra lor \u021b\u0103ranii.<\/strong><br><br><strong>IX<\/strong><br>\u00cenvia\u021bi-v\u0103 dar graiul<br>ruginit de mult\u0103 vreme<br>\u0218terge\u021bi slinul, mucegaiul<br>al uit\u0103rii \u2019n care geme.<br><br><strong>X<\/strong><br>Str\u00eenge\u021bi piatra lucitoare<br>ce din soare se aprinde<br>\u0218i-\u021bi avea \u00een rev\u0103rsare<br>un potop nou de cuvinte.<br><br><strong>XI<\/strong><br>Nu ve\u021bi pl\u00eenge-atunci amarnic<br>c\u0103 vi-i limba prea s\u0103rac\u0103<br>\u0218i-\u021bi vedea, c\u00eet \u00eei de darnic<br>graiul \u021b\u0103rii noastre drag\u0103.<br><br><strong>XII<\/strong><br><strong>R\u0103s\u0103ri-va o comoar\u0103<\/strong><br><strong>\u00een ad\u00eencuri \u00eenfundat\u0103<\/strong><br><strong>Un \u0219irag de piatr\u0103 rar\u0103<\/strong><br><strong>pe mo\u0219ie rev\u0103rsat\u0103.<\/strong><\/td><td><strong>I<\/strong><br><strong><a href=\"https:\/\/en.wikipedia.org\/wiki\/Romanian_language\">\u041b\u0438\u043c\u0431\u0430 \u043d\u043e\u0430\u0441\u0442\u0440\u044d<\/a>-\u0439 \u043e \u043a\u043e\u043c\u043e\u0430\u0440\u044d<\/strong><br><strong>\u044b\u043d \u0430\u0434\u044b\u043d\u043a\u0443\u0440\u044c \u044b\u043d\u0444\u0443\u043d\u0434\u0430\u0442\u044d<\/strong><br><strong>\u0423\u043d \u0448\u0438\u0440\u0430\u0433 \u0434\u0435 \u043f\u044f\u0442\u0440\u044d \u0440\u0430\u0440\u044d<\/strong><br><strong>\u043f\u0435 \u043c\u043e\u0448\u0438\u0435 \u0440\u0435\u0432\u044d\u0440\u0441\u0430\u0442\u044d.<\/strong><br><br><strong>II<\/strong><br><strong>\u041b\u0438\u043c\u0431\u0430 \u043d\u043e\u0430\u0441\u0442\u0440\u044d-\u0439 \u0444\u043e\u043a \u0447\u0435 \u0430\u0440\u0434\u0435<\/strong><br><strong>\u044b\u043d\u0442\u0440-\u0443\u043d \u043d\u044f\u043c, \u0447\u0435 \u0444\u044d\u0440\u044d \u0432\u0435\u0441\u0442\u0435<\/strong><br><strong>\u0421-\u0430 \u0442\u0440\u0435\u0437\u0438\u0442 \u0434\u0438\u043d \u0441\u043e\u043c\u043d \u0434\u0435 \u043c\u043e\u0430\u0440\u0442\u0435<\/strong><br><strong>\u043a\u0430 \u0432\u0438\u0442\u044f\u0437\u0443\u043b \u0434\u0438\u043d \u043f\u043e\u0432\u0435\u0441\u0442\u0435.<\/strong><br><br><strong>III<\/strong><br>\u041b\u0438\u043c\u0431\u0430 \u043d\u043e\u0430\u0441\u0442\u0440\u044d-\u0439 \u043d\u0443\u043c\u0430\u0439 \u043a\u044b\u043d\u0442\u0435\u043a<br>\u0434\u043e\u0439\u043d\u0430 \u0434\u043e\u0440\u0443\u0440\u0438\u043b\u043e\u0440 \u043d\u043e\u0430\u0441\u0442\u0440\u0435<br>\u0420\u043e\u0439 \u0434\u0435 \u0444\u0443\u043b\u04c2\u0435\u0440\u0435, \u0447\u0435 \u0441\u043f\u0438\u043d\u0442\u0435\u043a<br>\u043d\u043e\u0443\u0440\u044c \u043d\u0435\u0433\u0440\u0438, \u0437\u044d\u0440\u044c \u0430\u043b\u0431\u0430\u0441\u0442\u0440\u0435.<br><br><strong>IV<\/strong><br>\u041b\u0438\u043c\u0431\u0430 \u043d\u043e\u0430\u0441\u0442\u0440\u044d-\u0439 \u0433\u0440\u0430\u044e\u043b \u043f\u044b\u0439\u043d\u0438\u0439<br>\u043a\u044b\u043d\u0434 \u0434\u0435 \u0432\u044b\u043d\u0442 \u0441\u0435 \u043c\u0438\u0448\u043a\u044d \u0432\u0430\u0440\u0430<br>\u042b\u043d \u0440\u043e\u0441\u0442\u0438\u0440\u044f \u0435\u0439 \u0431\u044d\u0442\u0440\u044b\u043d\u0438\u0439<br>\u043a\u0443 \u0441\u0443\u0434\u043e\u0440\u044c \u0441\u0444\u0438\u043d\u0446\u0438\u0442-\u0430\u0443 \u0446\u0430\u0440\u0430.<br><br><strong>V<\/strong><br><strong>\u041b\u0438\u043c\u0431\u0430 \u043d\u043e\u0430\u0441\u0442\u0440\u044d-\u0439 \u0444\u0440\u0443\u043d\u0437\u044d \u0432\u0435\u0440\u0434\u0435<\/strong><br><strong>\u0437\u0431\u0443\u0447\u0443\u043c\u0443\u043b \u0434\u0438\u043d&nbsp;<a href=\"https:\/\/en.wikipedia.org\/wiki\/Codru_(forest)\">\u043a\u043e\u0434\u0440\u0438\u0439<\/a>&nbsp;\u0432\u0435\u0448\u043d\u0438\u0447\u044c<\/strong><br><strong><a href=\"https:\/\/en.wikipedia.org\/wiki\/Dniester\">\u041d\u0438\u0441\u0442\u0440\u0443\u043b<\/a>&nbsp;\u043b\u0438\u043d, \u0447\u0435-\u043d \u0432\u0430\u043b\u0443\u0440\u044c \u043f\u0438\u0435\u0440\u0434\u0435<\/strong><br><strong>\u0430\u0439 \u043b\u0443\u0447\u0435\u0444\u0435\u0440\u0438\u043b\u043e\u0440 \u0441\u0444\u0435\u0448\u043d\u0438\u0447\u044c.<\/strong><br><br><strong>VI<\/strong><br>\u041b\u0438\u043c\u0431\u0430 \u043d\u043e\u0430\u0441\u0442\u0440\u044d-\u0439 \u0432\u0435\u043a\u044c \u0438\u0437\u0432\u043e\u0430\u0434\u0435<br>\u043f\u043e\u0432\u0435\u0441\u0442\u0438\u0440\u044c \u0434\u0438\u043d \u0430\u043b\u0442\u0435 \u0432\u0440\u0435\u043c\u0443\u0440\u044c<br>\u0428\u0438 \u0447\u0438\u0442\u0438\u043d\u0434\u0443-\u043b\u0435 \u2019\u043d\u0448\u0438\u0440\u0430\u0442\u0435<br>\u0442\u0435-\u043d\u0444\u0438\u043e\u0440\u044c \u0430\u0434\u044b\u043d\u043a \u0448\u0438 \u0442\u0440\u0435\u043c\u0443\u0440\u044c.<br><br><strong>VII<\/strong><br>\u041b\u0438\u043c\u0431\u0430 \u043d\u043e\u0430\u0441\u0442\u0440\u044d \u044b\u0439 \u0430\u043b\u044f\u0441\u044d<br>\u0441\u044d \u0440\u0438\u0434\u0438\u0447\u0435 \u0441\u043b\u0430\u0432\u0430-\u043d \u0447\u0435\u0440\u0443\u0440\u044c<br>\u0421\u044d \u043d\u0435 \u0441\u043f\u0438\u0443\u0435-\u043d \u0445\u0440\u0430\u043c \u0448\u0438-\u0430\u043a\u0430\u0441\u044d<br>\u0432\u0435\u0448\u043d\u0438\u0447\u0435\u043b\u0435 \u0430\u0434\u0435\u0432\u044d\u0440\u0443\u0440\u044c.<br><br><strong>VIII<\/strong><br><strong>\u041b\u0438\u043c\u0431\u0430 \u043d\u043e\u0430\u0441\u0442\u0440\u044d-\u0439 \u043b\u0438\u043c\u0431\u044d \u0441\u0444\u044b\u043d\u0442\u044d<\/strong><br><strong>\u043b\u0438\u043c\u0431\u0430 \u0432\u0435\u043a\u0438\u043b\u043e\u0440 \u043a\u0430\u0437\u0430\u043d\u0438\u0439<\/strong><br><strong>\u041a\u0430\u0440\u0435-\u043e \u043f\u043b\u044b\u043d\u0433 \u0448\u0438 \u043a\u0430\u0440\u0435-\u043e \u043a\u044b\u043d\u0442\u044d<\/strong><br><strong>\u043f\u0435 \u043b\u0430 \u0432\u0430\u0442\u0440\u0430 \u043b\u043e\u0440 \u0446\u044d\u0440\u0430\u043d\u0438\u0439.<\/strong><br><br><strong>IX<\/strong><br>\u042b\u043d\u0432\u0438\u0430\u0446\u044c-\u0432\u044d \u0434\u0430\u0440 \u0433\u0440\u0430\u044e\u043b<br>\u0440\u0443\u04c2\u0438\u043d\u0438\u0442 \u0434\u0435 \u043c\u0443\u043b\u0442\u044d \u0432\u0440\u0435\u043c\u0435<br>\u0428\u0442\u0435\u0440\u04c2\u0435\u0446\u044c \u0441\u043b\u0438\u043d\u0443\u043b, \u043c\u0443\u0447\u0435\u0433\u0430\u044e\u043b<br>\u0430\u043b \u0443\u0439\u0442\u044d\u0440\u0438\u0439 \u2019\u043d \u043a\u0430\u0440\u0435 \u04c2\u0435\u043c\u0435.<br><br><strong>X<\/strong><br>\u0421\u0442\u0440\u044b\u043d\u04c2\u0435\u0446\u044c \u043f\u044f\u0442\u0440\u0430 \u043b\u0443\u0447\u0438\u0442\u043e\u0430\u0440\u0435<br>\u0447\u0435 \u0434\u0438\u043d \u0441\u043e\u0430\u0440\u0435 \u0441\u0435 \u0430\u043f\u0440\u0438\u043d\u0434\u0435<br>\u0428\u0438-\u0446\u044c \u0430\u0432\u044f \u044b\u043d \u0440\u0435\u0432\u044d\u0440\u0441\u0430\u0440\u0435<br>\u0443\u043d \u043f\u043e\u0442\u043e\u043f \u043d\u043e\u0443 \u0434\u0435 \u043a\u0443\u0432\u0438\u043d\u0442\u0435.<br><br><strong>XI<\/strong><br>\u041d\u0443 \u0432\u0435\u0446\u044c \u043f\u043b\u044b\u043d\u04c2\u0435-\u0430\u0442\u0443\u043d\u0447\u044c \u0430\u043c\u0430\u0440\u043d\u0438\u043a<br>\u043a\u044d \u0432\u0438-\u0439 \u043b\u0438\u043c\u0431\u0430 \u043f\u0440\u044f \u0441\u044d\u0440\u0430\u043a\u044d<br>\u0428\u0438-\u0446\u044c \u0432\u0435\u0434\u044f, \u043a\u044b\u0442 \u044b\u0439 \u0434\u0435 \u0434\u0430\u0440\u043d\u0438\u043a<br>\u0433\u0440\u0430\u044e\u043b \u0446\u044d\u0440\u0438\u0439 \u043d\u043e\u0430\u0441\u0442\u0440\u0435 \u0434\u0440\u0430\u0433\u044d.<br><br><strong>XII<\/strong><br><strong>\u0420\u044d\u0441\u044d\u0440\u0438-\u0432\u0430 \u043e \u043a\u043e\u043c\u043e\u0430\u0440\u044d<\/strong><br><strong>\u044b\u043d \u0430\u0434\u044b\u043d\u043a\u0443\u0440\u044c \u044b\u043d\u0444\u0443\u043d\u0434\u0430\u0442\u044d<\/strong><br><strong>\u0423\u043d \u0448\u0438\u0440\u0430\u0433 \u0434\u0435 \u043f\u044f\u0442\u0440\u044d \u0440\u0430\u0440\u044d<\/strong><br><strong>\u043f\u0435 \u043c\u043e\u0448\u0438\u0435 \u0440\u0435\u0432\u044d\u0440\u0441\u0430\u0442\u044d.<\/strong><\/td><td><strong>1<\/strong><br><strong>[\u02c8lim.ba \u02c8no\u032fas.tr\u0259j o ko.\u02c8mo\u032fa.r\u0259]<\/strong><br><strong>[\u0268n a.\u02c8d\u0268\u014b.kur\u02b2 \u0268n.fun.\u02c8da.t\u0259]<\/strong><br><strong>[un \u0283i.\u02c8rag de \u02c8pja.tr\u0259 \u02c8ra.r\u0259]<\/strong><br><strong>[pe mo.\u02c8\u0283i.e re.v\u0259r.\u02c8sa.t\u0259]<\/strong><br><br><strong>2<\/strong><br><strong>[\u02c8lim.ba \u02c8no\u032fas.tr\u0259j fok t\u0361\u0283e \u02c8ar.de]<\/strong><br><strong>[\u02c8\u0268n.trun ne\u032fam t\u0361\u0283e \u02c8f\u0259.r\u0259 \u02c8ves.te]<\/strong><br><strong>[sa tre.\u02c8zit din somn de \u02c8mo\u032far.te]<\/strong><br><strong>[ka vi.\u02c8te\u032fa.zul din po.\u02c8ves.te]<\/strong><br><br><strong>3<\/strong><br>[\u02c8lim.ba \u02c8no\u032fas.tr\u0259j \u02c8nu.maj \u02c8k\u0268n.tek]<br>[\u02c8doj.na \u02c8do.ru.ri.lor \u02c8no\u032fas.tre]<br>[roj de \u02c8ful.d\u0361\u0292e.re t\u0361\u0283e \u02c8spin.tek]<br>[\u02c8no.rur\u02b2 \u02c8ne.\u0261ri z\u0259r\u02b2 al.\u02c8bas.tre]<br><br><strong>4<\/strong><br>[\u02c8lim.ba \u02c8no\u032fas.tr\u0259j \u02c8gra.jul \u02c8p\u0268j.nij]<br>[k\u0268nd de v\u0268nt se \u02c8mi\u0283.k\u0259 \u02c8va.ra]<br>[\u0268n ros.\u02c8ti.re\u032fa jej b\u0259.\u02c8tr\u0268.nij]<br>[ku su.\u02c8dor\u02b2 sfin.\u02c8t\u0361sit.au \u02c8t\u0361sa.ra]<br><br><strong>5<\/strong><br><strong>[\u02c8lim.ba \u02c8no\u032fas.tr\u0259j \u02c8frun.z\u0259 \u02c8ver.de]<\/strong><br><strong>[\u02c8zbu.t\u0361\u0283ju.mul din \u02c8kod.rij \u02c8ve\u0283.nit\u0361\u0283\u02b2]<\/strong><br><strong>[\u02c8nis.trul lin t\u0361\u0283en \u02c8va.lur\u02b2 \u02c8pjer.de]<\/strong><br><strong>[aj lu.\u02c8t\u0361\u0283e.fe.ri.lor \u02c8sfe\u0283.nit\u0361\u0283\u02b2]<\/strong><br><br><strong>6<\/strong><br>[\u02c8lim.ba \u02c8no\u032fas.tr\u0259j vek\u02b2 iz.\u02c8vo\u032fa.de]<br>[\u02c8po.ves.tir\u02b2 din \u02c8al.te \u02c8vre.mur\u02b2]<br>[\u0283i t\u0361\u0283i.\u02c8tin.du.le\u203f\u0268n.\u0283i.\u02c8ra.te]<br>[\u02c8ten.fjor\u02b2 a.d\u0268nk \u0283i tre.mur\u02b2]<br><br><strong>7<\/strong><br>[\u02c8lim.ba \u02c8no\u032fas.tr\u0259 \u0268j a.\u02c8le\u032fa.s\u0259]<br>[s\u0259 ri.\u02c8di.t\u0361\u0283e \u02c8sla.van \u02c8t\u0361\u0283e.rur\u02b2]<br>[s\u0259 ne \u02c8spju.en hram \u0283ja.\u02c8ka.s\u0259]<br>[\u02c8ve\u0283.ni.t\u0361\u0283e.le a.de.\u02c8v\u0259.rur\u02b2]<br><br><strong>8<\/strong><br><strong>[\u02c8lim.ba \u02c8no\u032fas.tr\u0259j \u02c8lim.b\u0259 \u02c8sf\u0268n.t\u0259]<\/strong><br><strong>[\u02c8lim.ba \u02c8ve.ki.lor ka.\u02c8za.nij]<\/strong><br><strong>[\u02c8ka.re\u032fo pl\u0268\u014bg \u0283i \u02c8ka.re\u032fo \u02c8k\u0268n.t\u0259]<\/strong><br><strong>[pe la \u02c8vat.ra lor t\u0361s\u0259.\u02c8ra.nij]<\/strong><br><br><strong>9<\/strong><br>[\u0268n.vi.\u02c8a.t\u0361si.v\u0259 dar \u02c8gra.jul]<br>[ru.d\u0361\u0292i.\u02c8nit de \u02c8mul.t\u0259 \u02c8vre.me]<br>[\u02c8\u0283ter.d\u0361\u0292et\u0361s\u02b2 \u02c8sli.nul mu.t\u0361\u0283e.\u02c8ga.jul]<br>[al uj.\u02c8t\u0259.rij\u203fn \u02c8ka.re \u02c8d\u0361\u0292e.me]<br><br><strong>10<\/strong><br>[\u02c8\u0283tr\u0268n.d\u0361\u0292et\u0361s\u02b2 \u02c8pja.tra lu.t\u0361\u0283i.\u02c8to\u032fa.re]<br>[t\u0361\u0283e din \u02c8so\u032fa.re se a.\u02c8prin.de]<br>[\u0283it\u0361s\u02b2 a.\u02c8ve\u032fa \u0268n re.v\u0259r.\u02c8sa.re]<br>[un po.\u02c8top nou\u032f de ku.\u02c8vin.te]<br><br><strong>11<\/strong><br>[nu vet\u0361s\u02b2 \u02c8pl\u0268n.d\u0361\u0292e\u032fa.tunt\u0361\u0283\u02b2 a.\u02c8mar.nik]<br>[k\u0259 vij \u02c8lim.ba pre\u032fa s\u0259.\u02c8ra.k\u0259]<br>[\u0283it\u0361s\u02b2 ve.\u02c8de\u032fa k\u0268t \u0268j de \u02c8dar.nik]<br>[\u02c8gra.jul \u02c8t\u0361s\u0259.ri \u02c8no\u032fas.tre \u02c8dra.\u0261\u0259]<br><br><strong>12<\/strong><br><strong>[r\u0259.s\u0259.\u02c8ri.va o ko.\u02c8mo\u032fa.r\u0259]<\/strong><br><strong>[\u0268n a.\u02c8d\u0268\u014b.kur\u02b2 \u0268n.fun.\u02c8da.t\u0259]<\/strong><br><strong>[un \u0283i.\u02c8rag de \u02c8pja.tr\u0259 \u02c8ra.r\u0259]<\/strong><br><strong>[pe mo.\u02c8\u0283i.e re.v\u0259r.\u02c8sa.t\u0259]<\/strong><\/td><td><strong>I<\/strong><br><strong><a href=\"https:\/\/en.wikipedia.org\/wiki\/Romanian_language\">Our language<\/a>&nbsp;is a treasure<\/strong><br><strong>that surges from deep shadows of the past<\/strong><br><strong>A necklace of rare gems<\/strong><br><strong>that scattered all over the domain.<\/strong><br><br><strong>II<\/strong><br><strong>Our language is a burning flame<\/strong><br><strong>amidst a people that without warning<\/strong><br><strong>Awoke from the sleep of death<\/strong><br><strong>like the brave hero of the tales.<\/strong><br><br><strong>III<\/strong><br>Our language is made of songs<br>from our soul\u2019s deepest desires<br>Flash of lightning striking swiftly<br>through dark clouds and blue horizons.<br><br><strong>IV<\/strong><br>Our language is the tongue of bread<br>when the winds blow through the summer<br>Uttered by our forefathers who<br>blessed the country through their labour.<br><br><strong>V<\/strong><br><strong>Our language is the greenest leaf<\/strong><br><strong>of the everlasting&nbsp;<em><a href=\"https:\/\/en.wikipedia.org\/wiki\/Codri\">codrii<\/a><\/em><\/strong><br><strong>Gentle river&nbsp;<a href=\"https:\/\/en.wikipedia.org\/wiki\/Dniester\">Dniester<\/a>\u2019s ripples<\/strong><br><strong>hiding starlight bright and shining.<\/strong><br><br><strong>VI<\/strong><br>Our language is full of legends<br>stories from the days of old<br>Reading one and then another<br>makes one shudder, tremble and moan.<br><br><strong>VII<\/strong><br>Our language is singled out<br>to lift praises up to heaven<br>Uttering with constant fervour<br>truths that never cease to beckon.<br><br><strong>VIII<\/strong><br><strong>Our language is more than holy<\/strong><br><strong>words of homilies of old<\/strong><br><strong>Wept and sung perpetually<\/strong><br><strong>in the homesteads of our folks.<\/strong><br><br><strong>IX<\/strong><br>Resurrect now this our language<br>rusted through the years that have passed<br>Wipe off filth and mould that gathered<br>when forgotten through our land.<br><br><strong>X<\/strong><br>Gather now the sparkling stone<br>catching bright light from the sun<br>You will see the endless flooding<br>of new words that overflow.<br><br><strong>XI<\/strong><br>Utter no more bitter cries now<br>that your language is too poor<br>And you will see with what abundance<br>flow the words of our precious country.<br><br><strong>XII<\/strong><br><strong>A treasure will spring up swiftly<\/strong><br><strong>from deep shadows of the past<\/strong><br><strong>A necklace of rare gems<\/strong><br><strong>that scattered all over the domain.<\/strong><\/td><\/tr><\/tbody><\/table><\/figure>\n\n\n\n<p><\/p>\n","protected":false},"excerpt":{"rendered":"<p>Romanian&nbsp;original[6][7] Moldovan Cyrillic[8](official in&nbsp;Transnistria) IPA&nbsp;transcription[b] English translation[9][c] ILimba noastr\u0103-i o comoar\u0103\u00een ad\u00eencuri \u00eenfundat\u0103Un \u0219irag de piatr\u0103 rar\u0103pe mo\u0219ie rev\u0103rsat\u0103. IILimba noastr\u0103-i foc ce arde\u00eentr-un neam, ce f\u0103r\u0103 vesteS-a trezit din somn de moarteca viteazul din poveste. IIILimba noastr\u0103-i numai c\u00eentecdoina dorurilor noastreRoi de fulgere, ce spintecnouri negri, z\u0103ri albastre. IVLimba noastr\u0103-i graiul p\u00eeiniic\u00eend de v\u00eent&hellip;<\/p>\n","protected":false},"author":1,"featured_media":0,"parent":366,"menu_order":0,"comment_status":"closed","ping_status":"closed","template":"fullwidth.php","meta":{"footnotes":""},"class_list":["post-548","page","type-page","status-publish","hentry"],"_links":{"self":[{"href":"https:\/\/www.sadeora.com\/sky_dome\/the-future-planet\/wp-json\/wp\/v2\/pages\/548","targetHints":{"allow":["GET"]}}],"collection":[{"href":"https:\/\/www.sadeora.com\/sky_dome\/the-future-planet\/wp-json\/wp\/v2\/pages"}],"about":[{"href":"https:\/\/www.sadeora.com\/sky_dome\/the-future-planet\/wp-json\/wp\/v2\/types\/page"}],"author":[{"embeddable":true,"href":"https:\/\/www.sadeora.com\/sky_dome\/the-future-planet\/wp-json\/wp\/v2\/users\/1"}],"replies":[{"embeddable":true,"href":"https:\/\/www.sadeora.com\/sky_dome\/the-future-planet\/wp-json\/wp\/v2\/comments?post=548"}],"version-history":[{"count":0,"href":"https:\/\/www.sadeora.com\/sky_dome\/the-future-planet\/wp-json\/wp\/v2\/pages\/548\/revisions"}],"up":[{"embeddable":true,"href":"https:\/\/www.sadeora.com\/sky_dome\/the-future-planet\/wp-json\/wp\/v2\/pages\/366"}],"wp:attachment":[{"href":"https:\/\/www.sadeora.com\/sky_dome\/the-future-planet\/wp-json\/wp\/v2\/media?parent=548"}],"curies":[{"name":"wp","href":"https:\/\/api.w.org\/{rel}","templated":true}]}}