{"id":546,"date":"2019-05-06T22:27:34","date_gmt":"2019-05-07T03:27:34","guid":{"rendered":"https:\/\/www.sadeora.com\/sky_dome\/the-future-planet\/?page_id=546"},"modified":"2024-08-29T01:44:53","modified_gmt":"2024-08-29T06:44:53","slug":"canada","status":"publish","type":"page","link":"https:\/\/www.sadeora.com\/sky_dome\/the-future-planet\/felicitation-centers\/canada\/","title":{"rendered":"Canada"},"content":{"rendered":"\n\n\n<p><\/p>\n\n\n\n<figure class=\"wp-block-audio\"><audio controls src=\"https:\/\/www.sadeora.com\/sky_dome\/the-future-planet\/wp-content\/uploads\/2024\/08\/O_Canada_-O_Canada_performed_by_the_National_Band_of_the_Naval_Reserve.oga\"><\/audio><\/figure>\n\n\n\n<p><\/p>\n\n\n\n<p><\/p>\n\n\n\n<p><strong>English lyrics<\/strong><br>O Canada!<br>Our home and native land!<br>True patriot love in all of us command.<br>With glowing hearts we see thee rise,<br>The True North strong and free!<br>From far and wide,<br>O Canada, we stand on guard for thee.<br>God keep our land glorious and free!<br>\ud834\udd06 O Canada, we stand on guard for thee. \ud834\udd07<\/p>\n\n\n\n<p><\/p>\n\n\n\n<p><strong>French lyrics<\/strong><br>\u00d4 Canada!<br>Terre de nos a\u00efeux,<br>Ton front est ceint de fleurons glorieux!<br>Car ton bras sait porter l&#8217;\u00e9p\u00e9e,<br>Il sait porter la croix!<br>Ton histoire est une \u00e9pop\u00e9e<br>Des plus brillants exploits.<br>Et ta valeur, de foi tremp\u00e9e,<br>\ud834\udd06 Prot\u00e9gera nos foyers et nos droits. \ud834\udd07<\/p>\n\n\n\n<p><\/p>\n\n\n\n<p><\/p>\n\n\n\n<p><strong>English translation by the parliamentary<\/strong><br>O Canada!<br>Land of our ancestors<br>Glorious deeds circle your brow<br>For your arm knows how to wield the sword<br>Your arm knows how to carry the cross;<br>Your history is an epic<br>Of brilliant deeds<br>And your valour steeped in faith<br>\ud834\udd06 Will protect our homes and our rights. \ud834\udd07<\/p>\n\n\n\n<p><\/p>\n\n\n\n<p><strong><a href=\"https:\/\/en.wikipedia.org\/wiki\/International_Phonetic_Alphabet\">IPA<\/a>\u00a0transcription<\/strong><br>[o ka.na.da]<br>[t\u025b.\u0281\u0259 d\u0259 no.z\u203fa.j\u00f8]<br>[t\u0254\u0303 f\u0281\u0254\u0303.t\u203f\u025b s\u025b\u0303 d\u0259 fl\u0153.\u0281\u0254\u0303 gl\u0254.\u0281i.\u00f8]<br>[ka\u0281 t\u0254\u0303 b\u0281a s\u025b p\u0254\u0281.te l\u203fe.pe.\u0259]<br>[il s\u025b p\u0254\u0281.te la k\u0281wa]<br>[t\u0254\u0303.n\u203fis.twa.\u0281\u203f\u025b.t\u203fy.n\u203fe.p\u0254.pe.\u0259]<br>[de ply b\u0281i.j\u0251\u0303.z\u203f\u025bks.plwa]<br>[e ta va.l\u0153\u0281 d\u0259 fwa t\u0281\u0251\u0303.pe.\u0259]<br>\ud834\udd06 [p\u0281\u0254.te.\u0292\u0259.\u0281a no fwa.je.z\u203fe no d\u0281wa] \ud834\udd07<\/p>\n\n\n\n<p><\/p>\n\n\n\n<p><strong>Bilingual version 1<\/strong><br>O Canada!<br>Our home and native land!<br>True patriot love in all of us command.<br>Car ton bras sait porter l&#8217;\u00e9p\u00e9e,<br>Il sait porter la croix!<br>Ton histoire est une \u00e9pop\u00e9e<br>Des plus brillants exploits.<br>God keep our land glorious and free!<br>\ud834\udd06 O Canada, we stand on guard for thee. \ud834\udd07<\/p>\n\n\n\n<p><\/p>\n\n\n\n<p><strong>Bilingual version 2<\/strong><br>\u00d4 Canada!<br>Terre de nos a\u00efeux,<br>Ton front est ceint de fleurons glorieux!<br>Car ton bras sait porter l&#8217;\u00e9p\u00e9e,<br>Il sait porter la croix!<br>Ton histoire est une \u00e9pop\u00e9e<br>Des plus brillants exploits.<br>God keep our land glorious and free!<br>\ud834\udd06 O Canada, we stand on guard for thee. \ud834\udd07<\/p>\n\n\n\n<p><\/p>\n","protected":false},"excerpt":{"rendered":"<p>English lyricsO Canada!Our home and native land!True patriot love in all of us command.With glowing hearts we see thee rise,The True North strong and free!From far and wide,O Canada, we stand on guard for thee.God keep our land glorious and free!\ud834\udd06 O Canada, we stand on guard for thee. \ud834\udd07 French lyrics\u00d4 Canada!Terre de nos&hellip;<\/p>\n","protected":false},"author":1,"featured_media":0,"parent":366,"menu_order":0,"comment_status":"closed","ping_status":"closed","template":"fullwidth.php","meta":{"footnotes":""},"class_list":["post-546","page","type-page","status-publish","hentry"],"_links":{"self":[{"href":"https:\/\/www.sadeora.com\/sky_dome\/the-future-planet\/wp-json\/wp\/v2\/pages\/546","targetHints":{"allow":["GET"]}}],"collection":[{"href":"https:\/\/www.sadeora.com\/sky_dome\/the-future-planet\/wp-json\/wp\/v2\/pages"}],"about":[{"href":"https:\/\/www.sadeora.com\/sky_dome\/the-future-planet\/wp-json\/wp\/v2\/types\/page"}],"author":[{"embeddable":true,"href":"https:\/\/www.sadeora.com\/sky_dome\/the-future-planet\/wp-json\/wp\/v2\/users\/1"}],"replies":[{"embeddable":true,"href":"https:\/\/www.sadeora.com\/sky_dome\/the-future-planet\/wp-json\/wp\/v2\/comments?post=546"}],"version-history":[{"count":0,"href":"https:\/\/www.sadeora.com\/sky_dome\/the-future-planet\/wp-json\/wp\/v2\/pages\/546\/revisions"}],"up":[{"embeddable":true,"href":"https:\/\/www.sadeora.com\/sky_dome\/the-future-planet\/wp-json\/wp\/v2\/pages\/366"}],"wp:attachment":[{"href":"https:\/\/www.sadeora.com\/sky_dome\/the-future-planet\/wp-json\/wp\/v2\/media?parent=546"}],"curies":[{"name":"wp","href":"https:\/\/api.w.org\/{rel}","templated":true}]}}