{"id":536,"date":"2019-05-06T20:30:04","date_gmt":"2019-05-07T01:30:04","guid":{"rendered":"https:\/\/www.sadeora.com\/sky_dome\/the-future-planet\/?page_id=536"},"modified":"2024-08-30T00:24:56","modified_gmt":"2024-08-30T05:24:56","slug":"germany","status":"publish","type":"page","link":"https:\/\/www.sadeora.com\/sky_dome\/the-future-planet\/felicitation-centers\/germany\/","title":{"rendered":"Germany"},"content":{"rendered":"\n\n\n<p><\/p>\n\n\n\n<figure class=\"wp-block-audio\"><audio controls src=\"https:\/\/www.sadeora.com\/sky_dome\/the-future-planet\/wp-content\/uploads\/2024\/08\/Deutschlandlied_played_by_USAREUR_Band.ogg\"><\/audio><\/figure>\n\n\n\n<p><\/p>\n\n\n\n<figure class=\"wp-block-table\"><table class=\"has-fixed-layout\"><tbody><tr><th>German original<\/th><th><a href=\"https:\/\/en.wikipedia.org\/wiki\/International_Phonetic_Alphabet\">IPA<\/a>&nbsp;transcription<sup><a href=\"https:\/\/en.wikipedia.org\/wiki\/Deutschlandlied#cite_note-7\">[a]<\/a><\/sup><\/th><th>Literal translation<\/th><\/tr><tr><td><strong>1<\/strong>&nbsp;Deutschland, Deutschland \u00fcber alles,<br>\u00dcber alles in der Welt,<br>Wenn es stets zu Schutz und Trutze<br>Br\u00fcderlich zusammenh\u00e4lt.<br>Von der Maas bis an die Memel,<br>Von der Etsch bis an den Belt,<br>\ud834\udd06&nbsp;Deutschland, Deutschland \u00fcber alles,<br>\u00dcber alles in der Welt!&nbsp;\ud834\udd07<br><br><strong>2<\/strong>&nbsp;Deutsche Frauen, deutsche Treue,<br>Deutscher Wein und deutscher Sang<br>Sollen in der Welt behalten<br>Ihren alten sch\u00f6nen Klang,<br>Uns zu edler Tat begeistern<br>Unser ganzes Leben lang \u2013<br>\ud834\udd06&nbsp;Deutsche Frauen, deutsche Treue,<br>Deutscher Wein und deutscher Sang!&nbsp;\ud834\udd07<br><br><strong>3 Einigkeit und Recht und Freiheit<\/strong><br><strong>F\u00fcr das deutsche Vaterland!<\/strong><br><strong>Danach lasst uns alle streben<\/strong><br><strong>Br\u00fcderlich mit Herz und Hand!<\/strong><br><strong>Einigkeit und Recht und Freiheit<\/strong><br><strong>Sind des Gl\u00fcckes Unterpfand \u2013<\/strong><br><strong>\ud834\udd06&nbsp;Bl\u00fch&#8217; im Glanze dieses Gl\u00fcckes,<\/strong><br><strong>Bl\u00fche, deutsches Vaterland!&nbsp;\ud834\udd07<\/strong><\/td><td>[\u02c8d\u0254\u028ft\u0283lant \u02c8d\u0254\u028ft\u0283lant y\u02d0b\u0250 al\u025bs]<br>[y\u02d0b\u0250 al\u025bs \u026an d\u025b\u0250 v\u025blt]<br>[v\u025bn \u025bs \u02c8\u0283t\u025bts ts\u028a \u0283u\u02d0ts \u028ant \u02c8t\u0281\u028ats\u0259]<br>[b\u0281y\u02d0d\u0250\u032fl\u026a\u00e7 tsu\u02d0zamn\u0329\u02c8h\u025b\u02d0lt]<br>[f\u0254n d\u025b\u0250 ma\u02d0s b\u026as an di\u02d0 \u02c8me\u02d0m\u0259l]<br>[f\u0254n d\u025b\u0250 \u025bt\u0283 b\u026as an d\u025bn \u02c8b\u025blt]<br>\ud834\udd06 [\u02c8d\u0254\u028ft\u0283lant \u02c8d\u0254\u028ft\u0283lant y\u02d0b\u0250 al\u025bs]<br>[y\u02d0b\u0250 al\u025bs in d\u025b\u0250 v\u025blt] \ud834\udd07<br><br>[\u02c8d\u0254\u028ft\u0283\u025b \u02c8f\u0281a\u028a\u0259n \u02c8d\u0254\u028ft\u0283\u025b t\u0281\u0254\u028f\u0259]<br>[\u02c8d\u0254\u028ft\u0283\u0250 va\u026an \u028ant \u02c8d\u0254\u028ft\u0283\u0250 za\u014b]<br>[\u02c8z\u0254ln\u0329 \u026an d\u025b\u0250 v\u025blt \u02c8b\u025bhaltn\u0329]<br>[i\u02d0\u0281\u0259n altn\u0329 \u0283\u00f8\u02d0n\u0259n kla\u014b]<br>[\u02c8uns ts\u028a \u025bdl\u0250 tat b\u025bga\u026a\u02c8st\u025b\u0281n]<br>[\u02c8unz\u0250 gan\u02c8ts\u025bs l\u025bb\u0259n la\u014b]<br>\ud834\udd06 [\u02c8d\u0254\u028ft\u0283\u025b \u02c8f\u0281a\u028a\u0259n \u02c8d\u0254\u028ft\u0283\u025b t\u0281\u0254\u028f\u0259]<br>[\u02c8d\u0254\u028ft\u0283\u0250 va\u026an \u028ant \u02c8d\u0254\u028ft\u0283\u0250 za\u014b] \ud834\udd07<br><br><strong>[a\u026an\u026a\u00e7\u02c8ka\u026at \u028ant \u0281\u025b\u00e7t \u028ant \u02c8f\u0281a\u026aha\u026at]<\/strong><br><strong>[\u02c8fy\u02d0\u0281 das \u02c8d\u0254\u028ft\u0283\u025b fat\u025b\u0250\u032f\u02c8lant]<\/strong><br><strong>[\u02c8danax last \u028ans al\u0259 \u02c8\u0283t\u0281e\u02d0b\u0259n]<\/strong><br><strong>[b\u0281y\u02d0d\u0250\u032fl\u026a\u00e7 m\u026at \u02c8h\u025b\u0281ts \u028ant \u02c8hant]<\/strong><br><strong>[a\u026an\u026a\u00e7\u02c8ka\u026at \u028ant \u0281\u025b\u00e7t \u028ant \u02c8f\u0281a\u026aha\u026at]<\/strong><br><strong>[z\u026ant d\u025bs gl\u028fk\u025bs \u028ant\u0250pfant]<\/strong><br><strong>\ud834\udd06 [bly\u02d0 \u026am \u02c8glants\u0259 di\u02d0z\u0259s gl\u028fk\u025bs]<\/strong><br><strong>[bly\u02d0\u0259 \u02c8d\u0254\u028ft\u0283\u025bs fat\u025b\u0250\u032f\u02c8lant] \ud834\udd07<\/strong><\/td><td>Germany, Germany above all<br>Above all in the world<br>When it always, for protection and defence<br>Brotherly stands together.<br>From the&nbsp;<a href=\"https:\/\/en.wikipedia.org\/wiki\/Meuse\">Meuse<\/a>&nbsp;to the&nbsp;<a href=\"https:\/\/en.wikipedia.org\/wiki\/Neman\">Neman<\/a><br>From the&nbsp;<a href=\"https:\/\/en.wikipedia.org\/wiki\/Adige\">Adige<\/a>&nbsp;to the&nbsp;<a href=\"https:\/\/en.wikipedia.org\/wiki\/Little_Belt\">Little Belt<\/a>,<br>\ud834\udd06&nbsp;Germany, Germany above all<br>Above all in the world.&nbsp;\ud834\udd07<br><br>German women, German loyalty,<br>German wine and German song,<br>Should keep in the world<br>their old beautiful sound,<br>To inspire us to noble deeds<br>For the length of our lives.<br>\ud834\udd06&nbsp;German women, German loyalty,<br>German wine and German singing.&nbsp;\ud834\udd07<br><br><strong>Unity and Justice and Freedom<\/strong><br><strong>For the German Fatherland!<\/strong><br><strong>After these let us all strive<\/strong><br><strong>Brotherly with heart and hand!<\/strong><br><strong>Unity and Justice and Freedom<\/strong><br><strong>Are the guarantee of happiness \u2013<\/strong><br><strong>\ud834\udd06&nbsp;Bloom in the splendour of this happiness,<\/strong><br><strong>Bloom, German Fatherland!&nbsp;\ud834\udd07<\/strong><\/td><\/tr><\/tbody><\/table><\/figure>\n","protected":false},"excerpt":{"rendered":"<p>German original IPA&nbsp;transcription[a] Literal translation 1&nbsp;Deutschland, Deutschland \u00fcber alles,\u00dcber alles in der Welt,Wenn es stets zu Schutz und TrutzeBr\u00fcderlich zusammenh\u00e4lt.Von der Maas bis an die Memel,Von der Etsch bis an den Belt,\ud834\udd06&nbsp;Deutschland, Deutschland \u00fcber alles,\u00dcber alles in der Welt!&nbsp;\ud834\udd07 2&nbsp;Deutsche Frauen, deutsche Treue,Deutscher Wein und deutscher SangSollen in der Welt behaltenIhren alten sch\u00f6nen Klang,Uns zu&hellip;<\/p>\n","protected":false},"author":1,"featured_media":0,"parent":366,"menu_order":0,"comment_status":"closed","ping_status":"closed","template":"fullwidth.php","meta":{"footnotes":""},"class_list":["post-536","page","type-page","status-publish","hentry"],"_links":{"self":[{"href":"https:\/\/www.sadeora.com\/sky_dome\/the-future-planet\/wp-json\/wp\/v2\/pages\/536","targetHints":{"allow":["GET"]}}],"collection":[{"href":"https:\/\/www.sadeora.com\/sky_dome\/the-future-planet\/wp-json\/wp\/v2\/pages"}],"about":[{"href":"https:\/\/www.sadeora.com\/sky_dome\/the-future-planet\/wp-json\/wp\/v2\/types\/page"}],"author":[{"embeddable":true,"href":"https:\/\/www.sadeora.com\/sky_dome\/the-future-planet\/wp-json\/wp\/v2\/users\/1"}],"replies":[{"embeddable":true,"href":"https:\/\/www.sadeora.com\/sky_dome\/the-future-planet\/wp-json\/wp\/v2\/comments?post=536"}],"version-history":[{"count":0,"href":"https:\/\/www.sadeora.com\/sky_dome\/the-future-planet\/wp-json\/wp\/v2\/pages\/536\/revisions"}],"up":[{"embeddable":true,"href":"https:\/\/www.sadeora.com\/sky_dome\/the-future-planet\/wp-json\/wp\/v2\/pages\/366"}],"wp:attachment":[{"href":"https:\/\/www.sadeora.com\/sky_dome\/the-future-planet\/wp-json\/wp\/v2\/media?parent=536"}],"curies":[{"name":"wp","href":"https:\/\/api.w.org\/{rel}","templated":true}]}}