{"id":504,"date":"2019-05-06T20:18:23","date_gmt":"2019-05-07T01:18:23","guid":{"rendered":"https:\/\/www.sadeora.com\/sky_dome\/the-future-planet\/?page_id=504"},"modified":"2024-08-29T03:58:52","modified_gmt":"2024-08-29T08:58:52","slug":"cyprus","status":"publish","type":"page","link":"https:\/\/www.sadeora.com\/sky_dome\/the-future-planet\/felicitation-centers\/cyprus\/","title":{"rendered":"Cyprus"},"content":{"rendered":"\n\n\n<figure class=\"wp-block-audio\"><audio controls src=\"https:\/\/www.sadeora.com\/sky_dome\/the-future-planet\/wp-content\/uploads\/2024\/08\/Hymn_to_liberty_instrumental.oga\"><\/audio><\/figure>\n\n\n\n<p><\/p>\n\n\n\n<p><\/p>\n\n\n\n<figure class=\"wp-block-table\"><table class=\"has-fixed-layout\"><tbody><tr><th>Greek original<sup><a href=\"https:\/\/en.wikipedia.org\/wiki\/Hymn_to_Liberty#cite_note-Enc-1\">[1]<\/a><\/sup><\/th><th>Roman Greek<\/th><th><a href=\"https:\/\/en.wikipedia.org\/wiki\/International_Phonetic_Alphabet\">IPA<\/a>&nbsp;transcription<sup><a href=\"https:\/\/en.wikipedia.org\/wiki\/Hymn_to_Liberty#cite_note-11\">[c]<\/a><\/sup><\/th><th>English version<sup><a href=\"https:\/\/en.wikipedia.org\/wiki\/Hymn_to_Liberty#cite_note-:0-10\">[8]<\/a><\/sup><sup><a href=\"https:\/\/en.wikipedia.org\/wiki\/Hymn_to_Liberty#cite_note-12\">[9]<\/a><\/sup><br>(<a href=\"https:\/\/en.wikipedia.org\/wiki\/Rudyard_Kipling\">Rudyard Kipling<\/a>, 1918)<\/th><th>Literal English translation<sup><a href=\"https:\/\/en.wikipedia.org\/wiki\/Hymn_to_Liberty#cite_note-lyricstranslate.com-13\">[10]<\/a><\/sup><\/th><\/tr><tr><td><strong>\u03a3\u03b5 \u03b3\u03bd\u03c9\u03c1\u03af\u03b6\u03c9 \u03b1\u03c0\u03cc \u03c4\u03b7\u03bd \u03ba\u03cc\u03c8\u03b7<\/strong><br><strong>\u03a4\u03bf\u03c5 \u03c3\u03c0\u03b1\u03b8\u03b9\u03bf\u03cd \u03c4\u03b7\u03bd \u03c4\u03c1\u03bf\u03bc\u03b5\u03c1\u03ae,<\/strong><br><strong>\u03a3\u03b5 \u03b3\u03bd\u03c9\u03c1\u03af\u03b6\u03c9 \u03b1\u03c0\u03cc \u03c4\u03b7\u03bd \u03cc\u03c8\u03b7,<\/strong><br><strong>\u03a0\u03bf\u03c5 \u03bc\u03b5 \u03b2\u03b9\u03ac \u03bc\u03b5\u03c4\u03c1\u03ac\u03b5\u03b9 \u03c4\u03b7 \u03b3\u03b7.<\/strong><br><br><strong>\u0391\u03c0\u2019 \u03c4\u03b1 \u03ba\u03cc\u03ba\u03ba\u03b1\u03bb\u03b1<sup><a href=\"https:\/\/en.wikipedia.org\/wiki\/Hymn_to_Liberty#cite_note-15\">[d]<\/a><\/sup>&nbsp;\u03b2\u03b3\u03b1\u03bb\u03bc\u03ad\u03bd\u03b7<\/strong><br><strong>\u03a4\u03c9\u03bd \u0395\u03bb\u03bb\u03ae\u03bd\u03c9\u03bd \u03c4\u03b1 \u03b9\u03b5\u03c1\u03ac,<\/strong><br><strong>\ud834\udd06 \u039a\u03b1\u03b9 \u03c3\u03b1\u03bd \u03c0\u03c1\u03ce\u03c4\u03b1 \u03b1\u03bd\u03b4\u03c1\u03b5\u03b9\u03c9\u03bc\u03ad\u03bd\u03b7,<\/strong><br><strong>\u03a7\u03b1\u03af\u03c1\u03b5, \u03c9 \u03c7\u03b1\u03af\u03c1\u03b5, \u03b5\u03bb\u03b5\u03c5\u03b8\u03b5\u03c1\u03b9\u03ac! \ud834\udd07<\/strong><br><br>\u0395\u03ba\u03b5\u03af \u03bc\u03ad\u03c3\u03b1 \u03b5\u03ba\u03b1\u03c4\u03bf\u03b9\u03ba\u03bf\u03cd\u03c3\u03b5\u03c2<br>\u03c0\u03b9\u03ba\u03c1\u03b1\u03bc\u03ad\u03bd\u03b7, \u03b5\u03bd\u03c4\u03c1\u03bf\u03c0\u03b1\u03bb\u03ae,<br>\u03ba\u03b9 \u03ad\u03bd\u03b1 \u03c3\u03c4\u03cc\u03bc\u03b1 \u03b1\u03ba\u03b1\u03c1\u03c4\u03b5\u03c1\u03bf\u03cd\u03c3\u03b5\u03c2,<br>\u00ab\u03ad\u03bb\u03b1 \u03c0\u03ac\u03bb\u03b9\u00bb, \u03bd\u03b1 \u03c3\u03bf\u03c5 \u03c0\u03b5\u03b9.<br><br>\u0386\u03c1\u03b3\u03b5\u03b9\u03b5 \u03bd\u03b1 &#8216;\u03bb\u03b8\u03b5\u03b9<sup><a href=\"https:\/\/en.wikipedia.org\/wiki\/Hymn_to_Liberty#cite_note-18\">[e]<\/a><\/sup>&nbsp;\u03b5\u03ba\u03b5\u03af\u03bd\u03b7 \u03b7 \u03bc\u03ad\u03c1\u03b1,<br>\u039a\u03b1\u03b9<sup><a href=\"https:\/\/en.wikipedia.org\/wiki\/Hymn_to_Liberty#cite_note-%CE%BA%CE%B1%CE%B9-21\">[f]<\/a><\/sup>&nbsp;\u03ae\u03c4\u03b1\u03bd \u03cc\u03bb\u03b1 \u03c3\u03b9\u03c9\u03c0\u03b7\u03bb\u03ac,<br>\ud834\udd06 \u03b3\u03b9\u03b1\u03c4\u03af \u03c4\u03ac &#8216;\u03c3\u03ba\u03b9\u03b1\u03b6\u03b5 \u03b7 \u03c6\u03bf\u03b2\u03ad\u03c1\u03b1<br>\u03ba\u03b1\u03b9 \u03c4\u03b1 \u03c0\u03bb\u03ac\u03ba\u03c9\u03bd\u03b5 \u03b7 \u03c3\u03ba\u03bb\u03b1\u03b2\u03b9\u03ac. \ud834\udd07<br><br>\u0394\u03c5\u03c3\u03c4\u03c5\u03c7\u03ae\u03c2! \u03a0\u03b1\u03c1\u03b7\u03b3\u03bf\u03c1\u03af\u03b1<br>\u03bc\u03cc\u03bd\u03b7 \u03c3\u03bf\u03c5 \u03ad\u03bc\u03b5\u03bd\u03b5 \u03bd\u03b1 \u03bb\u03b5\u03c2<br>\u03c0\u03b5\u03c1\u03b1\u03c3\u03bc\u03ad\u03bd\u03b1 \u03bc\u03b5\u03b3\u03b1\u03bb\u03b5\u03af\u03b1<br>\u03ba\u03b1\u03b9 \u03b4\u03b9\u03b7\u03b3\u03ce\u03bd\u03c4\u03b1\u03c2 \u03c4\u03b1 \u03bd\u03b1 \u03ba\u03bb\u03b1\u03b9\u03c2.<br><br>\u039a\u03b1\u03b9 \u03b1\u03ba\u03b1\u03c1\u03c4\u03ad\u03c1\u03b5\u03b9, \u03ba\u03b1\u03b9 \u03b1\u03ba\u03b1\u03c1\u03c4\u03ad\u03c1\u03b5\u03b9<br>\u03c6\u03b9\u03bb\u03b5\u03bb\u03b5\u03cd\u03b8\u03b5\u03c1\u03b7 \u03bb\u03b1\u03bb\u03b9\u03ac,<br>\ud834\udd06 \u03ad\u03bd\u03b1 \u03b5\u03ba\u03c4\u03cd\u03c0\u03b1\u03b5 \u03c4\u2019 \u03ac\u03bb\u03bb\u03bf \u03c7\u03ad\u03c1\u03b9<br>\u03b1\u03c0\u03cc \u03c4\u03b7\u03bd \u03b1\u03c0\u03b5\u03bb\u03c0\u03b9\u03c3\u03b9\u03ac. \ud834\udd07<br><br>\u039a\u03b9 \u03ad\u03bb\u03b5\u03b5\u03c2: \u00ab\u03c0\u03cc\u03c4\u03b5, \u03b1! \u03c0\u03cc\u03c4\u03b5 \u03b2\u03b3\u03ac\u03bd\u03c9<br>\u03c4\u03bf \u03ba\u03b5\u03c6\u03ac\u03bb\u03b9 \u03b1\u03c0\u03cc \u03c4\u03c3&#8217; \u03b5\u03c1\u03bc\u03b9\u03ad\u03c2;\u00bb<br>\u039a\u03b1\u03b9<sup><a href=\"https:\/\/en.wikipedia.org\/wiki\/Hymn_to_Liberty#cite_note-%CE%BA%CE%B1%CE%B9-21\">[f]<\/a><\/sup>&nbsp;\u03b1\u03c0\u03bf\u03ba\u03c1\u03af\u03bd\u03bf\u03bd\u03c4\u03bf \u03b1\u03c0\u03cc \u03c0\u03ac\u03bd\u03c9<br>\u03ba\u03bb\u03ac\u03c8\u03b5\u03c2, \u03ac\u03bb\u03c5\u03c3\u03b5\u03c2, \u03c6\u03c9\u03bd\u03ad\u03c2.<br><br>\u03a4\u03cc\u03c4\u03b5 \u03b5\u03c3\u03ae\u03ba\u03c9\u03bd\u03b5\u03c2 \u03c4\u03bf \u03b2\u03bb\u03ad\u03bc\u03bc\u03b1<br>\u03bc\u03b5\u03c2 \u03c3\u03c4\u03b1 \u03ba\u03bb\u03ac\u03b9\u03bc\u03b1\u03c4\u03b1<sup><a href=\"https:\/\/en.wikipedia.org\/wiki\/Hymn_to_Liberty#cite_note-26\">[g]<\/a><\/sup>&nbsp;\u03b8\u03bf\u03bb\u03cc,<br>\ud834\udd06 \u03ba\u03b1\u03b9 \u03b5\u03b9\u03c2 \u03c4\u03bf \u03c1\u03bf\u03cd\u03c7\u03bf \u03c3\u03bf\u03c5 \u03ad\u03c3\u03c4\u03b1\u03b6\u2019 \u03b1\u03af\u03bc\u03b1,<br>\u03c0\u03bb\u03ae\u03b8\u03bf\u03c2 \u03b1\u03af\u03bc\u03b1 \u0395\u03bb\u03bb\u03b7\u03bd\u03b9\u03ba\u03cc. \ud834\udd07<\/td><td><strong>Se gnor\u00edzo ap\u00f3 tin k\u00f3psi<\/strong><br><strong>Tou spathio\u00fa tin tromer\u00ed,<\/strong><br><strong>Se gnor\u00edzo ap\u00f3 tin \u00f3psi,<\/strong><br><strong>Pou me vi\u00e1 metr\u00e1ei ti gi.<\/strong><br><br><strong>Ap\u2019 ta k\u00f3kkala vgalm\u00e9ni<\/strong><br><strong>Ton Hell\u00ednon ta hier\u00e1,<\/strong><br><strong>\ud834\udd06 Kai san pr\u00f3ta andreiom\u00e9ni,<\/strong><br><strong>Kha\u00edre, o kha\u00edre, eleftheri\u00e1! \ud834\udd07<\/strong><br><br>Eke\u00ed m\u00e9sa ekatoiko\u00fases<br>pikram\u00e9ni entropal\u00ed,<br>ki h\u00e9na st\u00f3ma akartero\u00fases,<br>\u00ab\u00e9la p\u00e1li\u00bb, na sou pei.<br><br>\u00c1rgeie n\u00e1 \u2019lthei eke\u00edni hi m\u00e9ra,<br>Kai \u00edtan h\u00f3la siopil\u00e1,<br>\ud834\udd06 giat\u00ed t\u00e1 \u2019skiaze hi phov\u00e9ra<br>kai ta pl\u00e1kone hi sklavi\u00e1. \ud834\udd07<br><br>Dystykh\u00eds! Parigor\u00eda<br>m\u00f3ni sou \u00e9mene na les<br>perasm\u00e9na megale\u00eda<br>kai diig\u00f3ntas ta na klais.<br><br>Kai akart\u00e9rei, kai akart\u00e9rei<br>philel\u00e9ftheri lali\u00e1,<br>\ud834\udd06 h\u00e9na ekt\u00fdpae t\u2019 \u00e1llo kh\u00e9ri<br>ap\u00f3 t\u00edn apelpisi\u00e1. \ud834\udd07<br><br>Ki \u00e9lees: \u00abp\u00f3te, \u00e1! p\u00f3te vg\u00e1no<br>to keph\u00e1li ap\u00f3 ts\u2019 ermi\u00e9s;\u00bb<br>Kai apokr\u00ednonto ap\u00f3 p\u00e1no<br>kl\u00e1pses, h\u00e1lyses, phon\u00e9s.<br><br>T\u00f3te es\u00edkones to vl\u00e9mma<br>mes sta kl\u00e1imata thol\u00f3,<br>\ud834\udd06 kai eis to ro\u00fakho sou \u00e9staz\u2019 ha\u00edma,<br>pl\u00edthos ha\u00edma Hellinik\u00f3. \ud834\udd07<\/td><td><strong>[s\u0320e\u031e\u203f\u0263no\u031e.\u02c8\u027ei.z\u0320o\u031e\u203fa\u0320.\u02c8po\u031e ti\u014b\u203f\u02c8\u0261o\u031ep\u031a.s\u0320i |]<\/strong><br><strong>[tu s\u0320pa\u0320\u03b8.\u02c8\u00e7u tin\u203fd\u027eo\u031e.me\u031e.\u02c8\u027ei |]<\/strong><br><strong>[s\u0320e\u031e\u203f\u0263no\u031e.\u02c8\u027ei.z\u0320o\u031e\u203fa\u0320.\u02c8po\u031e tin \u02c8o\u031ep\u031a.s\u0320i |]<\/strong><br><strong>[pu me\u031e \u02c8vja\u0320 me\u031e.\u02c8t\u027ea\u0320i\u032f ti \u02c8\u029di \u2016]<\/strong><br><br><strong>[a\u0320p ta\u0320 \u02c8ko\u031e.ka\u0320.la\u0320\u203fv\u0263a\u0320l.\u02c8me\u031e.ni |]<\/strong><br><strong>[to\u031en e\u031e.\u02c8li.no\u031en\u203fda\u0320\u203fi\u032f.e\u031e.\u02c8\u027ea\u0320 |]<\/strong><br><strong>\ud834\udd06 [\u02c8ce\u031e s\u0320a\u0320m\u203f\u02c8b\u027eo\u031e.ta\u0320 a\u0320n\u032a\u00f0.\u027ejo\u031e.\u02c8me\u031e.ni |]<\/strong><br><strong>[\u02c8\u00e7e\u031e.\u027ee\u031e\u203fo\u031e \u02c8\u00e7e\u031e.\u027ee\u031e | e\u031e.le\u031ef.\u03b8e\u031e\u027e.\u02c8ja\u0320 \u2016] \ud834\udd07<\/strong><br><br>[e\u031e.\u02c8ci \u02c8me\u031e.s\u0320a\u0320\u203fe\u031e.ka\u0320.ti.\u02c8ku.s\u0320e\u031es\u0320 |]<br>[pi.k\u027ea\u0320.\u02c8me\u031e.ni\u203fe\u031en.t\u027eo\u031e.pa\u0320.\u02c8li |]<br>[\u02c8c\u203fe\u031e.na\u0320 \u02c8s\u0320to\u031e.m\u203fa\u0320.ka\u0320\u027e.te\u031e.\u02c8\u027eu.s\u0320e\u031es\u0320 |]<br>[\u02c8e\u031e.la\u0320 \u02c8pa\u0320.li | na\u0320 s\u0320u pi \u2016]<br><br>[\u02c8a\u0320\u027e.\u029de\u031e \u02c8na\u0320l\u032a.\u03b8(i)\u203fe\u031e.\u02c8ci.n\u203fi \u02c8me\u031e.\u027ea\u0320 |]<br>[\u02c8ce\u031e\u203fi.ta\u0320n \u02c8o\u031e.la\u0320 s\u0320jo\u031e.pi.\u02c8la\u0320 |]<br>\ud834\udd06 [\u029da\u0320.\u02c8ti ta\u0320 \u02c8s\u0320cja\u0320.z\u0320e\u031e\u203fi fo\u031e.\u02c8ve\u031e.\u027ea\u0320 |]<br>[ce\u031e ta\u0320 \u02c8pla\u0320.ko\u031e.ne\u031e\u203fi s\u0320kla\u0320v.\u02c8ja\u0320 \u2016] \ud834\udd07<br><br>[\u00f0is\u0320.ti.\u02c8\u00e7is\u0320 pa\u0320.\u027ei.\u0263o\u031e.\u02c8\u027ei.a\u0320 |]<br>[\u02c8mo\u031e.ni \u02c8s\u0320u\u203fe\u031e.me\u031e.ne\u031e na\u0320 le\u031es\u0320 |]<br>[pe\u031e.\u027ea\u0320.\u02c8z\u0320me\u031e.na\u0320 me\u031e.\u0263a\u0320.\u02c8li.a\u0320 |]<br>[ce\u031e \u00f0i.\u02c8\u0263o\u031en.ta\u0320s\u0320 ta\u0320 na\u0320 kle\u031es\u0320 \u2016]<br><br>[c\u203fa\u0320.ka\u0320\u027e.\u02c8te\u031e.\u027ei c\u203fa\u0320.ka\u0320\u027e.\u02c8te\u031e.\u027ei |]<br>[fi.le\u031e.\u02c8le\u031ef.\u03b8e\u031e.\u027ei la\u0320.\u02c8lja\u0320 |]<br>\ud834\udd06 [\u02c8e\u031e.na\u0320\u203fe\u031ek.\u02c8ti.pa\u0320e\u032f \u02c8t\u203fa\u0320.lo\u031e \u02c8\u00e7e\u031e.\u027ei |]<br>[a\u0320.\u02c8po\u031e tin a\u0320.pe\u031el.pi.\u02c8s\u0320ja\u0320 \u2016] \ud834\udd07<br><br>[\u02c8c\u203fe\u031e.le\u031es\u0320 \u02c8po\u031e.te\u031e\u203fa\u0320 \u02c8po\u031e.te\u031e\u203f\u02c8v\u0263a\u0320.no\u031e |]<br>[to\u031e ce\u031e.\u02c8fa\u0320.li\u203fa\u0320.\u02c8po\u031e ts\u0320\u203fe\u031e\u027e.\u02c8mje\u031es\u0320 |]<br>[c\u203fa\u0320.po\u031e.\u02c8k\u027ei.no\u031en.to\u031e\u203fa\u0320.\u02c8po\u031e \u02c8pa\u0320.no\u031e |]<br>[\u02c8kla\u0320p\u031a.s\u0320e\u031es\u0320 \u02c8a\u0320.li.s\u0320e\u031es\u0320 | fo\u031e.\u02c8ne\u031es\u0320 \u2016]<br><br>[\u02c8to\u031e.t\u203fe\u031e.\u02c8s\u0320i.ko\u031e.ne\u031es\u0320 to\u031e \u02c8vle\u031e.ma\u0320 |]<br>[me\u031es\u0320 s\u0320ta\u0320 \u02c8kla\u0320j.ma\u0320.ta\u0320 \u02c8\u03b8o\u031e.lo\u031e |]<br>\ud834\udd06 [c(e\u031e)\u203fis\u0320 to\u031e \u02c8ru.xo\u031e \u02c8su\u203fe\u031es\u0320.ta\u0320z\u0320 \u02c8e\u031e.ma\u0320 |]<br>[\u02c8pli.\u03b8o\u031es\u0320 \u02c8e\u031e.ma\u0320(\u203f)e\u031e.li.ni.\u02c8ko\u031e \u2016] \ud834\udd07<\/td><td><strong>We knew thee of old,<\/strong><br><strong>O, divinely restored,<\/strong><br><strong>By the lights of thine eyes,<\/strong><br><strong>And the light of thy Sword.<\/strong><br><br><strong>From the graves of our slain,<\/strong><br><strong>Shall thy valor prevail,<\/strong><br><strong>\ud834\udd06 as we greet thee again,<\/strong><br><strong>Hail, Liberty! Hail! \ud834\udd07<\/strong><br><br>Long time didst thou dwell<br>Mid the peoples that mourn,<br>Awaiting some voice<br>That should bid thee return.<br><br>Ah, slow broke that day<br>And no man dared call,<br>\ud834\udd06 For the shadow of tyranny<br>Lay over all: \ud834\udd07<br><br>Yet, behold now thy sons<br>With impetuous breath<br>\ud834\udd06 Go forth to the fight<br>Seeking Freedom or Death. \ud834\udd07<br><br>And we saw thee sad-eyed,<br>The tears on thy cheeks<br>\ud834\udd06 While thy raiment was dyed<br>In the blood of the Greeks. \ud834\udd07<\/td><td><strong>I know you from the blade<\/strong><br><strong>Of the sword, the terrifying [blade],<\/strong><br><strong>I know you from the appearance,<\/strong><br><strong>Which, with force, measures the earth.<\/strong><br><br><strong>From the bones taken out,<\/strong><br><strong>the sacred (bones) of Greeks<\/strong><br><strong>\ud834\udd06 And as first brave again,<\/strong><br><strong>Rejoice, oh rejoice, liberty! \ud834\udd07<\/strong><br><br>There in you were living<br>bitter, ashamed,<br>And a mouth you were awaiting,<br>&#8220;Come again&#8221;, should it tell you.<br><br>Late came that day,<br>And it was all silent,<br>\ud834\udd06 Because the bullying was overshadowing them<br>And the slavery was oppressing them. \ud834\udd07<br><br>Unhappy one! Consolation<br>Alone was staying to tell you<br>Past greatnesses<br>And narrating them to mourn.<br><br>And it was awaiting, and it was awaiting<br>Freedom-loving speech.<br>\ud834\udd06 One hand strikes the other<br>Out of the hopelessness. \ud834\udd07<br><br>And you were saying: when, oh when do I get<br>My head out of these lonely places?<br>And answering from above were<br>Cries, chains, voices.<br><br>Then you were raising your glance<br>Into the tears, blurry.<br>\ud834\udd06 And into the clothing of yours was dripping blood,<br>A lot of Greek blood. \ud834\udd07<\/td><\/tr><\/tbody><\/table><\/figure>\n\n\n\n<p><\/p>\n","protected":false},"excerpt":{"rendered":"<p>Greek original[1] Roman Greek IPA&nbsp;transcription[c] English version[8][9](Rudyard Kipling, 1918) Literal English translation[10] \u03a3\u03b5 \u03b3\u03bd\u03c9\u03c1\u03af\u03b6\u03c9 \u03b1\u03c0\u03cc \u03c4\u03b7\u03bd \u03ba\u03cc\u03c8\u03b7\u03a4\u03bf\u03c5 \u03c3\u03c0\u03b1\u03b8\u03b9\u03bf\u03cd \u03c4\u03b7\u03bd \u03c4\u03c1\u03bf\u03bc\u03b5\u03c1\u03ae,\u03a3\u03b5 \u03b3\u03bd\u03c9\u03c1\u03af\u03b6\u03c9 \u03b1\u03c0\u03cc \u03c4\u03b7\u03bd \u03cc\u03c8\u03b7,\u03a0\u03bf\u03c5 \u03bc\u03b5 \u03b2\u03b9\u03ac \u03bc\u03b5\u03c4\u03c1\u03ac\u03b5\u03b9 \u03c4\u03b7 \u03b3\u03b7. \u0391\u03c0\u2019 \u03c4\u03b1 \u03ba\u03cc\u03ba\u03ba\u03b1\u03bb\u03b1[d]&nbsp;\u03b2\u03b3\u03b1\u03bb\u03bc\u03ad\u03bd\u03b7\u03a4\u03c9\u03bd \u0395\u03bb\u03bb\u03ae\u03bd\u03c9\u03bd \u03c4\u03b1 \u03b9\u03b5\u03c1\u03ac,\ud834\udd06 \u039a\u03b1\u03b9 \u03c3\u03b1\u03bd \u03c0\u03c1\u03ce\u03c4\u03b1 \u03b1\u03bd\u03b4\u03c1\u03b5\u03b9\u03c9\u03bc\u03ad\u03bd\u03b7,\u03a7\u03b1\u03af\u03c1\u03b5, \u03c9 \u03c7\u03b1\u03af\u03c1\u03b5, \u03b5\u03bb\u03b5\u03c5\u03b8\u03b5\u03c1\u03b9\u03ac! \ud834\udd07 \u0395\u03ba\u03b5\u03af \u03bc\u03ad\u03c3\u03b1 \u03b5\u03ba\u03b1\u03c4\u03bf\u03b9\u03ba\u03bf\u03cd\u03c3\u03b5\u03c2\u03c0\u03b9\u03ba\u03c1\u03b1\u03bc\u03ad\u03bd\u03b7, \u03b5\u03bd\u03c4\u03c1\u03bf\u03c0\u03b1\u03bb\u03ae,\u03ba\u03b9 \u03ad\u03bd\u03b1 \u03c3\u03c4\u03cc\u03bc\u03b1 \u03b1\u03ba\u03b1\u03c1\u03c4\u03b5\u03c1\u03bf\u03cd\u03c3\u03b5\u03c2,\u00ab\u03ad\u03bb\u03b1 \u03c0\u03ac\u03bb\u03b9\u00bb, \u03bd\u03b1 \u03c3\u03bf\u03c5 \u03c0\u03b5\u03b9. \u0386\u03c1\u03b3\u03b5\u03b9\u03b5&hellip;<\/p>\n","protected":false},"author":1,"featured_media":0,"parent":366,"menu_order":0,"comment_status":"closed","ping_status":"closed","template":"fullwidth.php","meta":{"footnotes":""},"class_list":["post-504","page","type-page","status-publish","hentry"],"_links":{"self":[{"href":"https:\/\/www.sadeora.com\/sky_dome\/the-future-planet\/wp-json\/wp\/v2\/pages\/504","targetHints":{"allow":["GET"]}}],"collection":[{"href":"https:\/\/www.sadeora.com\/sky_dome\/the-future-planet\/wp-json\/wp\/v2\/pages"}],"about":[{"href":"https:\/\/www.sadeora.com\/sky_dome\/the-future-planet\/wp-json\/wp\/v2\/types\/page"}],"author":[{"embeddable":true,"href":"https:\/\/www.sadeora.com\/sky_dome\/the-future-planet\/wp-json\/wp\/v2\/users\/1"}],"replies":[{"embeddable":true,"href":"https:\/\/www.sadeora.com\/sky_dome\/the-future-planet\/wp-json\/wp\/v2\/comments?post=504"}],"version-history":[{"count":0,"href":"https:\/\/www.sadeora.com\/sky_dome\/the-future-planet\/wp-json\/wp\/v2\/pages\/504\/revisions"}],"up":[{"embeddable":true,"href":"https:\/\/www.sadeora.com\/sky_dome\/the-future-planet\/wp-json\/wp\/v2\/pages\/366"}],"wp:attachment":[{"href":"https:\/\/www.sadeora.com\/sky_dome\/the-future-planet\/wp-json\/wp\/v2\/media?parent=504"}],"curies":[{"name":"wp","href":"https:\/\/api.w.org\/{rel}","templated":true}]}}