{"id":458,"date":"2019-05-06T20:04:30","date_gmt":"2019-05-07T01:04:30","guid":{"rendered":"https:\/\/www.sadeora.com\/sky_dome\/the-future-planet\/?page_id=458"},"modified":"2024-09-01T23:45:19","modified_gmt":"2024-09-02T04:45:19","slug":"kuwait","status":"publish","type":"page","link":"https:\/\/www.sadeora.com\/sky_dome\/the-future-planet\/felicitation-centers\/kuwait\/","title":{"rendered":"Kuwait"},"content":{"rendered":"\n\n\n<p><\/p>\n\n\n\n<figure class=\"wp-block-audio\"><audio controls src=\"https:\/\/www.sadeora.com\/sky_dome\/the-future-planet\/wp-content\/uploads\/2024\/09\/National_anthem_of_Kuwait_instrumental.ogg\"><\/audio><\/figure>\n\n\n\n<p><\/p>\n\n\n\n<figure class=\"wp-block-table\"><table class=\"has-fixed-layout\"><tbody><tr><th>Arabic original<sup><a href=\"https:\/\/en.wikipedia.org\/wiki\/National_Anthem_of_Kuwait#cite_note-2\">[2]<\/a><\/sup><\/th><th><a href=\"https:\/\/en.wikipedia.org\/wiki\/Modern_Standard_Arabic\">MSA<\/a>&nbsp;<a href=\"https:\/\/en.wikipedia.org\/wiki\/Romanization_of_Arabic\">Romanization<\/a><\/th><th><a href=\"https:\/\/en.wikipedia.org\/wiki\/International_Phonetic_Alphabet\">IPA<\/a>&nbsp;transcription<sup><a href=\"https:\/\/en.wikipedia.org\/wiki\/National_Anthem_of_Kuwait#cite_note-3\">[a]<\/a><\/sup><\/th><th>Literal English translation<\/th><\/tr><tr><td>\u0648\u064e\u0637\u064e\u0646\u0650\u064a \u0627\u0644\u0652\u0643\u064f\u0648\u064e\u064a\u0652\u062a\u064e \u0633\u064e\u0644\u0650\u0645\u0652\u062a\u064e \u0644\u0650\u0644\u0652\u0645\u064e\u062c\u0652\u062f\u0650<br>\u0648\u064e\u0639\u064e\u0644\u0670\u0649 \u062c\u064e\u0628\u0650\u064a\u0652\u0646\u0650\u0643\u064e \u0637\u064e\u0627\u0644\u0650\u0639\u064f \u0627\u0644\u0633\u064e\u0651\u0639\u0652\u062f\u0650<br><br><strong>\u062c\u0648\u0642\u0629:<\/strong><br>\u0648\u064e\u0637\u064e\u0646\u0650\u064a \u0627\u0644\u0652\u0643\u064f\u0648\u064e\u064a\u0652\u062a\u064e \u0633\u064e\u0644\u0650\u0645\u0652\u062a\u064e \u0644\u0650\u0644\u0652\u0645\u064e\u062c\u0652\u062f\u0650<br>\u0648\u064e\u0639\u064e\u0644\u0670\u0649 \u062c\u064e\u0628\u0650\u064a\u0652\u0646\u0650\u0643\u064e \u0637\u064e\u0627\u0644\u0650\u0639\u064f \u0627\u0644\u0633\u064e\u0651\u0639\u0652\u062f\u0650<br>\u0648\u064e\u0637\u064e\u0646\u0650\u064a \u0627\u0644\u0652\u0643\u064f\u0648\u064e\u064a\u0652\u062a\u064e \u0648\u064e\u0637\u064e\u0646\u0650\u064a \u0627\u0644\u0652\u0643\u064f\u0648\u064e\u064a\u0652\u062a\u064e<br>\u0648\u064e\u0637\u064e\u0646\u0650\u064a \u0627\u0644\u0652\u0643\u064f\u0648\u064e\u064a\u0652\u062a\u064e \u0633\u064e\u0644\u0650\u0645\u0652\u062a\u064e \u0644\u0650\u0644\u0652\u0645\u064e\u062c\u0652\u062f\u0650<br><br><strong>\u0661<\/strong><br>\u064a\u064e\u0627 \u0645\u064e\u0647\u0652\u062f\u064e \u0622\u0628\u064e\u0627\u0621\u0650 \u0627\u0644\u0652\u0623\u064f\u0648\u0652\u0644\u0670\u0649 \u0643\u064e\u062a\u064e\u0628\u064f\u0648\u0652\u0627<br>\u0633\u0650\u0641\u0652\u0631\u064e \u0627\u0644\u0652\u062e\u064f\u0644\u064f\u0648\u0652\u062f\u0650 \u0641\u064e\u0646\u064e\u0627\u062f\u064e\u062a\u0650 \u0627\u0644\u0634\u064f\u0651\u0647\u064f\u0628\u064f<br>\u0627\u064e\u0644\u0644\u0651\u0670\u0647\u064f \u0623\u064e\u0643\u0652\u0628\u064e\u0631\u064f \u0625\u0650\u0646\u064e\u0651\u0647\u064f\u0645\u0652 \u0639\u064e\u0631\u064e\u0628\u064f<br>\u0637\u064e\u0644\u064e\u0639\u064e\u062a\u0652 \u0643\u064e\u0648\u064e\u0627\u0643\u0650\u0628\u064f \u062c\u064e\u0646\u064e\u0651\u0629\u0650 \u0627\u0644\u0652\u062e\u064f\u0644\u0652\u062f\u0650<br><br><em><strong>\u062c\u0648\u0642\u0629<\/strong><\/em><br><br><strong>\u06f2<\/strong><br>\u0628\u064f\u0648\u0652\u0631\u0650\u0643\u0652\u062a\u064e \u064a\u064e\u0627 \u0648\u064e\u0637\u064e\u0646\u0650\u064a \u0627\u0644\u0652\u0643\u064f\u0648\u064e\u064a\u0652\u062a\u064e \u0644\u064e\u0646\u064e\u0627<br>\u0633\u064e\u0643\u064e\u0646\u064b\u0627 \u0648\u064e\u0639\u0650\u0634\u0652\u062a\u064e \u0639\u064e\u0644\u0650\u0649 \u0627\u0644\u0652\u0645\u064e\u062f\u0670\u0649 \u0648\u064e\u0637\u064e\u0646\u064e\u0627<br>\u064a\u064e\u0641\u0652\u062f\u0650\u064a\u0652\u0643\u064e \u062d\u064f\u0631\u064c\u0651 \u0641\u0650\u064a\u0652 \u062d\u0650\u0645\u064e\u0627\u0643\u064e \u0628\u064e\u0646\u0670\u0649<br>\u0635\u064e\u0631\u0652\u062d\u064e \u0627\u0644\u0652\u062d\u064e\u064a\u064e\u0627\u0629\u0650 \u0628\u0650\u0623\u064e\u0643\u0652\u0631\u064e\u0645\u0650 \u0627\u0644\u0652\u0623\u064e\u064a\u0652\u062f\u0650\u064a\u0652<br><br><em><strong>\u062c\u0648\u0642\u0629<\/strong><\/em><br><br><strong>\u0663<\/strong><br>\u0646\u064e\u062d\u0652\u0645\u0650\u064a\u0652\u0643\u064e \u064a\u064e\u0627 \u0648\u064e\u0637\u064e\u0646\u0650\u064a\u0652 \u0648\u064e\u0634\u064e\u0627\u0647\u0650\u062f\u064f\u0646\u064e\u0627<br>\u0634\u064e\u0631\u0652\u0639\u064f \u0627\u0644\u0652\u0647\u064f\u062f\u0670\u0649 \u0648\u064e\u0627\u0644\u0652\u062d\u064e\u0642\u064f\u0651 \u0631\u064e\u0627\u0626\u0650\u062f\u064f\u0646\u064e\u0627<br>\u0648\u064e\u0623\u064e\u0645\u0650\u064a\u0652\u0631\u064f\u0646\u064e\u0627 \u0644\u0650\u0644\u0652\u0639\u0650\u0632\u0650\u0651 \u0642\u064e\u0627\u0626\u0650\u062f\u064f\u0646\u064e\u0627<br>\u0631\u064e\u0628\u064f\u0651 \u0627\u0644\u0652\u062d\u064e\u0645\u0650\u064a\u064e\u0651\u0629\u0650 \u0635\u064e\u0627\u062f\u0650\u0642\u064f \u0627\u0644\u0652\u0648\u064e\u0639\u0652\u062f\u0650<br><br><em><strong>\u062c\u0648\u0642\u0629<\/strong><\/em><\/td><td>Wa\u1e6dan\u012b l-Kuwayta salimta li-l-majdi<br>Wa-\u02bfal\u0101 jab\u012bnika \u1e6d\u0101li\u02bfa s-sa\u02bfdi<br><br><strong>Jawqa:<\/strong><br>Wa\u1e6dan\u012b l-Kuwayta salimta li-l-majdi<br>Wa-\u02bfal\u0101 jab\u012bnika \u1e6d\u0101li\u02bfa s-sa\u02bfdi<br>Wa\u1e6dan\u012b l-Kuwayt wa\u1e6dan\u012b l-Kuwayt<br>Wa\u1e6dan\u012b l-Kuwayta salimta li-l-majdi<br><br><strong>I<\/strong><br>Y\u0101 mahda \u02be\u0101b\u0101\u02bei l-\u02be\u016bl\u0101 katab\u016b<br>Sifr al-xul\u016bdi fa-n\u0101dat i\u0161-\u0161uhubu<br>All\u0101hu \u02beakbaru \u02beinnahum \u02bfArabu<br>\u1e6cala\u02bfat Kaw\u0101kibu jannati l-xuldi<br><br><em><strong>Jawqa<\/strong><\/em><br><br><strong>II<\/strong><br>B\u016brikta y\u0101 wa\u1e6dan\u012b l-Kuwayta lan\u0101<br>Sakanan wa-\u02bfi\u0161ta \u02bfal\u012b l-mada wa\u1e6danan<br>Yafd\u012bka \u1e25urrun f\u012b \u1e25im\u0101ka ban\u0101<br>\u1e62ar\u1e25a l-\u1e25ayati bi-\u02beakrami l-\u02beayd\u012b<br><br><em><strong>Jawqa<\/strong><\/em><br><br><strong>III<\/strong><br>Na\u1e25m\u012bka y\u0101 wa\u1e6dan\u012b wa-\u0161\u0101hidun\u0101<br>\u0160ar\u02bfu l-huda wa-l-\u1e25aqqu r\u0101\u02beidun\u0101<br>Wa-\u02beAm\u012brun\u0101 li-l-\u02bfizzi q\u0101\u02beidun\u0101<br>Rabbu l-\u1e25amiyati \u1e63\u0101diqu l-wa\u02bfdi<br><br><em><strong>Jawqa<\/strong><\/em><\/td><td>[w\u0251.t\u02c1\u0251.n\u026a\u02d0\u203fl.ku.w\u00e6j.t\u00e6 s\u00e6.l\u026am.t\u00e6 l\u026a\u203fl.m\u00e6d\u0361\u0292.di]<br>[w\u0251 \u0295\u0251.l\u00e6\u02d0 d\u0361\u0292\u00e6.bi\u02d0.ni.k\u00e6 t\u02c1\u0251\u02d0.l\u026a.\u0295\u0251\u203fs.s\u0251\u0295.di]<br><br><strong>[d\u0361\u0292\u0251w.q\u0251]<\/strong><br>[w\u0251.t\u02c1\u0251.n\u026a\u02d0\u203fl.ku.w\u00e6j.t\u00e6 s\u00e6.l\u026am.t\u00e6 l\u026a\u203fl.m\u00e6d\u0361\u0292.di]<br>[w\u0251 \u0295\u0251.l\u00e6\u02d0 d\u0361\u0292\u00e6.bi\u02d0.ni.k\u00e6 t\u02c1\u0251\u02d0.l\u026a.\u0295\u0251\u203fs.s\u0251\u0295.di]<br>[w\u0251.t\u02c1\u0251.n\u026a\u02d0\u203fl.ku.w\u00e6jt w\u0251.t\u02c1\u0251.n\u026a\u02d0\u203fl.ku.w\u00e6jt]<br>[w\u0251.t\u02c1\u0251.n\u026a\u02d0\u203fl.ku.w\u00e6j.t\u00e6 s\u00e6.l\u026am.t\u00e6 l\u026a\u203fl.m\u00e6d\u0361\u0292.di]<br><br><strong>I<\/strong><br>[j\u00e6\u02d0 m\u00e6h.d\u00e6 \u0294\u00e6\u02d0.b\u00e6\u02d0.\u0294\u026a\u203fl.\u0294u\u02d0.l\u00e6\u02d0 k\u00e6.t\u00e6.bu\u02d0]<br>[s\u026afr \u00e6l.x\u028a.lu\u02d0.di f\u00e6.n\u00e6\u02d0.d\u00e6t \u026a\u0283.\u0283u.hu.bu]<br>[\u0251\u026b.\u026b\u0251\u02d0.hu \u0294\u00e6k.b\u0251.ru \u0294\u026an.n\u00e6.h\u028am \u0295\u0251.r\u0251.bu]<br>[t\u02c1\u0251.l\u0251.\u0295\u0251t k\u00e6.w\u00e6\u02d0.ki.bu d\u0361\u0292\u00e6n.n\u00e6.t\u026a\u203fl.x\u028al.di]<br><br><strong>[d\u0361\u0292\u0251w.q\u0251]<\/strong><br><br><strong>II<\/strong><br>[bu\u02d0.r\u026ak.t\u00e6 j\u00e6\u02d0 w\u0251.t\u02c1\u0251.n\u026a\u02d0\u203fl.ku.w\u00e6j.t\u00e6 l\u00e6.n\u00e6\u02d0]<br>[s\u00e6.k\u00e6.n\u00e6n w\u0251 \u0295\u026a\u0283.t\u0251 \u0295\u0251.l\u026a\u02d0\u203fl.m\u00e6.d\u00e6 w\u0251.t\u02c1\u0251.n\u00e6n]<br>[j\u00e6f.di\u02d0.k\u00e6 \u0127\u028ar.r\u028an fi\u02d0 \u0127\u026a.m\u00e6\u02d0.k\u00e6 b\u00e6.n\u00e6\u02d0]<br>[s\u02c1\u0251r.h\u0251\u203fl.\u0127\u0251.j\u00e6.ti bi.\u0294\u00e6k.r\u0251.m\u026a\u203fl.\u0294\u00e6j.di\u02d0]<br><br><strong>[d\u0361\u0292\u0251w.q\u0251]<\/strong><br><br><strong>III<\/strong><br>[n\u0251\u0127.mi\u02d0.k\u00e6 j\u00e6\u02d0 w\u0251.t\u02c1\u0251.ni\u02d0 w\u00e6 \u0283\u00e6\u02d0.hi.du.n\u00e6\u02d0]<br>[\u0283\u0251r.\u0295\u028a\u203fl.h\u028a.d\u00e6 w\u00e6\u203fl.\u0127\u0251q.q\u028a r\u0251\u02d0.\u0294i.du.n\u00e6\u02d0]<br>[w\u00e6 \u0294\u00e6.mi\u02d0.r\u028a.n\u00e6\u02d0 l\u026a\u203fl.\u0295\u026az.z\u026a q\u0251\u02d0.\u0294i.du.n\u00e6\u02d0]<br>[r\u0251b.b\u028a\u203fl.\u0127\u0251.mi.j\u00e6.t\u026a s\u02c1\u0251\u02d0.d\u026a.q\u028a\u203fl.w\u0251\u0295.di]<br><br><strong>[d\u0361\u0292\u0251w.q\u0251]<\/strong><\/td><td>My homeland Kuwait, you have prospered to glory,<br>And on your forehead is an omen of fortune.<br><br><strong>Chorus:<\/strong><br>My homeland Kuwait, you have prospered to glory,<br>And on your forehead is an omen of fortune.<br>My homeland Kuwait, my homeland Kuwait,<br>My homeland Kuwait, you have prospered to glory.<br><br><strong>I<\/strong><br>Oh cradle of forefathers, they wrote<br><a href=\"https:\/\/en.wikipedia.org\/wiki\/Quran\">A book of eternity<\/a>, then the meteors called<br><a href=\"https:\/\/en.wikipedia.org\/wiki\/Takbir\">God is the greatest<\/a>, indeed Arabs<br>Ascended as the planets of paradise of perpetuity.<br><br><em><strong>Chorus<\/strong><\/em><br><br><strong>II<\/strong><br>Blessed be my homeland Kuwait, for us<br>It was peaceful, and you lived on the extent of the homeland<br>Kept free in your protection to build<br>A palace of life with the most generous arms.<br><br><em><strong>Chorus<\/strong><\/em><br><br><strong>III<\/strong><br>Let us protect, oh my homeland, and we witnessed<br>The revealing of the guidance and the truth, our pioneer,<br>And&nbsp;<a href=\"https:\/\/en.wikipedia.org\/wiki\/Emir_of_Kuwait\">our Amir<\/a>&nbsp;is the powerful, our leader,<br>The master of my protection, the truthful of the promise.<br><br><em><strong>Chorus<\/strong><\/em><\/td><\/tr><\/tbody><\/table><\/figure>\n","protected":false},"excerpt":{"rendered":"<p>Arabic original[2] MSA&nbsp;Romanization IPA&nbsp;transcription[a] Literal English translation \u0648\u064e\u0637\u064e\u0646\u0650\u064a \u0627\u0644\u0652\u0643\u064f\u0648\u064e\u064a\u0652\u062a\u064e \u0633\u064e\u0644\u0650\u0645\u0652\u062a\u064e \u0644\u0650\u0644\u0652\u0645\u064e\u062c\u0652\u062f\u0650\u0648\u064e\u0639\u064e\u0644\u0670\u0649 \u062c\u064e\u0628\u0650\u064a\u0652\u0646\u0650\u0643\u064e \u0637\u064e\u0627\u0644\u0650\u0639\u064f \u0627\u0644\u0633\u064e\u0651\u0639\u0652\u062f\u0650 \u062c\u0648\u0642\u0629:\u0648\u064e\u0637\u064e\u0646\u0650\u064a \u0627\u0644\u0652\u0643\u064f\u0648\u064e\u064a\u0652\u062a\u064e \u0633\u064e\u0644\u0650\u0645\u0652\u062a\u064e \u0644\u0650\u0644\u0652\u0645\u064e\u062c\u0652\u062f\u0650\u0648\u064e\u0639\u064e\u0644\u0670\u0649 \u062c\u064e\u0628\u0650\u064a\u0652\u0646\u0650\u0643\u064e \u0637\u064e\u0627\u0644\u0650\u0639\u064f \u0627\u0644\u0633\u064e\u0651\u0639\u0652\u062f\u0650\u0648\u064e\u0637\u064e\u0646\u0650\u064a \u0627\u0644\u0652\u0643\u064f\u0648\u064e\u064a\u0652\u062a\u064e \u0648\u064e\u0637\u064e\u0646\u0650\u064a \u0627\u0644\u0652\u0643\u064f\u0648\u064e\u064a\u0652\u062a\u064e\u0648\u064e\u0637\u064e\u0646\u0650\u064a \u0627\u0644\u0652\u0643\u064f\u0648\u064e\u064a\u0652\u062a\u064e \u0633\u064e\u0644\u0650\u0645\u0652\u062a\u064e \u0644\u0650\u0644\u0652\u0645\u064e\u062c\u0652\u062f\u0650 \u0661\u064a\u064e\u0627 \u0645\u064e\u0647\u0652\u062f\u064e \u0622\u0628\u064e\u0627\u0621\u0650 \u0627\u0644\u0652\u0623\u064f\u0648\u0652\u0644\u0670\u0649 \u0643\u064e\u062a\u064e\u0628\u064f\u0648\u0652\u0627\u0633\u0650\u0641\u0652\u0631\u064e \u0627\u0644\u0652\u062e\u064f\u0644\u064f\u0648\u0652\u062f\u0650 \u0641\u064e\u0646\u064e\u0627\u062f\u064e\u062a\u0650 \u0627\u0644\u0634\u064f\u0651\u0647\u064f\u0628\u064f\u0627\u064e\u0644\u0644\u0651\u0670\u0647\u064f \u0623\u064e\u0643\u0652\u0628\u064e\u0631\u064f \u0625\u0650\u0646\u064e\u0651\u0647\u064f\u0645\u0652 \u0639\u064e\u0631\u064e\u0628\u064f\u0637\u064e\u0644\u064e\u0639\u064e\u062a\u0652 \u0643\u064e\u0648\u064e\u0627\u0643\u0650\u0628\u064f \u062c\u064e\u0646\u064e\u0651\u0629\u0650 \u0627\u0644\u0652\u062e\u064f\u0644\u0652\u062f\u0650 \u062c\u0648\u0642\u0629 \u06f2\u0628\u064f\u0648\u0652\u0631\u0650\u0643\u0652\u062a\u064e \u064a\u064e\u0627 \u0648\u064e\u0637\u064e\u0646\u0650\u064a \u0627\u0644\u0652\u0643\u064f\u0648\u064e\u064a\u0652\u062a\u064e \u0644\u064e\u0646\u064e\u0627\u0633\u064e\u0643\u064e\u0646\u064b\u0627 \u0648\u064e\u0639\u0650\u0634\u0652\u062a\u064e \u0639\u064e\u0644\u0650\u0649 \u0627\u0644\u0652\u0645\u064e\u062f\u0670\u0649 \u0648\u064e\u0637\u064e\u0646\u064e\u0627\u064a\u064e\u0641\u0652\u062f\u0650\u064a\u0652\u0643\u064e \u062d\u064f\u0631\u064c\u0651 \u0641\u0650\u064a\u0652 \u062d\u0650\u0645\u064e\u0627\u0643\u064e \u0628\u064e\u0646\u0670\u0649\u0635\u064e\u0631\u0652\u062d\u064e&hellip;<\/p>\n","protected":false},"author":1,"featured_media":0,"parent":366,"menu_order":0,"comment_status":"closed","ping_status":"closed","template":"fullwidth.php","meta":{"footnotes":""},"class_list":["post-458","page","type-page","status-publish","hentry"],"_links":{"self":[{"href":"https:\/\/www.sadeora.com\/sky_dome\/the-future-planet\/wp-json\/wp\/v2\/pages\/458","targetHints":{"allow":["GET"]}}],"collection":[{"href":"https:\/\/www.sadeora.com\/sky_dome\/the-future-planet\/wp-json\/wp\/v2\/pages"}],"about":[{"href":"https:\/\/www.sadeora.com\/sky_dome\/the-future-planet\/wp-json\/wp\/v2\/types\/page"}],"author":[{"embeddable":true,"href":"https:\/\/www.sadeora.com\/sky_dome\/the-future-planet\/wp-json\/wp\/v2\/users\/1"}],"replies":[{"embeddable":true,"href":"https:\/\/www.sadeora.com\/sky_dome\/the-future-planet\/wp-json\/wp\/v2\/comments?post=458"}],"version-history":[{"count":0,"href":"https:\/\/www.sadeora.com\/sky_dome\/the-future-planet\/wp-json\/wp\/v2\/pages\/458\/revisions"}],"up":[{"embeddable":true,"href":"https:\/\/www.sadeora.com\/sky_dome\/the-future-planet\/wp-json\/wp\/v2\/pages\/366"}],"wp:attachment":[{"href":"https:\/\/www.sadeora.com\/sky_dome\/the-future-planet\/wp-json\/wp\/v2\/media?parent=458"}],"curies":[{"name":"wp","href":"https:\/\/api.w.org\/{rel}","templated":true}]}}