{"id":446,"date":"2019-05-06T20:01:09","date_gmt":"2019-05-07T01:01:09","guid":{"rendered":"https:\/\/www.sadeora.com\/sky_dome\/the-future-planet\/?page_id=446"},"modified":"2024-09-02T03:13:13","modified_gmt":"2024-09-02T08:13:13","slug":"mexico","status":"publish","type":"page","link":"https:\/\/www.sadeora.com\/sky_dome\/the-future-planet\/felicitation-centers\/mexico\/","title":{"rendered":"Mexico"},"content":{"rendered":"\n\n\n<p><\/p>\n\n\n\n<figure class=\"wp-block-audio\"><audio controls src=\"https:\/\/www.sadeora.com\/sky_dome\/the-future-planet\/wp-content\/uploads\/2024\/09\/Himno_Nacional_Mexicano_instrumental.ogg\"><\/audio><\/figure>\n\n\n\n<p><\/p>\n\n\n\n<figure class=\"wp-block-table\"><table class=\"has-fixed-layout\"><tbody><tr><th>Spanish original<sup><a href=\"https:\/\/en.wikipedia.org\/wiki\/Himno_Nacional_Mexicano#cite_note-8\">[8]<\/a><\/sup><\/th><th><a href=\"https:\/\/en.wikipedia.org\/wiki\/International_Phonetic_Alphabet\">IPA<\/a>&nbsp;transcription<sup><a href=\"https:\/\/en.wikipedia.org\/wiki\/Himno_Nacional_Mexicano#cite_note-9\">[a]<\/a><\/sup><\/th><th>English translation<\/th><\/tr><tr><td><strong>Coro:<\/strong><br>Mexicanos, al grito de guerra<br>el acero aprestad y el brid\u00f3n.<br>\ud834\udd06 Y retiemble en sus centros la Tierra,<br>al sonoro rugir del ca\u00f1\u00f3n. \ud834\udd07<br><br><strong>I<\/strong><br>Ci\u00f1a \u00a1Oh Patria! tus sienes de oliva<br>de la paz el arc\u00e1ngel divino,<br>que en el cielo tu eterno destino<br>por el dedo de Dios se escribi\u00f3.<br>Mas si osare un extra\u00f1o enemigo<br>profanar con su planta tu suelo,<br>piensa \u00a1oh Patria querida! que el cielo<br>\ud834\udd06 un soldado en cada hijo te dio. \ud834\udd07<br><br><em><strong>Coro<\/strong><\/em><br><br><strong>II<\/strong><br>\u00a1Guerra, guerra sin tregua al que intente<br>de la patria manchar los blasones!<br>\u00a1Guerra, guerra! los patrios pendones<br>en las olas de sangre empapad.<br>\u00a1Guerra, guerra! en el monte, en el valle,<br>los ca\u00f1ones horr\u00edsonos truenen,<br>y los ecos sonoros resuenen<br>\ud834\udd06 con las voces de \u00a1Uni\u00f3n! \u00a1Libertad!. \ud834\udd07<br><br><em><strong>Coro<\/strong><\/em><br><br><strong>III<\/strong><br>Antes, Patria, que inermes tus hijos<br>bajo el yugo su cuello dobleguen,<br>tus campi\u00f1as con sangre se rieguen,<br>sobre sangre se estampe su pie.<br>Y tus templos, palacios y torres<br>se derrumben con h\u00f3rrido estruendo,<br>y sus ruinas existan diciendo:<br>\ud834\udd06 de mil h\u00e9roes la patria aqu\u00ed fue. \ud834\udd07<br><br><em><strong>Coro<\/strong><\/em><br><br><strong>IV<\/strong><br>\u00a1Patria! \u00a1Patria! tus hijos te juran<br>Exhalar en tus aras su aliento,<br>Si el clar\u00edn con su b\u00e9lico acento<br>los convoca a lidiar con valor.<br>\u00a1Para ti las guirnaldas de oliva!<br>\u00a1Un recuerdo para ellos de gloria!<br>\u00a1Un laurel para ti de victoria!<br>\ud834\udd06 \u00a1Un sepulcro para ellos de honor! \ud834\udd07<br><br><em><strong>Coro<\/strong><\/em><\/td><td><strong>Chorus:<\/strong><br>[me.xi.\u02c8ka.nos al \u02c8g\u027ei.to\u203f\u00f0e\u203f\u02c8\u0263e.ra]<br>[el a.\u02c8se.\u027eo\u203fa.p\u027ees.\u02c8ta\u00f0 j\u203fel\u203f\u03b2\u027ei.\u02c8\u00f0on]<br>\ud834\udd06 [i re.\u02c8tjem.bl(e)\u203fen sus \u02c8sen.t\u027eoz\u203fla \u02c8tje.ra]<br>[al so.\u02c8no.\u027eo ru.\u02c8xi\u027e\u203f\u00f0el ka.\u02c8\u0272on] \ud834\udd07<br>&nbsp;<br><strong>I<\/strong><br>[\u02c8si.\u0272a\u203fo \u02c8pa.t\u027eja tus \u02c8sje.nez\u203f\u00f0e\u203fo.\u02c8li.\u03b2a]<br>[de la pas el a\u027e.\u02c8ka\u014b.xel di.\u02c8\u03b2i.no]<br>[k(e)\u203fen el \u02c8sje.lo tu\u203fe.\u02c8te\u027e.no\u203f\u00f0es.\u02c8ti.no]<br>[po\u027e el \u02c8de.\u00f0o\u203f\u00f0e\u203f\u00f0jos s(e)\u203fes.k\u027ei.\u02c8\u03b2jo]<br>[mas si\u203fo.\u02c8sa.\u027ee\u203fun eks.\u02c8t\u027ea.\u0272o\u203fe.ne.\u02c8mi.\u0263o]<br>[p\u027eo.fa.\u02c8na\u027e kon su \u02c8plan.ta tu \u02c8swe.lo]<br>[\u02c8pjen.sa\u203fo \u02c8pa.t\u027eja ke.\u02c8\u027ei.\u00f0a k(e)\u203fel \u02c8sje.lo]<br>\ud834\udd06 [un sol.\u02c8da.\u00f0o\u203fe\u014b\u203f\u02c8ka.\u00f0a \u02c8i.xo te\u203f\u00f0jo] \ud834\udd07<br><br><em><strong>Chorus<\/strong><\/em><br><br><strong>II<\/strong><br>[\u02c8ge.ra\u203f\u02c8\u0263e.ra sin \u02c8t\u027ee\u0263.w(a)\u203fal ke\u203fin.\u02c8ten.te]<br>[de la \u02c8pa.t\u027eja man.\u02c8t\u0361\u0283a\u027e loz\u203f\u03b2la.\u02c8so.nes]<br>[\u02c8ge.ra\u203f\u02c8\u0263e.ra los \u02c8pa.t\u027ejos pen.\u02c8do.nes]<br>[en las o.laz\u203f\u00f0e \u02c8sa\u014b.g\u027e(e)\u203fem.pa.\u02c8pa\u00f0]<br>[\u02c8ge.ra\u203f\u02c8\u0263e.ra\u203fen el \u02c8mon.t(e)\u203fen el\u203f\u03b2a.\u029de]<br>[los ka.\u02c8\u0272o.nes o.\u02c8ri.so.nos \u02c8t\u027ewe.nen]<br>[i los \u02c8e.kos so.\u02c8no.\u027eoz\u203fre.\u02c8swe.nen]<br>\ud834\udd06 [kon laz\u203f\u02c8\u03b2o.sez\u203f\u00f0e\u203fun.\u02c8jon li.\u03b2e\u027e.\u02c8ta\u00f0] \ud834\udd07<br><br><em><strong>Chorus<\/strong><\/em><br><br><strong>III<\/strong><br>[\u02c8an.tes \u02c8pa.t\u027eja ke\u203fin.\u02c8e\u027e.mes tus \u02c8i.xos]<br>[\u02c8ba.xo\u203fel \u02c8\u025f\u029du.\u0263o su \u02c8kwe.\u029do\u203f\u00f0o.\u02c8\u03b2le.\u0263en]<br>[tus kam.\u02c8pi.\u0272as kon \u02c8sa\u014b.g\u027ee se \u02c8rje.\u0263en]<br>[\u02c8so.\u03b2\u027ee \u02c8sa\u014b.g\u027ee s(e)\u203fes.\u02c8tam.pe su pje]<br>[i tus \u02c8tem.plos pa.\u02c8la.sjos i \u02c8to.res]<br>[se\u203f\u00f0e.\u02c8rum.ben kon \u02c8o.ri.\u00f0o(\u203f)es.\u02c8t\u027ewen.do]<br>[i suz\u203f\u02c8rwi.nas e\u0263.\u02c8sis.tan di.\u02c8sjen.do]<br>\ud834\udd06 [de mil \u02c8e.\u027eoez\u203fla \u02c8pa.t\u027ej(a)\u203fa.\u02c8ki fwe] \ud834\udd07<br><br><em><strong>Chorus<\/strong><\/em><br><br><strong>IV<\/strong><br>[\u02c8pa.t\u027eja \u02c8pa.t\u027eja tus \u02c8i.xos te \u02c8xu.\u027ean]<br>[ek.sa.\u02c8la\u027e en tus \u02c8a.\u027eas su\u203fa.\u02c8ljen.to]<br>[si\u203fel kla.\u02c8\u027ein kon su\u203f\u02c8\u03b2e.li.ko\u203fa.\u02c8sen.to]<br>[los kom.\u02c8bo.k(a)\u203fa li.\u02c8\u00f0ja\u027e kon ba.\u02c8lo\u027e]<br>[\u02c8pa.\u027ea ti laz\u203f\u0263i\u027e.\u02c8nal.daz\u203f\u00f0e\u203fo.\u02c8li.\u03b2a]<br>[un re.\u02c8kwe\u027e.\u00f0o \u02c8pa.\u027ea(\u203f)\u02c8e.\u029doz\u203f\u00f0e\u203f\u02c8\u0263lo.\u027eja]<br>[un lau.\u02c8\u027eel \u02c8pa.\u027ea ti\u203f\u00f0e\u203f\u03b2ik.\u02c8to.\u027eja]<br>\ud834\udd06 [un se.\u02c8pul.k\u027eo \u02c8pa.\u027ea \u02c8e.\u029doz\u203f\u00f0e\u203fo.\u02c8no\u027e] \ud834\udd07<br><br><em><strong>Chorus<\/strong><\/em><\/td><td><strong>Chorus:<\/strong><br>Mexicans, at the cry of war,<br>assemble the steel and the bridle,<br>\ud834\udd06 and may the Earth tremble to its core<br>to the resounding roar of the cannon. \ud834\udd07<br><br><strong>I<\/strong><br>Encircle Oh Fatherland!, your temples with olives<br>peace by the divine archangel,<br>for in heaven your eternal destiny<br>by the finger of God it was written.<br>If, however, a foreign enemy would dare<br>to profane Your ground with their sole,<br>think, Oh beloved Fatherland!, that Heaven<br>\ud834\udd06 has given a soldier in every son. \ud834\udd07<br><br><em><strong>Chorus<\/strong><\/em><br><br><strong>II<\/strong><br>War, war! with no mercy to any who shall try<br>to tarnish the coats of arms of the Fatherland!<br>War, war! The national banners<br>Shall be drenched in the waves of blood.<br>War, war! On the mountain, in the valley,<br>The cannons thunder in horrid unison<br>and the sonorous echoes resound<br>\ud834\udd06 with bellows of Union! Liberty! \ud834\udd07<br><br><em><strong>Chorus<\/strong><\/em><br><br><strong>III<\/strong><br>O, Fatherland, if however your children, defenseless<br>With their necks bent beneath the yoke,<br>May your fields be watered with blood,<br>May their footsteps be printed with blood.<br>And your temples, palaces and towers<br>Shall collapse with horrid clamor,<br>And your ruins continue on, whispering:<br>\ud834\udd06 Of one thousand heroes, the Fatherland once was. \ud834\udd07<br><br><em><strong>Chorus<\/strong><\/em><br><br><strong>IV<\/strong><br>Fatherland! Fatherland! Your children assure<br>to breathe until their last for your sake,<br>if the bugle with its bellicose accent<br>calls them together to battle with courage.<br>For you, the olive wreaths!<br>For them, a reminder of glory!<br>For you, a laurel of victory!<br>\ud834\udd06 For them, a tomb of honor! \ud834\udd07<br><br><em><strong>Chorus<\/strong><\/em><\/td><\/tr><\/tbody><\/table><\/figure>\n\n\n\n<h3 class=\"wp-block-heading\" id=\"Original_lyrics\">Original lyrics<\/h3>\n\n\n\n<p><\/p>\n\n\n\n<figure class=\"wp-block-table\"><table class=\"has-fixed-layout\"><tbody><tr><th>Spanish original<sup><a href=\"https:\/\/en.wikipedia.org\/wiki\/Himno_Nacional_Mexicano#cite_note-10\">[9]<\/a><\/sup><sup><a href=\"https:\/\/en.wikipedia.org\/wiki\/Himno_Nacional_Mexicano#cite_note-11\">[10]<\/a><\/sup><\/th><th>English translation<\/th><\/tr><tr><td><strong>Coro:<\/strong><br>Mexicanos, al grito de guerra<br>el acero aprestad y el brid\u00f3n.<br>\ud834\udd06 Y retiemble en sus centros la Tierra,<br>al sonoro rugir del ca\u00f1\u00f3n. \ud834\udd07<br><br><strong>I<\/strong><br>Ci\u00f1a \u00a1Oh Patria! tus sienes de oliva<br>de la paz el arc\u00e1ngel divino,<br>que en el cielo tu eterno destino<br>por el dedo de Dios se escribi\u00f3.<br>Mas si osare un extra\u00f1o enemigo<br>profanar con su planta tu suelo,<br>piensa \u00a1oh Patria querida! que el cielo<br>\ud834\udd06 un soldado en cada hijo te dio. \ud834\udd07<br><br><em><strong>Coro<\/strong><\/em><br><br><strong>II<\/strong><br>En sangrientos combates los viste<br>por tu amor palpitando sus senos,<br>arrostrar la metralla serenos,<br>y la muerte o la gloria buscar.<br>Si el recuerdo de antiguas haza\u00f1as<br>de tus hijos inflama la mente,<br>los laureles del triunfo, tu frente,<br>\ud834\udd06 volver\u00e1n inmortales a ornar. \ud834\udd07<br><br><em><strong>Coro<\/strong><\/em><br><br><strong>III<\/strong><br>Como al golpe del rayo la encina,<br>se derrumba hasta el hondo torrente<br>la discordia vencida, impotente,<br>a los pies del arc\u00e1ngel cay\u00f3.<br>Ya no m\u00e1s, de tus hijos la sangre,<br>se derrame en contienda de hermanos;<br>s\u00f3lo encuentre el acero en sus manos<br>\ud834\udd06 quien tu nombre sagrado insult\u00f3. \ud834\udd07<br><br><em><strong>Coro<\/strong><\/em><br><br><strong>IV<\/strong><br>Del guerrero inmortal de Zempoala<br>te defiende la espada terrible,<br>y sostiene su brazo invencible<br>tu sagrado pend\u00f3n tricolor.<br>\u00c9l ser\u00e1 del feliz mexicano<br>en la paz y en la guerra el caudillo.<br>porque \u00e9l supo sus armas de brillo<br>\ud834\udd06 circundar en los campos de honor. \ud834\udd07<br><br><em><strong>Coro<\/strong><\/em><br><br><strong>V<\/strong><br>\u00a1Guerra, guerra sin tregua al que intente<br>de la patria manchar los blasones!<br>\u00a1Guerra, guerra! los patrios pendones<br>en las olas de sangre empapad.<br>\u00a1Guerra, guerra! en el monte, en el valle,<br>los ca\u00f1ones horr\u00edsonos truenen,<br>y los ecos sonoros resuenen<br>\ud834\udd06 con las voces de \u00a1Uni\u00f3n! \u00a1Libertad!. \ud834\udd07<br><br><em><strong>Coro<\/strong><\/em><br><br><strong>VI<\/strong><br>Antes, Patria, que inermes tus hijos<br>bajo el yugo su cuello dobleguen,<br>tus campi\u00f1as con sangre se rieguen,<br>sobre sangre se estampe su pie.<br>Y tus templos, palacios y torres<br>se derrumben con h\u00f3rrido estruendo,<br>y sus ruinas existan diciendo:<br>\ud834\udd06 de mil h\u00e9roes la patria aqu\u00ed fue. \ud834\udd07<br><br><em><strong>Coro<\/strong><\/em><br><br><strong>VII<\/strong><br>Si a la lid contra hueste enemiga<br>nos convoca la trompa guerrera,<br>de Iturbide la sacra bandera<br>\u00a1Mexicanos! valientes seguid.<br>Y a los fieros<sup><a href=\"https:\/\/en.wikipedia.org\/wiki\/Himno_Nacional_Mexicano#cite_note-14\">[b]<\/a><\/sup>&nbsp;bridones les sirvan<br>las vencidas ense\u00f1as de alfombra;<br>los laureles del triunfo den sombra<br>\ud834\udd06 a la frente del bravo adalid. \ud834\udd07<br><br><em><strong>Coro<\/strong><\/em><br><br><strong>VIII<\/strong><br>Vuelva altivo a los patrios hogares<br>el guerrero a cantar su victoria,<br>ostentando las palmas de gloria<br>que supiera en la lid conquistar.<br>Tornar\u00e1nse sus lauros sangrientos<br>en guirnaldas de mirtos y rosas,<br>que el amor de las hijas y esposas<br>\ud834\udd06 tambi\u00e9n sabe a los bravos premiar. \ud834\udd07<br><br><em><strong>Coro<\/strong><\/em><br><br><strong>IX<\/strong><br>Y el que al golpe de ardiente metralla,<br>de la Patria en las aras sucumba,<br>obtendr\u00e1 en recompensa una tumba<br>donde brille, de gloria, la luz.<br>Y, de Iguala, la ense\u00f1a querida<br>a su espada sangrienta enlazada,<br>de laurel inmortal coronada,<br>\ud834\udd06 formar\u00e1 de su fosa la cruz. \ud834\udd07<sup><a href=\"https:\/\/en.wikipedia.org\/wiki\/Himno_Nacional_Mexicano#cite_note-17\">[c]<\/a><\/sup><br><br><em><strong>Coro<\/strong><\/em><br><br><strong>X<\/strong><br>\u00a1Patria! \u00a1Patria! tus hijos te juran<br>Exhalar en tus aras su aliento,<br>Si el clar\u00edn con su b\u00e9lico acento<br>los convoca a lidiar con valor.<br>\u00a1Para ti las guirnaldas de oliva!<br>\u00a1Un recuerdo para ellos de gloria!<br>\u00a1Un laurel para ti de victoria!<br>\ud834\udd06 \u00a1Un sepulcro para ellos de honor! \ud834\udd07<br><br><em><strong>Coro<\/strong><\/em><\/td><td><strong>Chorus:<\/strong><br>Mexicans, at the cry of war,<br>assemble the steel and the bridle,<br>\ud834\udd06 and the Earth trembles to its core<br>to the resounding roar of the cannon. \ud834\udd07<br><br><strong>I<\/strong><br>Encircle Oh Fatherland!, your temples with olives<br>the divine archangel of Peace,<br>for in heaven your eternal destiny<br>was written by the finger of God.<br>If, however, a foreign enemy would dare<br>to profane Your ground with their sole,<br>think, Oh beloved Fatherland!, that Heaven<br>\ud834\udd06 has given a soldier in every son. \ud834\udd07<br><br><em><strong>Chorus<\/strong><\/em><br><br><strong>II<\/strong><br>In bloody battles you saw them,<br>their chests palpitating for your love,<br>face the shrapnel calm,<br>and seek death or glory.<br>If the memory of ancient deeds<br>of your children inflames the mind,<br>the laurels of triumph, your forehead<br>\ud834\udd06 they will return immortal to adorn. \ud834\udd07<br><br><em><strong>Chorus<\/strong><\/em><br><br><strong>III<\/strong><br>Like the holm oak struck by lightning,<br>to the deep torrent collapses<br>discord, defeated, impotent,<br>it fell to the feet of the archangel.<br>No more, the blood of your children,<br>spills in fight of brothers;<br>just find the steel in his hands<br>\ud834\udd06 whoever insulted your sacred name. \ud834\udd07<br><br><em><strong>Chorus<\/strong><\/em><br><br><strong>IV<\/strong><br>Of the immortal warrior of&nbsp;<a href=\"https:\/\/en.wikipedia.org\/wiki\/Battle_of_Cempoala\">Zempoala<\/a><br>the terrible sword defends you,<br>and its invincible arm upholds<br>your sacred tricolour banner.<br>He will be, of the happy Mexican,<br>the caudillo in peace and in war.<br>because he knew how, his guns of brilliance,<br>\ud834\udd06 to surround in the fields of honour. \ud834\udd07<br><br><em><strong>Chorus<\/strong><\/em><br><br><strong>V<\/strong><br>War, war! with no mercy to any who shall try<br>to tarnish the coats of arms of the Fatherland!<br>War, war! The national banners<br>Shall be drenched in the waves of blood.<br>War, war! On the mountain, in the valley,<br>The cannons thunder in horrid unison<br>and the sonorous echoes resound<br>\ud834\udd06 with bellows of Union! Liberty! \ud834\udd07<br><br><em><strong>Chorus<\/strong><\/em><br><br><strong>VI<\/strong><br>O, Fatherland, if however your children, defenseless<br>With their necks bent beneath the yoke,<br>May your fields be watered with blood,<br>May their footsteps be printed with blood.<br>And your temples, palaces and towers<br>Shall collapse with horrid clamor,<br>And your ruins continue on, whispering:<br>\ud834\udd06 Of one thousand heroes, the Fatherland once was. \ud834\udd07<br><br><em><strong>Chorus<\/strong><\/em><br><br><strong>VII<\/strong><br>If to the fight against enemy host,<br>the war horn summons us,<br>the sacred flag of&nbsp;<a href=\"https:\/\/en.wikipedia.org\/wiki\/Agust%C3%ADn_de_Iturbide\">Iturbide<\/a>,<br>Mexicans, brave, keep going.<br>And to the fierce&nbsp;<a href=\"https:\/\/en.wikipedia.org\/wiki\/Double_bridle\">bridoons<\/a>, let serve them<br>the defeated ensigns as a carpet;<br>the laurels of triumph give shade<br>\ud834\udd06 to the forehead of the brave commander. \ud834\udd07<br><br><em><strong>Chorus<\/strong><\/em><br><br><strong>VIII<\/strong><br>To the patriotic homes returns proud<br>the warrior to sing his victory,<br>showing off the palms of glory<br>that he knew how to conquer in the fight.<br>Their bloody laurels will turn<br>into garlands of myrtles and roses,<br>since the love of daughters and wives<br>\ud834\udd06 also knows how to reward the brave. \ud834\udd07<br><br><em><strong>Chorus<\/strong><\/em><br><br><strong>IX<\/strong><br>And he who, to the blow of burning shrapnel,<br>succumbs in the altars of the fatherland,<br>will obtain in reward a tomb<br>where the light of glory shines.<br>And,&nbsp;<a href=\"https:\/\/en.wikipedia.org\/wiki\/Plan_of_Iguala#Three_Guarantees\">of Iguala, the dear ensign<\/a><br>linked to his bloody sword,<br>crowned with an immortal laurel,<br>\ud834\udd06 will form the cross from his grave. \ud834\udd07<br><br><em><strong>Chorus<\/strong><\/em><br><br><strong>X<\/strong><br>Fatherland! Fatherland! Your children assure<br>to breathe until their last for your sake,<br>if the bugle with its bellicose accent<br>calls them together to battle with courage.<br>For you, the olive wreaths!<br>For them, a reminder of glory!<br>For you, a laurel of victory!<br>\ud834\udd06 For them, a tomb of honor! \ud834\udd07<br><br><em><strong>Chorus<\/strong><\/em><\/td><\/tr><\/tbody><\/table><\/figure>\n\n\n\n<p><\/p>\n","protected":false},"excerpt":{"rendered":"<p>Spanish original[8] IPA&nbsp;transcription[a] English translation Coro:Mexicanos, al grito de guerrael acero aprestad y el brid\u00f3n.\ud834\udd06 Y retiemble en sus centros la Tierra,al sonoro rugir del ca\u00f1\u00f3n. \ud834\udd07 ICi\u00f1a \u00a1Oh Patria! tus sienes de olivade la paz el arc\u00e1ngel divino,que en el cielo tu eterno destinopor el dedo de Dios se escribi\u00f3.Mas si osare un extra\u00f1o&hellip;<\/p>\n","protected":false},"author":1,"featured_media":0,"parent":366,"menu_order":0,"comment_status":"closed","ping_status":"closed","template":"fullwidth.php","meta":{"footnotes":""},"class_list":["post-446","page","type-page","status-publish","hentry"],"_links":{"self":[{"href":"https:\/\/www.sadeora.com\/sky_dome\/the-future-planet\/wp-json\/wp\/v2\/pages\/446","targetHints":{"allow":["GET"]}}],"collection":[{"href":"https:\/\/www.sadeora.com\/sky_dome\/the-future-planet\/wp-json\/wp\/v2\/pages"}],"about":[{"href":"https:\/\/www.sadeora.com\/sky_dome\/the-future-planet\/wp-json\/wp\/v2\/types\/page"}],"author":[{"embeddable":true,"href":"https:\/\/www.sadeora.com\/sky_dome\/the-future-planet\/wp-json\/wp\/v2\/users\/1"}],"replies":[{"embeddable":true,"href":"https:\/\/www.sadeora.com\/sky_dome\/the-future-planet\/wp-json\/wp\/v2\/comments?post=446"}],"version-history":[{"count":0,"href":"https:\/\/www.sadeora.com\/sky_dome\/the-future-planet\/wp-json\/wp\/v2\/pages\/446\/revisions"}],"up":[{"embeddable":true,"href":"https:\/\/www.sadeora.com\/sky_dome\/the-future-planet\/wp-json\/wp\/v2\/pages\/366"}],"wp:attachment":[{"href":"https:\/\/www.sadeora.com\/sky_dome\/the-future-planet\/wp-json\/wp\/v2\/media?parent=446"}],"curies":[{"name":"wp","href":"https:\/\/api.w.org\/{rel}","templated":true}]}}