{"id":444,"date":"2019-05-06T20:00:40","date_gmt":"2019-05-07T01:00:40","guid":{"rendered":"https:\/\/www.sadeora.com\/sky_dome\/the-future-planet\/?page_id=444"},"modified":"2024-09-02T00:22:30","modified_gmt":"2024-09-02T05:22:30","slug":"libya","status":"publish","type":"page","link":"https:\/\/www.sadeora.com\/sky_dome\/the-future-planet\/felicitation-centers\/libya\/","title":{"rendered":"Libya"},"content":{"rendered":"\n\n\n<p><\/p>\n\n\n\n<figure class=\"wp-block-audio\"><audio controls src=\"https:\/\/www.sadeora.com\/sky_dome\/the-future-planet\/wp-content\/uploads\/2024\/09\/Libya_Libya_Libya_instrumental.ogg\"><\/audio><\/figure>\n\n\n\n<p><\/p>\n\n\n\n<h3 class=\"wp-block-heading\" id=\"Current_lyrics\">Current lyrics<\/h3>\n\n\n\n<figure class=\"wp-block-table\"><table class=\"has-fixed-layout\"><tbody><tr><th><a href=\"https:\/\/en.wikipedia.org\/wiki\/Arabic\">Arabic<\/a>&nbsp;original<sup><a href=\"https:\/\/en.wikipedia.org\/wiki\/Libya,_Libya,_Libya#cite_note-al-Maghribiyy-7\">[7]<\/a><\/sup><\/th><th><a href=\"https:\/\/en.wikipedia.org\/wiki\/Romanization_of_Arabic\">Transliteration<\/a><\/th><th><a href=\"https:\/\/en.wikipedia.org\/wiki\/International_Phonetic_Alphabet\">IPA<\/a>&nbsp;transcription<sup><a href=\"https:\/\/en.wikipedia.org\/wiki\/Libya,_Libya,_Libya#cite_note-IPA-8\">[a]<\/a><\/sup><\/th><th>English translation<\/th><\/tr><tr><td><strong>\u0643\u0648\u0631\u0627\u0644:<\/strong><br>\u064a\u0627 \u0628\u0644\u0627\u062f\u064a \u064a\u0627 \u0628\u0644\u0627\u062f\u064a<br>\u0628\u062c\u0647\u0627\u062f\u064a \u0648\u062c\u0644\u0627\u062f\u064a<br>\u0627\u062f\u0641\u0639\u064a \u0643\u064a\u062f \u0627\u0644\u0623\u0639\u0627\u062f\u064a \u0648\u0627\u0644\u0639\u0648\u0627\u062f\u064a<br>\u0648\u0627\u0633\u0644\u0645\u064a \u0627\u0633\u0644\u0645\u064a \u0627\u0633\u0644\u0645\u064a<br>\u0627\u0633\u0644\u0645\u064a \u0637\u0648\u0644 \u0627\u0644\u0645\u062f\u0649<br>\u0625\u0646\u0646\u0627 \u0646\u062d\u0646 \u0627\u0644\u0641\u062f\u0627\u0621<br>\u0644\u064a\u0628\u064a\u0627 \u0644\u064a\u0628\u064a\u0627 \u0644\u064a\u0628\u064a\u0627<br><br><strong>\u0661<\/strong><br>\u064a\u0627 \u0628\u0644\u0627\u062f\u064a \u0623\u0646\u062a \u0645\u064a\u0631\u0627\u062b \u0627\u0644\u062c\u062f\u0648\u062f<br>\u0644\u0627\u0631\u0639\u0649 \u0627\u0644\u0644\u0647 \u064a\u062f\u0627\u064b \u062a\u0645\u062a\u062f \u0644\u0643<br>\u0641\u0627\u0633\u0644\u0645\u064a \u0625\u0646\u0627 \u0639\u0644\u0649 \u0627\u0644\u062f\u0647\u0631 \u062c\u0646\u0648\u062f<br>\u0644\u0627 \u0646\u0628\u0627\u0644\u064a \u0625\u0646 \u0633\u0644\u0645\u062a \u0645\u0646 \u0647\u0644\u0643<br>\u0648\u062e\u0630\u064a \u0645\u0646\u0627 \u0648\u062b\u064a\u0642\u0627\u062a \u0627\u0644\u0639\u0647\u0648\u062f<br>\u0625\u0646\u0646\u0627 \u064a\u0627 \u0644\u064a\u0628\u064a\u0627 \u0644\u0646 \u0646\u062e\u0630\u0644\u0643<br>\u0644\u0646 \u0646\u0639\u0648\u062f \u0644\u0644\u0642\u064a\u0648\u062f<br>\u0642\u062f \u062a\u062d\u0631\u0631\u0646\u0627 \u0648\u062d\u0631\u0631\u0646\u0627 \u0627\u0644\u0648\u0637\u0646<br>\u0644\u064a\u0628\u064a\u0627 \u0644\u064a\u0628\u064a\u0627 \u0644\u064a\u0628\u064a\u0627<br><br><em><strong>\u0643\u0648\u0631\u0627\u0644<\/strong><\/em><br><br><strong>\u0662<\/strong><br>\u062c\u0631\u0651\u062f \u0627\u0644\u0623\u062c\u062f\u0627\u062f \u0639\u0632\u0645\u0627\u064b \u0645\u0631\u0647\u0641\u0627<br>\u064a\u0648\u0645 \u0646\u0627\u062f\u0627\u0647\u0645 \u0645\u0646\u0627\u062f\u064d \u0644\u0644\u0643\u0641\u0627\u062d<br>\u062b\u0645 \u0633\u0627\u0631\u0648\u0627 \u064a\u062d\u0645\u0644\u0648\u0646 \u0627\u0644\u0645\u0635\u062d\u0641\u0627<br>\u0628\u0627\u0644\u064a\u062f \u0627\u0644\u0623\u0648\u0644\u0649 \u0648\u0628\u0627\u0644\u0623\u062e\u0631\u0649 \u0627\u0644\u0633\u0644\u0627\u062d<br>\u0641\u0625\u0630\u0627 \u0641\u064a \u0627\u0644\u0643\u0648\u0646 \u062f\u064a\u0646 \u0648\u0635\u0641\u0627<br>\u0648\u0625\u0630\u0627 \u0627\u0644\u0639\u0627\u0644\u0645 \u062e\u064a\u0631 \u0648\u0635\u0644\u0627\u062d<br>\u0641\u0627\u0644\u062e\u0644\u0648\u062f \u2026 \u0644\u0644\u062c\u062f\u0648\u062f<br>\u0625\u0646\u0647\u0645 \u0642\u062f \u0634\u0631\u0641\u0648\u0627 \u0647\u0630\u0627 \u0627\u0644\u0648\u0637\u0646<br>\u0644\u064a\u0628\u064a\u0627 \u0644\u064a\u0628\u064a\u0627 \u0644\u064a\u0628\u064a\u0627<br><br><em><strong>\u0643\u0648\u0631\u0627\u0644<\/strong><\/em><br><br><strong>\u0663<\/strong><br>\u062d\u064a\u0651 \u0627\u0644\u0645\u062e\u062a\u0627\u0631 \u0623\u0645\u064a\u0631 \u0627\u0644\u0641\u0627\u062a\u062d\u064a\u0646<br>\u0625\u0646\u0647 \u0641\u064a \u0644\u064a\u0628\u064a\u0627 \u0631\u0645\u0632 \u0627\u0644\u062c\u0647\u0627\u062f<br>\u062d\u0645\u0644 \u0627\u0644\u0631\u0627\u064a\u0629 \u0641\u064a\u0646\u0627 \u0628\u0627\u0644\u064a\u0645\u064a\u0646<br>\u0648\u062a\u0628\u0639\u0646\u0627\u0647 \u0644\u062a\u062d\u0631\u064a\u0631 \u0627\u0644\u0628\u0644\u0627\u062f<br>\u0641\u0627\u0646\u062b\u0646\u0649 \u0628\u0627\u0644\u0645\u062c\u062f \u0648\u0627\u0644\u0641\u062a\u062d \u0627\u0644\u0645\u0628\u064a\u0646<br>\u0648\u0631\u0643\u0632\u0646\u0627 \u0641\u0648\u0642 \u0647\u0627\u0645\u0627\u062a \u0627\u0644\u0646\u062c\u0627\u062f<br>\u0631\u0627\u064a\u0629\u064b \u062d\u0631\u0651\u0629\u064b<br>\u0638\u0644\u0644\u062a \u0628\u0627\u0644\u0639\u0632 \u0623\u0631\u062c\u0627\u0621 \u0627\u0644\u0648\u0637\u0646<br>\u0644\u064a\u0628\u064a\u0627 \u0644\u064a\u0628\u064a\u0627 \u0644\u064a\u0628\u064a\u0627<br><br><em><strong>\u0643\u0648\u0631\u0627\u0644<\/strong><\/em><br><br><strong>\u0664<\/strong><br>\u064a\u0627 \u0627\u0628\u0646 \u0644\u064a\u0628\u064a\u0627 \u064a\u0627 \u0627\u0628\u0646 \u0622\u0633\u0627\u062f \u0627\u0644\u0634\u0631\u0649<br>\u0625\u0646\u0646\u0627 \u0644\u0644\u0645\u062c\u062f \u0648\u0627\u0644\u0645\u062c\u062f\u064f \u0644\u0646\u0627<br>\u0645\u0630 \u0633\u0631\u0648\u0646\u0627 \u062d\u0645\u062f \u0627\u0644\u0642\u0648\u0645 \u0627\u0644\u0633\u0631\u0649<br>\u0628\u0627\u0631\u0643 \u0627\u0644\u0644\u0647 \u0644\u0646\u0627 \u0627\u0633\u062a\u0642\u0644\u0627\u0644\u0646\u0627<sup><a href=\"https:\/\/en.wikipedia.org\/wiki\/Libya,_Libya,_Libya#cite_note-Salam-4\">[4]<\/a><\/sup><sup><a href=\"https:\/\/en.wikipedia.org\/wiki\/Libya,_Libya,_Libya#cite_note-JP-5\">[5]<\/a><\/sup><sup><a href=\"https:\/\/en.wikipedia.org\/wiki\/Libya,_Libya,_Libya#cite_note-Ayka-6\">[6]<\/a><\/sup><sup><a href=\"https:\/\/en.wikipedia.org\/wiki\/Libya,_Libya,_Libya#cite_note-Victory-11\">[b]<\/a><\/sup><br>\u0641\u0627\u0628\u062a\u063a\u0648\u0627 \u0627\u0644\u0639\u0644\u064a\u0627\u0621 \u0634\u0623\u0648\u0627\u064b \u0641\u064a \u0627\u0644\u0648\u0631\u0649<br>\u0648\u0627\u0633\u062a\u0639\u062f\u0648\u0627 \u0644\u0644\u0648\u063a\u0649 \u0623\u0634\u0628\u0627\u0644\u0646\u0627<br>\u0644\u0644\u063a\u0644\u0627\u0628 \u2026 \u064a\u0627 \u0634\u0628\u0627\u0628<br>\u0625\u0646\u0645\u0627 \u0627\u0644\u062f\u0646\u064a\u0627 \u0643\u0641\u0627\u062d \u0644\u0644\u0648\u0637\u0646<br>\u0644\u064a\u0628\u064a\u0627 \u0644\u064a\u0628\u064a\u0627 \u0644\u064a\u0628\u064a\u0627<\/td><td><strong>K\u016br\u0101l:<\/strong><br>Y\u0101 bil\u0101d\u012b y\u0101 bil\u0101d\u012b<br>Bi-jih\u0101d\u012b wa-jilad\u012b<br>Idfa&#8217;\u012b kaydal a&#8217;adi wa-l-&#8216;awadi<br>W\u0101slam\u012b islam\u012b islam\u012b<br>Islam\u012b \u1e6d\u016bla-l-mada<br>Innan\u0101 na\u1e25nu-l-fid\u0101<br>L\u012bbiy\u0101 L\u012bbiy\u0101 L\u012bbiy\u0101<br><br><strong>I<\/strong><br>Y\u0101 bil\u0101d\u012b anti M\u012br\u0101thu-l-jud\u016bd<br>La ra&#8217;Allahu yad\u0101n tamtaddu lak<br>F\u0101-slam\u012b inn\u0101 \u02bfaladdahri jun\u016bd<br>La nub\u0101l\u012b in salimti man halak<br>Wa-khud\u012b minn\u0101 wath\u012bq\u0101ti-l-\u02bfuh\u016bd<br>Innan\u0101 y\u0101 l\u012bbiy\u0101 lan nakhdilak<br>Lan na&#8217;ud li-l-quyud<br>Qadd ta\u1e25arrarn\u0101 wa-\u1e25arrarn\u0101-l-wa\u1e6dan<br>L\u012bbiy\u0101 L\u012bbiy\u0101 L\u012bbiy\u0101<br><br><em><strong>K\u016br\u0101l<\/strong><\/em><br><br><strong>II<\/strong><br>Jurrud al-\u02beajd\u0101du \u02bfazm\u0101n murhaf\u0101<br>Yawma n\u0101d\u0101hum mun\u0101di li-l-kif\u0101\u1e25<br>Thumma s\u0101r\u016b ya\u1e25mil\u016bna-l-mu\u1e63\u1e25af\u0101<br>B\u012blyadi-l-\u02be\u016bl\u0101 wa-b\u012b-l-\u02beukhr\u0101-s-sila\u1e25<br>Fa\u02bei\u00f0\u0101 f\u012b-l-kawni d\u012bnun wa-\u1e63af\u0101<br>Wa\u02bei\u00f0\u0101-l-\u02bf\u0101lamu khayrun wa-\u1e63ala\u1e25<br>F\u0101-l-khul\u016bd \u2026 li-l-jud\u016bd<br>Innahum qad sharraf\u016b ha\u00f0\u0101-l-wa\u1e6dan<br>L\u012bbiy\u0101 L\u012bbiy\u0101 L\u012bbiy\u0101<br><br><em><strong>K\u016br\u0101l<\/strong><\/em><br><br><strong>III<\/strong><br>\u1e24ayyi-l-mukhtar amir al-f\u0101ti\u1e25\u012bn<br>Innahu f\u012b L\u012bbiy\u0101 ramzu-l-jih\u0101d<br>\u1e24amala-l-r\u0101yata f\u012bn\u0101 b\u012b-l-yam\u012bn<br>Wataba\u02bfan\u0101hu lita\u1e25r\u012bri-l-bil\u0101d<br>F\u0101nthan\u0101 b\u012b-l-majdi wa-l-fat\u1e25i-l-mub\u012bn<br>Wa-rakazn\u0101 fawqa h\u0101m\u0101ti-l-nij\u0101d<br>R\u0101yatan \u1e25urratan<br>\u1e92allalat b\u012b-l-\u02bfazi arj\u0101 al-wa\u1e6dan<br>L\u012bbiy\u0101 L\u012bbiy\u0101 L\u012bbiy\u0101<br><br><em><strong>K\u016br\u0101l<\/strong><\/em><br><br><strong>IV<\/strong><br>Y\u0101 bna L\u012bbiy\u0101 y\u0101 bna \u0101s\u0101da-\u0161-\u0161ar\u0101<br>Innan\u0101 li-l-majdi wa-l-majdu lan\u0101<br>Mu\u00f0 sarawn\u0101 \u1e25amida-l-qawmu-s-sur\u0101<br>B\u0101raka-llahu lan\u0101 istaqlalan\u0101<sup><a href=\"https:\/\/en.wikipedia.org\/wiki\/Libya,_Libya,_Libya#cite_note-Salam-4\">[4]<\/a><\/sup><sup><a href=\"https:\/\/en.wikipedia.org\/wiki\/Libya,_Libya,_Libya#cite_note-JP-5\">[5]<\/a><\/sup><sup><a href=\"https:\/\/en.wikipedia.org\/wiki\/Libya,_Libya,_Libya#cite_note-Ayka-6\">[6]<\/a><\/sup><sup><a href=\"https:\/\/en.wikipedia.org\/wiki\/Libya,_Libya,_Libya#cite_note-Victory-11\">[b]<\/a><\/sup><br>F\u0101bta\u0121\u016b-l-aly\u0101 ash\u0101\u02bewan f\u012b-l-war\u0101<br>W\u0101sta\u02bfidd\u016b li-l-wa\u0121\u0101 ashb\u0101lan\u0101<br>Lil\u0121ilab &#8230; y\u0101 \u0161ab\u0101b<br>innam\u0101-d-duny\u0101 kif\u0101\u1e25u li-l-wa\u1e6dan<br>L\u012bbiy\u0101 L\u012bbiy\u0101 L\u012bbiy\u0101<\/td><td><strong>[ku\u02d0.r\u0251\u02d0l]<\/strong><br>[j\u00e6 bi.l\u00e6\u02d0.di\u02d0 j\u00e6 bi.l\u00e6\u02d0.di\u02d0]<br>[bi.\u0292i.h\u00e6\u02d0.di\u02d0 w\u00e6.\u0292i.l\u00e6.di\u02d0]<br>[\u026ad.f\u00e6.\u0295i k\u00e6jd \u00e6l.\u0251.\u0295\u00e6.di w\u00e6\u203fl.\u0295\u0251.w\u00e6.di]<br>[w\u00e6s.l\u00e6.mi\u02d0 \u026as.l\u00e6.mi\u02d0 \u026as.l\u00e6.mi\u02d0]<br>[\u026as.l\u00e6.mi\u02d0 tu\u02d0.l\u00e6\u203fl.m\u00e6.d\u00e6]<br>[\u026an.n\u00e6.n\u00e6\u02d0 n\u00e6\u0127.n\u028a\u203fl.fi.d\u00e6\u02d0]<br>[li\u02d0.bi.j\u00e6\u02d0 li\u02d0.bi.j\u00e6\u02d0 li\u02d0.bi.j\u00e6\u02d0]<br><br><strong>1<\/strong><br>[j\u00e6 bi.l\u00e6\u02d0.di\u02d0 \u00e6n.ti mi\u02d0.r\u0251\u02d0.\u03b8\u028a\u203fl.\u0292u.du\u02d0d]<br>[l\u00e6 r\u0251.\u0295\u0251\u026b.\u026b\u0251.hu j\u00e6.d\u00e6\u02d0n t\u00e6m.t\u00e6d.d\u028a l\u00e6k]<br>[f\u00e6\u02d0s.l\u00e6.mi\u02d0 \u026an.n\u00e6 \u0295\u0251.l\u00e6d.d\u00e6h.ri \u0292u.nu\u02d0d]<br>[l\u00e6 nu.b\u00e6\u02d0.li\u02d0 \u026an s\u00e6.l\u026am.ti m\u00e6n h\u00e6.l\u00e6k]<br>[w\u0251.\u03c7u.di\u02d0 min.n\u00e6\u02d0 w\u00e6.\u03b8i\u02d0.q\u0251\u02d0.t\u026a\u203fl.\u0295\u028a.hu\u02d0d]<br>[\u026an.n\u00e6.n\u00e6\u02d0 j\u00e6 li\u02d0.bi.j\u00e6\u02d0 l\u00e6n n\u00e6\u03c7.di.l\u00e6k]<br>[l\u00e6n n\u0251.\u0295\u028ad l\u026al.q\u028a.jud]<br>[q\u0251d\u02d0 t\u00e6.\u0127\u0251r.r\u0251r.n\u00e6\u02d0 w\u00e6.\u0127\u0251r.r\u0251r.n\u00e6\u02d0\u203fl.w\u0251.t\u02e4\u0251n]<br>[li\u02d0.bi.j\u00e6\u02d0 li\u02d0.bi.j\u00e6\u02d0 li\u02d0.bi.j\u00e6\u02d0]<br><br><strong>[ku\u02d0.r\u0251\u02d0l]<\/strong><br><br><strong>2<\/strong><br>[\u0292\u028ar.r\u028ad \u00e6l.\u0294\u00e6\u0292.d\u00e6\u02d0.d\u028a \u0295\u0251z.m\u00e6\u02d0n mur.h\u00e6.f\u00e6\u02d0]<br>[y\u00e6w.m\u00e6 n\u00e6\u02d0.d\u00e6\u02d0.hum mu.n\u00e6\u02d0.d\u026a l\u026al.ki.f\u00e6\u02d0\u0127]<br>[\u03b8\u028am.m\u00e6 s\u0251\u02d0.r\u028a\u02d0 y\u0251\u0127.m\u026a.lu\u02d0.n\u00e6\u203fl.m\u028as\u02e4.\u0127\u0251.f\u00e6\u02d0]<br>[b\u026a\u02d0l.j\u00e6.d\u026a\u203fl.\u0294u.l\u00e6\u02d0 w\u00e6.b\u026a\u02d0\u203fl.\u028a\u03c7.r\u0251\u203fs.si.l\u00e6\u0127]<br>[f\u00e6.\u0294i.\u00f0\u00e6\u02d0 f\u026a\u02d0\u203fl.k\u00e6w.ni di\u02d0.n\u028an w\u0251.s\u02e4\u0251.f\u00e6\u02d0]<br>[w\u00e6.\u0294i.\u00f0\u00e6\u02d0\u203fl.\u0295\u0251\u02d0.l\u00e6.m\u028a \u03c7\u0251j.r\u028an w\u0251.s\u02e4\u0251.l\u00e6\u0127]<br>[f\u00e6\u02d0l.\u03c7\u028a.l\u028a\u02d0d l\u026al.\u0292\u028a.d\u028a\u02d0d]<br>[\u026an.n\u00e6.hum q\u0251d \u0283\u0251r.r\u0251.fu\u02d0 h\u00e6.\u00f0\u00e6\u02d0\u203fl.w\u0251.t\u02e4\u0251n]<br>[li\u02d0.bi.j\u00e6\u02d0 li\u02d0.bi.j\u00e6\u02d0 li\u02d0.bi.j\u00e6\u02d0]<br><br><strong>[ku\u02d0.r\u0251\u02d0l]<\/strong><br><br><strong>3<\/strong><br>[h\u00e6j.j\u026a\u203fl.m\u028a\u03c7.t\u0251r \u00e6.mir \u00e6l.f\u00e6\u02d0.t\u026a.\u0127i\u02d0n]<br>[\u026an.n\u00e6.hu fi\u02d0 li\u02d0.bi.j\u00e6\u02d0 r\u0251m.z\u028a\u203fl.\u0292i.h\u00e6\u02d0d]<br>[\u0127\u0251.m\u00e6.l\u00e6\u203fl.r\u0251\u02d0.j\u00e6.t\u00e6 fi\u02d0.n\u00e6\u02d0 bi\u02d0l.j\u00e6.mi\u02d0n]<br>[w\u00e6.t\u00e6.b\u00e6\u0295(\u0251).n\u00e6\u02d0.hu l\u026a.t\u0251\u0127.ri\u02d0.r\u026a\u203fl.bi.l\u00e6\u02d0d]<br>[f\u00e6\u02d0n.\u03b8\u00e6.n\u00e6\u02d0 b\u026a\u02d0l.m\u00e6\u0292.di w\u00e6l.f\u00e6t.\u0127\u026a\u203fl.m\u028a.bi\u02d0n]<br>[w\u00e6.r\u0251.k\u00e6z.n\u00e6\u02d0 f\u0251w.q\u0251 h\u00e6\u02d0.m\u00e6\u02d0.t\u026a\u203fl.ni.\u0292\u00e6\u02d0d]<br>[r\u0251\u02d0.j\u00e6.t\u00e6n h\u028ar.r\u0251.t\u00e6n]<br>[\u00f0\u02e4\u0251\u026b.\u026b\u0251.l\u00e6t b\u026a\u02d0l.\u0295\u00e6.z\u026a \u0251r.\u0292\u00e6\u02d0 \u00e6l.w\u0251.t\u02e4\u0251n]<br>[li\u02d0.bi.j\u00e6\u02d0 li\u02d0.bi.j\u00e6\u02d0 li\u02d0.bi.j\u00e6\u02d0]<br><br><strong>[ku\u02d0.r\u0251\u02d0l]<\/strong><br><br><strong>4<\/strong><br>[j\u00e6\u02d0\u203fb.n\u00e6 li\u02d0.b(\u026a).j\u00e6\u02d0 j\u00e6\u02d0\u203fb.n\u00e6 \u00e6\u02d0.s\u00e6\u02d0.d\u00e6\u203f\u0283.\u0283\u0251.r\u0251\u02d0]<br>[\u026an.n\u00e6.n\u00e6\u02d0 l\u026al.m\u00e6\u0292.di w\u00e6l.m\u00e6\u0292.du l\u00e6.n\u00e6\u02d0]<br>[m\u028a\u00f0 s\u0251.r\u0251w.n\u00e6\u02d0 \u0127\u00e6.mi.d\u00e6\u203fl.q\u0251w.mu\u203fs.su.r\u0251\u02d0]<br>[b\u0251\u02d0.r\u0251.k\u0251\u203f\u026b.\u026b\u0251.h\u028a l\u00e6.n\u00e6\u02d0\u203f\u026as.t\u026aq.l\u00e6.l\u00e6.n\u00e6\u02d0]<sup><a href=\"https:\/\/en.wikipedia.org\/wiki\/Libya,_Libya,_Libya#cite_note-Salam-4\">[4]<\/a><\/sup><sup><a href=\"https:\/\/en.wikipedia.org\/wiki\/Libya,_Libya,_Libya#cite_note-JP-5\">[5]<\/a><\/sup><sup><a href=\"https:\/\/en.wikipedia.org\/wiki\/Libya,_Libya,_Libya#cite_note-Ayka-6\">[6]<\/a><\/sup><sup><a href=\"https:\/\/en.wikipedia.org\/wiki\/Libya,_Libya,_Libya#cite_note-Victory-11\">[b]<\/a><\/sup><br>[f\u00e6\u02d0b.t\u00e6.\u0281\u028a\u02d0\u203fl.\u0295\u0251l.j\u00e6\u02d0 \u00e6.\u0283\u00e6\u02d0\u0294.w\u0251n f\u026a\u02d0\u203fl.w\u0251.r\u0251\u02d0]<br>[w\u00e6\u02d0s.t\u00e6.\u0295\u026ad.d\u028a\u02d0 l\u026al.w\u0251.\u0281\u0251\u02d0 \u00e6\u0283.b\u00e6\u02d0.l\u00e6.n\u00e6\u02d0]<br>[l\u026al.\u0281\u026a.l\u00e6b j\u00e6\u02d0 \u0283\u00e6.b\u00e6\u02d0b]<br>[\u026an.n\u00e6.m\u00e6\u02d0\u203fd.d\u028an.j\u00e6\u02d0 ki.f\u00e6\u02d0.\u0127\u028a l\u026al.w\u0251.t\u02e4\u0251n]<br>[li\u02d0.bi.j\u00e6\u02d0 li\u02d0.bi.j\u00e6\u02d0 li\u02d0.bi.j\u00e6\u02d0]<\/td><td><strong>Chorus:<\/strong><br>O my country, o my country,<br>With my struggle and gladiatorial patience,<br>Drive off all enemies plots and mishaps<br>Be saved, be saved, be saved<br>Be saved all the way<br>We are your sacrifices<br>Libya, Libya, Libya!<br><br><strong>I<\/strong><br>O my country, You&#8217;re the heritage of my ancestors<br>May Allah not bless any hand that tries to harm you<br>Be saved, we are for ever your soldiers<br>No matter the death toll if you&#8217;ve been saved<br>Take from us the most credential oaths,<br>We won&#8217;t let you down, Libya<br>We will never be enchained again<br>We are free and have freed our homeland<br>Libya, Libya, Libya!<br><br><em><strong>Chorus<\/strong><\/em><br><br><strong>II<\/strong><br>Our grandfathers stripped a fine determination<br>When the call for struggle was made<br>They marched carrying Qur&#8217;an in one hand,<br>and their weapons by the other hand<br>The universe is then full of faith and purity<br>The world is then a place of goodness and godliness<br>Eternity is for our grandfathers<br>They have honoured this homeland<br>Libya, Libya, Libya!<br><br><em><strong>Chorus<\/strong><\/em><br><br><strong>III<\/strong><br>Hail Al Mukhtar, the prince of conquerors<br>He is the symbol of struggle and Jihad<br>He raises our flag high<br>And we follow him, freeing our homeland,<br>He was praised with glory and conquest manifest<br>And raises hope for Libya in heaven,<br>A free flag<br>Over a rich country,<br>Libya, Libya, Libya.<br><br><em><strong>Chorus<\/strong><\/em><br><br><strong>IV<\/strong><br>O son of Libya, O son of lions of the wild<br>We&#8217;re for honour and the honours are for us<br>Since we began struggling, people all over praised<br>May Allah bless our Independence<sup><a href=\"https:\/\/en.wikipedia.org\/wiki\/Libya,_Libya,_Libya#cite_note-Salam-4\">[4]<\/a><\/sup><sup><a href=\"https:\/\/en.wikipedia.org\/wiki\/Libya,_Libya,_Libya#cite_note-JP-5\">[5]<\/a><\/sup><sup><a href=\"https:\/\/en.wikipedia.org\/wiki\/Libya,_Libya,_Libya#cite_note-Ayka-6\">[6]<\/a><\/sup><sup><a href=\"https:\/\/en.wikipedia.org\/wiki\/Libya,_Libya,_Libya#cite_note-Victory-11\">[b]<\/a><\/sup><br>So seek height as a quality in mankind<br>Our cubs, be prepared for the foreseen battles<br>Our youths, to prevail<br>Life is only a struggle for our homeland<br>Libya, Libya, Libya!<\/td><\/tr><\/tbody><\/table><\/figure>\n\n\n\n<h3 class=\"wp-block-heading\" id=\"Original_third_verse_(1951\u20131969)\">Original third verse (1951\u20131969)<\/h3>\n\n\n\n<p><\/p>\n\n\n\n<figure class=\"wp-block-table\"><table class=\"has-fixed-layout\"><tbody><tr><th><a href=\"https:\/\/en.wikipedia.org\/wiki\/Arabic\">Arabic<\/a>&nbsp;original<sup><a href=\"https:\/\/en.wikipedia.org\/wiki\/Libya,_Libya,_Libya#cite_note-Salam-4\">[4]<\/a><\/sup><sup><a href=\"https:\/\/en.wikipedia.org\/wiki\/Libya,_Libya,_Libya#cite_note-12\">[10]<\/a><\/sup><sup><a href=\"https:\/\/en.wikipedia.org\/wiki\/Libya,_Libya,_Libya#cite_note-13\">[11]<\/a><\/sup><\/th><th><a href=\"https:\/\/en.wikipedia.org\/wiki\/Romanization_of_Arabic\">Transliteration<\/a><\/th><th><a href=\"https:\/\/en.wikipedia.org\/wiki\/International_Phonetic_Alphabet\">IPA<\/a>&nbsp;transcription<sup><a href=\"https:\/\/en.wikipedia.org\/wiki\/Libya,_Libya,_Libya#cite_note-IPA-8\">[a]<\/a><\/sup><\/th><th>English translation<\/th><\/tr><tr><td><strong>\u0663<\/strong><br>\u062d\u064a\u0651 \u0625\u062f\u0631\u064a\u0633 \u0633\u0644\u064a\u0644 \u0627\u0644\u0641\u0627\u062a\u062d\u064a\u0646<br>\u0625\u0646\u0647 \u0641\u064a \u0644\u064a\u0628\u064a\u0627 \u0631\u0645\u0632 \u0627\u0644\u062c\u0647\u0627\u062f<br>\u062d\u0645\u0644 \u0627\u0644\u0631\u0627\u064a\u0629 \u0641\u064a\u0646\u0627 \u0628\u0627\u0644\u064a\u0645\u064a\u0646<br>\u0648\u062a\u0628\u0639\u0646\u0627\u0647 \u0644\u062a\u062d\u0631\u064a\u0631 \u0627\u0644\u0628\u0644\u0627\u062f<br>\u0641\u0627\u0646\u062b\u0646\u0649 \u0628\u0627\u0644\u0645\u0644\u0643 \u0648\u0627\u0644\u0641\u062a\u062d \u0627\u0644\u0645\u0628\u064a\u0646<br>\u0648\u0631\u0643\u0632\u0646\u0627 \u0641\u0648\u0642 \u0647\u0627\u0645\u0627\u062a \u0627\u0644\u0646\u062c\u0627\u062f<br>\u0631\u0627\u064a\u0629\u064b \u062d\u0631\u0651\u0629\u064b<br>\u0638\u0644\u0644\u062a \u0628\u0627\u0644\u0639\u0632 \u0623\u0631\u062c\u0627\u0621 \u0627\u0644\u0648\u0637\u0646<br>\u0644\u064a\u0628\u064a\u0627 \u0644\u064a\u0628\u064a\u0627 \u0644\u064a\u0628\u064a\u0627<\/td><td><strong>III<\/strong><br>\u1e24ayyi \u02beidr\u012bsa salilu-l-f\u0101ti\u1e25\u012bn<br>Innahu f\u012b L\u012bbiy\u0101 ramzu-l-jih\u0101d<br>\u1e24amala-l-r\u0101yata f\u012bn\u0101 b\u012b-l-yam\u012bn<br>Wataba&#8217;an\u0101hu lita\u1e25r\u012bri-l-bil\u0101d<br>F\u0101nthan\u0101 b\u012b-l-mulki wa-l-fat\u1e25i-l-mub\u012bn<br>Warakazn\u0101 fawqa h\u0101m\u0101ti-l-nij\u0101d<br>R\u0101yatan \u1e25urratan<br>\u1e92allalat b\u012b-l-&#8216;azi arj\u0101 al-wa\u1e6dan<br>L\u012bbiy\u0101 L\u012bbiy\u0101 L\u012bbiy\u0101<\/td><td><strong>3<\/strong><br>[h\u00e6j.j\u026a \u0294\u026ad.r\u026a\u02d0.s\u00e6 s\u00e6.l\u026a.l\u00e6\u203fl.f\u00e6\u02d0.t\u026a.\u0127i\u02d0n]<br>[\u026an.n\u00e6.hu fi\u02d0 li\u02d0.bi.j\u00e6\u02d0 r\u0251m.z\u028a\u203fl.\u0292i.h\u00e6\u02d0d]<br>[\u0127\u0251.m\u00e6.l\u00e6\u203fl.r\u0251\u02d0.j\u00e6.t\u00e6 fi\u02d0.n\u00e6\u02d0 bi\u02d0l.j\u00e6.mi\u02d0n]<br>[w\u00e6.t\u00e6.b\u00e6\u0295(\u0251).n\u00e6\u02d0.hu l\u026a.t\u0251\u0127.ri\u02d0.r\u026a\u203fl.bi.l\u00e6\u02d0d]<br>[f\u00e6\u02d0n.\u03b8\u00e6.n\u00e6\u02d0 b\u026a\u02d0l.m\u028al.ki w\u00e6l.f\u00e6t.\u0127\u026a\u203fl.m\u028a.bi\u02d0n]<br>[w\u00e6.r\u0251.k\u00e6z.n\u00e6\u02d0 f\u0251w.q\u0251 h\u00e6\u02d0.m\u00e6\u02d0.t\u026a\u203fl.ni.\u0292\u00e6\u02d0d]<br>[r\u0251\u02d0.j\u00e6.t\u00e6n h\u028ar.r\u0251.t\u00e6n]<br>[\u00f0\u02e4\u0251\u026b.\u026b\u0251.l\u00e6t b\u026a\u02d0l.\u0295\u00e6.z\u026a \u0251r.\u0292\u00e6\u02d0 \u00e6l.w\u0251.t\u02e4\u0251n]<br>[li\u02d0.bi.j\u00e6\u02d0 li\u02d0.bi.j\u00e6\u02d0 li\u02d0.bi.j\u00e6\u02d0]<\/td><td><strong>III<\/strong><br>Hail Idris, the descendant of conquerors<br>He is the symbol of struggle and Jihad<br>He raises our flag high<br>And we follow him, freeing our homeland,<br>He allows praise of his ancestors<br>And raises hope for Libya in heaven,<br>A free flag<br>Over a rich country,<br>Libya, Libya, Libya.<\/td><\/tr><\/tbody><\/table><\/figure>\n","protected":false},"excerpt":{"rendered":"<p>Current lyrics Arabic&nbsp;original[7] Transliteration IPA&nbsp;transcription[a] English translation \u0643\u0648\u0631\u0627\u0644:\u064a\u0627 \u0628\u0644\u0627\u062f\u064a \u064a\u0627 \u0628\u0644\u0627\u062f\u064a\u0628\u062c\u0647\u0627\u062f\u064a \u0648\u062c\u0644\u0627\u062f\u064a\u0627\u062f\u0641\u0639\u064a \u0643\u064a\u062f \u0627\u0644\u0623\u0639\u0627\u062f\u064a \u0648\u0627\u0644\u0639\u0648\u0627\u062f\u064a\u0648\u0627\u0633\u0644\u0645\u064a \u0627\u0633\u0644\u0645\u064a \u0627\u0633\u0644\u0645\u064a\u0627\u0633\u0644\u0645\u064a \u0637\u0648\u0644 \u0627\u0644\u0645\u062f\u0649\u0625\u0646\u0646\u0627 \u0646\u062d\u0646 \u0627\u0644\u0641\u062f\u0627\u0621\u0644\u064a\u0628\u064a\u0627 \u0644\u064a\u0628\u064a\u0627 \u0644\u064a\u0628\u064a\u0627 \u0661\u064a\u0627 \u0628\u0644\u0627\u062f\u064a \u0623\u0646\u062a \u0645\u064a\u0631\u0627\u062b \u0627\u0644\u062c\u062f\u0648\u062f\u0644\u0627\u0631\u0639\u0649 \u0627\u0644\u0644\u0647 \u064a\u062f\u0627\u064b \u062a\u0645\u062a\u062f \u0644\u0643\u0641\u0627\u0633\u0644\u0645\u064a \u0625\u0646\u0627 \u0639\u0644\u0649 \u0627\u0644\u062f\u0647\u0631 \u062c\u0646\u0648\u062f\u0644\u0627 \u0646\u0628\u0627\u0644\u064a \u0625\u0646 \u0633\u0644\u0645\u062a \u0645\u0646 \u0647\u0644\u0643\u0648\u062e\u0630\u064a \u0645\u0646\u0627 \u0648\u062b\u064a\u0642\u0627\u062a \u0627\u0644\u0639\u0647\u0648\u062f\u0625\u0646\u0646\u0627 \u064a\u0627 \u0644\u064a\u0628\u064a\u0627 \u0644\u0646 \u0646\u062e\u0630\u0644\u0643\u0644\u0646 \u0646\u0639\u0648\u062f \u0644\u0644\u0642\u064a\u0648\u062f\u0642\u062f \u062a\u062d\u0631\u0631\u0646\u0627 \u0648\u062d\u0631\u0631\u0646\u0627 \u0627\u0644\u0648\u0637\u0646\u0644\u064a\u0628\u064a\u0627 \u0644\u064a\u0628\u064a\u0627 \u0644\u064a\u0628\u064a\u0627&hellip;<\/p>\n","protected":false},"author":1,"featured_media":0,"parent":366,"menu_order":0,"comment_status":"closed","ping_status":"closed","template":"fullwidth.php","meta":{"footnotes":""},"class_list":["post-444","page","type-page","status-publish","hentry"],"_links":{"self":[{"href":"https:\/\/www.sadeora.com\/sky_dome\/the-future-planet\/wp-json\/wp\/v2\/pages\/444","targetHints":{"allow":["GET"]}}],"collection":[{"href":"https:\/\/www.sadeora.com\/sky_dome\/the-future-planet\/wp-json\/wp\/v2\/pages"}],"about":[{"href":"https:\/\/www.sadeora.com\/sky_dome\/the-future-planet\/wp-json\/wp\/v2\/types\/page"}],"author":[{"embeddable":true,"href":"https:\/\/www.sadeora.com\/sky_dome\/the-future-planet\/wp-json\/wp\/v2\/users\/1"}],"replies":[{"embeddable":true,"href":"https:\/\/www.sadeora.com\/sky_dome\/the-future-planet\/wp-json\/wp\/v2\/comments?post=444"}],"version-history":[{"count":0,"href":"https:\/\/www.sadeora.com\/sky_dome\/the-future-planet\/wp-json\/wp\/v2\/pages\/444\/revisions"}],"up":[{"embeddable":true,"href":"https:\/\/www.sadeora.com\/sky_dome\/the-future-planet\/wp-json\/wp\/v2\/pages\/366"}],"wp:attachment":[{"href":"https:\/\/www.sadeora.com\/sky_dome\/the-future-planet\/wp-json\/wp\/v2\/media?parent=444"}],"curies":[{"name":"wp","href":"https:\/\/api.w.org\/{rel}","templated":true}]}}