{"id":440,"date":"2019-05-06T19:58:44","date_gmt":"2019-05-07T00:58:44","guid":{"rendered":"https:\/\/www.sadeora.com\/sky_dome\/the-future-planet\/?page_id=440"},"modified":"2024-08-29T05:00:25","modified_gmt":"2024-08-29T10:00:25","slug":"egypt","status":"publish","type":"page","link":"https:\/\/www.sadeora.com\/sky_dome\/the-future-planet\/felicitation-centers\/egypt\/","title":{"rendered":"Egypt"},"content":{"rendered":"\n\n\n<figure class=\"wp-block-audio\"><audio controls src=\"https:\/\/www.sadeora.com\/sky_dome\/the-future-planet\/wp-content\/uploads\/2024\/08\/Bilady_Bilady_Bilady.ogg\"><\/audio><\/figure>\n\n\n\n<p><\/p>\n\n\n\n<p><\/p>\n\n\n\n<figure class=\"wp-block-table\"><table class=\"has-fixed-layout\"><tbody><tr><th><a href=\"https:\/\/en.wikipedia.org\/wiki\/Arabic\">Arabic<\/a>&nbsp;original<sup><a href=\"https:\/\/en.wikipedia.org\/wiki\/Bilady,_Bilady,_Bilady#cite_note-sis-5\">[5]<\/a><\/sup><\/th><th><a href=\"https:\/\/en.wikipedia.org\/wiki\/Romanization_of_Arabic\">Romanization<\/a><\/th><th><a href=\"https:\/\/en.wikipedia.org\/wiki\/International_Phonetic_Alphabet\">IPA<\/a>&nbsp;transcription<sup><a href=\"https:\/\/en.wikipedia.org\/wiki\/Bilady,_Bilady,_Bilady#cite_note-6\">[a]<\/a><\/sup><\/th><th>English translation<sup><a href=\"https:\/\/en.wikipedia.org\/wiki\/Bilady,_Bilady,_Bilady#cite_note-enlyrics-7\">[6]<\/a><\/sup><\/th><\/tr><tr><td><strong>\u0643\u0648\u0631\u0627\u0644:<\/strong><br>\ud834\udd07 \u0628\u0644\u0627\u062f\u064a \u0628\u0644\u0627\u062f\u064a \u0628\u0644\u0627\u062f\u064a<br>\u0644\u0643 \u062d\u0628\u064a \u0648\u0641\u0624\u0627\u062f\u064a \ud834\udd06<br><br><strong>\u0661<\/strong><br>\u0645\u0635\u0631 \u064a\u0627 \u0623\u0645 \u0627\u0644\u0628\u0644\u0627\u062f<br>\u0623\u0646\u062a \u063a\u0627\u064a\u062a\u064a \u0648\u0627\u0644\u0645\u0631\u0627\u062f<br>\u0648\u0639\u0644\u0649 \u0643\u0644 \u0627\u0644\u0639\u0628\u0627\u062f<br>\u0643\u0645 \u0644\u0646\u064a\u0644\u0643 \u0645\u0646 \u0623\u064a\u0627\u062f\u064a<br><br><em><strong>\u0643\u0648\u0631\u0627\u0644<\/strong><\/em><br><br><strong>\u0662<\/strong><br>\u0645\u0635\u0631 \u0623\u0646\u062a \u0627\u063a\u0644\u0649 \u062f\u0631\u0629<br>\u0641\u0648\u0642 \u062c\u0628\u064a\u0646 \u0627\u0644\u062f\u0647\u0631 \u063a\u0631\u0629<br>\u064a\u0627 \u0628\u0644\u0627\u062f\u064a \u0639\u064a\u0634\u064a \u062d\u0631\u0629<br>\u0648\u0627\u0633\u0644\u0645\u064a \u0631\u063a\u0645 \u0627\u0644\u0623\u0639\u0627\u062f\u064a<br><br><em><strong>\u0643\u0648\u0631\u0627\u0644<\/strong><\/em><br><br><strong>\u0663<\/strong><br>\u0645\u0635\u0631 \u0623\u0648\u0644\u0627\u062f\u0643 \u0643\u0631\u0627\u0645<br>\u0623\u0648\u0641\u064a\u0627\u0621 \u064a\u0631\u0639\u0648\u0627 \u0627\u0644\u0632\u0645\u0627\u0645<br>\u0646\u062d\u0646 \u062d\u0631\u0628 \u0648\u0633\u0644\u0627\u0645<br>\u0648 \u0641\u062f\u0627\u0643\u064a \u064a\u0627 \u0628\u0644\u0627\u062f\u064a<br><br><em><strong>\u0643\u0648\u0631\u0627\u0644<\/strong><\/em><\/td><td><strong>Kur\u00e2l:<\/strong><br>Bel\u00e2di, bel\u00e2di, bel\u00e2di<br>Lake \u1e25obbi wa-fu\u00e2di<br><br><strong>I<\/strong><br>Ma\u1e63r j\u00e2 \u2018omme l-bel\u00e2d<br>\u2018\u00c2nte g\u00e2jti wal-mor\u00e2d<br>Wa g\u0127al\u00e2 kolle l-g\u0127ab\u00e2d<br>Kam le-Nilek men \u2018\u00e2j\u00e2di<br><br><em><strong>Kur\u00e2l<\/strong><\/em><br><br><strong>II<\/strong><br>Ma\u1e63r \u2018ante \u00e2gl\u00e2 dorrah<br>Fawqe \u0121ebin ad-dahr gorrah<br>J\u00e2 bel\u00e2di g\u0127\u00e2j\u1e8bi \u1e25orrah<br>Wa aslami ragam al-\u2018ag\u0127\u00e2di<br><br><em><strong>Kur\u00e2l<\/strong><\/em><br><br><strong>III<\/strong><br>Ma\u1e63r \u2018awl\u00e2dek ker\u00e2m<br>\u2018Awfej\u00e2\u2018 jarg\u0127u a\u017c-\u017cem\u00e2m<br>Na\u1e25no \u1e25arbon wa-sal\u00e2m<br>Wa fed\u00e2ki j\u00e2 bel\u00e2di.<br><br><em><strong>Kur\u00e2l<\/strong><\/em><\/td><td><strong>[ku\u02d0.r\u0251\u02d0l]<\/strong><br>\ud834\udd06 [b\u026a.l\u00e6\u02d0.di\u02d0 b\u026a.l\u00e6\u02d0.di\u02d0 b\u026a.l\u00e6\u02d0.di\u02d0]<br>[l\u00e6.k\u026a \u0127\u028ab.bi\u02d0 w\u0251.fu.\u0294\u00e6\u02d0.di\u02d0] \ud834\udd07<br><br><strong>1<\/strong><br>[m\u0251s\u02e4r j\u00e6\u02d0 \u0294\u028am.m\u026a\u203fl.b\u026a.l\u00e6\u02d0d]<br>[\u0294\u00e6n.t\u026a \u0263\u0251\u02d0.j\u00e6.ti\u02d0 w\u0251\u203fl.m\u028a.r\u0251\u02d0d]<br>[w\u0251 \u0295\u0251.l\u00e6\u02d0 k\u028al.l\u026a\u203fl.\u0295\u026a.b\u00e6\u02d0d]<br>[k\u00e6m l\u026a ni\u02d0l\u026ak(.\u026a) m\u026an \u0294\u00e6.j\u00e6\u02d0.di\u02d0]<br><br><strong>[ku\u02d0.r\u0251\u02d0l]<\/strong><br><br><strong>2<\/strong><br>[m\u0251s\u02e4r \u0294\u00e6n.ti \u0294\u00e6\u0263.l\u00e6\u02d0 d\u028ar.r\u0251]<br>[f\u0251w.q\u026a\u02d0 (\u0261\u026a.)bi\u02d0n\u026a\u203fd.d\u0251h.ri \u0263\u028ar.r\u0251]<br>[j\u00e6\u02d0 b\u026a.l\u00e6\u02d0.di\u02d0 \u0295\u026a\u02d0.\u0283\u026a\u02d0 \u0127\u028ar.r\u0251]<br>[w\u00e6\u203fs.l\u00e6.mi\u02d0 r\u0251\u0263.m\u00e6\u203fl.\u0294\u00e6.\u0295\u00e6\u02d0.di\u02d0]<br><br><strong>[ku\u02d0.r\u0251\u02d0l]<\/strong><br><br><strong>3<\/strong><br>[m\u0251s\u02e4r \u0294\u0251w.l\u00e6\u02d0.d\u026ak k\u026a.r\u0251\u02d0m]<br>[\u0294\u0251w.f\u026a.j\u00e6\u02d0\u0294 j\u00e6r.\u0295\u028a\u02d0\u203fz.z\u026a.m\u00e6\u02d0m]<br>[n\u0251\u0127.n\u028a \u0127\u0251r.b\u028an w\u00e6 s\u00e6.l\u00e6\u02d0m]<br>[w\u00e6 f\u026a.d\u00e6\u02d0.ki\u02d0 j\u00e6\u02d0 b\u026a.l\u00e6\u02d0.di\u02d0]<br><br><strong>[ku\u02d0.ra\u02d0l]<\/strong><\/td><td><strong>Chorus:<\/strong><br>\ud834\udd06 My homeland, my homeland, my homeland<br>You have my love and my heart. \ud834\udd07<br><br><strong>I<\/strong><br>Egypt! O mother of all countries,<br>You are my hope and my ambition,<br>And above all people,<br>Your Nile has countless graces!<br><br><em><strong>Chorus<\/strong><\/em><br><br><strong>II<\/strong><br>Egypt! Most precious gem,<br>A blaze on the brow of eternity!<br>O my homeland, be for ever free,<br>Safe from every enemy!<br><br><em><strong>Chorus<\/strong><\/em><br><br><strong>III<\/strong><br>Egypt, noble are your children.<br>Loyal, and guardians of the reins.<br>Be we at war or peace<br>We will sacrifice ourselves for you, my homeland.<br><br><em><strong>Chorus<\/strong><\/em><\/td><\/tr><\/tbody><\/table><\/figure>\n\n\n\n<figure class=\"wp-block-table\"><table class=\"has-fixed-layout\"><tbody><tr><th><a href=\"https:\/\/en.wikipedia.org\/wiki\/Coptic_language\">Coptic<\/a>&nbsp;version<br>(chorus and first verse only)<\/th><th><a href=\"https:\/\/en.wikipedia.org\/wiki\/Coptic_alphabet#Letters\">Romanization<\/a><br>(chorus and first verse only)<\/th><th><a href=\"https:\/\/en.wikipedia.org\/wiki\/International_Phonetic_Alphabet\">IPA<\/a>&nbsp;transcription<sup><a href=\"https:\/\/en.wikipedia.org\/wiki\/Bilady,_Bilady,_Bilady#cite_note-8\">[b]<\/a><\/sup><br>(chorus and first verse only)<\/th><th>English translation<sup><a href=\"https:\/\/en.wikipedia.org\/wiki\/Bilady,_Bilady,_Bilady#cite_note-9\">[7]<\/a><\/sup><br>(chorus and first verse only)<\/th><\/tr><tr><td><strong>Chorus:<\/strong><br>\ud834\udd06 \u2ca6\u2c81\u2c83\u2c81\u2c95\u2c93, \u2ca7\u2c81\u2c83\u2c81\u2c95\u2c93, \u2ca7\u2c81\u2c83\u2c81\u2c95\u2c93<br>\u0300\u0300\u2ca0\u0300\u03ed\u2c9f\u2c93\u2ca5 \u2ca5\u0300\u2c99\u2c9f\u2ca9 \u2ca7\u2c89\u2c9b \u2c83\u2c81\u2c95\u2c93 \ud834\udd07<br><br><strong>\u2c81<\/strong><br>\u2cac\u2c8f\u2c99\u2c93 \u2c9b\u0300\u2c91\u2c9f \u2ca1\u2c89 \u2ca1\u2c89\u2c9b \u2cb1\u2c9b\u03e7<br>\u2c9a\u2c89\u2c9b \u2c93\u2c9f\u03ef \u2c9b\u0300\u03e7\u2c8f\u2ca7 \u2c81\u2ca9 \u2cb1\u2c9b\u03e7<br>\u2c80\u0300\u2c9b\u2c9f\u2c9b \u03e9\u2cb1\u2c9b \u2c99\u2c81\u2ca3\u2c89\u2c9b \u2ca7\u2cb1\u2c83\u03e9<br>\u2ca0\u0300\u03ed\u2c9f\u2c93\u2ca5 \u2ca5\u0300\u2c99\u2c9f\u2ca9 \u2ca7\u2c89\u2c9b \u2c83\u2c81\u2c95\u2c93<\/td><td><strong>Chorus:<\/strong><br>\ud834\udd06 Tabaki, tabaki, tabaki<br>Epcois esmou t\u0259n baki \ud834\udd07<br><br><strong>I<\/strong><br>Kh\u00eami entho p\u0259 p\u0259n \u00f4nx<br>N\u0259n ioti enx\u00eat au \u00f4nx<br>Anon h\u00f4n mar\u0259n t\u00f4bh<br>Epcois esmou t\u0259n baki<\/td><td>&nbsp;<br>\ud834\udd06 [t\u0250.v\u0250.ki t\u0250.v\u0250.ki t\u0250.v\u0250.ki]<br>[ep.t\u0361\u0283o\u031e\u026as es.mu te\u031en v\u0250.ki] \ud834\udd07<br><br><strong>1<\/strong><br>[ki\u02d0.m.i en.\u03b8o\u031e pe\u031e pe\u031en o\u031e\u02d0n(\u0259)x]<br>[ne\u031en jo\u031e.ti en.xi\u02d0t \u0250u o\u031e\u02d0n(\u0259)x]<br>[e\u0250\u032f.no\u031en ho\u031e\u02d0n m\u0250.\u027ee\u031en to\u031e\u02d0.v(\u0259)h]<br>[ep.t\u0361\u0283o\u031e\u026as es.mu te\u031en v\u0250.ki]<\/td><td><strong>Chorus:<\/strong><br>\ud834\udd06 My homeland, my homeland, my homeland<br>God bless our homeland \ud834\udd07<br><br><strong>I<\/strong><br>Egypt you are our life<br>Our ancestors lived in you<br>We pray (we also, let&#8217;s pray)<br>God bless our homeland<\/td><\/tr><\/tbody><\/table><\/figure>\n","protected":false},"excerpt":{"rendered":"<p>Arabic&nbsp;original[5] Romanization IPA&nbsp;transcription[a] English translation[6] \u0643\u0648\u0631\u0627\u0644:\ud834\udd07 \u0628\u0644\u0627\u062f\u064a \u0628\u0644\u0627\u062f\u064a \u0628\u0644\u0627\u062f\u064a\u0644\u0643 \u062d\u0628\u064a \u0648\u0641\u0624\u0627\u062f\u064a \ud834\udd06 \u0661\u0645\u0635\u0631 \u064a\u0627 \u0623\u0645 \u0627\u0644\u0628\u0644\u0627\u062f\u0623\u0646\u062a \u063a\u0627\u064a\u062a\u064a \u0648\u0627\u0644\u0645\u0631\u0627\u062f\u0648\u0639\u0644\u0649 \u0643\u0644 \u0627\u0644\u0639\u0628\u0627\u062f\u0643\u0645 \u0644\u0646\u064a\u0644\u0643 \u0645\u0646 \u0623\u064a\u0627\u062f\u064a \u0643\u0648\u0631\u0627\u0644 \u0662\u0645\u0635\u0631 \u0623\u0646\u062a \u0627\u063a\u0644\u0649 \u062f\u0631\u0629\u0641\u0648\u0642 \u062c\u0628\u064a\u0646 \u0627\u0644\u062f\u0647\u0631 \u063a\u0631\u0629\u064a\u0627 \u0628\u0644\u0627\u062f\u064a \u0639\u064a\u0634\u064a \u062d\u0631\u0629\u0648\u0627\u0633\u0644\u0645\u064a \u0631\u063a\u0645 \u0627\u0644\u0623\u0639\u0627\u062f\u064a \u0643\u0648\u0631\u0627\u0644 \u0663\u0645\u0635\u0631 \u0623\u0648\u0644\u0627\u062f\u0643 \u0643\u0631\u0627\u0645\u0623\u0648\u0641\u064a\u0627\u0621 \u064a\u0631\u0639\u0648\u0627 \u0627\u0644\u0632\u0645\u0627\u0645\u0646\u062d\u0646 \u062d\u0631\u0628 \u0648\u0633\u0644\u0627\u0645\u0648 \u0641\u062f\u0627\u0643\u064a \u064a\u0627 \u0628\u0644\u0627\u062f\u064a \u0643\u0648\u0631\u0627\u0644 Kur\u00e2l:Bel\u00e2di, bel\u00e2di, bel\u00e2diLake \u1e25obbi wa-fu\u00e2di IMa\u1e63r j\u00e2&hellip;<\/p>\n","protected":false},"author":1,"featured_media":0,"parent":366,"menu_order":0,"comment_status":"closed","ping_status":"closed","template":"fullwidth.php","meta":{"footnotes":""},"class_list":["post-440","page","type-page","status-publish","hentry"],"_links":{"self":[{"href":"https:\/\/www.sadeora.com\/sky_dome\/the-future-planet\/wp-json\/wp\/v2\/pages\/440","targetHints":{"allow":["GET"]}}],"collection":[{"href":"https:\/\/www.sadeora.com\/sky_dome\/the-future-planet\/wp-json\/wp\/v2\/pages"}],"about":[{"href":"https:\/\/www.sadeora.com\/sky_dome\/the-future-planet\/wp-json\/wp\/v2\/types\/page"}],"author":[{"embeddable":true,"href":"https:\/\/www.sadeora.com\/sky_dome\/the-future-planet\/wp-json\/wp\/v2\/users\/1"}],"replies":[{"embeddable":true,"href":"https:\/\/www.sadeora.com\/sky_dome\/the-future-planet\/wp-json\/wp\/v2\/comments?post=440"}],"version-history":[{"count":0,"href":"https:\/\/www.sadeora.com\/sky_dome\/the-future-planet\/wp-json\/wp\/v2\/pages\/440\/revisions"}],"up":[{"embeddable":true,"href":"https:\/\/www.sadeora.com\/sky_dome\/the-future-planet\/wp-json\/wp\/v2\/pages\/366"}],"wp:attachment":[{"href":"https:\/\/www.sadeora.com\/sky_dome\/the-future-planet\/wp-json\/wp\/v2\/media?parent=440"}],"curies":[{"name":"wp","href":"https:\/\/api.w.org\/{rel}","templated":true}]}}