{"id":438,"date":"2019-05-06T19:57:56","date_gmt":"2019-05-07T00:57:56","guid":{"rendered":"https:\/\/www.sadeora.com\/sky_dome\/the-future-planet\/?page_id=438"},"modified":"2024-08-29T03:46:52","modified_gmt":"2024-08-29T08:46:52","slug":"croatia","status":"publish","type":"page","link":"https:\/\/www.sadeora.com\/sky_dome\/the-future-planet\/felicitation-centers\/croatia\/","title":{"rendered":"Croatia"},"content":{"rendered":"\n\n\n<figure class=\"wp-block-audio\"><audio controls src=\"https:\/\/www.sadeora.com\/sky_dome\/the-future-planet\/wp-content\/uploads\/2024\/08\/Lijepa_nasa_domovino_instrumental.ogg\"><\/audio><\/figure>\n\n\n\n<p><\/p>\n\n\n\n<p><\/p>\n\n\n\n<figure class=\"wp-block-table\"><table class=\"has-fixed-layout\"><tbody><tr><th>Croatian original<sup><a href=\"https:\/\/en.wikipedia.org\/wiki\/Lijepa_na%C5%A1a_domovino#cite_note-nsk-5\">[5]<\/a><\/sup><\/th><th><a href=\"https:\/\/en.wikipedia.org\/wiki\/International_Phonetic_Alphabet\">IPA<\/a>&nbsp;transcription<sup><a href=\"https:\/\/en.wikipedia.org\/wiki\/Lijepa_na%C5%A1a_domovino#cite_note-6\">[a]<\/a><\/sup><\/th><th>English translation<sup><a href=\"https:\/\/en.wikipedia.org\/wiki\/Lijepa_na%C5%A1a_domovino#cite_note-MVPEI-3\">[3]<\/a><\/sup><\/th><\/tr><tr><td><strong>I<\/strong><br>Lijepa na\u0161a domovino,<br>Oj, juna\u010dka zemljo mila,<br>Stare slave djedovino,<br>Da bi vazda sretna bila!<br><br>Mila, kano si nam slavna,<br>Mila, si nam ti jedina,<br>Mila, kuda si nam ravna,<br>Mila, kuda si planina!<br><br><strong>II<\/strong><br>Teci, Dravo, Savo, teci,<sup><a href=\"https:\/\/en.wikipedia.org\/wiki\/Lijepa_na%C5%A1a_domovino#cite_note-11\">[b]<\/a><\/sup><br>Nit&#8217; ti, Dunav, silu gubi,<br>Sinje more, svijetu reci<br>Da svoj narod Hrvat ljubi<br><br>Dok mu njive sunce grije,<br>Dok mu hra\u0161\u0107e bura vije,<br>Dok mu mrtve grobak krije,<br>Dok mu \u017eivo srce bije!<\/td><td><strong>1<\/strong><br>[lj\u011b\u02d0.pa n\u00e2.\u0283a do.m\u01d2.\u028bi.no]<br>[oj j\u01d4.na\u02d0t\u0361\u0283.ka\u02d0 z\u00eam.\u028eo\u02d0 m\u01d0.la]<br>[st\u00e2\u02d0.re sl\u00e2.\u028be\u02d0 dj\u00ea.do.\u028bi.no]<br>[d\u00e2 bi \u028b\u00e2z.da sr\u011bt.na b\u01d0\u02d0.la]<br><br>[m\u01d0.la k\u00e2\u02d0.no si n\u00e2m sl\u00e2\u02d0\u028b.na]<br>[m\u01d0.la si n\u00e2m t\u00ee j\u011b.di\u02d0.na\u02d0]<br>[m\u01d0.la k\u01d4.da\u02d0 si n\u00e2m r\u01ce\u02d0\u028b.na]<br>[m\u01d0.la k\u01d4.da\u02d0 si pla.n\u01d0.na]<br><br><strong>2<\/strong><br>[t\u011b.t\u0361si dr\u00e2\u02d0.\u028bo s\u00e2\u02d0.\u028bo t\u011b.t\u0361si]<br>[nit t\u00ee d\u01d4.na\u028b s\u00ee.lu g\u01d4.bi\u02d0]<br>[s\u00ee\u02d0.\u0272e\u02d0 m\u00f4\u02d0.re s\u028bj\u011b\u02d0.tu r\u00ea.t\u0361si]<br>[da s\u028b\u00f4\u02d0j n\u01ce\u02d0.rod x\u0159\u0329.\u028ba\u02d0t \u028e\u00fb\u02d0.bi\u02d0]<br><br>[d\u00f4k mu \u0272\u00ee.\u028be s\u00fb\u02d0n.t\u0361se gr\u00ee.je\u02d0]<br>[d\u00f4k mu xr\u0329\u00e2\u0283.t\u0361\u0255e b\u00fb.ra \u028b\u00ee.je\u02d0]<br>[d\u00f4k mu m\u0159\u0329t.\u028be gr\u00f4.bak kr\u00ee.je\u02d0]<br>[d\u00f4k mu \u0292\u01d0\u02d0.\u028bo sr\u0329\u0302.t\u0361se b\u01d0.je]<\/td><td><strong>I<\/strong><br>Our beautiful homeland,<br>Oh so fearless and gracious,<br>Our fathers&#8217; ancient glory,<br>May you be blessed forever.<br><br>Dear, you are our only glory,<br>Dear, you are our only one,<br>Dear, we love your plains,<br>Dear, we love your mountains.<br><br><strong>II<\/strong><br><a href=\"https:\/\/en.wikipedia.org\/wiki\/Drava\">Drava<\/a>,&nbsp;<a href=\"https:\/\/en.wikipedia.org\/wiki\/Sava\">Sava<\/a>, keep on flowing,<br><a href=\"https:\/\/en.wikipedia.org\/wiki\/Danube\">Danube<\/a>, do not lose your vigour,<br><a href=\"https:\/\/en.wikipedia.org\/wiki\/Adriatic_Sea\">Deep blue sea<\/a>, tell the world,<br>That a Croat loves his homeland.<br><br>Whilst his fields are kissed by sunshine,<br>Whilst his oaks are whipped by wild winds,<br>Whilst his dear ones go to heaven,<br>Whilst his live heart beats.<\/td><\/tr><\/tbody><\/table><\/figure>\n\n\n\n<h3 class=\"wp-block-heading\" id=\"Lyrics_to_Horvatska_domovina\">Lyrics to\u00a0<em>Horvatska domo<\/em><\/h3>\n\n\n\n<figure class=\"wp-block-table\"><table class=\"has-fixed-layout\"><tbody><tr><th>Croatian original<\/th><th>English translation<\/th><\/tr><tr><td>Lji\u011bpa na\u0161a domovino,<br>Oj juna\u010dka zemljo mila,<br>Stare slave d\u011bdovino,<br>Da bi vazda \u010destna bila!<br><br>Mila, kano si nam slavna,<br>Mila si nam ti jedina,<br>Mila, kuda si nam ravna,<br>Mila, kuda si planina!<br><br>Vedro nebo, vedro \u010delo,<br>Blaga persa, blage no\u0107i,<br>Toplo l\u011bto, toplo d\u011blo,<br>Bistre vode, bistre o\u010di:<br><br>Vele gore, veli ljudi,<br>Rujna lica, rujna vina,<br>Silni gromi, silni udi;<br>To je na\u0161a domovina!<br><br>\u017denju serpi, ma\u0161u kose,<br>D\u011bd se \u017euri, snope broji,<br>\u0160kriplju vozi, bra\u0161no nose,<br>Sna\u0161a predu\u0107 m\u00e1lo doji:<br><br>Pase marha, rog se \u010duje,<br>Oj, oj zven\u010di, oj, u tmine,<br>K ognju star i mlad \u0161etuje;<br>Evo t\u2019 na\u0161ke domovine!<br><br>Lu\u010d iz mraka dalko sija,<br>Po veseloj livadici,<br>P\u011bsme glasno br\u011bg odbija,<br>Ljubni poje k tamburici:<br><br>Kolo vode, \u017eivo kolo,<br>I na berdu, i v dolini,<br>Ple\u0161u mladji sve okolo; \u2014<br>Mi smo, pobre, v domovini!<br><br>Magla, \u0161to li, Unu skriva?<br>Ni l\u2019 to na\u0161iu jauk turobni?<br>Tko li mole\u0107 smert naziva?<br>Il\u2019 slobodni, il\u2019 su robni?<br><br>\u00bbRat je, bratjo, rat junaci,<br>Pu\u0161ku hvataj, sablju pa\u0161i,<br>Sedlaj konj\u010de, hajd pe\u0161jaci,<br>Slava budi, gdi su na\u0161i!\u00ab<br><br>Bu\u010di bura, magla projde,<br>Puca zora, tmina b\u011b\u017ei,<br>Tuga mine, radost dojde,<br>Zdravo slobost, du\u0161man le\u017ei!<br><br>Veseli se, tu\u017ena mati,<br>Pado\u0161e ti verli sini,<br>Ko junaci, ko Horvati,<br>Lja\u0161e kervcu domovini!<br><br>Teci, Sava hitra, teci<br>Nit\u2019 ti Dunaj silu gubi,<br>Kud li \u0161umi\u0161, sv\u011btu reci:<br>Da svog\u2019 doma Horvat ljubi,<br><br>Dok mu njive sunce grije,<br>Dok mu hrastje bura vije,<br>Dok mu mertve grob sakrije,<br>Dok mu \u017eivo serdce bije!<\/td><td>Our beautiful homeland,<br>Oh so fearless and gracious,<br>Our father&#8217;s ancient glory,<br>May you be happy forever.<br><br>Beloved, how glorious you are,<br>You are beloved, our only one,<br>Beloved, wherever you are plain,<br>Beloved, wherever you are mountain!<br><br>Clear sky, clear forehead,<br>Gentle people, mild nights,<br>Hot summer, hard work,<br>Clear waters, clear eyes:<br><br>Great mountains, great people,<br>Red faces, red wines,<br>Mighty thunders, mighty limbs;<br>This is our homeland!<br><br>Sickles are reaping, scythes sweeping,<br>Old man is busy, counting sheaves,<br>Carriages are creaking, carrying flour,<br>Bride knits and breastfeeds a child;<br><br>Cattle are grazing, horn is heard,<br>Oh, oh it rings, oh into darkness,<br>To the fire, youth and elders are going;<br>Here&#8217;s our homeland!<br><br>Light in the dark shines far,<br>All over cheerful meadow,<br>Songs are loudly echoed by hills,<br>Lovers are singing to&nbsp;<a href=\"https:\/\/en.wikipedia.org\/wiki\/Tamburica\">tamburica<\/a>:<br><br>They dance the&nbsp;<a href=\"https:\/\/en.wikipedia.org\/wiki\/Kolo_(dance)\">kolo<\/a>, lively kolo,<br>On the hill, and in the valley,<br>Youth is dancing all around;<br>We are, my friend, in&nbsp;<a href=\"https:\/\/en.wikipedia.org\/wiki\/Croatia\">homeland<\/a>!<br><br>What is the fog hiding there?<br>Isn&#8217;t that our peoples awful screams?<br>Who prays for death?<br>The freeborn, or the slaves?<br><br>&#8220;It is war, brothers, war, heroes,<br>Grab your rifle, take a saber,<br>Saddle your horses, let&#8217;s go infantrymen,<br>There be glory, where ours are!&#8221;<br><br>Gales roar, fog is lifting,<br>Dawn breaks, darkness runs,<br>Sorrow fades, joy arrives,<br>Hello freedom, foe laid low!<br><br>Be joyful, sad mother,<br>Your brave sons have fallen,<br>Like heroes, like Croats,<br>Shedding blood for homeland!<br><br>Flow, fast&nbsp;<a href=\"https:\/\/en.wikipedia.org\/wiki\/Sava\">Sava<\/a>, flow,<br>Nor you Danube, lose your power,<br>Wherever you&#8217;re murmuring, tell the world:<br>That a Croat loves his home,<br><br>Whilst the sun warms his fields,<br>Whilst winds lash his oak trees,<br>Whilst graves cover his fallen,<br>Whilst his living heart is beating.<\/td><\/tr><\/tbody><\/table><\/figure>\n","protected":false},"excerpt":{"rendered":"<p>Croatian original[5] IPA&nbsp;transcription[a] English translation[3] ILijepa na\u0161a domovino,Oj, juna\u010dka zemljo mila,Stare slave djedovino,Da bi vazda sretna bila! Mila, kano si nam slavna,Mila, si nam ti jedina,Mila, kuda si nam ravna,Mila, kuda si planina! IITeci, Dravo, Savo, teci,[b]Nit&#8217; ti, Dunav, silu gubi,Sinje more, svijetu reciDa svoj narod Hrvat ljubi Dok mu njive sunce grije,Dok mu hra\u0161\u0107e&hellip;<\/p>\n","protected":false},"author":1,"featured_media":0,"parent":366,"menu_order":0,"comment_status":"closed","ping_status":"closed","template":"fullwidth.php","meta":{"footnotes":""},"class_list":["post-438","page","type-page","status-publish","hentry"],"_links":{"self":[{"href":"https:\/\/www.sadeora.com\/sky_dome\/the-future-planet\/wp-json\/wp\/v2\/pages\/438","targetHints":{"allow":["GET"]}}],"collection":[{"href":"https:\/\/www.sadeora.com\/sky_dome\/the-future-planet\/wp-json\/wp\/v2\/pages"}],"about":[{"href":"https:\/\/www.sadeora.com\/sky_dome\/the-future-planet\/wp-json\/wp\/v2\/types\/page"}],"author":[{"embeddable":true,"href":"https:\/\/www.sadeora.com\/sky_dome\/the-future-planet\/wp-json\/wp\/v2\/users\/1"}],"replies":[{"embeddable":true,"href":"https:\/\/www.sadeora.com\/sky_dome\/the-future-planet\/wp-json\/wp\/v2\/comments?post=438"}],"version-history":[{"count":0,"href":"https:\/\/www.sadeora.com\/sky_dome\/the-future-planet\/wp-json\/wp\/v2\/pages\/438\/revisions"}],"up":[{"embeddable":true,"href":"https:\/\/www.sadeora.com\/sky_dome\/the-future-planet\/wp-json\/wp\/v2\/pages\/366"}],"wp:attachment":[{"href":"https:\/\/www.sadeora.com\/sky_dome\/the-future-planet\/wp-json\/wp\/v2\/media?parent=438"}],"curies":[{"name":"wp","href":"https:\/\/api.w.org\/{rel}","templated":true}]}}