{"id":429,"date":"2019-05-06T19:53:30","date_gmt":"2019-05-07T00:53:30","guid":{"rendered":"https:\/\/www.sadeora.com\/sky_dome\/the-future-planet\/?page_id=429"},"modified":"2024-09-01T02:04:29","modified_gmt":"2024-09-01T07:04:29","slug":"indonesia","status":"publish","type":"page","link":"https:\/\/www.sadeora.com\/sky_dome\/the-future-planet\/felicitation-centers\/indonesia\/","title":{"rendered":"Indonesia"},"content":{"rendered":"\n\n\n<p><\/p>\n\n\n\n<figure class=\"wp-block-audio\"><audio controls src=\"https:\/\/www.sadeora.com\/sky_dome\/the-future-planet\/wp-content\/uploads\/2024\/09\/Indonesia_Raya_instrumental.ogg\"><\/audio><\/figure>\n\n\n\n<p><\/p>\n\n\n\n<figure class=\"wp-block-table\"><table class=\"has-fixed-layout\"><tbody><tr><th>Modern orthography<sup><a href=\"https:\/\/en.wikipedia.org\/wiki\/Indonesia_Raya#cite_note-23\">[23]<\/a><\/sup><\/th><th><a href=\"https:\/\/en.wikipedia.org\/wiki\/Van_Ophuijsen_Spelling_System\">Van Ophuijsen orthography<\/a><sup><a href=\"https:\/\/en.wikipedia.org\/wiki\/Indonesia_Raya#cite_note-24\">[24]<\/a><\/sup><sup><a href=\"https:\/\/en.wikipedia.org\/wiki\/Indonesia_Raya#cite_note-25\">[25]<\/a><\/sup><\/th><th><a href=\"https:\/\/en.wikipedia.org\/wiki\/International_Phonetic_Alphabet\">IPA<\/a>&nbsp;transcription<sup><a href=\"https:\/\/en.wikipedia.org\/wiki\/Indonesia_Raya#cite_note-26\">[a]<\/a><\/sup><\/th><th>Literal English translation<\/th><\/tr><tr><td><strong>I<\/strong><br>Indonesia, tanah airku<br>Tanah tumpah darahku<br>Di sanalah aku berdiri<br>Jadi pandu ibuku<br><br>Indonesia, kebangsaanku<br>Bangsa dan tanah airku<br>Marilah kita berseru<br>Indonesia bersatu!<br><br>Hiduplah tanahku, hiduplah negeriku<br>Bangsaku, rakyatku, semuanya<br>Bangunlah jiwanya, bangunlah badannya<br>Untuk Indonesia Raya<br><br><strong>Refrain:<\/strong><br>Indonesia Raya, merdeka! Merdeka!<br>Tanahku, negeriku yang kucinta<br>Indonesia Raya, merdeka! Merdeka!<br>Hiduplah Indonesia Raya!<br><br><strong>II<\/strong><br>Indonesia, tanah yang mulia<br>Tanah kita yang kaya<br>Di sanalah aku berdiri<br>Untuk selama-lamanya<br><br>Indonesia, tanah pusaka<br>Pusaka kita semuanya<br>Marilah kita mendoa<br>&#8220;Indonesia bahagia!&#8221;<br><br>Suburlah tanahnya, suburlah jiwanya<br>Bangsanya, rakyatnya, semuanya<br>Sadarlah hatinya, sadarlah budinya<br>Untuk Indonesia Raya<br><br><em><strong>Refrain<\/strong><\/em><br><br><strong>III<\/strong><br>Indonesia, tanah yang suci<br>Tanah kita yang sakti<br>Di sanalah aku berdiri<br>Menjaga ibu sejati<br><br>Indonesia, tanah berseri<br>Tanah yang aku sayangi<br>Marilah kita berjanji<br>&#8220;Indonesia abadi!&#8221;<br><br>Selamatlah rakyatnya, selamatlah putranya<br>Pulaunya, lautnya, semuanya<br>Majulah negerinya, majulah pandunya<br>Untuk Indonesia Raya<br><br>\ud834\udd06&nbsp;<em><strong>Refrain<\/strong><\/em>&nbsp;\ud834\udd07<\/td><td><strong>I<\/strong><br>Indonesia, tanah a\u00efrkoe<br>Tanah toempah darahkoe<br>Di sanalah akoe berdiri<br>Djadi pandoe iboekoe<br><br>Indonesia, kebangsa\u00e4nkoe<br>Bangsa dan tanah a\u00efrkoe<br>Marilah kita berseroe<br>Indonesia bersatoe!<br><br>Hidoeplah tanahkoe, hidoeplah negrikoe<br>Bangsakoe, ra&#8217;jatkoe, semoeanja<br>Bangoenlah djiwanja, bangoenlah badannja<br>Oentoek Indonesia Raja<br><br><strong>Refrain:<\/strong><br>Indonesia Raja, merdeka! Merdeka!<br>Tanahkoe, negrikoe jang koetjinta<br>Indonesia Raja, merdeka! Merdeka!<br>Hidoeplah Indonesia Raja!<br><br><strong>II<\/strong><br>Indonesia, tanah jang moelia<br>Tanah kita jang kaja<br>Di sanalah akoe berdiri<br>Oentoek s&#8217;lama-lamanja<br><br>Indonesia, tanah poesaka<br>P&#8217;saka kita semoeanja<br>Marilah kita mendo&#8217;a<br>&#8220;Indonesia bahagia!&#8221;<br><br>Soeboerlah tanahnja, soeboerlah djiwanja<br>Bangsanja, ra&#8217;jatnja, semoeanja<br>Sadarlah hatinja, sadarlah boedinja<br>Oentoek Indonesia Raja<br><br><em><strong>Refrain<\/strong><\/em><br><br><strong>III<\/strong><br>Indonesia, tanah jang soetji<br>Tanah kita jang sakti<br>Di sanalah akoe berdiri<br>&#8216;Ndjaga iboe s\u0113djati<br><br>Indonesia, tanah berseri<br>Tanah jang akoe sajangi<br>Marilah kita berdjandji<br>&#8220;Indonesia abadi!&#8221;<br><br>Selamatlah ra&#8217;jatnja, selamatlah poetranja<br>Poelaunja, laoetnja, semoeanja<br>Madjoelah neg&#8217;rinja, madjoelah pandoenja<br>Oentoek Indonesia Raja<br><br>\ud834\udd06&nbsp;<em><strong>Refrain<\/strong><\/em>&nbsp;\ud834\udd07<\/td><td><strong>1<\/strong><br>[\u026an.do.n\u025b.sia ta.na(h) a.ir.ku]<br>[ta.na(h) tum.pa(h) da.ra(h).ku]<br>[di sa.na.la(h) a.ku b\u0259r.di.ri]<br>[d\u0361\u0292a.di pan.du i.bu.ku]<br><br>[\u026an.do.n\u025b.sia k\u0259.ba\u014b.sa.(\u0294)an.ku]<br>[ba\u014b.sa dan ta.na(h) a.ir.ku]<br>[ma.ri.la(h) ki.ta b\u0259r.s\u0259.ru]<br>[\u026an.do.n\u025b.sia b\u0259r.sa.tu]<br><br>[hi.dup\u031a.la(h) ta.na(h).ku hi.dup\u031a.la(h) n\u0259.\u0261(\u0259)ri.ku]<br>[ba\u014b.sa.ku ra(k\u031a).jat\u031a.ku s\u0259.mu.a.\u0272a]<br>[ba\u014b.un.la(h) d\u0361\u0292i.wa.\u0272a ba\u014b.un.la(h) ba.da.\u0272a]<br>[un.t\u028ak\u031a \u026an.do.n\u025b.sia ra.ja]<br><br>&nbsp;<br>[\u026an.do.n\u025b.sia ra.ja m\u0259r.d\u025b.ka m\u0259r.d\u025b.ka]<br>[ta.na(h).ku n\u0259.\u0261(\u0259)ri.ku ja\u014b ku.t\u0361\u0283in.ta]<br>[\u026an.do.n\u025b.sia ra.ja m\u0259r.d\u025b.ka m\u0259r.d\u025b.ka]<br>[hi.dup\u031a.la(h) \u026an.do.n\u025b.sia ra.ja]<br><br><strong>2<\/strong><br>[\u026an.do.n\u025b.sia ta.na(h) ja\u014b mu.lja]<br>[ta.na(h) ki.ta ja\u014b ka.ja]<br>[di sa.na.la(h) a.ku b\u0259r.di.ri]<br>[un.tuk\u031a sla.ma la.ma.\u0272a]<br><br>[\u026an.do.n\u025b.sia ta.na(h) pu.sa.ka]<br>[p(u.)sa.ka ki.ta s\u0259.mu.a.\u0272a]<br>[ma.ri.la(h) ki.ta m\u0259n.do.a]<br>[\u026an.do.n\u025b.sia ba.ha.gja]<br><br>[su.bur.la(h) ta.na(h).\u0272a su.bur.la(h) d\u0361\u0292i.wa.\u0272a]<br>[ba\u014b.sa.\u0272a ra(k\u031a).jat\u031a.\u0272a s\u0259.mu.a.\u0272a]<br>[sa.dar.la(h) ha.ti.\u0272a sa.dar.la(h) bu.di.\u0272a]<br>[un.tuk\u031a \u026an.do.n\u025b.sia ra.ja]<br><br>&nbsp;<br><br><strong>3<\/strong><br>[\u026an.do.n\u025b.sia ta.na(h) ja\u014b su.t\u0361\u0283i]<br>[ta.na(h) ki.ta ja\u014b sak\u031a.ti]<br>[di sa.na.la(h) a.ku b\u0259r.di.ri]<br>[m\u0259n.d\u0361\u0292a.ga i.bu s\u0259.d\u0361\u0292a.ti]<br><br>[\u026an.do.n\u025b.sia ta.na(h) b\u0259r.s\u0259.ri]<br>[ta.na(h) ja\u014b a.ku sa.ja\u014b.i]<br>[ma.ri.la(h) ki.ta b\u0259r.d\u0361\u0292an.d\u0361\u0292i]<br>[\u026an.do.n\u025b.sia a.ba.di]<br><br>[sla.mat\u031a.la(h) ra(k\u031a).jat\u031a.\u0272a sla.mat\u031a.lah put\u031a.ra.\u0272a]<br>[pu.lau\u032f.\u0272a la.ut\u031a.\u0272a s\u0259.mu.a.\u0272a]<br>[ma.d\u0361\u0292u.la(h) n\u0259.g(\u0259)ri.\u0272a ma.d\u0361\u0292u.la(h) pan.du.\u0272a]<br>[un.tuk\u031a \u026an.do.n\u025b.sia ra.ja]<br><br>&nbsp;<\/td><td><strong>I<\/strong><br>Indonesia, my homeland<br>The land where my blood shed<br>Over there, I stand<br>To be my&nbsp;<a href=\"https:\/\/en.wikipedia.org\/wiki\/Ibu_Pertiwi\">mother<\/a>&#8216;s guide<br><br>Indonesia, my nationality<br>My nation and homeland<br>Let us exclaim<br>Indonesia unites!<br><br>Long live my land, long live my country<br>My nation, my&nbsp;<a href=\"https:\/\/en.wikipedia.org\/wiki\/Indonesians\">people<\/a>, all of them<br>Build its soul, build its body<br>For Indonesia the Great!<br><br><strong>Chorus:<\/strong><br>Indonesia the Great,&nbsp;<a href=\"https:\/\/en.wikipedia.org\/wiki\/Merdeka\">be free! Be free!<\/a><br>My land, my country which I love!<br>Indonesia the Great, be free! Be free!<br>Long live Indonesia the Great!<br><br><strong>II<\/strong><br>Indonesia, a noble land<br>Our wealthy land<br>Over there, I stand<br>Forever and ever<br><br>Indonesia, a heritage land<br>A heritage of ours<br>Let us pray<br>Happiness for Indonesia!<br><br>Fertile may its soil, flourish may its soul<br>Its nation, its people, all of them<br>Aware may its heart, aware may its mind<br>For Indonesia the Great!<br><br><em><strong>Chorus<\/strong><\/em><br><br><strong>III<\/strong><br>Indonesia, a sacred land<br>Our victorious land<br>Over there, I stand<br>To guard the true mother<br><br>Indonesia, a radiant land<br>A land which I adore<br>Let us pledge,<br>Indonesia&#8217;s eternal!<br><br>Safe may its people, safe may its sons<br>Its islands, its seas,&nbsp;<a href=\"https:\/\/en.wikipedia.org\/wiki\/Geography_of_Indonesia\">all of them<\/a><br>Advance its country, advance its scouts,<br>For Indonesia the Great!<br><br>\ud834\udd06&nbsp;<em><strong>Chorus<\/strong><\/em>&nbsp;\ud834\udd07<\/td><\/tr><\/tbody><\/table><\/figure>\n\n\n\n<p><\/p>\n","protected":false},"excerpt":{"rendered":"<p>Modern orthography[23] Van Ophuijsen orthography[24][25] IPA&nbsp;transcription[a] Literal English translation IIndonesia, tanah airkuTanah tumpah darahkuDi sanalah aku berdiriJadi pandu ibuku Indonesia, kebangsaankuBangsa dan tanah airkuMarilah kita berseruIndonesia bersatu! Hiduplah tanahku, hiduplah negerikuBangsaku, rakyatku, semuanyaBangunlah jiwanya, bangunlah badannyaUntuk Indonesia Raya Refrain:Indonesia Raya, merdeka! Merdeka!Tanahku, negeriku yang kucintaIndonesia Raya, merdeka! Merdeka!Hiduplah Indonesia Raya! IIIndonesia, tanah yang muliaTanah kita&hellip;<\/p>\n","protected":false},"author":1,"featured_media":0,"parent":366,"menu_order":0,"comment_status":"closed","ping_status":"closed","template":"fullwidth.php","meta":{"footnotes":""},"class_list":["post-429","page","type-page","status-publish","hentry"],"_links":{"self":[{"href":"https:\/\/www.sadeora.com\/sky_dome\/the-future-planet\/wp-json\/wp\/v2\/pages\/429","targetHints":{"allow":["GET"]}}],"collection":[{"href":"https:\/\/www.sadeora.com\/sky_dome\/the-future-planet\/wp-json\/wp\/v2\/pages"}],"about":[{"href":"https:\/\/www.sadeora.com\/sky_dome\/the-future-planet\/wp-json\/wp\/v2\/types\/page"}],"author":[{"embeddable":true,"href":"https:\/\/www.sadeora.com\/sky_dome\/the-future-planet\/wp-json\/wp\/v2\/users\/1"}],"replies":[{"embeddable":true,"href":"https:\/\/www.sadeora.com\/sky_dome\/the-future-planet\/wp-json\/wp\/v2\/comments?post=429"}],"version-history":[{"count":0,"href":"https:\/\/www.sadeora.com\/sky_dome\/the-future-planet\/wp-json\/wp\/v2\/pages\/429\/revisions"}],"up":[{"embeddable":true,"href":"https:\/\/www.sadeora.com\/sky_dome\/the-future-planet\/wp-json\/wp\/v2\/pages\/366"}],"wp:attachment":[{"href":"https:\/\/www.sadeora.com\/sky_dome\/the-future-planet\/wp-json\/wp\/v2\/media?parent=429"}],"curies":[{"name":"wp","href":"https:\/\/api.w.org\/{rel}","templated":true}]}}