{"id":415,"date":"2019-05-06T19:09:24","date_gmt":"2019-05-07T00:09:24","guid":{"rendered":"https:\/\/www.sadeora.com\/sky_dome\/the-future-planet\/?page_id=415"},"modified":"2024-08-21T01:18:32","modified_gmt":"2024-08-21T06:18:32","slug":"albania","status":"publish","type":"page","link":"https:\/\/www.sadeora.com\/sky_dome\/the-future-planet\/felicitation-centers\/albania\/","title":{"rendered":"Albania"},"content":{"rendered":"\n<figure>\n<figure id=\"attachment_621\" aria-describedby=\"caption-attachment-621\" style=\"width: 300px\" class=\"wp-caption alignleft\"><a href=\"https:\/\/en.wikipedia.org\/wiki\/Albania\"><img loading=\"lazy\" decoding=\"async\" src=\"https:\/\/www.sadeora.com\/sky_dome\/the-future-planet\/wp-content\/uploads\/2019\/10\/albania_round_icon_640-300x225.png\" alt=\"\" width=\"300\" height=\"225\"><\/a><figcaption id=\"caption-attachment-621\" class=\"wp-caption-text\"><strong>INFORMATION PAGE<\/strong><\/figcaption><\/figure><\/figure>\n\n<h1><strong><a href=\"http:\/\/www.albania.thefutureplanet.org\/\" target=\"_blank\" rel=\"noopener noreferrer\">REGIONAL UPDATES<\/a><\/strong><\/h1>\n\n\n\n<figure class=\"wp-block-audio\"><audio controls src=\"https:\/\/www.sadeora.com\/sky_dome\/the-future-planet\/wp-content\/uploads\/2024\/08\/Hymni_i_Flamurit_instrumental.ogg\"><\/audio><\/figure>\n\n\n\n<figure class=\"wp-block-table\"><table><tbody><tr><th>Albanian original<\/th><th><a href=\"https:\/\/en.wikipedia.org\/wiki\/International_Phonetic_Alphabet\">IPA<\/a>&nbsp;transcription<\/th><th><a href=\"https:\/\/en.wikipedia.org\/wiki\/English_language\">English<\/a>&nbsp;translation<\/th><\/tr><tr><td>Rreth flamurit t\u00eb p\u00ebrbashkuar<br>Me nj\u00eb d\u00ebshir\u00eb e nj\u00eb q\u00ebllim,<br>T\u00eb gjith&#8217; atij duke u betuar<br>T\u00eb lidhim bes\u00ebn p\u00ebr shp\u00ebtim.<br>\ud834\udd06 Prej lufte ve\u00e7 ay largohet<br>Q\u00eb \u00ebsht\u00eb lindur tradh\u00ebtor,<br>Kush \u00ebsht\u00eb burr\u00eb nuk frikohet,<br>Por vdes, por vdes si nj\u00eb d\u00ebshmor! \ud834\udd07<sup><a href=\"https:\/\/en.wikipedia.org\/wiki\/Himni_i_Flamurit#cite_note-repeat-3\">[a]<\/a><\/sup><br><br>N\u00eb dor\u00eb arm\u00ebt do t&#8217;i mbajm\u00eb,<br>T\u00eb mbrojm\u00eb atdheun n\u00eb \u00e7do k\u00ebnd,<br>T\u00eb drejtat tona ne s&#8217;i ndajm\u00eb;<br>K\u00ebtu armiqt\u00eb s&#8217;kan\u00eb v\u00ebnd!<br>\ud834\udd06 Se Zoti vet\u00eb e tha me goj\u00eb<br>Q\u00eb kombe shuhen p\u00ebrmbi dhe,<br>Po Shqip\u00ebria do t\u00eb rroj\u00eb;<br>P\u00ebr t\u00eb, p\u00ebr t\u00eb luftojm\u00eb ne! \ud834\udd07<br><br>O Flamur, flamur, shenj&#8217; e shenjt\u00eb<br>Tek ti betohemi k\u00ebtu<br>P\u00ebr Shqip\u00ebrin\u00eb, atdheun e shtrenjt\u00eb,<br>P\u00ebr nder&#8217; edhe lavdimn e tu.<br>\ud834\udd06 Trim burr\u00eb quhet dhe nderohet<br>Atdheut kush iu b\u00eb therror.<br>P\u00ebrjet\u00eb ai do t\u00eb kujtohet<br>Mbi dhe, n\u00ebn dhe si nj\u00eb shenjtor! \ud834\udd07<sup><a href=\"https:\/\/en.wikipedia.org\/wiki\/Himni_i_Flamurit#cite_note-4\">[3]<\/a><\/sup><sup><a href=\"https:\/\/en.wikipedia.org\/wiki\/Himni_i_Flamurit#cite_note-albcan-5\">[4]<\/a><\/sup><\/td><td>[r\u025b\u03b8\u031f fla.mu.\u027eit t\u0259 p\u0259\u027e.ba\u0283.ku.a\u027e]<br>[m\u025b \u0272\u0259 d\u0259.\u0283i\u027e \u025b \u0272\u0259 c\u0361\u00e7\u0259.\u026bim |]<br>[t\u0259 \u025f\u0361\u029di\u03b8\u031f a.tij du.k\u025b u b\u025b.tu.a\u027e]<br>[t\u0259 li.\u00f0\u031fim b\u025b.s\u0259n p\u0259\u027e \u0283p\u0259.tim \u2016]<br>\ud834\udd06 [p\u027e\u025bj luf.t\u025b v\u025bt\u0361\u0283 a.i la\u027e.g\u0254.h\u025bt]<br>[c\u0361\u00e7\u0259 \u0259\u0283.t\u0259 lin.du\u027e t\u027ea.\u00f0\u031f\u0259.t\u0254\u027e |]<br>[ku\u0283 \u0259\u0283.t\u0259 bu.r\u0259 nuk f\u027eik.s\u0254.h\u025bt |]<br>[p\u0254\u027e vd\u025bs | p\u0254\u027e vd\u025bs si \u0272\u0259 d\u0259\u0283.m\u0254\u027e \u2016] \ud834\udd07<sup><a href=\"https:\/\/en.wikipedia.org\/wiki\/Himni_i_Flamurit#cite_note-repeat-3\">[a]<\/a><\/sup><br><br>[n\u0259 d\u0254.\u027e\u0259 a\u027e.m\u0259t d\u0254 ti mbaj.m\u0259 |]<br>[t\u0259 mb\u027e\u0254j.m\u0259 at.\u00f0\u031f\u025b.un n\u0259 t\u0361\u0283d\u0254 k\u0259nd |]<br>[t\u0259 d\u027e\u025bj.tat t\u0254.na n\u025b si ndaj.m\u0259 |]<br>[k\u0259.tu a\u027e.mic\u0361\u00e7.t\u0259 ska.n\u0259 v\u0259nd \u2016]<br>\ud834\udd06 [s\u025b z\u0254.ti v\u025b.t\u0259 \u025b \u03b8\u031fa m\u025b g\u0254.j\u0259]<br>[c\u0361\u00e7\u0259 k\u0254m.b\u025b \u0283u.h\u025bn p\u0259\u027em.bi \u00f0\u031f\u025b |]<br>[p\u0254 \u0283c\u0361\u00e7i.p\u0259.\u027ei.a d\u0254 t\u0259 r\u0254.j\u0259 |]<br>[p\u0259\u027e t\u0259 | p\u0259\u027e t\u0259 luf.t\u0254j.m\u0259 n\u025b \u2016] \ud834\udd07<br><br>[\u0254 fla.mu\u027e | fla.mu\u027e \u0283\u025b\u0272 \u025b \u0283\u025b\u0272.t\u0259]<br>[t\u025bk ti b\u025b.t\u0254.h\u025b.mi k\u0259.tu]<br>[p\u0259\u027e \u0283c\u0361\u00e7i.p\u0259.\u027ei.n\u0259 | at.\u00f0\u031f\u025b.un \u025b \u0283t\u027e\u025b\u0272.t\u0259 |]<br>[p\u0259\u027e nd\u025b\u027e \u025b.\u00f0\u031f\u025b lav.dimn \u025b tu \u2016]<br>\ud834\udd06 [t\u027eim bu.r\u0259 c\u0361\u00e7u.h\u025bt \u00f0\u031f\u025b nd\u025b.\u027e\u0254.h\u025bt]<br>[at.\u00f0\u031f\u025b.ut ku\u0283 i.u b\u0259 \u03b8\u031f\u025b.r\u0254\u027e \u2016]<br>[p\u0259\u027e.j\u025b.t\u0259 a.i d\u0254 t\u0259 kuj.t\u0254.h\u025bt]<br>[mbi \u00f0\u031f\u025b | n\u0259n \u00f0\u031f\u025b si \u0272\u0259 \u0283\u025b\u0272.t\u0254\u027e \u2016] \ud834\udd07<sup><a href=\"https:\/\/en.wikipedia.org\/wiki\/Himni_i_Flamurit#cite_note-6\">[b]<\/a><\/sup><\/td><td>Around our&nbsp;<a href=\"https:\/\/en.wikipedia.org\/wiki\/Flag_of_Albania\">flag<\/a>&nbsp;we stand united,<br>With one wish and one goal,<br>A sacred oath we bestow upon it<br>Proclaiming loyalty for our salvation.<br>\ud834\udd06 From war abstains only he,<br>Who a traitor is born,<br>He who is a true man is not frightened,<br>But dies a warrior to the cause. \ud834\udd07<sup><a href=\"https:\/\/en.wikipedia.org\/wiki\/Himni_i_Flamurit#cite_note-repeat-3\">[a]<\/a><\/sup><br><br>With weapons in our hands a-brandished,<br>We will&nbsp;<a href=\"https:\/\/en.wikipedia.org\/wiki\/List_of_wars_involving_Albania\">defend our fatherland<\/a>,<br>Our sacred rights we\u2019ll not relinquish,<br>The foe has no place in our land.<br>\ud834\udd06 For&nbsp;<a href=\"https:\/\/en.wikipedia.org\/wiki\/God\">God<\/a>&nbsp;himself proclaimed:<br>The nations of the earth shall wane,<br>And yet will live, will thrive&nbsp;<a href=\"https:\/\/en.wikipedia.org\/wiki\/Albania\">Albania<\/a>.<br>For you, for you we fight. \ud834\udd07<br><br>O Flag, flag, you sacred symbol<br>Upon you we now swear<br>For Albania, our dear fatherland<br>For honour and your glory.<br>\ud834\udd06 Brave man is named and honoured<br>The one who sacrificed himself for the fatherland<br>Forever he will be remembered<br>On earth and under as a saint! \ud834\udd07<sup><a href=\"https:\/\/en.wikipedia.org\/wiki\/Himni_i_Flamurit#cite_note-albcan-5\">[4]<\/a><\/sup><\/td><\/tr><\/tbody><\/table><\/figure>\n","protected":false},"excerpt":{"rendered":"<p>REGIONAL UPDATES Albanian original IPA&nbsp;transcription English&nbsp;translation Rreth flamurit t\u00eb p\u00ebrbashkuarMe nj\u00eb d\u00ebshir\u00eb e nj\u00eb q\u00ebllim,T\u00eb gjith&#8217; atij duke u betuarT\u00eb lidhim bes\u00ebn p\u00ebr shp\u00ebtim.\ud834\udd06 Prej lufte ve\u00e7 ay largohetQ\u00eb \u00ebsht\u00eb lindur tradh\u00ebtor,Kush \u00ebsht\u00eb burr\u00eb nuk frikohet,Por vdes, por vdes si nj\u00eb d\u00ebshmor! \ud834\udd07[a] N\u00eb dor\u00eb arm\u00ebt do t&#8217;i mbajm\u00eb,T\u00eb mbrojm\u00eb atdheun n\u00eb \u00e7do k\u00ebnd,T\u00eb drejtat&hellip;<\/p>\n","protected":false},"author":1,"featured_media":0,"parent":366,"menu_order":0,"comment_status":"closed","ping_status":"closed","template":"","meta":{"footnotes":""},"class_list":["post-415","page","type-page","status-publish","hentry"],"_links":{"self":[{"href":"https:\/\/www.sadeora.com\/sky_dome\/the-future-planet\/wp-json\/wp\/v2\/pages\/415","targetHints":{"allow":["GET"]}}],"collection":[{"href":"https:\/\/www.sadeora.com\/sky_dome\/the-future-planet\/wp-json\/wp\/v2\/pages"}],"about":[{"href":"https:\/\/www.sadeora.com\/sky_dome\/the-future-planet\/wp-json\/wp\/v2\/types\/page"}],"author":[{"embeddable":true,"href":"https:\/\/www.sadeora.com\/sky_dome\/the-future-planet\/wp-json\/wp\/v2\/users\/1"}],"replies":[{"embeddable":true,"href":"https:\/\/www.sadeora.com\/sky_dome\/the-future-planet\/wp-json\/wp\/v2\/comments?post=415"}],"version-history":[{"count":0,"href":"https:\/\/www.sadeora.com\/sky_dome\/the-future-planet\/wp-json\/wp\/v2\/pages\/415\/revisions"}],"up":[{"embeddable":true,"href":"https:\/\/www.sadeora.com\/sky_dome\/the-future-planet\/wp-json\/wp\/v2\/pages\/366"}],"wp:attachment":[{"href":"https:\/\/www.sadeora.com\/sky_dome\/the-future-planet\/wp-json\/wp\/v2\/media?parent=415"}],"curies":[{"name":"wp","href":"https:\/\/api.w.org\/{rel}","templated":true}]}}