{"id":411,"date":"2019-05-06T19:08:12","date_gmt":"2019-05-07T00:08:12","guid":{"rendered":"https:\/\/www.sadeora.com\/sky_dome\/the-future-planet\/?page_id=411"},"modified":"2024-08-21T02:59:22","modified_gmt":"2024-08-21T07:59:22","slug":"belarus","status":"publish","type":"page","link":"https:\/\/www.sadeora.com\/sky_dome\/the-future-planet\/felicitation-centers\/belarus\/","title":{"rendered":"Belarus"},"content":{"rendered":"\n<figure>\n<figure id=\"attachment_639\" aria-describedby=\"caption-attachment-639\" style=\"width: 300px\" class=\"wp-caption alignleft\"><a href=\"https:\/\/en.wikipedia.org\/wiki\/Belarus\"><img loading=\"lazy\" decoding=\"async\" src=\"https:\/\/www.sadeora.com\/sky_dome\/the-future-planet\/wp-content\/uploads\/2019\/10\/belarus_round_icon_640-300x225.png\" alt=\"\" width=\"300\" height=\"225\" \/><\/a><figcaption id=\"caption-attachment-639\" class=\"wp-caption-text\"><strong>INFORMATION PAGE<\/strong><\/figcaption><\/figure><\/figure>\n\n\n\n<p><\/p>\n\n\n\n<figure class=\"wp-block-audio\"><audio controls src=\"https:\/\/www.sadeora.com\/sky_dome\/the-future-planet\/wp-content\/uploads\/2024\/08\/Anthem-belarus-2002-instr-standard_2004.ogg\"><\/audio><\/figure>\n\n\n\n<p><\/p>\n\n\n\n<p><\/p>\n\n\n\n<figure class=\"wp-block-table\"><table class=\"has-fixed-layout\"><tbody><tr><th><a href=\"https:\/\/en.wikipedia.org\/wiki\/Belarusian_language\">Belarusian<\/a>&nbsp;original<sup><a href=\"https:\/\/en.wikipedia.org\/wiki\/My_Belarusy#cite_note-25\">[23]<\/a><\/sup><sup><a href=\"https:\/\/en.wikipedia.org\/wiki\/My_Belarusy#cite_note-26\">[24]<\/a><\/sup><\/th><th><a href=\"https:\/\/en.wikipedia.org\/wiki\/Belarusian_Latin_alphabet\">\u0141acinka<\/a><\/th><th><a href=\"https:\/\/en.wikipedia.org\/wiki\/International_Phonetic_Alphabet\">IPA<\/a>&nbsp;transcription<sup><a href=\"https:\/\/en.wikipedia.org\/wiki\/My_Belarusy#cite_note-27\">[c]<\/a><\/sup><\/th><\/tr><tr><td><strong>I<\/strong><br>\u041c\u044b, \u0431\u0435\u043b\u0430\u0440\u0443\u0441\u044b \u2013 \u043c\u0456\u0440\u043d\u044b\u044f \u043b\u044e\u0434\u0437\u0456,<br>\u0421\u044d\u0440\u0446\u0430\u043c \u0430\u0434\u0434\u0430\u043d\u044b\u044f \u0440\u043e\u0434\u043d\u0430\u0439 \u0437\u044f\u043c\u043b\u0456,<br>\u0428\u0447\u044b\u0440\u0430 \u0441\u044f\u0431\u0440\u0443\u0435\u043c, \u0441\u0456\u043b\u044b \u0433\u0430\u0440\u0442\u0443\u0435\u043c<br>\u041c\u044b \u045e \u043f\u0440\u0430\u0446\u0430\u0432\u0456\u0442\u0430\u0439, \u0432\u043e\u043b\u044c\u043d\u0430\u0439 \u0441\u044f\u043c\u2019\u0456.<br><br><strong>\u041f\u0440\u044b\u043f\u0435\u045e:<\/strong><br>\u0421\u043b\u0430\u045e\u0441\u044f, \u0437\u044f\u043c\u043b\u0456 \u043d\u0430\u0448\u0430\u0439 \u0441\u0432\u0435\u0442\u043b\u0430\u0435 \u0456\u043c\u044f,<br>\u0421\u043b\u0430\u045e\u0441\u044f, \u043d\u0430\u0440\u043e\u0434\u0430\u045e \u0431\u0440\u0430\u0442\u044d\u0440\u0441\u043a\u0456 \u0441\u0430\u044e\u0437!<br>\ud834\udd06 \u041d\u0430\u0448\u0430 \u043b\u044e\u0431\u0456\u043c\u0430\u044f \u043c\u0430\u0446\u0456-\u0420\u0430\u0434\u0437\u0456\u043c\u0430,<br>\u0412\u0435\u0447\u043d\u0430 \u0436\u044b\u0432\u0456 \u0456 \u043a\u0432\u0456\u0442\u043d\u0435\u0439, \u0411\u0435\u043b\u0430\u0440\u0443\u0441\u044c! \ud834\udd07<br><br><strong>II<\/strong><br>\u0420\u0430\u0437\u0430\u043c \u0437 \u0431\u0440\u0430\u0442\u0430\u043c\u0456 \u043c\u0443\u0436\u043d\u0430 \u0432\u044f\u043a\u0430\u043c\u0456<br>\u041c\u044b \u0431\u0430\u0440\u0430\u043d\u0456\u043b\u0456 \u0440\u043e\u0434\u043d\u044b \u043f\u0430\u0440\u043e\u0433,<br>\u0423 \u0431\u0456\u0442\u0432\u0430\u0445 \u0437\u0430 \u0432\u043e\u043b\u044e, \u0431\u0456\u0442\u0432\u0430\u0445 \u0437\u0430 \u0434\u043e\u043b\u044e<br>\u0421\u0432\u043e\u0439 \u0437\u0434\u0430\u0431\u044b\u0432\u0430\u043b\u0456 \u0441\u0446\u044f\u0433 \u043f\u0435\u0440\u0430\u043c\u043e\u0433!<br><br><em><strong>\u041f\u0440\u044b\u043f\u0435\u045e<\/strong><\/em><br><br><strong>III<\/strong><br>\u0414\u0440\u0443\u0436\u0431\u0430 \u043d\u0430\u0440\u043e\u0434\u0430\u045e \u2013 \u0441\u0456\u043b\u0430 \u043d\u0430\u0440\u043e\u0434\u0430\u045e \u2013<br>\u041d\u0430\u0448 \u0437\u0430\u043f\u0430\u0432\u0435\u0442\u043d\u044b, \u0441\u043e\u043d\u0435\u0447\u043d\u044b \u0448\u043b\u044f\u0445.<br>\u0413\u043e\u0440\u0434\u0430 \u0436 \u0443\u0437\u0432\u0456\u0441\u044f \u045e \u044f\u0441\u043d\u044b\u044f \u0432\u044b\u0441\u0456,<br>\u0421\u0446\u044f\u0433 \u043f\u0435\u0440\u0430\u043c\u043e\u0436\u043d\u044b \u2013 \u0440\u0430\u0434\u0430\u0441\u0446\u0456 \u0441\u0446\u044f\u0433!<br><br><em><strong>\u041f\u0440\u044b\u043f\u0435\u045e<\/strong><\/em><\/td><td><strong>I<\/strong><br>My, bie\u0142arusy \u2013 mirnyja ludzi,<br>Sercam addanyja rodnaj ziamli,<br>\u0160\u010dyra siabrujem, si\u0142y hartujem<br>My \u016d pracavitaj, volnaj siamji.<br><br><strong>Prypie\u016d:<\/strong><br>S\u0142a\u016dsia, ziamli na\u0161aj \u015bviet\u0142aje imia,<br>S\u0142a\u016dsia, naroda\u016d braterski sajuz!<br>\ud834\udd06 Na\u0161a lubimaja maci-Radzima,<br>Vie\u010dna \u017eyvi i kvitniej, Bie\u0142aru\u015b! \ud834\udd07<br><br><strong>II<\/strong><br>Razam z bratami mu\u017ena viakami<br>My baranili rodny paroh,<br>U bitvach za volu, bitvach za dolu<br>Svoj zdabyvali \u015bciah pieramoh!<br><br><em><strong>Prypie\u016d<\/strong><\/em><br><br><strong>III<\/strong><br>Dru\u017eba naroda\u016d \u2013 si\u0142a naroda\u016d \u2013<br>Na\u0161 zapavietny, sonie\u010dny \u0161lach.<br>Horda \u017e u\u017avisia \u016d jasnyja vysi,<br>Sciah pieramo\u017eny \u2013 rada\u015bci \u015bciah!<br><br><em><strong>Prypie\u016d<\/strong><\/em><\/td><td><strong>1<\/strong><br>[m\u0268 b\u02b2e\u031e.\u026b\u032a\u00e4.\u02c8ru.s\u032a\u0268 | \u02c8m\u02b2ir.n\u032a\u0268.j\u00e4 \u02c8l\u032a\u02b2.ud\u033b\u0361z\u032a\u02b2i]<br>[\u02c8s\u032ae\u031er.t\u033b\u0361s\u032a\u00e4m \u00e4d\u032a.\u02c8d\u032a\u00e4.n\u032a\u0268.j\u00e4 \u02c8ro\u031ed\u032a.n\u032a\u00e4j z\u032a\u02b2\u00e4m.\u02c8l\u032a\u02b2i \u2016]<br>[\u02c8\u0282\u0288\u0361\u0282\u0268.r\u00e4 s\u032a\u02b2\u00e4.\u02c8bru.je\u031em | \u02c8s\u032a\u02b2i.\u026b\u032a\u0268 \u0263\u00e4r.\u02c8t\u032au.je\u031em]<br>[m\u0268\u203fw pr\u00e4.t\u033b\u0361s\u032a\u00e4.\u02c8v\u02b2i.t\u032a\u00e4j | \u02c8vo\u031el\u032a\u02b2.n\u032a\u00e4j s\u032a\u02b2\u00e4m.\u02c8ji \u2016]<br><br><strong>[pr\u0268.\u02c8p\u02b2e\u031ew]<\/strong><br>[\u02c8s\u032a\u026b\u032a\u00e4w.s\u032a\u02b2\u00e4 z\u032a\u02b2\u00e4m.\u02c8l\u032a\u02b2i \u02c8n\u032a\u00e4.\u0282\u00e4j \u02c8s\u032a\u02b2v\u02b2e\u031et\u032a.\u026b\u032a\u00e4.je\u031e \u02c8i.m\u02b2\u00e4]<br>[\u02c8s\u032a\u026b\u032a\u00e4w.s\u032a\u02b2\u00e4 n\u032a\u00e4.\u02c8ro\u031e.d\u032a\u00e4w br\u00e4.\u02c8t\u032ae\u031er.s\u032ak\u02b2i s\u032a\u00e4.\u02c8jus\u032a \u2016]<br>\ud834\udd06 [\u02c8n\u032a\u00e4.\u0282\u00e4 l\u032a\u02b2u.\u02c8b\u02b2i.m\u00e4.j\u00e4 \u02c8m\u00e4.t\u033b\u0361s\u032a\u02b2i r\u00e4.\u02c8d\u033b\u0361z\u032a\u02b2i.m\u00e4]<br>[\u02c8v\u02b2e\u031e\u0288\u0361\u0282.n\u032a\u00e4 \u0290\u0268.\u02c8v\u02b2i ji kv\u02b2it\u032a.\u02c8n\u032a\u02b2e\u031ej b\u02b2e\u031e.\u026b\u032a\u00e4.\u02c8rus\u032a\u02b2 \u2016] \ud834\udd07<br><br><strong>2<\/strong><br>[\u02c8r\u00e4.z\u032a\u00e4m z\u032a\u203fbr\u00e4.\u02c8t\u032a\u00e4.m\u02b2i \u02c8mu\u0290.n\u032a\u00e4 v\u02b2\u00e4.\u02c8k\u00e4.m\u02b2i]<br>[m\u0268 b\u00e4.r\u00e4.\u02c8n\u032a\u02b2i.l\u032a\u02b2i \u02c8ro\u031ed\u032a.n\u032a\u0268 p\u00e4.\u02c8ro\u031ex \u2016]<br>[\u02c8\u03b2\u203fb\u02b2it\u032a.va\u0263\u203fz\u032a\u00e4 \u02c8vo\u031e.l\u032a\u02b2u | \u02c8b\u02b2it\u032a.va\u0263\u203fz\u032a\u00e4 \u02c8d\u032ao\u031e.l\u032a\u02b2u]<br>[s\u032avo\u031ej z\u032ad\u032a\u00e4.b\u0268.\u02c8v\u00e4.l\u032a\u02b2i s\u032a\u02b2t\u033b\u0361s\u032a\u02b2\u00e4x pe\u031e.r\u00e4.\u02c8mo\u031ex \u2016]<br><br><strong>[pr\u0268.\u02c8p\u02b2e\u031ew]<\/strong><br><br><strong>3<\/strong><br>[\u02c8d\u032aru\u0290.b\u00e4 n\u032a\u00e4.\u02c8ro\u031e.d\u032a\u00e4w \u02c8s\u032a\u02b2i.\u026b\u032a\u00e4 n\u032a\u00e4.\u02c8ro\u031e.d\u032a\u00e4w]<br>[n\u032a\u00e4\u0290\u203fz\u032a\u00e4.p\u00e4.\u02c8v\u02b2e\u031et\u032a.n\u032a\u0268 \u02c8s\u032ao\u031e.n\u032a\u02b2e\u031e\u0288\u0361\u0282.n\u032a\u0268 \u0282l\u032a\u02b2\u00e4x \u2016]<br>[\u02c8\u0263o\u031er.d\u032a\u00e4 \u0290\u203fuz\u032a\u02b2.\u02c8v\u02b2i.s\u032a\u02b2\u00e4\u203fw \u02c8j\u00e4s\u032a.n\u032a\u0268.j\u00e4 \u02c8v\u0268.s\u032a\u02b2i]<br>[s\u032a\u02b2t\u033b\u0361s\u032a\u02b2\u00e4x p\u02b2e\u031e.r\u00e4.\u02c8mo\u031e.\u0290n\u032a\u0268 \u02c8r\u00e4.d\u032a\u00e4s\u032a\u02b2.t\u033b\u0361s\u032a\u02b2i s\u032a\u02b2t\u033b\u0361s\u032a\u02b2\u00e4x \u2016]<br><br><strong>[pr\u0268.\u02c8p\u02b2e\u031ew]<\/strong><\/td><\/tr><\/tbody><\/table><\/figure>\n\n\n\n<h3 class=\"wp-block-heading\" id=\"Translations\">Translations<\/h3>\n\n\n\n[<a href=\"https:\/\/en.wikipedia.org\/w\/index.php?title=My_Belarusy&amp;action=edit&amp;section=14\">edit<\/a>]\n\n\n\n<figure class=\"wp-block-table\"><table class=\"has-fixed-layout\"><tbody><tr><th><a href=\"https:\/\/en.wikipedia.org\/wiki\/Russian_language\">Russian<\/a>&nbsp;lyrics<sup><a href=\"https:\/\/en.wikipedia.org\/wiki\/My_Belarusy#cite_note-28\">[25]<\/a><\/sup><sup><a href=\"https:\/\/en.wikipedia.org\/wiki\/My_Belarusy#cite_note-29\">[d]<\/a><\/sup><\/th><th><a href=\"https:\/\/en.wikipedia.org\/wiki\/%C5%81acinka\">\u0141acinka<\/a><\/th><th>English translation<\/th><\/tr><tr><td><strong>I<\/strong><br>\u041c\u044b, \u0431\u0435\u043b\u043e\u0440\u0443\u0441\u044b \u2013 \u043c\u0438\u0440\u043d\u044b\u0435 \u043b\u044e\u0434\u0438,<br>\u0421\u0435\u0440\u0434\u0446\u0435\u043c \u043f\u0440\u0435\u0434\u0430\u043d\u043d\u044b\u0435 \u0440\u043e\u0434\u043d\u043e\u0439 \u0437\u0435\u043c\u043b\u0435.<br>\u0418\u0441\u043a\u0440\u0435\u043d\u043d\u0435 \u0434\u0440\u0443\u0436\u0438\u043c, \u0441\u0438\u043b\u044b \u0437\u0430\u043a\u0430\u043b\u044f\u0435\u043c,<br>\u041c\u044b \u0432 \u0442\u0440\u0443\u0434\u043e\u043b\u044e\u0431\u0438\u0432\u043e\u0439, \u0441\u0432\u043e\u0431\u043e\u0434\u043d\u043e\u0439 \u0441\u0435\u043c\u044c\u0435.<br><br><strong>\u041f\u0440\u0438\u043f\u0435\u0432:<\/strong><br>\u0421\u043b\u0430\u0432\u044c\u0441\u044f, \u0437\u0435\u043c\u043b\u0438 \u043d\u0430\u0448\u0435\u0439 \u0441\u0432\u0435\u0442\u043b\u043e\u0435 \u0438\u043c\u044f,<br>\u0421\u043b\u0430\u0432\u044c\u0441\u044f, \u043d\u0430\u0440\u043e\u0434\u043e\u0432 \u0431\u0440\u0430\u0442\u0441\u043a\u0438\u0439 \u0441\u043e\u044e\u0437!<br>\ud834\udd06 \u041d\u0430\u0448\u0430 \u043b\u044e\u0431\u0438\u043c\u0430\u044f \u043c\u0430\u0442\u044c-\u041e\u0442\u0447\u0438\u0437\u043d\u0430,<br>\u0412\u0435\u0447\u043d\u043e \u0436\u0438\u0432\u0438 \u0438 \u0446\u0432\u0435\u0442\u0438, \u0411\u0435\u043b\u0430\u0440\u0443\u0441\u044c! \ud834\udd07<br><br><strong>II<\/strong><br>\u0412\u043c\u0435\u0441\u0442\u0435 \u0441 \u0431\u0440\u0430\u0442\u044c\u044f\u043c\u0438 \u0445\u0440\u0430\u0431\u0440\u043e \u0432\u0435\u043a\u0430\u043c\u0438<br>\u041c\u044b \u0437\u0430\u0449\u0438\u0449\u0430\u043b\u0438 \u0440\u043e\u0434\u043d\u043e\u0439 \u043f\u043e\u0440\u043e\u0433,<br>\u0412 \u0431\u0438\u0442\u0432\u0430\u0445 \u0437\u0430 \u0432\u043e\u043b\u044e, \u0431\u0438\u0442\u0432\u0430\u0445 \u0437\u0430 \u0434\u043e\u043b\u044e<br>\u0421\u0432\u043e\u0451 \u0434\u043e\u0431\u044b\u0432\u0430\u043b\u0438 \u0437\u043d\u0430\u043c\u044f \u043f\u043e\u0431\u0435\u0434!<br><br><em><strong>\u041f\u0440\u0438\u043f\u0435\u0432<\/strong><\/em><br><br><strong>III<\/strong><br>\u0414\u0440\u0443\u0436\u0431\u0430 \u043d\u0430\u0440\u043e\u0434\u043e\u0432 \u2013 \u0441\u0438\u043b\u0430 \u043d\u0430\u0440\u043e\u0434\u043e\u0432 \u2013<br>\u041d\u0430\u0448 \u0437\u0430\u0432\u0435\u0442\u043d\u044b\u0439, \u0441\u043e\u043b\u043d\u0435\u0447\u043d\u044b\u0439 \u043f\u0443\u0442\u044c.<br>\u0413\u043e\u0440\u0434\u043e \u0436 \u0432\u043e\u0437\u0432\u0435\u0439\u0441\u044f \u0432 \u044f\u0441\u043d\u044b\u0435 \u0432\u044b\u0441\u0438,<br>\u0417\u043d\u0430\u043c\u044f \u043f\u043e\u0431\u0435\u0434\u043d\u043e\u0435 \u2013 \u0440\u0430\u0434\u043e\u0441\u0442\u0438 \u0444\u043b\u0430\u0433!<br><br><em><strong>\u041f\u0440\u0438\u043f\u0435\u0432<\/strong><\/em><\/td><td><strong>I<\/strong><br>My, bie\u0142arusy \u2013 mirnyje ludzi,<br>Serdcem predannyje radnoj ziemle.<br>Iskrennie dru\u017eym, si\u0142y zakalajem,<br>My \u016d trudalubivaj, svabodnaj siemje.<br><br><strong>Prypie\u016d:<\/strong><br>S\u0142a\u016dsia, ziemli na\u0161ej \u015bviet\u0142aje imia,<br>S\u0142a\u016dsia, naroda\u016d bratskij sajuz!<br>\ud834\udd06 Na\u0161a lubimaja ma\u0107-At\u010dizna,<br>Vie\u010dna \u017eyvi i \u0107vieci, Bie\u0142aru\u015b! \ud834\udd07<br><br><strong>II<\/strong><br>Vmie\u015bcie z bra\u0107jami chrabro viekami<br>My za\u0161\u010di\u0161\u010dali radnoj paroh,<br>\u016c bitvach za volu, bitvach za dolu<br>Svajo dabyvali znamia pabied!<br><br><em><strong>Prypie\u016d<\/strong><\/em><br><br><strong>III<\/strong><br>Dru\u017eba naroda\u016d \u2013 si\u0142a naroda\u016d \u2013<br>Na\u0161 zavietnyj, so\u0142nie\u010dnyj pu\u0107.<br>Horda \u017e va\u017aviejsia \u016d jasnyje vysi,<br>Znamia pabiednaje \u2013 rada\u015bci f\u0142ah!<br><br><em><strong>Prypie\u016d<\/strong><\/em><\/td><td><strong>I<\/strong><br>We,&nbsp;<a href=\"https:\/\/en.wikipedia.org\/wiki\/Belarusians\">Belarusians<\/a>, are peaceful people,<br>Wholeheartedly devoted to&nbsp;<a href=\"https:\/\/en.wikipedia.org\/wiki\/Belarus\">our Motherland<\/a>.<br>We are faithful friends, growing up<br>Living in a hardworking and independent family.<br><br><strong>Chorus:<\/strong><br>Glory to the blessed name of our land,<br>Glory to the brotherly union of peoples!<br>\ud834\udd06 Our dearly beloved Motherland,<br>May you live long and prosper, Belarus! \ud834\udd07<br><br><strong>II<\/strong><br>Together with our brothers, we for&nbsp;<a href=\"https:\/\/en.wikipedia.org\/wiki\/History_of_Belarus\">centuries<\/a><br>Courageously defended our home&#8217;s threshold.<br><a href=\"https:\/\/en.wikipedia.org\/wiki\/List_of_wars_involving_Belarus\">In battles for freedom, and battles for our lot<\/a><br>We have won our banners of victory!<br><br><em><strong>Chorus<\/strong><\/em><br><br><strong>III<\/strong><br>Friendship of peoples is the strength of peoples<br>And it is our sacred sunlit path.<br>Proudly we fly in the clear blue skies,<br>The&nbsp;<a href=\"https:\/\/en.wikipedia.org\/wiki\/Victory_Banner_(Soviet_Union)\">banner of victory<\/a>&nbsp;is the&nbsp;<a href=\"https:\/\/en.wikipedia.org\/wiki\/Flag_of_Belarus\">flag of sunshine<\/a>!<br><br><em><strong>Chorus<\/strong><\/em><\/td><\/tr><\/tbody><\/table><\/figure>\n\n\n\n<p><\/p>\n","protected":false},"excerpt":{"rendered":"<p>Belarusian&nbsp;original[23][24] \u0141acinka IPA&nbsp;transcription[c] I\u041c\u044b, \u0431\u0435\u043b\u0430\u0440\u0443\u0441\u044b \u2013 \u043c\u0456\u0440\u043d\u044b\u044f \u043b\u044e\u0434\u0437\u0456,\u0421\u044d\u0440\u0446\u0430\u043c \u0430\u0434\u0434\u0430\u043d\u044b\u044f \u0440\u043e\u0434\u043d\u0430\u0439 \u0437\u044f\u043c\u043b\u0456,\u0428\u0447\u044b\u0440\u0430 \u0441\u044f\u0431\u0440\u0443\u0435\u043c, \u0441\u0456\u043b\u044b \u0433\u0430\u0440\u0442\u0443\u0435\u043c\u041c\u044b \u045e \u043f\u0440\u0430\u0446\u0430\u0432\u0456\u0442\u0430\u0439, \u0432\u043e\u043b\u044c\u043d\u0430\u0439 \u0441\u044f\u043c\u2019\u0456. \u041f\u0440\u044b\u043f\u0435\u045e:\u0421\u043b\u0430\u045e\u0441\u044f, \u0437\u044f\u043c\u043b\u0456 \u043d\u0430\u0448\u0430\u0439 \u0441\u0432\u0435\u0442\u043b\u0430\u0435 \u0456\u043c\u044f,\u0421\u043b\u0430\u045e\u0441\u044f, \u043d\u0430\u0440\u043e\u0434\u0430\u045e \u0431\u0440\u0430\u0442\u044d\u0440\u0441\u043a\u0456 \u0441\u0430\u044e\u0437!\ud834\udd06 \u041d\u0430\u0448\u0430 \u043b\u044e\u0431\u0456\u043c\u0430\u044f \u043c\u0430\u0446\u0456-\u0420\u0430\u0434\u0437\u0456\u043c\u0430,\u0412\u0435\u0447\u043d\u0430 \u0436\u044b\u0432\u0456 \u0456 \u043a\u0432\u0456\u0442\u043d\u0435\u0439, \u0411\u0435\u043b\u0430\u0440\u0443\u0441\u044c! \ud834\udd07 II\u0420\u0430\u0437\u0430\u043c \u0437 \u0431\u0440\u0430\u0442\u0430\u043c\u0456 \u043c\u0443\u0436\u043d\u0430 \u0432\u044f\u043a\u0430\u043c\u0456\u041c\u044b \u0431\u0430\u0440\u0430\u043d\u0456\u043b\u0456 \u0440\u043e\u0434\u043d\u044b \u043f\u0430\u0440\u043e\u0433,\u0423 \u0431\u0456\u0442\u0432\u0430\u0445 \u0437\u0430 \u0432\u043e\u043b\u044e, \u0431\u0456\u0442\u0432\u0430\u0445 \u0437\u0430 \u0434\u043e\u043b\u044e\u0421\u0432\u043e\u0439 \u0437\u0434\u0430\u0431\u044b\u0432\u0430\u043b\u0456 \u0441\u0446\u044f\u0433 \u043f\u0435\u0440\u0430\u043c\u043e\u0433! \u041f\u0440\u044b\u043f\u0435\u045e III\u0414\u0440\u0443\u0436\u0431\u0430 \u043d\u0430\u0440\u043e\u0434\u0430\u045e \u2013&hellip;<\/p>\n","protected":false},"author":1,"featured_media":0,"parent":366,"menu_order":0,"comment_status":"closed","ping_status":"closed","template":"fullwidth.php","meta":{"footnotes":""},"class_list":["post-411","page","type-page","status-publish","hentry"],"_links":{"self":[{"href":"https:\/\/www.sadeora.com\/sky_dome\/the-future-planet\/wp-json\/wp\/v2\/pages\/411","targetHints":{"allow":["GET"]}}],"collection":[{"href":"https:\/\/www.sadeora.com\/sky_dome\/the-future-planet\/wp-json\/wp\/v2\/pages"}],"about":[{"href":"https:\/\/www.sadeora.com\/sky_dome\/the-future-planet\/wp-json\/wp\/v2\/types\/page"}],"author":[{"embeddable":true,"href":"https:\/\/www.sadeora.com\/sky_dome\/the-future-planet\/wp-json\/wp\/v2\/users\/1"}],"replies":[{"embeddable":true,"href":"https:\/\/www.sadeora.com\/sky_dome\/the-future-planet\/wp-json\/wp\/v2\/comments?post=411"}],"version-history":[{"count":0,"href":"https:\/\/www.sadeora.com\/sky_dome\/the-future-planet\/wp-json\/wp\/v2\/pages\/411\/revisions"}],"up":[{"embeddable":true,"href":"https:\/\/www.sadeora.com\/sky_dome\/the-future-planet\/wp-json\/wp\/v2\/pages\/366"}],"wp:attachment":[{"href":"https:\/\/www.sadeora.com\/sky_dome\/the-future-planet\/wp-json\/wp\/v2\/media?parent=411"}],"curies":[{"name":"wp","href":"https:\/\/api.w.org\/{rel}","templated":true}]}}