{"id":407,"date":"2019-05-06T19:07:14","date_gmt":"2019-05-07T00:07:14","guid":{"rendered":"https:\/\/www.sadeora.com\/sky_dome\/the-future-planet\/?page_id=407"},"modified":"2024-09-01T02:16:38","modified_gmt":"2024-09-01T07:16:38","slug":"iraq","status":"publish","type":"page","link":"https:\/\/www.sadeora.com\/sky_dome\/the-future-planet\/felicitation-centers\/iraq\/","title":{"rendered":"Iraq"},"content":{"rendered":"\n<figure>\n<figure id=\"attachment_726\" aria-describedby=\"caption-attachment-726\" style=\"width: 300px\" class=\"wp-caption alignnone\"><a href=\"https:\/\/www.sadeora.com\/sky_dome\/the-future-planet\/wp-content\/uploads\/2019\/10\/iraq_round_icon_640.png\"><img loading=\"lazy\" decoding=\"async\" src=\"https:\/\/www.sadeora.com\/sky_dome\/the-future-planet\/wp-content\/uploads\/2019\/10\/iraq_round_icon_640-300x225.png\" alt=\"\" width=\"300\" height=\"225\" \/><\/a><figcaption id=\"caption-attachment-726\" class=\"wp-caption-text\"><strong>INFORMATION PAGE<\/strong><\/figcaption><\/figure><\/figure>\n\n\n\n<p><\/p>\n\n\n\n<figure class=\"wp-block-audio\"><audio controls src=\"https:\/\/www.sadeora.com\/sky_dome\/the-future-planet\/wp-content\/uploads\/2024\/09\/Iraqi_national_anthem_performed_by_the_U.S._Navy_Band.wav\"><\/audio><\/figure>\n\n\n\n<p><\/p>\n\n\n\n<figure class=\"wp-block-table\"><table class=\"has-fixed-layout\"><tbody><tr><th>Arabic original<sup><a href=\"https:\/\/en.wikipedia.org\/wiki\/Mawtini#cite_note-SchoolArabia-12\">[12]<\/a><\/sup><sup><a href=\"https:\/\/en.wikipedia.org\/wiki\/Mawtini#cite_note-13\">[13]<\/a><\/sup><\/th><th><a href=\"https:\/\/en.wikipedia.org\/wiki\/Romanization_of_Arabic\">Transliteration<\/a><\/th><th><a href=\"https:\/\/en.wikipedia.org\/wiki\/International_Phonetic_Alphabet\">IPA<\/a>&nbsp;transcription<sup><a href=\"https:\/\/en.wikipedia.org\/wiki\/Mawtini#cite_note-14\">[a]<\/a><\/sup><\/th><th>English translation<sup><a href=\"https:\/\/en.wikipedia.org\/wiki\/Mawtini#cite_note-15\">[14]<\/a><\/sup><sup><a href=\"https:\/\/en.wikipedia.org\/wiki\/Mawtini#cite_note-16\">[15]<\/a><\/sup><\/th><\/tr><tr><td><strong>\u0661<\/strong><br>\u0645\u064e\u0648\u0652\u0637\u0650\u0646\u0650\u064a\u0652 \u0645\u064e\u0648\u0652\u0637\u0650\u0646\u0650\u064a\u0652<br>\u0627\u064e\u0644\u0652\u062c\u064e\u0644\u064e\u0627\u0644\u064f \u0648\u064e\u0627\u0644\u0652\u062c\u064e\u0645\u064e\u0627\u0644\u064f \u0648\u064e\u0627\u0644\u0633\u064e\u0651\u0646\u064e\u0627\u0621\u064f \u0648\u064e\u0627\u0644\u0652\u0628\u064e\u0647\u064e\u0627\u0621\u064f<br>\u0641\u0650\u064a\u0652 \u0631\u064f\u0628\u064e\u0627\u0643\u0652 \u0641\u0650\u064a\u0652 \u0631\u064f\u0628\u064e\u0627\u0643\u0652<br>\u0648\u064e\u0627\u0644\u0652\u062d\u064e\u064a\u064e\u0627\u0629\u064f \u0648\u064e\u0627\u0644\u0646\u064e\u0651\u062c\u064e\u0627\u0629\u064f \u0648\u064e\u0627\u0644\u0652\u0647\u064e\u0646\u064e\u0627\u0621\u064f \u0648\u064e\u0627\u0644\u0631\u064e\u0651\u062c\u064e\u0627\u0621\u064f<br>\u0641\u0650\u064a\u0652 \u0647\u064e\u0648\u064e\u0627\u0643\u0652 \u0641\u0650\u064a\u0652 \u0647\u064e\u0648\u064e\u0627\u0643\u0652<br>\u0647\u064e\u0644\u0652 \u0623\u064e\u0631\u064e\u0627\u0643\u0652 \u0647\u064e\u0644\u0652 \u0623\u064e\u0631\u064e\u0627\u0643\u0652<br>\ud834\udd07 \u0633\u064e\u0627\u0644\u0650\u0645\u0627\u064b \u0645\u064f\u0646\u064e\u0639\u064e\u0651\u0645\u0627\u064b \u0648\u064e \u063a\u064e\u0627\u0646\u0650\u0645\u0627\u064b \u0645\u064f\u0643\u064e\u0631\u064e\u0651\u0645\u0627\u064b \ud834\udd06<br>\u0647\u064e\u0644\u0652 \u0623\u064e\u0631\u064e\u0627\u0643\u0652 \u0641\u0650\u064a\u0652 \u0639\u064f\u0644\u064e\u0627\u0643\u0652<br>\u062a\u064e\u0628\u0652\u0644\u064f\u063a\u064f \u0627\u0644\u0633\u0650\u0651\u0645\u064e\u0627\u0643\u0652 \u062a\u064e\u0628\u0652\u0644\u064f\u063a\u064f \u0627\u0644\u0633\u0650\u0651\u0645\u064e\u0627\u0643\u0652<br>\u0645\u064e\u0648\u0652\u0637\u0650\u0646\u0650\u064a \u0645\u064e\u0648\u0652\u0637\u0650\u0646\u0650\u064a\u0652<br><br><strong>\u0662<\/strong><br>\u0645\u064e\u0648\u0652\u0637\u0650\u0646\u0650\u064a\u0652 \u0645\u064e\u0648\u0652\u0637\u0650\u0646\u0650\u064a\u0652<br>\u0627\u064e\u0644\u0634\u064e\u0651\u0628\u064e\u0627\u0628\u064f \u0644\u064e\u0646\u0652 \u064a\u064e\u0651\u0643\u0650\u0644\u064e\u0651 \u0647\u064e\u0645\u064f\u0651\u0647\u064f \u0623\u0646\u0652 \u064a\u064e\u0651\u0633\u0652\u062a\u064e\u0642\u0650\u0644\u064e\u0651<sup><a href=\"https:\/\/en.wikipedia.org\/wiki\/Mawtini#cite_note-tastaqilla-17\">[b]<\/a><\/sup><br>\u0623\u064e\u0648\u0652 \u064a\u064e\u0628\u0650\u064a\u0652\u062f \u0623\u064e\u0648\u0652 \u064a\u064e\u0628\u0650\u064a\u0652\u062f<br>\u0646\u064e\u0633\u0652\u062a\u064e\u0642\u0650\u064a\u0652 \u0645\u0650\u0646\u064e \u0627\u0644\u0631\u064e\u0651\u062f\u064e\u0649 \u0648\u064e\u0644\u064e\u0646\u0652 \u0646\u064e\u0651\u0643\u064f\u0648\u0652\u0646\u064e \u0644\u0650\u0644\u0652\u0639\u0650\u062f\u064e\u0649<br>\u0643\u064e\u0627\u0644\u0652\u0639\u064e\u0628\u0650\u064a\u0652\u062f \u0643\u064e\u0627\u0644\u0652\u0639\u064e\u0628\u0650\u064a\u0652\u062f<br>\u0644\u064e\u0627 \u0646\u064f\u0631\u0650\u064a\u0652\u062f \u0644\u064e\u0627 \u0646\u064f\u0631\u0650\u064a\u0652\u062f<br>\ud834\udd07 \u0630\u064f\u0644\u064e\u0651\u0646\u064e\u0627 \u0627\u0644\u0652\u0645\u064f\u0624\u064e\u0628\u064e\u0651\u062f\u064e\u0627 \u0648\u064e\u0639\u064e\u064a\u0652\u0634\u064e\u0646\u064e\u0627 \u0627\u0644\u0652\u0645\u064f\u0646\u064e\u0643\u064e\u0651\u062f\u064e\u0627 \ud834\udd06<sup><a href=\"https:\/\/en.wikipedia.org\/wiki\/Mawtini#cite_note-%E1%B8%8Eillun%C4%81-19\">[c]<\/a><\/sup><br>\u0644\u064e\u0627 \u0646\u064f\u0631\u0650\u064a\u0652\u062f \u0628\u064e\u0644\u0652 \u0646\u064f\u0639\u0650\u064a\u0652\u062f<br>\u0645\u064e\u062c\u0652\u062f\u064e\u0646\u064e\u0627 \u0627\u0644\u062a\u064e\u0651\u0644\u0650\u064a\u0652\u062f \u0645\u064e\u062c\u0652\u062f\u064e\u0646\u064e\u0627 \u0627\u0644\u062a\u064e\u0651\u0644\u0650\u064a\u0652\u062f<br>\u0645\u064e\u0648\u0652\u0637\u0650\u0646\u0650\u064a\u0652 \u0645\u064e\u0648\u0652\u0637\u0650\u0646\u0650\u064a\u0652<br><br><strong>\u0663<\/strong><br>\u0645\u064e\u0648\u0652\u0637\u0650\u0646\u0650\u064a\u0652 \u0645\u064e\u0648\u0652\u0637\u0650\u0646\u0650\u064a\u0652<br>\u0627\u064e\u0644\u0652\u062d\u064f\u0633\u064e\u0627\u0645\u064f \u0648\u064e \u0627\u0644\u0652\u064a\u064e\u0631\u064e\u0627\u0639\u064f \u0644\u064e\u0627 \u0627\u0644\u0652\u0643\u064e\u0644\u064e\u0627\u0645\u064f \u0648\u064e\u0627\u0644\u0646\u0650\u0651\u0632\u064e\u0627\u0639\u064f<br>\u0631\u064e\u0645\u0652\u0632\u064f\u0646\u064e\u0627 \u0631\u064e\u0645\u0652\u0632\u064f\u0646\u064e\u0627<br>\u0645\u064e\u062c\u0652\u062f\u064f\u0646\u064e\u0627 \u0648\u064e \u0639\u064e\u0647\u0652\u062f\u064f\u0646\u064e\u0627 \u0648\u064e\u0648\u064e\u0627\u062c\u0650\u0628\u064c \u0645\u0650\u0651\u0646\u064e \u0627\u0644\u0652\u0648\u064e\u0641\u064e\u0627\u0621<br>\u064a\u064e\u0647\u064f\u0632\u064f\u0651\u0646\u064e\u0627 \u064a\u064e\u0647\u064f\u0632\u064f\u0651\u0646\u064e\u0627<br>\u0639\u0650\u0632\u064f\u0651\u0646\u064e\u0627 \u0639\u0650\u0632\u064f\u0651\u0646\u064e\u0627<br>\ud834\udd07 \u063a\u064e\u0627\u064a\u064e\u0629\u064c \u062a\u064f\u0634\u064e\u0631\u0650\u0651\u0641\u064f \u0648\u064e \u0631\u064e\u0627\u064a\u064e\u0629\u064c \u062a\u064f\u0631\u064e\u0641\u0652\u0631\u0650\u0641\u064f \ud834\udd06<br>\u064a\u064e\u0627 \u0647\u064e\u0646\u064e\u0627\u0643\u0652 \u0641\u0650\u064a\u0652 \u0639\u064f\u0644\u064e\u0627\u0643\u0652<br>\u0642\u064e\u0627\u0647\u0650\u0631\u0627\u064b \u0639\u0650\u062f\u064e\u0627\u0643\u0652 \u0642\u064e\u0627\u0647\u0650\u0631\u0627\u064b \u0639\u0650\u062f\u064e\u0627\u0643\u0652<br>\u0645\u064e\u0648\u0652\u0637\u0650\u0646\u0650\u064a\u0652 \u0645\u064e\u0648\u0637\u0650\u0646\u0650\u064a\u0652<\/td><td>I<br>Maw\u1e6din\u012b maw\u1e6din\u012b<br>al-Jal\u0101lu wa-l-jam\u0101lu wa-s-san\u0101\u02beu wa-l-bah\u0101\u02beu<br>F\u012b rub\u0101k f\u012b rub\u0101k<br>Wa-l-\u1e25ay\u0101tu wa-n-naj\u0101tu wal-han\u0101\u02beu wa-r-raj\u0101\u02beu<br>F\u012b haw\u0101k f\u012b haw\u0101k<br>Hal \u02bear\u0101k hal \u02bear\u0101k<br>\ud834\udd06 S\u0101liman muna\u02bf\u02bfaman wa-\u0121\u0101niman mukarraman \ud834\udd07<br>Hal \u02bear\u0101k f\u012b \u02bful\u0101k<br>Tablu\u0121u s-sim\u0101k tablu\u0121u s-sim\u0101k<br>Maw\u1e6din\u012b maw\u1e6din\u012b<br><br><strong>II<\/strong><br>Maw\u1e6din\u012b maw\u1e6din\u012b<br>A\u0161-\u0161ab\u0101bu lan yakilla hammuhu \u02bean yastaqilla<sup><a href=\"https:\/\/en.wikipedia.org\/wiki\/Mawtini#cite_note-tastaqilla-17\">[b]<\/a><\/sup><br>\u02beAw yab\u012bd, \u02beaw yab\u012bd<br>Nastaq\u012b mina r-rad\u0101 wa-lan nak\u016bna li-l-\u02bfid\u0101\u02be<br>Ka-l-\u02bfab\u012bd, ka-l-\u02bfab\u012bd<br>L\u0101 nur\u012bd l\u0101 nur\u012bd<br>\ud834\udd06 \u1e0eullan\u0101 l-mu\u02beabbada wa \u02bfay\u0161an\u0101 l-munakkad\u0101 \ud834\udd07<br>L\u0101 nur\u012bd bal nu\u02bf\u012bd<br>Majdan\u0101 t-tal\u012bd majdan\u0101 t-tal\u012bd<br>Maw\u1e6din\u012b maw\u1e6din\u012b<br><br><strong>III<\/strong><br>Maw\u1e6din\u012b maw\u1e6din\u012b<br>Al-\u1e25us\u0101mu wa-l-yar\u0101\u02bfu l\u0101 l-kal\u0101mu wa-n-niz\u0101\u02bfu<br>Ramzun\u0101 ramzun\u0101<br>Majdun\u0101 wa \u02bfahdun\u0101 wa-w\u0101jibun mina l-waf\u0101\u02be<br>Yahuzzun\u0101 yahuzzun\u0101<br>\u02bfIzzun\u0101 \u02bfizzun\u0101<br>\ud834\udd06 \u0120\u0101yatun tu\u0161arrifu wa r\u0101yatun turafrifu \ud834\udd07<br>Y\u0101 han\u0101k f\u012b \u02bful\u0101k<br>Q\u0101hiran \u02bfid\u0101k q\u0101hir\u0101n \u02bfid\u0101k<br>Maw\u1e6din\u012b maw\u1e6din\u012b<br><\/td><td><strong>1<\/strong><br>[m\u0251w.t\u02e4\u026a.ni\u02d0 m\u0251w.t\u02e4\u026a.ni\u02d0]<br>[\u00e6l.d\u0361\u0292\u00e6.l\u00e6\u02d0.l\u028a w\u00e6\u203fl.d\u0361\u0292\u00e6.m\u00e6\u02d0.l\u028a w\u00e6\u203fs.s\u00e6.n\u00e6\u02d0.\u0294\u028a w\u00e6\u203fl.b\u00e6.h\u00e6\u02d0.\u0294\u028a]<br>[f\u026a\u02d0 r\u028a.b\u00e6\u02d0k f\u026a\u02d0 r\u028a.b\u00e6\u02d0k]<br>[w\u00e6\u203fl.\u0127\u0251.j\u00e6\u02d0.t\u028a w\u00e6\u203fn.n\u00e6.d\u0361\u0292\u00e6\u02d0.t\u028a w\u00e6\u203fl.h\u00e6.n\u00e6\u02d0.\u0294\u028a w\u0251\u203fr.r\u0251.d\u0361\u0292\u00e6\u02d0.\u0294\u028a]<br>[fi\u02d0 h\u00e6.w\u00e6\u02d0k fi\u02d0 h\u00e6.w\u00e6\u02d0k]<br>[h\u00e6l \u0294\u0251.r\u0251\u02d0k h\u00e6l \u0294\u0251.r\u0251\u02d0k]<br>\ud834\udd06 [s\u00e6\u02d0.li.m\u00e6n m\u028a.n\u0251\u0295.\u0295\u0251.m\u00e6n w\u0251 \u0263\u00e6\u02d0.ni.m\u00e6n m\u028a.k\u0251r.r\u0251.m\u00e6n] \ud834\udd07<br>[h\u00e6l \u0294\u0251.r\u0251\u02d0k fi\u02d0 \u0295\u028a.l\u00e6\u02d0k]<br>[t\u00e6b.l\u028a.\u0263u\u203fs.si.m\u00e6\u02d0k t\u00e6b.l\u028a.\u0263u\u203fs.si.m\u00e6\u02d0k]<br>[m\u0251w.t\u02e4\u026a.ni\u02d0 m\u0251w.t\u02e4\u026a.ni\u02d0]<br><br><strong>2<\/strong><br>[m\u0251w.t\u02e4\u026a.ni\u02d0 m\u0251w.t\u02e4\u026a.ni\u02d0]<br>[\u00e6\u0283.\u0283\u00e6.b\u00e6\u02d0.b\u028a l\u00e6n j\u00e6.k\u026al.l\u00e6 h\u00e6m.m\u028a.hu \u0294\u00e6n j\u00e6s.t\u0251.q\u026al.l\u00e6]<sup><a href=\"https:\/\/en.wikipedia.org\/wiki\/Mawtini#cite_note-tastaqilla-17\">[b]<\/a><\/sup><br>[\u0294\u0251w j\u00e6.bi\u02d0d \u0294\u0251w j\u00e6.bi\u02d0d]<br>[n\u00e6s.t\u0251.q\u026a\u02d0 mi.n\u00e6\u203fr.r\u0251.d\u00e6\u02d0 w\u0251 l\u00e6n n\u00e6.ku\u02d0.n\u00e6 l\u026a\u203fl.\u0295\u026a.d\u00e6\u02d0\u0294]<br>[k\u00e6\u203fl.\u0295\u0251.bi\u02d0d k\u00e6\u203fl.\u0295\u0251.bi\u02d0d]<br>[l\u00e6\u02d0 n\u028a.ri\u02d0d l\u00e6\u02d0 n\u028a.ri\u02d0d]<br>\ud834\udd06 [\u00f0\u028al.l\u00e6.n\u00e6\u02d0\u203fl.mu.\u0294\u00e6b.b\u00e6.d\u00e6 w\u0251 \u0295\u0251j.\u0283\u00e6.n\u00e6\u02d0\u203fl.m\u028a.n\u00e6k.k\u00e6.d\u00e6\u02d0] \ud834\udd07<br>[l\u00e6\u02d0 n\u028a.ri\u02d0d b\u00e6\u02d0l n\u028a.\u0295i\u02d0d]<br>[m\u00e6d\u0361\u0292.d\u00e6.n\u00e6\u02d0\u203ft.t\u00e6.li\u02d0d m\u00e6d\u0361\u0292.d\u00e6.n\u00e6\u02d0\u203ft.t\u00e6.li\u02d0d]<br>[m\u0251w.t\u02e4\u026a.ni\u02d0 m\u0251w.t\u02e4\u026a.ni\u02d0]<br><br><strong>3<\/strong><br>[m\u0251w.t\u02e4\u026a.ni\u02d0 m\u0251w.t\u02e4\u026a.ni\u02d0]<br>[\u00e6l.\u0127\u028a.s\u00e6\u02d0.m\u028a w\u00e6\u203fl.j\u0251.r\u0251\u02d0.\u0295\u028a l\u00e6\u02d0\u203fl.k\u00e6.l\u00e6\u02d0.m\u028a w\u00e6\u203fn.ni.z\u0251\u02d0.\u0295\u028a]<br>[r\u0251m.z\u028a.n\u00e6\u02d0 r\u0251m.z\u028a.n\u00e6\u02d0]<br>[m\u00e6d\u0361\u0292.d\u028a.n\u00e6\u02d0 w\u0251 \u0295\u0251h.d\u028a.n\u00e6\u02d0 w\u0251 w\u00e6\u02d0.d\u0361\u0292i.b\u028an mi.n\u00e6\u203fl.w\u0251.f\u00e6\u02d0\u0294]<br>[j\u00e6.h\u028az.z\u028a.n\u00e6\u02d0 j\u00e6.h\u028az.z\u028a.n\u00e6\u02d0]<br>[\u0295\u026az.z\u028an.n\u00e6\u02d0 \u0295\u026az.z\u028an.n\u00e6\u02d0]<br>\ud834\udd06 [\u0263\u0251\u02d0.j\u00e6.t\u028an t\u028a.\u0283\u0251r.r\u026a.fu w\u0251 r\u0251\u02d0.j\u00e6.t\u028an t\u028a.r\u0251f.r\u026a.f\u028a] \ud834\udd07<br>[j\u00e6\u02d0 h\u00e6.n\u00e6\u02d0k fi\u02d0 \u0295\u028a.l\u00e6\u02d0k]<br>[q\u0251\u02d0.h\u026a.r\u0251n \u0295\u026a.d\u00e6\u02d0k q\u0251\u02d0.h\u026a.r\u0251n \u0295\u026a.d\u00e6\u02d0k]<br>[m\u0251w.t\u02e4\u026a.ni\u02d0 m\u0251w.t\u02e4\u026a.ni\u02d0]<\/td><td><strong>I<\/strong><br>My homeland, my homeland,<br>Glory and beauty, sublimity and splendor<br>Are in your hills, are in your hills.<br>Life and deliverance, pleasure and hope<br>Are in your air, are in your air.<br>Will I see you, will I see you?<br>\ud834\udd06 Safely comforted and victoriously honored. \ud834\udd07<br>Will I see you in your eminence?<br>Reaching to the stars, reaching to the stars<br>My homeland, my homeland.<br><br><strong>II<\/strong><br>My homeland, my homeland,<br>The youth will not tire, their goal is your independence<br>Or they die, or they die.<br>We will drink from death, and will not be to our enemies<br>Like slaves, like slaves.<br>We do not want, we do not want<br>\ud834\udd06 An eternal humiliation, nor a miserable life. \ud834\udd07<br>We do not want, but we will bring back<br>Our storied glory, our storied glory.<br>My homeland, my homeland.<br><br><strong>III<\/strong><br>My homeland, my homeland,<br>The sword and the pen, not the talk nor the quarrel<br>Are our symbols, are our symbols.<br>Our glory and our covenant, and a faithful duty<br>Moves us, moves us.<br>Our glory, our glory,<br>\ud834\udd06 Is an honorable cause, and a waving flag. \ud834\udd07<br>O, behold you, in your eminence,<br>Victorious over your enemies, victorious over your enemies.<br>My homeland, my homeland!<\/td><\/tr><\/tbody><\/table><\/figure>\n","protected":false},"excerpt":{"rendered":"<p>Arabic original[12][13] Transliteration IPA&nbsp;transcription[a] English translation[14][15] \u0661\u0645\u064e\u0648\u0652\u0637\u0650\u0646\u0650\u064a\u0652 \u0645\u064e\u0648\u0652\u0637\u0650\u0646\u0650\u064a\u0652\u0627\u064e\u0644\u0652\u062c\u064e\u0644\u064e\u0627\u0644\u064f \u0648\u064e\u0627\u0644\u0652\u062c\u064e\u0645\u064e\u0627\u0644\u064f \u0648\u064e\u0627\u0644\u0633\u064e\u0651\u0646\u064e\u0627\u0621\u064f \u0648\u064e\u0627\u0644\u0652\u0628\u064e\u0647\u064e\u0627\u0621\u064f\u0641\u0650\u064a\u0652 \u0631\u064f\u0628\u064e\u0627\u0643\u0652 \u0641\u0650\u064a\u0652 \u0631\u064f\u0628\u064e\u0627\u0643\u0652\u0648\u064e\u0627\u0644\u0652\u062d\u064e\u064a\u064e\u0627\u0629\u064f \u0648\u064e\u0627\u0644\u0646\u064e\u0651\u062c\u064e\u0627\u0629\u064f \u0648\u064e\u0627\u0644\u0652\u0647\u064e\u0646\u064e\u0627\u0621\u064f \u0648\u064e\u0627\u0644\u0631\u064e\u0651\u062c\u064e\u0627\u0621\u064f\u0641\u0650\u064a\u0652 \u0647\u064e\u0648\u064e\u0627\u0643\u0652 \u0641\u0650\u064a\u0652 \u0647\u064e\u0648\u064e\u0627\u0643\u0652\u0647\u064e\u0644\u0652 \u0623\u064e\u0631\u064e\u0627\u0643\u0652 \u0647\u064e\u0644\u0652 \u0623\u064e\u0631\u064e\u0627\u0643\u0652\ud834\udd07 \u0633\u064e\u0627\u0644\u0650\u0645\u0627\u064b \u0645\u064f\u0646\u064e\u0639\u064e\u0651\u0645\u0627\u064b \u0648\u064e \u063a\u064e\u0627\u0646\u0650\u0645\u0627\u064b \u0645\u064f\u0643\u064e\u0631\u064e\u0651\u0645\u0627\u064b \ud834\udd06\u0647\u064e\u0644\u0652 \u0623\u064e\u0631\u064e\u0627\u0643\u0652 \u0641\u0650\u064a\u0652 \u0639\u064f\u0644\u064e\u0627\u0643\u0652\u062a\u064e\u0628\u0652\u0644\u064f\u063a\u064f \u0627\u0644\u0633\u0650\u0651\u0645\u064e\u0627\u0643\u0652 \u062a\u064e\u0628\u0652\u0644\u064f\u063a\u064f \u0627\u0644\u0633\u0650\u0651\u0645\u064e\u0627\u0643\u0652\u0645\u064e\u0648\u0652\u0637\u0650\u0646\u0650\u064a \u0645\u064e\u0648\u0652\u0637\u0650\u0646\u0650\u064a\u0652 \u0662\u0645\u064e\u0648\u0652\u0637\u0650\u0646\u0650\u064a\u0652 \u0645\u064e\u0648\u0652\u0637\u0650\u0646\u0650\u064a\u0652\u0627\u064e\u0644\u0634\u064e\u0651\u0628\u064e\u0627\u0628\u064f \u0644\u064e\u0646\u0652 \u064a\u064e\u0651\u0643\u0650\u0644\u064e\u0651 \u0647\u064e\u0645\u064f\u0651\u0647\u064f \u0623\u0646\u0652 \u064a\u064e\u0651\u0633\u0652\u062a\u064e\u0642\u0650\u0644\u064e\u0651[b]\u0623\u064e\u0648\u0652 \u064a\u064e\u0628\u0650\u064a\u0652\u062f \u0623\u064e\u0648\u0652 \u064a\u064e\u0628\u0650\u064a\u0652\u062f\u0646\u064e\u0633\u0652\u062a\u064e\u0642\u0650\u064a\u0652 \u0645\u0650\u0646\u064e \u0627\u0644\u0631\u064e\u0651\u062f\u064e\u0649 \u0648\u064e\u0644\u064e\u0646\u0652 \u0646\u064e\u0651\u0643\u064f\u0648\u0652\u0646\u064e \u0644\u0650\u0644\u0652\u0639\u0650\u062f\u064e\u0649\u0643\u064e\u0627\u0644\u0652\u0639\u064e\u0628\u0650\u064a\u0652\u062f \u0643\u064e\u0627\u0644\u0652\u0639\u064e\u0628\u0650\u064a\u0652\u062f\u0644\u064e\u0627 \u0646\u064f\u0631\u0650\u064a\u0652\u062f \u0644\u064e\u0627 \u0646\u064f\u0631\u0650\u064a\u0652\u062f\ud834\udd07&hellip;<\/p>\n","protected":false},"author":1,"featured_media":0,"parent":366,"menu_order":0,"comment_status":"closed","ping_status":"closed","template":"fullwidth.php","meta":{"footnotes":""},"class_list":["post-407","page","type-page","status-publish","hentry"],"_links":{"self":[{"href":"https:\/\/www.sadeora.com\/sky_dome\/the-future-planet\/wp-json\/wp\/v2\/pages\/407","targetHints":{"allow":["GET"]}}],"collection":[{"href":"https:\/\/www.sadeora.com\/sky_dome\/the-future-planet\/wp-json\/wp\/v2\/pages"}],"about":[{"href":"https:\/\/www.sadeora.com\/sky_dome\/the-future-planet\/wp-json\/wp\/v2\/types\/page"}],"author":[{"embeddable":true,"href":"https:\/\/www.sadeora.com\/sky_dome\/the-future-planet\/wp-json\/wp\/v2\/users\/1"}],"replies":[{"embeddable":true,"href":"https:\/\/www.sadeora.com\/sky_dome\/the-future-planet\/wp-json\/wp\/v2\/comments?post=407"}],"version-history":[{"count":0,"href":"https:\/\/www.sadeora.com\/sky_dome\/the-future-planet\/wp-json\/wp\/v2\/pages\/407\/revisions"}],"up":[{"embeddable":true,"href":"https:\/\/www.sadeora.com\/sky_dome\/the-future-planet\/wp-json\/wp\/v2\/pages\/366"}],"wp:attachment":[{"href":"https:\/\/www.sadeora.com\/sky_dome\/the-future-planet\/wp-json\/wp\/v2\/media?parent=407"}],"curies":[{"name":"wp","href":"https:\/\/api.w.org\/{rel}","templated":true}]}}