{"id":403,"date":"2019-05-06T19:06:13","date_gmt":"2019-05-07T00:06:13","guid":{"rendered":"https:\/\/www.sadeora.com\/sky_dome\/the-future-planet\/?page_id=403"},"modified":"2024-08-21T05:44:37","modified_gmt":"2024-08-21T10:44:37","slug":"cambodia","status":"publish","type":"page","link":"https:\/\/www.sadeora.com\/sky_dome\/the-future-planet\/felicitation-centers\/cambodia\/","title":{"rendered":"Cambodia"},"content":{"rendered":"\n<figure>\n<figure id=\"attachment_656\" aria-describedby=\"caption-attachment-656\" style=\"width: 300px\" class=\"wp-caption alignnone\"><a href=\"https:\/\/en.wikipedia.org\/wiki\/Cambodia\"><img loading=\"lazy\" decoding=\"async\" src=\"https:\/\/www.sadeora.com\/sky_dome\/the-future-planet\/wp-content\/uploads\/2019\/10\/cambodia_round_icon_640-300x225.png\" alt=\"\" width=\"300\" height=\"225\" \/><\/a><figcaption id=\"caption-attachment-656\" class=\"wp-caption-text\"><strong>INFORMATION PAGE<\/strong><\/figcaption><\/figure><\/figure>\n\n\n\n<p><\/p>\n\n\n\n<figure class=\"wp-block-audio\"><audio controls src=\"https:\/\/www.sadeora.com\/sky_dome\/the-future-planet\/wp-content\/uploads\/2024\/08\/United_States_Navy_Band_-_Nokoreach.ogg\"><\/audio><\/figure>\n\n\n\n<p><\/p>\n\n\n\n<figure class=\"wp-block-table\"><table class=\"has-fixed-layout\"><tbody><tr><th><a href=\"https:\/\/en.wikipedia.org\/wiki\/Khmer_language\">Khmer<\/a>&nbsp;original<\/th><th>UNGEGN&nbsp;<a href=\"https:\/\/en.wikipedia.org\/wiki\/Romanization_of_Khmer\">Romanisation<\/a><\/th><th><a href=\"https:\/\/en.wikipedia.org\/wiki\/International_Phonetic_Alphabet\">IPA<\/a>&nbsp;transcription<\/th><th>English translation<\/th><\/tr><tr><td><strong>I<\/strong><br>\u179f\u17bc\u1798\u1796\u17bd\u1780\u1791\u17c1\u1796\u17d2\u178f\u17b6 \u179a\u1780\u17d2\u179f\u17b6\u1798\u17a0\u17b6\u1780\u17d2\u179f\u178f\u17d2\u179a\u1799\u17be\u1784<br>\u17b1\u17d2\u1799\u1794\u17b6\u1793\u179a\u17bb\u1784\u179a\u17bf\u1784 \u178a\u17c4\u1799\u1787\u17d0\u1799\u1798\u1784\u17d2\u1782\u179b\u179f\u17b7\u179a\u17b8\u179f\u17bd\u179f\u17d2\u178f\u17b8<br>\u1799\u17be\u1784\u1781\u17d2\u1789\u17bb\u17c6\u1796\u17d2\u179a\u17c7\u17a2\u1784\u17d2\u1782 \u179f\u17bc\u1798\u1787\u17d2\u179a\u1780\u1780\u17d2\u179a\u17c4\u1798\u1798\u17d2\u179b\u1794\u17cb\u1796\u17d2\u179a\u17c7\u1794\u17b6\u179a\u1798\u17b8<br>\u1793\u17c3\u1796\u17d2\u179a\u17c7\u1793\u179a\u1794\u178f\u17b8\u179c\u1784\u17d2\u179f \u1780\u17d2\u179f\u178f\u17d2\u179a\u17b6\u178a\u17c2\u179b\u179f\u17b6\u1784\u1794\u17d2\u179a\u17b6\u179f\u17b6\u1791\u1790\u17d2\u1798<br>\u1782\u17d2\u179a\u1794\u17cb\u1782\u17d2\u179a\u1784\u178a\u17c2\u1793\u1781\u17d2\u1798\u17c2\u179a \u1794\u17bb\u179a\u17b6\u178e\u1790\u17d2\u1780\u17be\u1784\u1790\u17d2\u1780\u17b6\u1793 \u17d4<br><br><strong>II<\/strong><br>\u1794\u17d2\u179a\u17b6\u179f\u17b6\u1791\u179f\u17b7\u179b\u17b6 \u1780\u17c6\u1794\u17b6\u17c6\u1784\u1780\u178e\u17d2\u178f\u17b6\u179b\u1796\u17d2\u179a\u17c3<br>\u1782\u17bd\u179a\u17b1\u17d2\u1799\u179f\u17d2\u179a\u1798\u17c3 \u1793\u17b9\u1780\u178a\u179b\u17cb\u1799\u179f\u179f\u17d0\u1780\u17d2\u178f\u17b7\u1798\u17a0\u17b6\u1793\u1782\u179a<br>\u1787\u17b6\u178f\u17b7\u1781\u17d2\u1798\u17c2\u179a\u178a\u17bc\u1785\u1790\u17d2\u1798 \u1782\u1784\u17cb\u179c\u1784\u17d2\u179f\u1793\u17c5\u179b\u17d2\u17a2\u179a\u17b9\u1784\u1794\u17c9\u17b9\u1784\u1787\u17c6\u17a0\u179a<br>\u1799\u17be\u1784\u179f\u1784\u17d2\u1783\u17b9\u1798\u1796\u179a \u1797\u17d0\u1796\u17d2\u179c\u1796\u17d2\u179a\u17c1\u1784\u179f\u17c6\u178e\u17b6\u1784\u179a\u1794\u179f\u17cb\u1780\u1798\u17d2\u1796\u17bb\u1787\u17b6<br>\u1798\u17a0\u17b6\u179a\u178a\u17d2\u178b\u1780\u17be\u178f\u1798\u17b6\u1793 \u1799\u17bc\u179a\u17a2\u1784\u17d2\u179c\u17c2\u1784\u17a0\u17be\u1799 \u17d4<br><br><strong>III<\/strong><br>\u1782\u17d2\u179a\u1794\u17cb\u179c\u178f\u17d2\u178f\u17a2\u17b6\u179a\u17b6\u1798 \u17ae\u178f\u17c2\u179f\u17bc\u179a\u179f\u17d0\u1796\u17d2\u1791\u1792\u1798\u17cc<br>\u179f\u17bc\u178f\u17d2\u179a\u178a\u17c4\u1799\u17a2\u17c6\u178e\u179a \u179a\u17c6\u17ad\u1780\u1782\u17bb\u178e\u1796\u17bb\u1791\u17d2\u1792\u179f\u17b6\u179f\u1793\u17b6<br>\u1785\u17bc\u179a\u1799\u17be\u1784\u1787\u17b6\u17a2\u17d2\u1793\u1780 \u1787\u17bf\u1787\u17b6\u1780\u17cb\u179f\u17d2\u1798\u17c4\u17c7\u179f\u17d2\u1798\u17d0\u1782\u17d2\u179a\u178f\u17b6\u1798\u1794\u17c2\u1794\u178a\u17bc\u1793\u178f\u17b6<br>\u1782\u1784\u17cb\u178f\u17c2\u1791\u17c1\u179c\u178f\u17b6 \u1793\u17b9\u1784\u1787\u17bd\u1799\u1787\u17d2\u179a\u17c4\u1798\u1787\u17d2\u179a\u17c2\u1784\u1795\u17d2\u1782\u178f\u17cb\u1795\u17d2\u1782\u1784\u17cb\u1794\u17d2\u179a\u1799\u17c4\u1787\u1793\u17cd\u17b1\u17d2\u1799<br>\u178a\u179b\u17cb\u1794\u17d2\u179a\u1791\u17c1\u179f\u1781\u17d2\u1798\u17c2\u179a \u1787\u17b6\u1798\u17a0\u17b6\u1793\u1782\u179a \u17d4<\/td><td><strong>I<\/strong><br>Som pu\u014fk t\u00e9pda r\u00f4ksa m\u00f4haks\u00e2tr yeung<br>A\u00f4y ban r\u016dngr\u0153\u0103ng da\u00f4y chey m\u00f4ngk\u00f4l s\u0115ri su\u014fsdei<br>Yeung khnh\u016dm pre\u0103h \u00e2ngk som chr\u00f4k kra\u00f4m ml\u00f3b pre\u0103h bar\u00f4mi<br>Ney pre\u0103h n\u00f4rbtei v\u00f4ngs ks\u00e2tra d\u00eal sang prasat thm\u00e2<br>Kr\u00f3bkr\u00f4ng d\u00ean khm\u00ear b\u014fr\u00e9an thkaeungthkan<br><br><strong>II<\/strong><br>Prasat s\u0115l\u00e9a k\u00e2mb\u0103ng k\u00e2ndal prey<br>Ku\u014fr a\u00f4y sr\u00e2mey n\u0153\u0306k d\u00e1l y\u00f4ss\u0103k m\u00f4han\u00f4k\u00f4r<br>Ch\u00e9at\u0115 khm\u00ear doch thm\u00e2 k\u00f3ngv\u00f4ngs n\u014fu l\u2019\u00e2 r\u0153\u0306ng p\u0153\u0306ng ch\u016dmh\u00e2r<br>Yeung s\u00e2ngkh\u0153\u0306m p\u00f4r pho\u0103pv pr\u00e9ng s\u00e2mnang r\u00f4b\u00e1s k\u00e2mp\u016dch\u00e9a<br>M\u00f4har\u00f4dth kaeut m\u00e9an yu \u00e2ngv\u00eang haeuy<br><br><strong>III<\/strong><br>Kr\u00f3b v\u00f4tt ar\u00e9am l\u0153 t\u00ea so s\u0103pt th\u00f4rm<br>Sotr da\u00f4y \u00e2mn\u00e2r ruml\u0153\u0306k k\u016dn p\u016dtth\u00f4sasn\u00e9a<br>Chor yeung ch\u00e9a \u2018n\u00f4k ch\u0153\u0103che\u0103k sma\u00f4hsm\u0103kr tam b\u00eab donta<br>K\u00f3ng t\u00ea t\u00e9vta n\u0153\u0306ng chu\u014fy chro\u016dmchr\u00eang phk\u00f3tphk\u00f3ng pr\u00e2yo\u016dchn a\u00f4y<br>D\u00e1l pr\u00e2t\u00e9s khm\u00ear ch\u00e9a m\u00f4han\u00f4k\u00f4r<\/td><td><strong>1<\/strong><br>[sou\u032fm pu\u0259\u032fk\u031a te\u02d0p\u031a.\u0257a\u02d0 r\u0115\u0259\u032fk\u031a.sa\u02d0\u203fm(\u0254).ha\u02d0k\u031a.sat\u031a j\u0259\u02d0\u014b]<br>[\u0294ao\u032fj \u0253a\u02d0n ru\u014b.r\u0268\u0259\u032f\u014b \u0257ao\u032fj c\u0268j m\u0115\u0259\u032f\u014b.k\u0254\u02d0l s(\u0259)ri\u02d0 su\u0259\u032f.s\u0257\u0259j]<br>[j\u0259\u02d0\u014b k\u02b0\u0272om pr\u0115\u0259\u032fh.\u0294\u0251\u014b sou\u032fm cr\u0254\u02d0k\u031a krao\u032fm\u203fm.lup\u031a pr\u0115\u0259\u032fh \u0253a\u02d0.r\u0254\u02d0\u0294.m\u0259j]<br>[n\u0268j pr\u0115\u0259\u032fh n\u0254\u02d0r(u)p\u031a.p(\u0251)\u0257\u0259j \u028b\u016d\u0259\u032f\u014b k\u02b0sat\u031a.tra\u02d0 \u0257ae\u032fl sa\u02d0\u014b pra\u02d0.sa\u02d0t\u031a t\u02b0m\u0251\u02d0]<br>[krup\u031a.kr\u0254\u02d0\u014b \u0257ae\u032fn k\u02b0mae\u032f \u0253o.ra\u02d0n t\u02b0ka\u0259\u032f\u014b.t\u02b0ka\u02d0n]<br><br><strong>2<\/strong><br>[pra\u02d0.sa\u02d0t\u031a s\u0259j.la\u02d0 k\u0251m.\u0253a\u014b k\u0251n.\u0257a\u02d0l pr\u0268j]<br>[ku\u0259\u032f \u0294ao\u032fj sr\u0251.maj n\u0268k\u031a \u0257\u0251l j\u016d\u0259\u032fh.sak\u031a m(\u0254.)ha\u02d0.n\u0254.k\u0254\u02d0]<br>[ci\u0259\u032ft\u031a k\u02b0mae\u032f \u0257ou\u032fc\u031a t\u02b0m\u0251\u02d0 k\u0254\u014b.\u028b\u0254\u014b n\u0268w\u203fl.\u0294\u0251\u02d0 r\u0268\u014b.p\u0259\u014b cum.h\u0251\u02d0]<br>[j\u0259\u02d0\u014b s\u0251\u014b.k\u02b0\u0268m p\u0254\u02d0 p\u02b0\u014f\u0259\u032fp\u031a pre\u02d0\u014b s\u0251m.na\u02d0\u014b r(\u0254.)\u0253\u0251h kam.p(u.)ci\u0259\u032f]<br>[m(\u0254)ha\u02d0.r\u014f\u0259\u032ft\u031a ka\u0259\u032ft\u031a mi\u0259\u032fn ju\u02d0 \u0294\u0251\u014b.\u028ba\u0259\u032f\u014b ha\u0259\u032fj]<br><br><strong>3<\/strong><br>[krup\u031a \u028b\u014f\u0259\u032ft\u031a \u0294a\u02d0.ra\u02d0m l\u0268\u02d0 tae\u032f sou\u032f.sap\u031a t\u02b0\u0254\u0259\u032f]<br>[sou\u032ft\u031a \u0257ao\u032fj \u0294\u0251m.n\u0251\u02d0 rum.l\u0268k\u031a kun put\u031a.t\u02b0\u0115\u0259\u032f\u0294.sah.sna\u02d0]<br>[cou\u032f j\u0259\u02d0\u014b ci\u0259\u032f n\u0115\u0259\u032f\u0294 c\u0268\u0259\u032f.c\u0115\u0259\u032f\u0294 sm\u0251h.smak\u031a ta\u02d0m \u0253ae\u032fp\u031a \u0257ou\u032fn.ta\u02d0]<br>[k\u016d\u0259\u032f\u014b tae\u032f te\u02d0\u028b(\u0259).\u0257a\u02d0 n\u0268\u014b cu\u0259\u032fj cro\u02d0m.cr\u025b\u02d0\u014b p\u02b0k\u0254t\u031a.p\u02b0k\u0254\u014b pr\u0251.jao\u032fc\u031a \u0294ao\u032fj]<br>[\u0257\u0251l pr\u0251.te\u02d0h k\u02b0mae\u032f ci\u0259\u032f\u203fm(\u0254).ha\u02d0.n\u0254.k\u0254\u02d0]<\/td><td><strong>I<\/strong><br>May the Angels save our king<br>Granting him happiness and prosperity<br>We, his servants, wish to refuge under his completeness<br>Of sovereign&#8217;s line, ones being to build temples<br>Reigning over&nbsp;<a href=\"https:\/\/en.wikipedia.org\/wiki\/Khmer_Empire\">old Khmer&#8217;s glorious land<\/a>.<br><br><strong>II<\/strong><br>Temples of stone, hidden amid forests<br>Bethought of the mighty great kingdom triumphs<br>Khmer race stands tough and solid as eternal stone<br>We pray for the best upon Cambodia&#8217;s destiny<br>A grand nation&#8217;ve ever occurred for.<br><br><strong>III<\/strong><br>Dharma risen, up from monasteries<br>Chant with joy, commemorate of Buddhism<br>Let us be faithful to&nbsp;<a href=\"https:\/\/en.wikipedia.org\/wiki\/Buddhism\">our ancestors&#8217; belief<\/a><br>Assuredly, Angels will grant its bounty<br>Toward Khmer&#8217;s, the grand nation.<\/td><\/tr><\/tbody><\/table><\/figure>\n\n\n\n<p>Until the end of the&nbsp;<a href=\"https:\/\/en.wikipedia.org\/wiki\/French_protectorate_of_Cambodia\">French protectorate<\/a>, a fourth verse praising the friendship between the Khmer and the French people was sung:<\/p>\n\n\n\n<figure class=\"wp-block-table\"><table class=\"has-fixed-layout\"><tbody><tr><th>Khmer original<\/th><th>English translation<\/th><\/tr><tr><td><strong>IV<\/strong><br>\u1780\u17d2\u1793\u17bb\u1784\u1782\u17d2\u179a\u17b6\u1780\u17d2\u179f\u17c1\u1798\u1780\u17d2\u179f\u17b6\u1793\u17d2\u178f\u178a\u17bc\u1785\u1782\u17d2\u179a\u17b6\u1798\u17b6\u1793\u1785\u1798\u17d2\u1794\u17b6\u17c6\u1784<br>\u1780\u1798\u17d2\u1796\u17bb\u1787\u17b6\u1793\u17b7\u1784\u1794\u17b6\u179a\u17b6\u17c6\u1784 \u1787\u17b6\u1798\u17b7\u178f\u17d2\u178f\u179a\u17bd\u1798\u1785\u17b7\u178f\u17d2\u178f\u1798\u17bd\u1799<br>\u1799\u17c4\u1792\u17b6\u1780\u17d2\u179b\u17b6\u17a0\u17b6\u1793\u1794\u17b6\u1793\u1794\u1784\u17d2\u17a0\u17bc\u179a\u1788\u17b6\u1798\u178a\u17c4\u1799\u1780\u17d2\u178f\u17b8\u1791\u17bb\u1780\u17d2\u1781\u1796\u17d2\u179a\u17bd\u1799<br>\u1782\u1784\u17cb\u1798\u17b6\u1793\u1790\u17d2\u1784\u17c3\u1798\u17bd\u1799\u1793\u17b7\u1784\u1798\u17b6\u1793\u1787\u17bb\u17c6\u1793\u17c1\u17c7\u178a\u17bc\u1785\u178a\u17be\u1798\u179c\u17b7\u1789\u1796\u17bb\u17c6\u1781\u17b6\u1793<br>\u1796\u17bd\u1780\u1781\u17d2\u1798\u17c2\u179a\u1793\u17b7\u1784\u1794\u17b6\u1793\u1787\u17bd\u1794\u1787\u17bb\u17c6\u1782\u17d2\u1793\u17b6\u179c\u17b7\u1789<\/td><td><strong>IV<\/strong>In peace and in battle<br>Cambodia was the friend of France<br>The blood of their heroes was not shed in vain<br>Because a day will dawn that will see the triumph<br>As well as the union of all Khmers<\/td><\/tr><\/tbody><\/table><\/figure>\n\n\n\n<p><\/p>\n","protected":false},"excerpt":{"rendered":"<p>Khmer&nbsp;original UNGEGN&nbsp;Romanisation IPA&nbsp;transcription English translation I\u179f\u17bc\u1798\u1796\u17bd\u1780\u1791\u17c1\u1796\u17d2\u178f\u17b6 \u179a\u1780\u17d2\u179f\u17b6\u1798\u17a0\u17b6\u1780\u17d2\u179f\u178f\u17d2\u179a\u1799\u17be\u1784\u17b1\u17d2\u1799\u1794\u17b6\u1793\u179a\u17bb\u1784\u179a\u17bf\u1784 \u178a\u17c4\u1799\u1787\u17d0\u1799\u1798\u1784\u17d2\u1782\u179b\u179f\u17b7\u179a\u17b8\u179f\u17bd\u179f\u17d2\u178f\u17b8\u1799\u17be\u1784\u1781\u17d2\u1789\u17bb\u17c6\u1796\u17d2\u179a\u17c7\u17a2\u1784\u17d2\u1782 \u179f\u17bc\u1798\u1787\u17d2\u179a\u1780\u1780\u17d2\u179a\u17c4\u1798\u1798\u17d2\u179b\u1794\u17cb\u1796\u17d2\u179a\u17c7\u1794\u17b6\u179a\u1798\u17b8\u1793\u17c3\u1796\u17d2\u179a\u17c7\u1793\u179a\u1794\u178f\u17b8\u179c\u1784\u17d2\u179f \u1780\u17d2\u179f\u178f\u17d2\u179a\u17b6\u178a\u17c2\u179b\u179f\u17b6\u1784\u1794\u17d2\u179a\u17b6\u179f\u17b6\u1791\u1790\u17d2\u1798\u1782\u17d2\u179a\u1794\u17cb\u1782\u17d2\u179a\u1784\u178a\u17c2\u1793\u1781\u17d2\u1798\u17c2\u179a \u1794\u17bb\u179a\u17b6\u178e\u1790\u17d2\u1780\u17be\u1784\u1790\u17d2\u1780\u17b6\u1793 \u17d4 II\u1794\u17d2\u179a\u17b6\u179f\u17b6\u1791\u179f\u17b7\u179b\u17b6 \u1780\u17c6\u1794\u17b6\u17c6\u1784\u1780\u178e\u17d2\u178f\u17b6\u179b\u1796\u17d2\u179a\u17c3\u1782\u17bd\u179a\u17b1\u17d2\u1799\u179f\u17d2\u179a\u1798\u17c3 \u1793\u17b9\u1780\u178a\u179b\u17cb\u1799\u179f\u179f\u17d0\u1780\u17d2\u178f\u17b7\u1798\u17a0\u17b6\u1793\u1782\u179a\u1787\u17b6\u178f\u17b7\u1781\u17d2\u1798\u17c2\u179a\u178a\u17bc\u1785\u1790\u17d2\u1798 \u1782\u1784\u17cb\u179c\u1784\u17d2\u179f\u1793\u17c5\u179b\u17d2\u17a2\u179a\u17b9\u1784\u1794\u17c9\u17b9\u1784\u1787\u17c6\u17a0\u179a\u1799\u17be\u1784\u179f\u1784\u17d2\u1783\u17b9\u1798\u1796\u179a \u1797\u17d0\u1796\u17d2\u179c\u1796\u17d2\u179a\u17c1\u1784\u179f\u17c6\u178e\u17b6\u1784\u179a\u1794\u179f\u17cb\u1780\u1798\u17d2\u1796\u17bb\u1787\u17b6\u1798\u17a0\u17b6\u179a\u178a\u17d2\u178b\u1780\u17be\u178f\u1798\u17b6\u1793 \u1799\u17bc\u179a\u17a2\u1784\u17d2\u179c\u17c2\u1784\u17a0\u17be\u1799 \u17d4 III\u1782\u17d2\u179a\u1794\u17cb\u179c\u178f\u17d2\u178f\u17a2\u17b6\u179a\u17b6\u1798 \u17ae\u178f\u17c2\u179f\u17bc\u179a\u179f\u17d0\u1796\u17d2\u1791\u1792\u1798\u17cc\u179f\u17bc\u178f\u17d2\u179a\u178a\u17c4\u1799\u17a2\u17c6\u178e\u179a \u179a\u17c6\u17ad\u1780\u1782\u17bb\u178e\u1796\u17bb\u1791\u17d2\u1792\u179f\u17b6\u179f\u1793\u17b6\u1785\u17bc\u179a\u1799\u17be\u1784\u1787\u17b6\u17a2\u17d2\u1793\u1780 \u1787\u17bf\u1787\u17b6\u1780\u17cb\u179f\u17d2\u1798\u17c4\u17c7\u179f\u17d2\u1798\u17d0\u1782\u17d2\u179a\u178f\u17b6\u1798\u1794\u17c2\u1794\u178a\u17bc\u1793\u178f\u17b6\u1782\u1784\u17cb\u178f\u17c2\u1791\u17c1\u179c\u178f\u17b6 \u1793\u17b9\u1784\u1787\u17bd\u1799\u1787\u17d2\u179a\u17c4\u1798\u1787\u17d2\u179a\u17c2\u1784\u1795\u17d2\u1782\u178f\u17cb\u1795\u17d2\u1782\u1784\u17cb\u1794\u17d2\u179a\u1799\u17c4\u1787\u1793\u17cd\u17b1\u17d2\u1799\u178a\u179b\u17cb\u1794\u17d2\u179a\u1791\u17c1\u179f\u1781\u17d2\u1798\u17c2\u179a \u1787\u17b6\u1798\u17a0\u17b6\u1793\u1782\u179a \u17d4 ISom pu\u014fk t\u00e9pda r\u00f4ksa m\u00f4haks\u00e2tr yeungA\u00f4y ban r\u016dngr\u0153\u0103ng da\u00f4y chey m\u00f4ngk\u00f4l s\u0115ri su\u014fsdeiYeung khnh\u016dm pre\u0103h \u00e2ngk som chr\u00f4k kra\u00f4m ml\u00f3b pre\u0103h bar\u00f4miNey pre\u0103h n\u00f4rbtei v\u00f4ngs ks\u00e2tra d\u00eal sang prasat&hellip;<\/p>\n","protected":false},"author":1,"featured_media":0,"parent":366,"menu_order":0,"comment_status":"closed","ping_status":"closed","template":"fullwidth.php","meta":{"footnotes":""},"class_list":["post-403","page","type-page","status-publish","hentry"],"_links":{"self":[{"href":"https:\/\/www.sadeora.com\/sky_dome\/the-future-planet\/wp-json\/wp\/v2\/pages\/403","targetHints":{"allow":["GET"]}}],"collection":[{"href":"https:\/\/www.sadeora.com\/sky_dome\/the-future-planet\/wp-json\/wp\/v2\/pages"}],"about":[{"href":"https:\/\/www.sadeora.com\/sky_dome\/the-future-planet\/wp-json\/wp\/v2\/types\/page"}],"author":[{"embeddable":true,"href":"https:\/\/www.sadeora.com\/sky_dome\/the-future-planet\/wp-json\/wp\/v2\/users\/1"}],"replies":[{"embeddable":true,"href":"https:\/\/www.sadeora.com\/sky_dome\/the-future-planet\/wp-json\/wp\/v2\/comments?post=403"}],"version-history":[{"count":0,"href":"https:\/\/www.sadeora.com\/sky_dome\/the-future-planet\/wp-json\/wp\/v2\/pages\/403\/revisions"}],"up":[{"embeddable":true,"href":"https:\/\/www.sadeora.com\/sky_dome\/the-future-planet\/wp-json\/wp\/v2\/pages\/366"}],"wp:attachment":[{"href":"https:\/\/www.sadeora.com\/sky_dome\/the-future-planet\/wp-json\/wp\/v2\/media?parent=403"}],"curies":[{"name":"wp","href":"https:\/\/api.w.org\/{rel}","templated":true}]}}