{"id":1452,"date":"2021-06-06T03:48:54","date_gmt":"2021-06-06T08:48:54","guid":{"rendered":"https:\/\/www.sadeora.com\/sky_dome\/the-future-planet\/?page_id=1452"},"modified":"2024-09-30T10:27:06","modified_gmt":"2024-09-30T15:27:06","slug":"angola","status":"publish","type":"page","link":"https:\/\/www.sadeora.com\/sky_dome\/the-future-planet\/felicitation-centers\/angola\/","title":{"rendered":"Angola"},"content":{"rendered":"\n<p><\/p>\n\n\n\n<p class=\"has-x-large-font-size\"><a href=\"https:\/\/en.wikipedia.org\/wiki\/Angola\">WIKIPEDIA<\/a><\/p>\n\n\n\n<p class=\"has-x-large-font-size\"><a href=\"https:\/\/www.sadeora.com\/sky_dome\/the-future-planet\/felicitation-centers\/angola\/demographics\">DEMOGRAPHICS<\/a><\/p>\n\n\n\n<p><\/p>\n\n\n\n<figure class=\"wp-block-audio\"><audio controls src=\"https:\/\/www.sadeora.com\/sky_dome\/the-future-planet\/wp-content\/uploads\/2024\/08\/Angolan-National-Anthem-_US-Navy-Band.ogg\"><\/audio><\/figure>\n\n\n\n<p><\/p>\n\n\n\n<h3 class=\"wp-block-heading\" id=\"Portuguese_(official_language)\">Portuguese (official language)<\/h3>\n\n\n\n[<a href=\"https:\/\/en.wikipedia.org\/w\/index.php?title=Angola_Avante&amp;action=edit&amp;section=4\">edit<\/a>]\n\n\n\n<figure class=\"wp-block-table\"><table class=\"has-fixed-layout\"><tbody><tr><th>Portuguese original<sup><a href=\"https:\/\/en.wikipedia.org\/wiki\/Angola_Avante#cite_note-9\">[9]<\/a><\/sup><sup><a href=\"https:\/\/en.wikipedia.org\/wiki\/Angola_Avante#cite_note-10\">[10]<\/a><\/sup><\/th><th><a href=\"https:\/\/en.wikipedia.org\/wiki\/International_Phonetic_Alphabet\">IPA<\/a>&nbsp;transcription<sup><a href=\"https:\/\/en.wikipedia.org\/wiki\/Angola_Avante#cite_note-11\">[a]<\/a><\/sup><\/th><\/tr><tr><td><strong>I<\/strong><br>\u00d3&nbsp;<a href=\"https:\/\/en.wikipedia.org\/wiki\/Angola\">P\u00e1tria<\/a>, nunca mais esqueceremos<br>Os her\u00f3is do&nbsp;<a href=\"https:\/\/en.wikipedia.org\/wiki\/Angolan_War_of_Independence\">quatro de Fevereiro<\/a>.<br>\u00d3 P\u00e1tria, n\u00f3s saudamos os teus filhos<br>Tombados pela nossa Independ\u00eancia.<br>\ud834\udd06 Honramos o passado e a nossa Hist\u00f3ria,<br>Construindo no Trabalho o Homem novo. \ud834\udd07<br><br><strong>Coro:<\/strong><br>\ud834\udd06&nbsp;<a href=\"https:\/\/en.wikipedia.org\/wiki\/Angola\">Angola<\/a>, avante!<br>Revolu\u00e7\u00e3o, pelo Poder Popular!<br>P\u00e1tria Unida, Liberdade,<br>Um s\u00f3 povo, uma s\u00f3 Na\u00e7\u00e3o! \ud834\udd07<br><br><strong>II<\/strong><br>Levantemos nossas vozes libertadas,<br>Para gl\u00f3ria dos povos Africanos,<br>Marchemos combatentes Angolanos,<br>Solid\u00e1rios com os povos oprimidos,<br>\ud834\udd06 Orgulhosos lutaremos pela Paz,<br>Com as for\u00e7as progressistas do mundo. \ud834\udd07<br><br><em><strong>Coro<\/strong><\/em><\/td><td><strong>1<\/strong><br>[\u0254 \u02c8pa.t\u027ej\u0250 | \u02c8n\u0169.k\u0250 majz\u203f\u0268\u0283.k\u0268.s\u0268.\u02c8\u027ee.mu\u0283]<br>[uz\u203fe.\u02c8\u027e\u0254j\u0292\u203fdu \u02c8kwa.t\u027eu d\u0268 f\u0268.v\u0268.\u02c8\u027e\u0250j.\u027eu \u01c1]<br>[\u0254 \u02c8pa.t\u027ej\u0250 | n\u0254\u0283 saw.\u02c8d\u0250.muz\u203fu\u0283 tew\u0283 \u02c8fi.\u028eu\u0283]<br>[t\u00f5.\u02c8ba.du\u0283 \u02c8pe.\u026b\u0250 \u02c8n\u0254.s\u0250\u203f\u0129.d\u0268.p\u1ebd.\u02c8d\u1ebd.sj\u0250 \u2016]<br>\ud834\udd06 [\u00f5.\u02c8\u027e\u0250.muz\u203fu p\u0250.\u02c8sa.du\u203fi\u203f\u0250 \u02c8n\u0254.s\u0250\u203fi\u0283.\u02c8t\u0254.\u027ej\u0250 |]<br>[k\u00f5\u0283.t\u027eu.\u02c8\u0129.du nu t\u027e\u0250.\u02c8ba.\u028eu\u203fu \u02c8\u0254.m\u1ebdj\u0303 \u02c8no.vu \u2016] \ud834\udd07<br><br><strong>[\u02c8ko.\u027eu]<\/strong><br>\ud834\udd06 [\u0250\u0303.\u02c8g\u0254.\u026b\u0250\u203f\u0250.\u02c8v\u0250\u0303.t\u0268 \u2016]<br>[\u0281\u0268.vu.\u026bu.\u02c8s\u0250\u0303w | \u02c8pe.\u026bu pu.\u02c8de(\u027e) pu.pu.\u02c8\u026ba(\u027e) \u2016]<br>[\u02c8pa.t\u027ej\u0250\u203fu.\u02c8ni.d\u0250 | \u026bi.b\u0268\u027e.\u02c8da.d\u0268 |]<br>[\u0169 s\u0254 \u02c8po.vu\u203fu.m\u0250 s\u0254 n\u0250.\u02c8s\u0250\u0303w \u2016] \ud834\udd07<br><br><strong>2<\/strong><br>[\u026b\u0268.v\u0250\u0303.\u02c8te.mu\u0292\u203f\u02c8n\u0254.s\u0250\u0292\u203f\u02c8vo.z\u0268\u0292\u203f\u026bi.b\u0268\u027e.\u02c8ta.d\u0250\u0283 |]<br>[p\u0250.\u027e\u0250 \u02c8g\u026b\u0254.\u027ej\u0250 du\u0283 \u02c8po.vuz\u203f\u0250.f\u027ei.\u02c8k\u0250.nu\u0283 |]<br>[ma\u027e.\u02c8\u0283e.mu\u0283 k\u00f5.b\u0250.\u02c8t\u1ebd.t\u0268z\u203f\u0250\u0303.gu.\u02c8\u026b\u0250.nu\u0283 |]<br>[su.\u026bi.\u02c8da.\u027eju\u0283 k\u00f5 u\u0283 \u02c8po.vuz\u203f\u02cc\u0254.p\u027ei.\u02c8mi.du\u0283 |]<br>\ud834\udd06 [\u02cc\u0254\u027e.gu.\u02c8\u028eo.zu\u0292\u203f\u026bu.t\u0250.\u02c8\u027ee.mu\u0283 \u02c8pe.\u026b\u0250 pa\u0283 |]<br>[k\u00f5 \u0250\u0283 \u02c8fo\u027e.s\u0250\u0283 p\u027eu.g\u027e\u0268.\u02c8si.\u0283t\u0250\u0292\u203fdu \u02c8m\u0169.du \u01c1] \ud834\udd07<br><br><strong>[\u02c8ko.\u027eu]<\/strong><\/td><\/tr><\/tbody><\/table><\/figure>\n\n\n\n<h3 class=\"wp-block-heading\" id=\"Kikongo_(national_language)\">Kikongo (national language)<\/h3>\n\n\n\n[<a href=\"https:\/\/en.wikipedia.org\/w\/index.php?title=Angola_Avante&amp;action=edit&amp;section=5\">edit<\/a>]\n\n\n\n<figure class=\"wp-block-table\"><table class=\"has-fixed-layout\"><tbody><tr><th><a href=\"https:\/\/en.wikipedia.org\/wiki\/Kongo_language\">Kongo<\/a>&nbsp;lyrics<sup><a href=\"https:\/\/en.wikipedia.org\/wiki\/Angola_Avante#cite_note-12\">[11]<\/a><\/sup><\/th><th><a href=\"https:\/\/en.wikipedia.org\/wiki\/International_Phonetic_Alphabet\">IPA<\/a>&nbsp;transcription<sup><a href=\"https:\/\/en.wikipedia.org\/wiki\/Angola_Avante#cite_note-13\">[b]<\/a><\/sup><\/th><\/tr><tr><td><strong>I<\/strong><br>E nsi&#8217;eto, katulendi kubavilakana ko<br>N&#8217;n\u00fbngi mya kya n&#8217;nya kya ngond&#8217;a n&#8217;zole.<br>E nsi, k\u00fbnda tuk\u00fbnd\u00e2nga bana baku<br>Baz\u00eembana mu diambu dya kimpw\u00e2nza kyeto.<br>\ud834\udd06 Zitisa tuzitis\u00e2nga mavioka ye kinkulu kyeto,<br>Mu salu kyeto, tunga tutung\u00e2nga muntu\u2019a mpa. \ud834\udd07<br><br><strong>Chorale:<\/strong><br>\ud834\udd06 Ngola, nda kuntwala!<br>Nsobolo muna lendo kya n&#8217;kangu!<br>Nsi&#8217;a vukana, (muna) kimpwanza!<br>Nkang&#8217;umosi, n&#8217;toto mosi! \ud834\udd07<br><br><strong>II<\/strong><br>Tutumbula ngolo ndinga zeto zayambulwa<br>Mu dyambu dya nkangu mya Afrika.<br>Makesa ma Ngola, diata tudiata<br>Muna kintwadi ye nkangu mina mu kinkole.<br>\ud834\udd06 Yinga, mu yadisa ngemba, nwana tunwana mvita<br>Vamosi ye ngolo zawonso za ntomosono ya nza. \ud834\udd07<br><br><em><strong>Chorale<\/strong><\/em><\/td><td><strong>1<\/strong><br>\/e nsijet\u0254 | katule\u207fdi kuba\u028bilakana k\u0254\/<br>\/n\u0329.nu\u02d0\u014bi m\u02b2a k\u02b2a n\u0329.nja k\u02b2a \u014b\u0254\u207fda n\u0329z\u0254le \u01c1\/<br>\/e nsi | ku\u02d0\u207fda tuku\u02d0\u207fda\u02d0\u014ba bana baku\/<br>\/bazi\u02d0\u1d50bana mu dja\u1d50bu dja kimpwa\u02d0\u207fza k\u02b2et\u0254 \u01c1\/<br>\ud834\udd06 \/zitisa tuzitisa\u02d0\u014ba ma\u028bj\u0254ka je kinkulu k\u02b2et\u0254 |\/<br>\/mu salu k\u02b2et\u0254 | tu\u014ba tutu\u014ba\u02d0\u014ba muntuwa mpa \u01c1\/ \ud834\udd07<br><br><strong>Chorus:<\/strong><br>\ud834\udd06 \/\u014b\u0254la | \u207fda kuntwala \u01c1\/<br>\/ns\u0254b\u0254l\u0254 muna le\u207fd\u0254 k\u02b2a n\u0329ka\u014bu \u01c1\/<br>\/nsija \u028bukana | (muna) kimpwa\u207fza \u01c1\/<br>\/\u014bka\u014bum\u0254si | n\u0329t\u0254t\u0254 m\u0254si \u01c1\/ \ud834\udd07<br><br><strong>2<\/strong><br>\/tutu\u1d50bula \u014b\u0254l\u0254 \u207fdi\u014ba zet\u0254 zaja\u1d50bulwa\/<br>\/mu dja\u1d50bu dja \u014bka\u014bu m\u02b2a a\u02d0frika \u01c1\/<br>\/makesa ma \u014b\u0254la | djata tudjata\/<br>\/muna kintwadi je \u014bka\u014bu mina mu ki\u1d51k\u0254le \u01c1\/<br>\ud834\udd06 \/ji\u014ba | mu jadisa \u014be\u1d50ba | nwana tunwana \u1d50\u028bita\/<br>\/\u028bam\u0254si je \u014b\u0254l\u0254 zaw\u0254ns\u0254 za nt\u0254m\u0254s\u0254n\u0254 ja \u207fza \u01c1\/ \ud834\udd07<br><br><em><strong>Chorus<\/strong><\/em><\/td><\/tr><\/tbody><\/table><\/figure>\n","protected":false},"excerpt":{"rendered":"<p>WIKIPEDIA DEMOGRAPHICS Portuguese (official language) [edit] Portuguese original[9][10] IPA&nbsp;transcription[a] I\u00d3&nbsp;P\u00e1tria, nunca mais esqueceremosOs her\u00f3is do&nbsp;quatro de Fevereiro.\u00d3 P\u00e1tria, n\u00f3s saudamos os teus filhosTombados pela nossa Independ\u00eancia.\ud834\udd06 Honramos o passado e a nossa Hist\u00f3ria,Construindo no Trabalho o Homem novo. \ud834\udd07 Coro:\ud834\udd06&nbsp;Angola, avante!Revolu\u00e7\u00e3o, pelo Poder Popular!P\u00e1tria Unida, Liberdade,Um s\u00f3 povo, uma s\u00f3 Na\u00e7\u00e3o! \ud834\udd07 IILevantemos nossas vozes&hellip;<\/p>\n","protected":false},"author":1,"featured_media":0,"parent":366,"menu_order":0,"comment_status":"closed","ping_status":"closed","template":"","meta":{"footnotes":""},"class_list":["post-1452","page","type-page","status-publish","hentry"],"_links":{"self":[{"href":"https:\/\/www.sadeora.com\/sky_dome\/the-future-planet\/wp-json\/wp\/v2\/pages\/1452","targetHints":{"allow":["GET"]}}],"collection":[{"href":"https:\/\/www.sadeora.com\/sky_dome\/the-future-planet\/wp-json\/wp\/v2\/pages"}],"about":[{"href":"https:\/\/www.sadeora.com\/sky_dome\/the-future-planet\/wp-json\/wp\/v2\/types\/page"}],"author":[{"embeddable":true,"href":"https:\/\/www.sadeora.com\/sky_dome\/the-future-planet\/wp-json\/wp\/v2\/users\/1"}],"replies":[{"embeddable":true,"href":"https:\/\/www.sadeora.com\/sky_dome\/the-future-planet\/wp-json\/wp\/v2\/comments?post=1452"}],"version-history":[{"count":0,"href":"https:\/\/www.sadeora.com\/sky_dome\/the-future-planet\/wp-json\/wp\/v2\/pages\/1452\/revisions"}],"up":[{"embeddable":true,"href":"https:\/\/www.sadeora.com\/sky_dome\/the-future-planet\/wp-json\/wp\/v2\/pages\/366"}],"wp:attachment":[{"href":"https:\/\/www.sadeora.com\/sky_dome\/the-future-planet\/wp-json\/wp\/v2\/media?parent=1452"}],"curies":[{"name":"wp","href":"https:\/\/api.w.org\/{rel}","templated":true}]}}