{"id":1442,"date":"2021-06-06T03:41:34","date_gmt":"2021-06-06T08:41:34","guid":{"rendered":"https:\/\/www.sadeora.com\/sky_dome\/the-future-planet\/?page_id=1442"},"modified":"2024-08-21T02:38:20","modified_gmt":"2024-08-21T07:38:20","slug":"bahrain","status":"publish","type":"page","link":"https:\/\/www.sadeora.com\/sky_dome\/the-future-planet\/felicitation-centers\/bahrain\/","title":{"rendered":"Bahrain"},"content":{"rendered":"\n<p><\/p>\n\n\n\n<figure class=\"wp-block-audio\"><audio controls src=\"https:\/\/www.sadeora.com\/sky_dome\/the-future-planet\/wp-content\/uploads\/2024\/08\/Bahraini_Anthem.ogg\"><\/audio><\/figure>\n\n\n\n<p><\/p>\n\n\n\n<h3 class=\"wp-block-heading\" id=\"Current_lyrics\">Current lyrics<\/h3>\n\n\n\n[<a href=\"https:\/\/en.wikipedia.org\/w\/index.php?title=Bahrainona&amp;action=edit&amp;section=3\">edit<\/a>]\n\n\n\n<figure class=\"wp-block-table\"><table class=\"has-fixed-layout\"><tbody><tr><th><a href=\"https:\/\/en.wikipedia.org\/wiki\/Arabic\">Arabic<\/a>&nbsp;original<sup><a href=\"https:\/\/en.wikipedia.org\/wiki\/Bahrainona#cite_note-2\">[2]<\/a><\/sup><\/th><th><a href=\"https:\/\/en.wikipedia.org\/wiki\/Romanization_of_Arabic\">Romanization<\/a><\/th><th><a href=\"https:\/\/en.wikipedia.org\/wiki\/International_Phonetic_Alphabet\">IPA<\/a>&nbsp;transcription<sup><a href=\"https:\/\/en.wikipedia.org\/wiki\/Bahrainona#cite_note-Arabic-3\">[a]<\/a><\/sup><\/th><th><strong>Literal English translation<\/strong><\/th><\/tr><tr><td>\u0628\u064e\u062d\u0652\u0631\u064e\u064a\u0652\u0646\u064f\u0646\u064e\u0627<br>\u0645\u064e\u0644\u0650\u064a\u0652\u0643\u064f\u0646\u064e\u0627<br>\u0631\u064e\u0645\u0652\u0632\u064f \u0627\u0644\u0652\u0648\u064f\u0626\u064e\u0627\u0645<br><br><strong>\u0643\u0648\u0631\u0627\u0644:<\/strong><br>\u062f\u064f\u0633\u0652\u062a\u064f\u0648\u0652\u0631\u064f\u0647\u064e\u0627 \u0639\u064e\u0627\u0644\u0650\u064a \u0627\u0644\u0652\u0645\u064e\u0643\u064e\u0627\u0646\u064e\u0629\u0650 \u0648\u064e\u0627\u0644\u0652\u0645\u064e\u0642\u064e\u0627\u0645<br>\u0645\u0650\u064a\u0652\u062b\u064e\u0627\u0642\u064f\u0647\u064e\u0627 \u0646\u064e\u0647\u0652\u062c\u064f \u0627\u0644\u0634\u064e\u0651\u0631\u0650\u064a\u0652\u0639\u064e\u0629\u0650 \u0648\u064e\u0627\u0644\u0652\u0639\u064f\u0631\u064f\u0648\u0652\u0628\u064e\u0629\u0650 \u0648\u064e\u0627\u0644\u0652\u0642\u0650\u064a\u064e\u0645\u0652<br>\u0639\u064e\u0627\u0634\u064e\u062a\u0652 \u0645\u064e\u0645\u0652\u0644\u064e\u0643\u064e\u0629\u064f \u0627\u0644\u0652\u0628\u064e\u062d\u0652\u0631\u064e\u064a\u0652\u0646<br><br>\u0628\u064e\u0644\u064e\u062f\u064f \u0627\u0644\u0652\u0643\u0650\u0631\u064e\u0627\u0645<br>\u0645\u064e\u0647\u0652\u062f\u064f \u0627\u0644\u0633\u064e\u0651\u0644\u064e\u0627\u0645<br><br><em><strong>\u0643\u0648\u0631\u0627\u0644<\/strong><\/em><\/td><td>Ba\u1e25raynun\u0101<br>Mal\u012bkun\u0101<br>Ramzu l-wi\u02be\u0101m<br><br><strong>K\u016br\u0101l:<\/strong><br>Dust\u016bruh\u0101 \u02bf\u0101l\u012b l-mak\u0101nati wa-l-maq\u0101m<br>M\u012b\u1e6f\u0101quh\u0101 nahju \u0161-\u0161ar\u012b\u02bfati wa-l-\u02bfur\u016bbati wa-l-qiyam<br>\u02bf\u0100\u0161at mamlakatu l-Ba\u1e25rayn<br><br>Baladu l-kir\u0101m<br>Mahdu s-sal\u0101m<br><br><em><strong>K\u016br\u0101l<\/strong><\/em><\/td><td>[b\u0251\u0127.r\u00e6j.nu.n\u00e6\u02d0]<br>[m\u00e6.li\u02d0.ku.n\u00e6\u02d0]<br>[r\u0251m.z\u028a\u203fl.w\u026a.\u0294\u00e6\u02d0m]<br><br><strong>[ku\u02d0.r\u0251\u02d0l]<\/strong><br>[d\u028as.tu\u02d0.r\u028a.h\u0251\u02d0 \u0295\u0251\u02d0.l\u026a\u02d0\u203fl.m\u00e6.k\u00e6\u02d0.n\u00e6.t\u026a w\u0251l.m\u0251.q\u0251\u02d0m]<br>[mi\u02d0.\u03b8\u00e6\u02d0.q\u028a.h\u00e6\u02d0 n\u00e6h.d\u0361\u0292\u028a\u203f\u0283.\u0283\u00e6.r\u026a\u02d0.\u0295\u0251.t\u026a w\u0251l.\u0295\u028a.ru\u02d0.b\u00e6.t\u026a w\u0251l.q\u026a.j\u00e6m]<br>[\u0295\u0251\u02d0.\u0283\u00e6t m\u00e6m.l\u00e6.k\u00e6.t\u028a\u203fl.b\u0251\u0127.r\u00e6jn]<br><br>[b\u00e6.l\u00e6.d\u028a\u203fl.k\u026a.r\u0251\u02d0m]<br>[m\u00e6h.d\u028a\u203fs.s\u00e6.l\u00e6\u02d0m]<br><br><strong>[ku\u02d0.r\u0251\u02d0l]<\/strong><\/td><td>Our&nbsp;<a href=\"https:\/\/en.wikipedia.org\/wiki\/Bahrain\">Bahrain<\/a><br>Our&nbsp;<a href=\"https:\/\/en.wikipedia.org\/wiki\/King_of_Bahrain\">King<\/a><br>Symbol of harmony<br><br><strong>Chorus:<\/strong><br>Its&nbsp;<a href=\"https:\/\/en.wikipedia.org\/wiki\/Constitution_of_Bahrain\">Constitution<\/a>&nbsp;is of high status and position<br>Its Charter is the way of&nbsp;<a href=\"https:\/\/en.wikipedia.org\/wiki\/Sharia\">Shari&#8217;a<\/a>,&nbsp;<a href=\"https:\/\/en.wikipedia.org\/wiki\/Arabism\">Arabism<\/a>&nbsp;and values<br>Long live the Kingdom of Bahrain!<br><br>Country of&nbsp;<a href=\"https:\/\/en.wikipedia.org\/wiki\/Demographics_of_Bahrain\">nobles<\/a><br>Cradle of peace<br><br><em><strong>Chorus<\/strong><\/em><\/td><\/tr><\/tbody><\/table><\/figure>\n\n\n\n<h3 class=\"wp-block-heading\" id=\"Former_lyrics_(1985\u20132002)\">Former lyrics (1985\u20132002)<\/h3>\n\n\n\n[<a href=\"https:\/\/en.wikipedia.org\/w\/index.php?title=Bahrainona&amp;action=edit&amp;section=4\">edit<\/a>]\n\n\n\n<figure class=\"wp-block-table\"><table class=\"has-fixed-layout\"><tbody><tr><th><a href=\"https:\/\/en.wikipedia.org\/wiki\/Arabic\">Arabic<\/a>&nbsp;original<sup><a href=\"https:\/\/en.wikipedia.org\/wiki\/Bahrainona#cite_note-4\">[3]<\/a><\/sup><sup><a href=\"https:\/\/en.wikipedia.org\/wiki\/Bahrainona#cite_note-lyrics-5\">[4]<\/a><\/sup><\/th><th><a href=\"https:\/\/en.wikipedia.org\/wiki\/Romanization_of_Arabic\">Romanization<\/a><sup><a href=\"https:\/\/en.wikipedia.org\/wiki\/Bahrainona#cite_note-lyrics-5\">[4]<\/a><\/sup><\/th><th><a href=\"https:\/\/en.wikipedia.org\/wiki\/International_Phonetic_Alphabet\">IPA<\/a>&nbsp;transcription<sup><a href=\"https:\/\/en.wikipedia.org\/wiki\/Bahrainona#cite_note-Arabic-3\">[a]<\/a><\/sup><\/th><th><strong>Literal English translation<\/strong><\/th><\/tr><tr><td>\u0628\u062d\u0631\u064a\u0646\u0646\u0627<br>\u0628\u0644\u062f \u0627\u0644\u0623\u0645\u0627\u0646<br>\u0648\u0637\u0646 \u0627\u0644\u0643\u0631\u0627\u0645<br><br><strong>\u0643\u0648\u0631\u0627\u0644:<\/strong><br>\u064a\u062d\u0645\u064a \u062d\u0645\u0627\u0647\u0627 \u0627\u0645\u064a\u0631\u0646\u0627 \u0627\u0644\u0647\u0645\u0627\u0645<br>\u0642\u0627\u0645\u062a \u0639\u0644\u0649 \u0647\u062f\u064a \u0627\u0644\u0631\u0633\u0627\u0644\u0629 \u0648\u0627\u0644\u0639\u062f\u0627\u0644\u0629 \u0648\u0627\u0644\u0633\u0644\u0627\u0645<br>\u0639\u0627\u0634\u062a \u062f\u0648\u0644\u0629 \u0627\u0644\u0628\u062d\u0631\u064a\u0646<br><br>\u0628\u0644\u062f \u0627\u0644\u0623\u0645\u0627\u0646<br>\u0648\u0637\u0646 \u0627\u0644\u0643\u0631\u0627\u0645<br><br><em><strong>\u0643\u0648\u0631\u0627\u0644<\/strong><\/em><\/td><td>Ba\u1e25raynun\u0101<br>Baladu l-\u02beam\u0101n<br>Wa\u1e6danu l-kir\u0101m<br><br><strong>K\u016br\u0101l:<\/strong><br>Ya\u1e25m\u012b \u1e25im\u0101ha \u02beam\u012bruna l-hum\u0101m<br>Q\u0101mat \u02bfal\u0101 hady r-ris\u0101lati wal-\u02bfad\u0101lati was-sal\u0101m<br>\u02bf\u0100\u0161at dawlatu l-Ba\u1e25rayn!<br><br>Baladu l-\u02beam\u0101n<br>Wa\u1e6danu l-kir\u0101m<br><br><em><strong>K\u016br\u0101l<\/strong><\/em><\/td><td>[b\u0251\u0127.r\u00e6j.nu.n\u00e6\u02d0]<br>[b\u00e6.l\u00e6.d\u028a\u203fl.\u0294\u00e6.m\u00e6\u02d0n]<br>[w\u0251.t\u02e4\u0251.n\u028a\u203fl.k\u026a.r\u0251\u02d0m]<br><br><strong>[ku\u02d0.r\u0251\u02d0l]<\/strong><br>[j\u0251\u0127.mi\u02d0 \u0127\u026a.m\u00e6\u02d0.h\u00e6 \u0294\u00e6.mi\u02d0.r\u028a.n\u00e6\u203fl.hu.m\u00e6\u02d0m]<br>[q\u0251\u02d0.m\u00e6t \u0295\u0251.l\u00e6\u02d0 h\u00e6.di \u026ar.r\u026a.s\u00e6\u02d0.l\u00e6.ti w\u0251l.\u0295\u0251.d\u00e6\u02d0.l\u00e6.ti w\u0251\u203fs.s\u00e6.l\u00e6\u02d0m]<br>[\u0295\u0251\u02d0.\u0283\u00e6t d\u0251w.l\u00e6.t\u028a\u203fl.b\u0251\u0127.r\u00e6jn]<br><br>[b\u00e6.l\u00e6.d\u028a\u203fl.\u0294\u00e6.m\u00e6\u02d0n]<br>[w\u0251.t\u02e4\u0251.n\u028a\u203fl.k\u026a.r\u0251\u02d0m]<br><br><strong>[ku\u02d0.r\u0251\u02d0l]<\/strong><\/td><td>Our&nbsp;<a href=\"https:\/\/en.wikipedia.org\/wiki\/State_of_Bahrain\">Bahrain<\/a><br>Country of security<br>Nation of&nbsp;<a href=\"https:\/\/en.wikipedia.org\/wiki\/Demographics_of_Bahrain\">nobles<\/a><br><br><strong>Chorus:<\/strong><br>Protected by our&nbsp;<a href=\"https:\/\/en.wikipedia.org\/wiki\/King_of_Bahrain#Emirs_of_Bahrain_(1971%E2%80%932002)\">Courageous Amir<\/a><br>Founded on the guidance of the&nbsp;<a href=\"https:\/\/en.wikipedia.org\/wiki\/Islam\">message<\/a>, justice and peace<br>Long live the State of Bahrain!<br><br>Country of security<br>Nation of nobles<br><br><em><strong>Chorus<\/strong><\/em><\/td><\/tr><\/tbody><\/table><\/figure>\n","protected":false},"excerpt":{"rendered":"<p>Current lyrics [edit] Arabic&nbsp;original[2] Romanization IPA&nbsp;transcription[a] Literal English translation \u0628\u064e\u062d\u0652\u0631\u064e\u064a\u0652\u0646\u064f\u0646\u064e\u0627\u0645\u064e\u0644\u0650\u064a\u0652\u0643\u064f\u0646\u064e\u0627\u0631\u064e\u0645\u0652\u0632\u064f \u0627\u0644\u0652\u0648\u064f\u0626\u064e\u0627\u0645 \u0643\u0648\u0631\u0627\u0644:\u062f\u064f\u0633\u0652\u062a\u064f\u0648\u0652\u0631\u064f\u0647\u064e\u0627 \u0639\u064e\u0627\u0644\u0650\u064a \u0627\u0644\u0652\u0645\u064e\u0643\u064e\u0627\u0646\u064e\u0629\u0650 \u0648\u064e\u0627\u0644\u0652\u0645\u064e\u0642\u064e\u0627\u0645\u0645\u0650\u064a\u0652\u062b\u064e\u0627\u0642\u064f\u0647\u064e\u0627 \u0646\u064e\u0647\u0652\u062c\u064f \u0627\u0644\u0634\u064e\u0651\u0631\u0650\u064a\u0652\u0639\u064e\u0629\u0650 \u0648\u064e\u0627\u0644\u0652\u0639\u064f\u0631\u064f\u0648\u0652\u0628\u064e\u0629\u0650 \u0648\u064e\u0627\u0644\u0652\u0642\u0650\u064a\u064e\u0645\u0652\u0639\u064e\u0627\u0634\u064e\u062a\u0652 \u0645\u064e\u0645\u0652\u0644\u064e\u0643\u064e\u0629\u064f \u0627\u0644\u0652\u0628\u064e\u062d\u0652\u0631\u064e\u064a\u0652\u0646 \u0628\u064e\u0644\u064e\u062f\u064f \u0627\u0644\u0652\u0643\u0650\u0631\u064e\u0627\u0645\u0645\u064e\u0647\u0652\u062f\u064f \u0627\u0644\u0633\u064e\u0651\u0644\u064e\u0627\u0645 \u0643\u0648\u0631\u0627\u0644 Ba\u1e25raynun\u0101Mal\u012bkun\u0101Ramzu l-wi\u02be\u0101m K\u016br\u0101l:Dust\u016bruh\u0101 \u02bf\u0101l\u012b l-mak\u0101nati wa-l-maq\u0101mM\u012b\u1e6f\u0101quh\u0101 nahju \u0161-\u0161ar\u012b\u02bfati wa-l-\u02bfur\u016bbati wa-l-qiyam\u02bf\u0100\u0161at mamlakatu l-Ba\u1e25rayn Baladu l-kir\u0101mMahdu s-sal\u0101m K\u016br\u0101l [b\u0251\u0127.r\u00e6j.nu.n\u00e6\u02d0][m\u00e6.li\u02d0.ku.n\u00e6\u02d0][r\u0251m.z\u028a\u203fl.w\u026a.\u0294\u00e6\u02d0m] [ku\u02d0.r\u0251\u02d0l][d\u028as.tu\u02d0.r\u028a.h\u0251\u02d0 \u0295\u0251\u02d0.l\u026a\u02d0\u203fl.m\u00e6.k\u00e6\u02d0.n\u00e6.t\u026a w\u0251l.m\u0251.q\u0251\u02d0m][mi\u02d0.\u03b8\u00e6\u02d0.q\u028a.h\u00e6\u02d0 n\u00e6h.d\u0361\u0292\u028a\u203f\u0283.\u0283\u00e6.r\u026a\u02d0.\u0295\u0251.t\u026a w\u0251l.\u0295\u028a.ru\u02d0.b\u00e6.t\u026a w\u0251l.q\u026a.j\u00e6m][\u0295\u0251\u02d0.\u0283\u00e6t m\u00e6m.l\u00e6.k\u00e6.t\u028a\u203fl.b\u0251\u0127.r\u00e6jn] [b\u00e6.l\u00e6.d\u028a\u203fl.k\u026a.r\u0251\u02d0m][m\u00e6h.d\u028a\u203fs.s\u00e6.l\u00e6\u02d0m] [ku\u02d0.r\u0251\u02d0l] Our&nbsp;BahrainOur&nbsp;KingSymbol of harmony Chorus:Its&nbsp;Constitution&nbsp;is&hellip;<\/p>\n","protected":false},"author":1,"featured_media":0,"parent":366,"menu_order":0,"comment_status":"closed","ping_status":"closed","template":"","meta":{"footnotes":""},"class_list":["post-1442","page","type-page","status-publish","hentry"],"_links":{"self":[{"href":"https:\/\/www.sadeora.com\/sky_dome\/the-future-planet\/wp-json\/wp\/v2\/pages\/1442","targetHints":{"allow":["GET"]}}],"collection":[{"href":"https:\/\/www.sadeora.com\/sky_dome\/the-future-planet\/wp-json\/wp\/v2\/pages"}],"about":[{"href":"https:\/\/www.sadeora.com\/sky_dome\/the-future-planet\/wp-json\/wp\/v2\/types\/page"}],"author":[{"embeddable":true,"href":"https:\/\/www.sadeora.com\/sky_dome\/the-future-planet\/wp-json\/wp\/v2\/users\/1"}],"replies":[{"embeddable":true,"href":"https:\/\/www.sadeora.com\/sky_dome\/the-future-planet\/wp-json\/wp\/v2\/comments?post=1442"}],"version-history":[{"count":0,"href":"https:\/\/www.sadeora.com\/sky_dome\/the-future-planet\/wp-json\/wp\/v2\/pages\/1442\/revisions"}],"up":[{"embeddable":true,"href":"https:\/\/www.sadeora.com\/sky_dome\/the-future-planet\/wp-json\/wp\/v2\/pages\/366"}],"wp:attachment":[{"href":"https:\/\/www.sadeora.com\/sky_dome\/the-future-planet\/wp-json\/wp\/v2\/media?parent=1442"}],"curies":[{"name":"wp","href":"https:\/\/api.w.org\/{rel}","templated":true}]}}