{"id":1440,"date":"2021-06-06T03:40:16","date_gmt":"2021-06-06T08:40:16","guid":{"rendered":"https:\/\/www.sadeora.com\/sky_dome\/the-future-planet\/?page_id=1440"},"modified":"2024-08-21T02:43:53","modified_gmt":"2024-08-21T07:43:53","slug":"bangladesh","status":"publish","type":"page","link":"https:\/\/www.sadeora.com\/sky_dome\/the-future-planet\/bangladesh\/","title":{"rendered":"Bangladesh"},"content":{"rendered":"\n<p><\/p>\n\n\n\n<figure class=\"wp-block-audio\"><audio controls src=\"https:\/\/www.sadeora.com\/sky_dome\/the-future-planet\/wp-content\/uploads\/2024\/08\/Amar_Sonar_Bangla_instrumental_by_US_Navy_Band.oga\"><\/audio><\/figure>\n\n\n\n<p><\/p>\n\n\n\n<figure class=\"wp-block-table\"><table class=\"has-fixed-layout\"><tbody><tr><th>Bengali original<sup><a href=\"https:\/\/en.wikipedia.org\/wiki\/Amar_Sonar_Bangla#cite_note-8\">[8]<\/a><\/sup><sup><a href=\"https:\/\/en.wikipedia.org\/wiki\/Amar_Sonar_Bangla#cite_note-9\">[9]<\/a><\/sup><sup><a href=\"https:\/\/en.wikipedia.org\/wiki\/Amar_Sonar_Bangla#cite_note-10\">[10]<\/a><\/sup><sup><a href=\"https:\/\/en.wikipedia.org\/wiki\/Amar_Sonar_Bangla#cite_note-11\">[11]<\/a><\/sup><\/th><th><a href=\"https:\/\/en.wikipedia.org\/wiki\/Romanisation_of_Bengali\">Romanisation<\/a>&nbsp;(<a href=\"https:\/\/en.wikipedia.org\/wiki\/ISO_15919\">ISO 15919<\/a>)<\/th><th>IPA transcription<sup><a href=\"https:\/\/en.wikipedia.org\/wiki\/Amar_Sonar_Bangla#cite_note-IPA-12\">[a]<\/a><\/sup><\/th><th>English translation<sup>[<em><a href=\"https:\/\/en.wikipedia.org\/wiki\/Wikipedia:Citation_needed\">citation needed<\/a><\/em>]<\/sup><\/th><\/tr><tr><td><strong>\u0986\u09ae\u09be\u09b0 \u09b8\u09cb\u09a8\u09be\u09b0 \u09ac\u09be\u0982\u09b2\u09be, \u0986\u09ae\u09bf \u09a4\u09cb\u09ae\u09be\u09af\u09bc \u09ad\u09be\u09b2\u09cb\u09ac\u09be\u09b8\u09bf\u0964<\/strong><br><strong>\u099a\u09bf\u09b0\u09a6\u09bf\u09a8 \u09a4\u09cb\u09ae\u09be\u09b0 \u0986\u0995\u09be\u09b6, \u09a4\u09cb\u09ae\u09be\u09b0 \u09ac\u09be\u09a4\u09be\u09b8, \u0986\u09ae\u09be\u09b0 \u09aa\u09cd\u09b0\u09be\u09a3\u09c7 \u09ac\u09be\u099c\u09be\u09af\u09bc \u09ac\u09be\u0981\u09b6\u09bf\u0965<\/strong><br><strong>\u0993 \u09ae\u09be, \u09ab\u09be\u0997\u09c1\u09a8\u09c7 \u09a4\u09cb\u09b0 \u0986\u09ae\u09c7\u09b0 \u09ac\u09a8\u09c7 \u0998\u09cd\u09b0\u09be\u09a3\u09c7 \u09aa\u09be\u0997\u09b2 \u0995\u09b0\u09c7,<\/strong><br><strong>\u09ae\u09b0\u09bf \u09b9\u09be\u09af\u09bc, \u09b9\u09be\u09af\u09bc \u09b0\u09c7\u2014<\/strong><br><strong>\u0993 \u09ae\u09be, \u0985\u0998\u09cd\u09b0\u09be\u09a3\u09c7 \u09a4\u09cb\u09b0 \u09ad\u09b0\u09be \u0995\u09cd\u09b7\u09c7\u09a4\u09c7 \u0986\u09ae\u09bf \u0995\u09c0 \u09a6\u09c7\u0996\u09c7\u099b\u09bf \u09ae\u09a7\u09c1\u09b0 \u09b9\u09be\u09b8\u09bf\u0965<\/strong><br><br><strong>\u0995\u09c0 \u09b6\u09cb\u09ad\u09be, \u0995\u09c0 \u099b\u09be\u09af\u09bc\u09be \u0997\u09cb, \u0995\u09c0 \u09b8\u09cd\u09a8\u09c7\u09b9, \u0995\u09c0 \u09ae\u09be\u09af\u09bc\u09be \u0997\u09cb\u2014<\/strong><br><strong>\u0995\u09c0 \u0986\u0981\u099a\u09b2 \u09ac\u09bf\u099b\u09be\u09af\u09bc\u09c7\u099b \u09ac\u099f\u09c7\u09b0 \u09ae\u09c2\u09b2\u09c7, \u09a8\u09a6\u09c0\u09b0 \u0995\u09c2\u09b2\u09c7 \u0995\u09c2\u09b2\u09c7\u0964<\/strong><br><strong>\u09ae\u09be, \u09a4\u09cb\u09b0 \u09ae\u09c1\u0996\u09c7\u09b0 \u09ac\u09be\u09a3\u09c0 \u0986\u09ae\u09be\u09b0 \u0995\u09be\u09a8\u09c7 \u09b2\u09be\u0997\u09c7 \u09b8\u09c1\u09a7\u09be\u09b0 \u09ae\u09a4\u09cb,<\/strong><br><strong>\u09ae\u09b0\u09bf \u09b9\u09be\u09af\u09bc, \u09b9\u09be\u09af\u09bc \u09b0\u09c7\u2014<\/strong><br><strong>\u09ae\u09be, \u09a4\u09cb\u09b0 \u09ac\u09a6\u09a8\u0996\u09be\u09a8\u09bf \u09ae\u09b2\u09bf\u09a8 \u09b9\u09b2\u09c7, \u0993 \u09ae\u09be, \u0986\u09ae\u09bf \u09a8\u09af\u09bc\u09a8\u099c\u09b2\u09c7 \u09ad\u09be\u09b8\u09bf\u0965<\/strong><br><br>\u09a4\u09cb\u09ae\u09be\u09b0 \u098f\u0987 \u0996\u09c7\u09b2\u09be\u0998\u09b0\u09c7 \u09b6\u09bf\u09b6\u09c1\u0995\u09be\u09b2 \u0995\u09be\u099f\u09bf\u09b2\u09c7 \u09b0\u09c7,<br>\u09a4\u09cb\u09ae\u09be\u09b0\u09bf \u09a7\u09c1\u09b2\u09be\u09ae\u09be\u099f\u09bf \u0985\u0999\u09cd\u0997\u09c7 \u09ae\u09be\u0996\u09bf \u09a7\u09a8\u09cd\u09af \u099c\u09c0\u09ac\u09a8 \u09ae\u09be\u09a8\u09bf\u0964<br>\u09a4\u09c1\u0987 \u09a6\u09bf\u09a8 \u09ab\u09c1\u09b0\u09be\u09b2\u09c7 \u09b8\u09a8\u09cd\u09a7\u09cd\u09af\u09be\u0995\u09be\u09b2\u09c7 \u0995\u09c0 \u09a6\u09c0\u09aa \u099c\u09cd\u09ac\u09be\u09b2\u09bf\u09b8 \u0998\u09b0\u09c7,<br>\u09ae\u09b0\u09bf \u09b9\u09be\u09af\u09bc, \u09b9\u09be\u09af\u09bc \u09b0\u09c7\u2014<br>\u09a4\u0996\u09a8 \u0996\u09c7\u09b2\u09be\u09a7\u09c1\u09b2\u09be \u09b8\u0995\u09b2 \u09ab\u09c7\u09b2\u09c7, \u0993 \u09ae\u09be, \u09a4\u09cb\u09ae\u09be\u09b0 \u0995\u09cb\u09b2\u09c7 \u099b\u09c1\u099f\u09c7 \u0986\u09b8\u09bf\u0965<br><br>\u09a7\u09c7\u09a8\u09c1-\u099a\u09b0\u09be \u09a4\u09cb\u09ae\u09be\u09b0 \u09ae\u09be\u09a0\u09c7, \u09aa\u09be\u09b0\u09c7 \u09af\u09be\u09ac\u09be\u09b0 \u0996\u09c7\u09af\u09bc\u09be\u0998\u09be\u099f\u09c7,<br>\u09b8\u09be\u09b0\u09be \u09a6\u09bf\u09a8 \u09aa\u09be\u0996\u09bf-\u09a1\u09be\u0995\u09be \u099b\u09be\u09af\u09bc\u09be\u09af\u09bc-\u09a2\u09be\u0995\u09be \u09a4\u09cb\u09ae\u09be\u09b0 \u09aa\u09b2\u09cd\u09b2\u09c0\u09ac\u09be\u099f\u09c7,<br>\u09a4\u09cb\u09ae\u09be\u09b0 \u09a7\u09be\u09a8\u09c7-\u09ad\u09b0\u09be \u0986\u0999\u09bf\u09a8\u09be\u09a4\u09c7 \u099c\u09c0\u09ac\u09a8\u09c7\u09b0 \u09a6\u09bf\u09a8 \u0995\u09be\u099f\u09c7,<br>\u09ae\u09b0\u09bf \u09b9\u09be\u09af\u09bc, \u09b9\u09be\u09af\u09bc \u09b0\u09c7\u2014<br>\u0993 \u09ae\u09be, \u0986\u09ae\u09be\u09b0 \u09af\u09c7 \u09ad\u09be\u0987 \u09a4\u09be\u09b0\u09be \u09b8\u09ac\u09be\u0987, \u0993 \u09ae\u09be, \u09a4\u09cb\u09ae\u09be\u09b0 \u09b0\u09be\u0996\u09be\u09b2 \u09a4\u09cb\u09ae\u09be\u09b0 \u099a\u09be\u09b7\u09bf\u0965<br><br>\u0993 \u09ae\u09be, \u09a4\u09cb\u09b0 \u099a\u09b0\u09a3\u09c7\u09a4\u09c7 \u09a6\u09bf\u09b2\u09c7\u09ae \u098f\u0987 \u09ae\u09be\u09a5\u09be \u09aa\u09c7\u09a4\u09c7\u2014<br>\u09a6\u09c7 \u0997\u09cb \u09a4\u09cb\u09b0 \u09aa\u09be\u09af\u09bc\u09c7\u09b0 \u09a7\u09c1\u09b2\u09be, \u09b8\u09c7 \u09af\u09c7 \u0986\u09ae\u09be\u09b0 \u09ae\u09be\u09a5\u09be\u09b0 \u09ae\u09be\u09a8\u09bf\u0995 \u09b9\u09ac\u09c7\u0964<br>\u0993 \u09ae\u09be, \u0997\u09b0\u09bf\u09ac\u09c7\u09b0 \u09a7\u09a8 \u09af\u09be \u0986\u099b\u09c7 \u09a4\u09be\u0987 \u09a6\u09bf\u09ac \u099a\u09b0\u09a3\u09a4\u09b2\u09c7,<br>\u09ae\u09b0\u09bf \u09b9\u09be\u09af\u09bc, \u09b9\u09be\u09af\u09bc \u09b0\u09c7\u2014<br>\u0986\u09ae\u09bf \u09aa\u09b0\u09c7\u09b0 \u0998\u09b0\u09c7 \u0995\u09bf\u09a8\u09ac \u09a8\u09be \u0986\u09b0, \u09ae\u09be, \u09a4\u09cb\u09b0 \u09ad\u09c2\u09b7\u09a3 \u09ac&#8217;\u09b2\u09c7 \u0997\u09b2\u09be\u09b0 \u09ab\u09be\u0981\u09b8\u09bf<\/td><td><strong>\u0100m\u0101r s\u014dn\u0101r B\u0101\u1e45l\u0101, \u0101mi t\u014dm\u0101\u1e8f bh\u0101l\u014db\u0101si.<\/strong><br><strong>Cir\u00f4din t\u014dm\u0101r \u0101k\u0101\u015b, t\u014dm\u0101r b\u0101t\u0101s, \u0101m\u0101r pr\u0101\u1e47\u0113 b\u0101j\u0101\u1e8f b\u00e3\u015bi.<\/strong><br><strong>\u014c m\u0101, ph\u0101gun\u0113 t\u014dr \u0101m\u0113r b\u00f4n\u0113 ghr\u0101\u1e47\u0113 p\u0101g\u00f4l k\u00f4r\u0113,<\/strong><br><strong>M\u00f4ri h\u0101\u1e8f, h\u0101\u1e8f r\u0113\u2013<\/strong><br><strong>\u014c m\u0101, \u00d4ghr\u0101\u1e47\u0113 t\u014dr bh\u00f4r\u0101 k\u1e63\u0113t\u0113 \u0101mi k\u012b d\u0113kh\u0113chi m\u00f4dhur h\u0101si.<\/strong><br><br><strong>K\u012b \u015b\u014dbh\u0101, k\u012b ch\u0101\u1e8f\u0101 g\u014d, k\u012b sn\u0113h\u00f4, k\u012b m\u0101\u1e8f\u0101 g\u014d,<\/strong><br><strong>K\u012b \u00e3c\u00f4l bich\u0101\u1e8f\u0113ch\u00f4 b\u00f4\u1e6d\u0113r m\u016ble, n\u00f4d\u012br k\u016bl\u0113 k\u016bl\u0113.<\/strong><br><strong>M\u0101, t\u014dr mukh\u0113r b\u0101\u1e47\u012b \u0101m\u0101r k\u0101n\u0113 l\u0101g\u0113 sudh\u0101r m\u00f4t\u014d,<\/strong><br><strong>M\u00f4ri h\u0101\u1e8f, h\u0101\u1e8f r\u0113\u2013<\/strong><br><strong>M\u0101, t\u014dr b\u00f4d\u00f4nkh\u0101ni m\u00f4lin h\u00f4l\u0113, \u014d m\u0101, \u0101mi n\u00f4\u1e8f\u00f4nj\u00f4l\u0113 bh\u0101si.<\/strong><br><br>T\u014dm\u0101r \u0113i kh\u0113l\u0101gh\u00f4r\u0113 \u015bi\u015buk\u0101l k\u0101\u1e6dil\u0113 r\u0113,<br>T\u014dm\u0101ri dhul\u0101m\u0101\u1e6di \u00f4\u1e45g\u0113 m\u0101khi dh\u00f4ny\u00f4 j\u012bb\u00f4n m\u0101ni.<br>Tui din phur\u0101l\u0113 s\u00f4ndhy\u0101k\u0101l\u0113 k\u012b db\u012bp jb\u0101lis gh\u00f4r\u0113,<br>M\u00f4ri h\u0101\u1e8f, h\u0101\u1e8f r\u0113\u2013<br>T\u00f4kh\u00f4n kh\u0113l\u0101dhul\u0101 s\u00f4k\u00f4l ph\u0113l\u0113, \u014d m\u0101, t\u014dm\u0101r k\u014dl\u0113 chu\u1e6d\u0113 \u0101si.<br><br>Dh\u0113nu-c\u00f4r\u0101 t\u014dm\u0101r m\u0101\u1e6dh\u0113, p\u0101r\u0113 j\u0101b\u0101r kh\u0113\u1e8f\u0101gh\u0101\u1e6d\u0113,<br>S\u0101r\u0101 din p\u0101khi-\u1e0d\u0101k\u0101 ch\u0101\u1e8f\u0101\u1e8f-\u1e0dh\u0101k\u0101 t\u014dm\u0101r p\u00f4ll\u012bb\u0101\u1e6d\u0113,<br>T\u014dm\u0101r dh\u0101n\u0113-bh\u00f4r\u0101 \u0101\u1e45in\u0101t\u0113 j\u012bb\u00f4n\u0113r din k\u0101\u1e6d\u0113<br>M\u00f4ri h\u0101\u1e8f, h\u0101\u1e8f r\u0113\u2013<br>\u014c m\u0101, \u0101m\u0101r j\u0113 bh\u0101i t\u0101r\u0101 s\u00f4b\u0101i, \u014d m\u0101, t\u014dm\u0101r r\u0101kh\u0101l t\u014dm\u0101r c\u0101\u1e63i.<br><br>\u014c m\u0101, t\u014dr c\u00f4r\u00f4\u1e47\u0113t\u0113 dil\u0113m \u0113i m\u0101th\u0101 p\u0113t\u0113\u2013<br>D\u0113 g\u014d t\u014dr p\u0101\u1e8f\u0113r dhul\u0101, s\u0113 j\u0113 \u0101m\u0101r m\u0101th\u0101r m\u0101nik h\u00f4b\u0113.<br>\u014c m\u0101, g\u00f4rib\u0113r dh\u00f4n ja \u0101ch\u0113 t\u0101i dib\u00f4 c\u00f4r\u00f4\u1e47t\u00f4l\u0113,<br>M\u00f4ri h\u0101\u1e8f, h\u0101\u1e8f r\u0113\u2013<br>\u0100mi p\u00f4r\u0113r gh\u00f4r\u0113 kinb\u00f4 n\u0101 \u0101r, m\u0101, t\u014dr bh\u016b\u1e63\u00f4\u1e47 b\u00f4&#8217;l\u0113 g\u00f4l\u0101r ph\u00e3si.<\/td><td>[a.mar \u0283o.nar ba\u014b.la \u01c0 a.mi to.maj b\u02b1a.lo.ba.\u0283i]<br>[t\u0361\u0283i.ro.din to.mar a.ka\u0283 \u01c0 to.mar ba.ta\u0283 \u01c0 a.mar pra.ne ba.d\u0361\u0292aj b\u00e3.\u0283i \u2016]<br>[o ma \u01c0 p\u02b0a.gu.ne tor a.mer bo.ne g\u02b1ra.ne pa.gol k\u0254.re \u01c0]<br>[mo.ri haj \u01c0 haj re \u01c0]<br>[o ma \u01c0 \u0254.g\u02b1ra.ne tor b\u02b1\u0254.ra k\u02b0e.te a.mi ki de.k\u02b0e.t\u0361\u0283\u02b0i mo.d\u02b1ur ha.\u0283i \u2016]<br><br>[ki \u0283o.b\u02b1a \u01c0 ki t\u0361\u0283\u02b0a.ja go \u01c0 ki sne.ho \u01c0 ki ma.ja go \u01c0]<br>[ki \u00e3.t\u0361\u0283ol bi.t\u0361\u0283\u02b0a.je.t\u0361\u0283\u02b0o b\u0254.\u0288er mu.le \u01c0 no.dir ku.le ku.le]<br>[ma \u01c0 tor mu.k\u02b0er ba.ni a.mar ka.ne la.ge \u0283u.d\u02b1ar m\u0254.to \u01c0]<br>[mo.ri haj \u01c0 haj re \u01c0]<br>[ma \u01c0 tor b\u0254.don.k\u02b0a.ni mo.lin ho.le \u01c0 o ma \u01c0 a.mi n\u0254.jon.d\u0361\u0292\u0254.le b\u02b1a.\u0283i \u2016]<br><br>[to.mar ei k\u02b0\u025b.la.g\u02b1\u0254.re \u0283i.\u0283u.kal ka.\u0288i.le re \u01c0]<br>[to.ma.ri d\u02b1u.la.ma.\u0288i \u0254\u014b.ge ma.k\u02b0i d\u02b1on.no d\u0361\u0292i.b\u0254n ma.ni]<br>[tu.i din p\u02b0u.ra.le \u0283on.d\u02b1a.ka.le ki dip d\u0361\u0292a.li\u0283 g\u02b1\u0254.re \u01c0]<br>[mo.ri haj \u01c0 haj re \u01c0]<br>[t\u0254.k\u02b0on k\u02b0\u025b.la.d\u02b1u.la \u0283\u0254.kol p\u02b0e.le \u01c0 o ma \u01c0 to.mar ko.le t\u0361\u0283\u02b0u.\u0288e a.\u0283i \u2016]<br><br>[d\u02b1e.nu.t\u0361\u0283\u0254.ra to.mar ma.\u0288\u02b0e \u01c0 pa.re d\u0361\u0292a.bar k\u02b0e.ja.g\u02b1a.\u0288e \u01c0]<br>[\u0283a.ra din pa.k\u02b0i.\u0256a.ka t\u0361\u0283\u02b0a.jaj.\u0256\u02b1a.ka to.mar pol.li.b\u02b1a.\u0288e \u01c0]<br>[to.mar d\u02b1a.ne.b\u02b1\u0254.ra a\u014b.i.na.te d\u0361\u0292i.b\u0254.ner din ka.\u0288e]<br>[mo.ri haj \u01c0 haj re \u01c0]<br>[o ma \u01c0 a.mar d\u0361\u0292e b\u02b1a.i ta.ra \u0283\u0254.bai\u032f \u01c0 o ma \u01c0 to.mar ra.k\u02b0al to.mar t\u0361\u0283a.\u0283i \u2016]<br><br>[o ma \u01c0 tor t\u0361\u0283\u0254.ro.ne.te di.lem ei\u032f ma.t\u02b0a pe.te \u01c0]<br>[de go tor pa.jer d\u02b1u.la \u01c0 \u0283e d\u0361\u0292e a.mar ma.t\u02b0ar ma.nik h\u0254.be]<br>[o ma \u01c0 go.ri.ber d\u02b1\u0254n d\u0361\u0292a a.t\u0361\u0283\u02b0e tai\u032f di.bo t\u0361\u0283\u0254.ron.t\u0254.le \u01c0]<br>[mo.ri haj \u01c0 haj re \u01c0]<br>[a.mi p\u0254.rer g\u02b1\u0254.re kin.bo na ar \u01c0 ma \u01c0 tor b\u02b1u.\u0283on bo.le g\u0254.lar p\u02b0\u00e3.\u0283i \u2016]<\/td><td><strong>My golden Bengal, thee I love.<\/strong><br><strong>Forever thy skies be, thine air like a flute set my heart in tune;<\/strong><br><strong>O&nbsp;<a href=\"https:\/\/en.wikipedia.org\/wiki\/Bangamata\">Mother<\/a>, aroma of mango orchard in&nbsp;<a href=\"https:\/\/en.wikipedia.org\/wiki\/Falgun\">Falgun<\/a>&nbsp;driveth me crazy,<\/strong><br><strong>Ah, such miraculousness!<\/strong><br><strong>O Mother, time seeth in&nbsp;<a href=\"https:\/\/en.wikipedia.org\/wiki\/Ogrohayon\">Ogrohayon<\/a>&nbsp;smiles sweet all through fields of paddy.<\/strong><br><br><strong>What beauty, what shades, what affection, what tenderness;<\/strong><br><strong>What a quilt thou hast spread at tip of banyans &#8216;long ev&#8217;ry bank,<\/strong><br><strong>O Mother, words from thy lips like nectar to my ears.<\/strong><br><strong>Ah, such miraculousness!<\/strong><br><strong>If sadness, o mother, cast a gloom on thy face, my eyes filled with tears.<\/strong><br><br>Spending my childhood in thy playhouse<br>Thy soil o&#8217;er my body smeared, I consider myself privileged.<br>Wonderful lamp at dusk thou lightest,<br>Ah, such miraculousness!<br>At once I quit playing and sprint back to thy lap, o mother.<br><br>In cattle grazing field, on pier for crossing stream,<br>Shaded village walkways, serene with calling birds<br>Open porch with heaped ripe paddy, my life goeth on.<br>Ah, such miraculousness!<br>All thy shepherds and farmers are my brothers.<br><br>This time I offer my head beneath thy feet,<br>Bless me with thy dust, obliged shall I be to flaunt overhead.<br>To thee I shall offer meagrely whatever I have at home,<br>Ah, such miraculousness!<br>Ne&#8217;er bothered to buy thee from others a hanging rope coronal guise.<\/td><\/tr><\/tbody><\/table><\/figure>\n\n\n\n<p><\/p>\n\n\n\n<p><\/p>\n\n\n\n<p><\/p>\n","protected":false},"excerpt":{"rendered":"<p>Bengali original[8][9][10][11] Romanisation&nbsp;(ISO 15919) IPA transcription[a] English translation[citation needed] \u0986\u09ae\u09be\u09b0 \u09b8\u09cb\u09a8\u09be\u09b0 \u09ac\u09be\u0982\u09b2\u09be, \u0986\u09ae\u09bf \u09a4\u09cb\u09ae\u09be\u09af\u09bc \u09ad\u09be\u09b2\u09cb\u09ac\u09be\u09b8\u09bf\u0964\u099a\u09bf\u09b0\u09a6\u09bf\u09a8 \u09a4\u09cb\u09ae\u09be\u09b0 \u0986\u0995\u09be\u09b6, \u09a4\u09cb\u09ae\u09be\u09b0 \u09ac\u09be\u09a4\u09be\u09b8, \u0986\u09ae\u09be\u09b0 \u09aa\u09cd\u09b0\u09be\u09a3\u09c7 \u09ac\u09be\u099c\u09be\u09af\u09bc \u09ac\u09be\u0981\u09b6\u09bf\u0965\u0993 \u09ae\u09be, \u09ab\u09be\u0997\u09c1\u09a8\u09c7 \u09a4\u09cb\u09b0 \u0986\u09ae\u09c7\u09b0 \u09ac\u09a8\u09c7 \u0998\u09cd\u09b0\u09be\u09a3\u09c7 \u09aa\u09be\u0997\u09b2 \u0995\u09b0\u09c7,\u09ae\u09b0\u09bf \u09b9\u09be\u09af\u09bc, \u09b9\u09be\u09af\u09bc \u09b0\u09c7\u2014\u0993 \u09ae\u09be, \u0985\u0998\u09cd\u09b0\u09be\u09a3\u09c7 \u09a4\u09cb\u09b0 \u09ad\u09b0\u09be \u0995\u09cd\u09b7\u09c7\u09a4\u09c7 \u0986\u09ae\u09bf \u0995\u09c0 \u09a6\u09c7\u0996\u09c7\u099b\u09bf \u09ae\u09a7\u09c1\u09b0 \u09b9\u09be\u09b8\u09bf\u0965 \u0995\u09c0 \u09b6\u09cb\u09ad\u09be, \u0995\u09c0 \u099b\u09be\u09af\u09bc\u09be \u0997\u09cb, \u0995\u09c0 \u09b8\u09cd\u09a8\u09c7\u09b9, \u0995\u09c0 \u09ae\u09be\u09af\u09bc\u09be \u0997\u09cb\u2014\u0995\u09c0 \u0986\u0981\u099a\u09b2&hellip;<\/p>\n","protected":false},"author":1,"featured_media":0,"parent":0,"menu_order":0,"comment_status":"closed","ping_status":"closed","template":"","meta":{"footnotes":""},"class_list":["post-1440","page","type-page","status-publish","hentry"],"_links":{"self":[{"href":"https:\/\/www.sadeora.com\/sky_dome\/the-future-planet\/wp-json\/wp\/v2\/pages\/1440","targetHints":{"allow":["GET"]}}],"collection":[{"href":"https:\/\/www.sadeora.com\/sky_dome\/the-future-planet\/wp-json\/wp\/v2\/pages"}],"about":[{"href":"https:\/\/www.sadeora.com\/sky_dome\/the-future-planet\/wp-json\/wp\/v2\/types\/page"}],"author":[{"embeddable":true,"href":"https:\/\/www.sadeora.com\/sky_dome\/the-future-planet\/wp-json\/wp\/v2\/users\/1"}],"replies":[{"embeddable":true,"href":"https:\/\/www.sadeora.com\/sky_dome\/the-future-planet\/wp-json\/wp\/v2\/comments?post=1440"}],"version-history":[{"count":0,"href":"https:\/\/www.sadeora.com\/sky_dome\/the-future-planet\/wp-json\/wp\/v2\/pages\/1440\/revisions"}],"wp:attachment":[{"href":"https:\/\/www.sadeora.com\/sky_dome\/the-future-planet\/wp-json\/wp\/v2\/media?parent=1440"}],"curies":[{"name":"wp","href":"https:\/\/api.w.org\/{rel}","templated":true}]}}