{"id":1429,"date":"2021-06-06T03:31:09","date_gmt":"2021-06-06T08:31:09","guid":{"rendered":"https:\/\/www.sadeora.com\/sky_dome\/the-future-planet\/?page_id=1429"},"modified":"2024-08-21T04:02:17","modified_gmt":"2024-08-21T09:02:17","slug":"bhutan","status":"publish","type":"page","link":"https:\/\/www.sadeora.com\/sky_dome\/the-future-planet\/felicitation-centers\/bhutan\/","title":{"rendered":"Bhutan"},"content":{"rendered":"\n<p><\/p>\n\n\n\n<figure class=\"wp-block-audio\"><audio controls src=\"https:\/\/www.sadeora.com\/sky_dome\/the-future-planet\/wp-content\/uploads\/2024\/08\/Bhutan_anthem.ogg\"><\/audio><\/figure>\n\n\n\n<p><\/p>\n\n\n\n<figure class=\"wp-block-table\"><table class=\"has-fixed-layout\"><tbody><tr><th><a href=\"https:\/\/en.wikipedia.org\/wiki\/Dzongkha\">Dzongkha<\/a>&nbsp;original<sup><a href=\"https:\/\/en.wikipedia.org\/wiki\/Druk_Tsenden#cite_note-BP-7\">[7]<\/a><\/sup><\/th><th>Official&nbsp;<a href=\"https:\/\/en.wikipedia.org\/wiki\/Roman_Dzongkha\">romanization<\/a><sup><a href=\"https:\/\/en.wikipedia.org\/wiki\/Druk_Tsenden#cite_note-9\">[a]<\/a><\/sup><\/th><th><a href=\"https:\/\/en.wikipedia.org\/wiki\/International_Phonetic_Alphabet\">IPA<\/a>&nbsp;transcription<sup><a href=\"https:\/\/en.wikipedia.org\/wiki\/Druk_Tsenden#cite_note-10\">[b]<\/a><\/sup><\/th><th>Official English translation<sup><a href=\"https:\/\/en.wikipedia.org\/wiki\/Druk_Tsenden#cite_note-11\">[9]<\/a><\/sup><\/th><\/tr><tr><td>\u0f60\u0f56\u0fb2\u0f74\u0f42\u0f0b\u0f59\u0f53\u0f0b\u0f51\u0f53\u0f0b\u0f56\u0f40\u0f7c\u0f51\u0f0b\u0f54\u0f60\u0f72\u0f0b\u0f62\u0f92\u0fb1\u0f63\u0f0b\u0f41\u0f56\u0f0b\u0f53\u0f44\u0f0b\u0f0e<br>\u0f51\u0f54\u0f63\u0f0b\u0f63\u0f74\u0f42\u0f66\u0f0b\u0f42\u0f49\u0f72\u0f66\u0f0b\u0f56\u0f66\u0f9f\u0f53\u0f0b\u0f66\u0fb2\u0f72\u0f51\u0f0b\ud834\udd06\u0f66\u0f90\u0fb1\u0f7c\u0f44\u0f0b\u0f56\u0f60\u0f72\u0f0b\u0f58\u0f42\u0f7c\u0f53\u0f0b\ud834\udd07\u0f0e<br>\u0f60\u0f56\u0fb2\u0f74\u0f42\u0f0b\u0f62\u0f92\u0fb1\u0f63\u0f0b\u0f54\u0f7c\u0f0b\u0f58\u0f44\u0f60\u0f0b\u0f56\u0f51\u0f42\u0f0b\u0f62\u0f72\u0f53\u0f0b\u0f54\u0f7c\u0f0b\u0f46\u0f7a\u0f0b\u0f0e<br>\u0f66\u0f90\u0f74\u0f0b\u0f60\u0f42\u0fb1\u0f74\u0f62\u0f0b\u0f58\u0f7a\u0f51\u0f0b\u0f56\u0f62\u0f9f\u0f53\u0f0b\u0f45\u0f72\u0f44\u0f0b\ud834\udd06\u0f46\u0f56\u0f0b\u0f66\u0fb2\u0f72\u0f51\u0f0b\u0f60\u0f55\u0f7a\u0f63\u0f0b\ud834\udd07\u0f0e<br>\u0f46\u0f7c\u0f66\u0f0b\u0f66\u0f44\u0f66\u0f0b\u0f62\u0f92\u0fb1\u0f66\u0f0b\u0f56\u0f66\u0f9f\u0f53\u0f0b\u0f54\u0f0b\u0f51\u0f62\u0f0b\u0f5e\u0f72\u0f44\u0f0b\u0f62\u0f92\u0fb1\u0f66\u0f0b\u0f0e<br>\u0f60\u0f56\u0f44\u0f66\u0f0b\u0f56\u0f51\u0f7a\u0f0b\u0f66\u0f90\u0fb1\u0f72\u0f51\u0f0b\u0f49\u0f72\u0f0b\u0f58\u0f0b\ud834\udd06\u0f64\u0f62\u0f0b\u0f56\u0f62\u0f0b\u0f64\u0f7c\u0f42\u0f0b\ud834\udd07\u0f0e<\/td><td>Dru tsend\u00b0en kep\u00e4 g\u00e4khap na<br>P\u00e4 lu\u2019nyi tensi \ud834\udd06 kyongw\u00e4 gin \ud834\udd07<br>Dru g\u00e4po \u2019ngada rinpoche<br>Ku gy\u00fbme tencing \ud834\udd06 chap si phe \ud834\udd07<br>Ch\u00f6 sangg\u00e4 tenpa d\u00e2zh\u00b0ing g\u00e4<br>Bang deki nyima \ud834\udd06 sh\u00e2w\u00e2sho. \ud834\udd07<\/td><td>[\u0256(\u0290)\u1e73\u0300e\u032f t\u0361s\u00e9n.d\u0325\u00e8\u0324n k\u00e9.p\u025b\u0301\u02d0 | g\u025b\u0324\u0300\u02d0(l).k\u02b0\u0251\u0301(p\u031a) n\u0251\u0324\u0300]<br>[p\u025b\u0301\u02d0(l) l\u0254\u0324\u0300\u02d0.\u0272(j)\u026a\u0301\u02d0 t\u025b\u0301\u02d0n.s\u026a\u0301 | \ud834\udd06 c\u0254\u0301\u02d0\u014b.w\u025b\u0324\u0300\u02d0 g\u026a\u0324\u0300n \ud834\udd07]<br>[\u0256(\u0290)\u1e73\u0300e\u032f g\u025b\u0324\u0300\u02d0(l).p\u00f3 \u014b\u0251\u0301.d\u0251\u0324\u0300 | r\u026a\u0324\u0300n.p\u00f3.t\u0361\u0255\u02b0\u00e9]<br>[k\u00fae\u032f \u025f\u028a\u0324\u0300\u02d0.m\u00e8\u0324 t\u025b\u0301n.t\u0361\u0255\u026a\u0301\u02d0\u014b | \ud834\udd06 t\u0361\u0255\u02b0\u0251\u0301(p\u031a) s\u026a\u0301 p\u02b0\u00e9(l) \ud834\udd07]<br>[t\u0361\u0255\u02b0\u01ff s\u0251\u0301\u02d0\u014b.g\u025b\u0324\u0300\u02d0 t\u025b\u0301n.p\u0251\u0301 | d\u0251\u0324\u0300\u02d0.\u0291\u0325\u026a\u0301\u02d0\u014b g\u025b\u0324\u0300\u02d0(l)]<br>[b\u0251\u0324\u0300\u02d0\u014b d\u00e8\u0324.k\u026a\u0301 \u0272(j)\u026a\u0324\u0300.m\u0251\u0324\u0300 | \ud834\udd06 \u0255\u0251\u0301\u02d0.w\u0251\u0324\u0300\u02d0.\u0255\u00f3 \ud834\udd07]<\/td><td>In the Kingdom of Bhutan adorned with cypress trees,<br>The Protector who reigns over the realm of spiritual and secular traditions,<br>He is the King of Bhutan, the precious sovereign.<br>May His being remain unchanging, and the Kingdom prosper,<br>May the teachings of the Enlightened One flourish,<br>May the sun of peace and happiness shine over all people.<\/td><\/tr><\/tbody><\/table><\/figure>\n","protected":false},"excerpt":{"rendered":"<p>Dzongkha&nbsp;original[7] Official&nbsp;romanization[a] IPA&nbsp;transcription[b] Official English translation[9] \u0f60\u0f56\u0fb2\u0f74\u0f42\u0f0b\u0f59\u0f53\u0f0b\u0f51\u0f53\u0f0b\u0f56\u0f40\u0f7c\u0f51\u0f0b\u0f54\u0f60\u0f72\u0f0b\u0f62\u0f92\u0fb1\u0f63\u0f0b\u0f41\u0f56\u0f0b\u0f53\u0f44\u0f0b\u0f0e\u0f51\u0f54\u0f63\u0f0b\u0f63\u0f74\u0f42\u0f66\u0f0b\u0f42\u0f49\u0f72\u0f66\u0f0b\u0f56\u0f66\u0f9f\u0f53\u0f0b\u0f66\u0fb2\u0f72\u0f51\u0f0b\ud834\udd06\u0f66\u0f90\u0fb1\u0f7c\u0f44\u0f0b\u0f56\u0f60\u0f72\u0f0b\u0f58\u0f42\u0f7c\u0f53\u0f0b\ud834\udd07\u0f0e\u0f60\u0f56\u0fb2\u0f74\u0f42\u0f0b\u0f62\u0f92\u0fb1\u0f63\u0f0b\u0f54\u0f7c\u0f0b\u0f58\u0f44\u0f60\u0f0b\u0f56\u0f51\u0f42\u0f0b\u0f62\u0f72\u0f53\u0f0b\u0f54\u0f7c\u0f0b\u0f46\u0f7a\u0f0b\u0f0e\u0f66\u0f90\u0f74\u0f0b\u0f60\u0f42\u0fb1\u0f74\u0f62\u0f0b\u0f58\u0f7a\u0f51\u0f0b\u0f56\u0f62\u0f9f\u0f53\u0f0b\u0f45\u0f72\u0f44\u0f0b\ud834\udd06\u0f46\u0f56\u0f0b\u0f66\u0fb2\u0f72\u0f51\u0f0b\u0f60\u0f55\u0f7a\u0f63\u0f0b\ud834\udd07\u0f0e\u0f46\u0f7c\u0f66\u0f0b\u0f66\u0f44\u0f66\u0f0b\u0f62\u0f92\u0fb1\u0f66\u0f0b\u0f56\u0f66\u0f9f\u0f53\u0f0b\u0f54\u0f0b\u0f51\u0f62\u0f0b\u0f5e\u0f72\u0f44\u0f0b\u0f62\u0f92\u0fb1\u0f66\u0f0b\u0f0e\u0f60\u0f56\u0f44\u0f66\u0f0b\u0f56\u0f51\u0f7a\u0f0b\u0f66\u0f90\u0fb1\u0f72\u0f51\u0f0b\u0f49\u0f72\u0f0b\u0f58\u0f0b\ud834\udd06\u0f64\u0f62\u0f0b\u0f56\u0f62\u0f0b\u0f64\u0f7c\u0f42\u0f0b\ud834\udd07\u0f0e Dru tsend\u00b0en kep\u00e4 g\u00e4khap naP\u00e4 lu\u2019nyi tensi \ud834\udd06 kyongw\u00e4 gin \ud834\udd07Dru g\u00e4po \u2019ngada rinpocheKu gy\u00fbme tencing \ud834\udd06 chap si phe \ud834\udd07Ch\u00f6 sangg\u00e4 tenpa d\u00e2zh\u00b0ing g\u00e4Bang deki nyima \ud834\udd06 sh\u00e2w\u00e2sho. \ud834\udd07 [\u0256(\u0290)\u1e73\u0300e\u032f t\u0361s\u00e9n.d\u0325\u00e8\u0324n k\u00e9.p\u025b\u0301\u02d0 | g\u025b\u0324\u0300\u02d0(l).k\u02b0\u0251\u0301(p\u031a) n\u0251\u0324\u0300][p\u025b\u0301\u02d0(l) l\u0254\u0324\u0300\u02d0.\u0272(j)\u026a\u0301\u02d0 t\u025b\u0301\u02d0n.s\u026a\u0301 | \ud834\udd06 c\u0254\u0301\u02d0\u014b.w\u025b\u0324\u0300\u02d0 g\u026a\u0324\u0300n \ud834\udd07][\u0256(\u0290)\u1e73\u0300e\u032f g\u025b\u0324\u0300\u02d0(l).p\u00f3 \u014b\u0251\u0301.d\u0251\u0324\u0300 | r\u026a\u0324\u0300n.p\u00f3.t\u0361\u0255\u02b0\u00e9][k\u00fae\u032f \u025f\u028a\u0324\u0300\u02d0.m\u00e8\u0324&hellip;<\/p>\n","protected":false},"author":1,"featured_media":0,"parent":366,"menu_order":0,"comment_status":"closed","ping_status":"closed","template":"","meta":{"footnotes":""},"class_list":["post-1429","page","type-page","status-publish","hentry"],"_links":{"self":[{"href":"https:\/\/www.sadeora.com\/sky_dome\/the-future-planet\/wp-json\/wp\/v2\/pages\/1429","targetHints":{"allow":["GET"]}}],"collection":[{"href":"https:\/\/www.sadeora.com\/sky_dome\/the-future-planet\/wp-json\/wp\/v2\/pages"}],"about":[{"href":"https:\/\/www.sadeora.com\/sky_dome\/the-future-planet\/wp-json\/wp\/v2\/types\/page"}],"author":[{"embeddable":true,"href":"https:\/\/www.sadeora.com\/sky_dome\/the-future-planet\/wp-json\/wp\/v2\/users\/1"}],"replies":[{"embeddable":true,"href":"https:\/\/www.sadeora.com\/sky_dome\/the-future-planet\/wp-json\/wp\/v2\/comments?post=1429"}],"version-history":[{"count":0,"href":"https:\/\/www.sadeora.com\/sky_dome\/the-future-planet\/wp-json\/wp\/v2\/pages\/1429\/revisions"}],"up":[{"embeddable":true,"href":"https:\/\/www.sadeora.com\/sky_dome\/the-future-planet\/wp-json\/wp\/v2\/pages\/366"}],"wp:attachment":[{"href":"https:\/\/www.sadeora.com\/sky_dome\/the-future-planet\/wp-json\/wp\/v2\/media?parent=1429"}],"curies":[{"name":"wp","href":"https:\/\/api.w.org\/{rel}","templated":true}]}}