{"id":1427,"date":"2021-06-06T03:29:05","date_gmt":"2021-06-06T08:29:05","guid":{"rendered":"https:\/\/www.sadeora.com\/sky_dome\/the-future-planet\/?page_id=1427"},"modified":"2024-08-21T04:09:45","modified_gmt":"2024-08-21T09:09:45","slug":"bolivia","status":"publish","type":"page","link":"https:\/\/www.sadeora.com\/sky_dome\/the-future-planet\/felicitation-centers\/bolivia\/","title":{"rendered":"Bolivia"},"content":{"rendered":"\n<p><\/p>\n\n\n\n<figure class=\"wp-block-audio\"><audio controls src=\"https:\/\/www.sadeora.com\/sky_dome\/the-future-planet\/wp-content\/uploads\/2024\/08\/Himno_Nacional_de_Bolivia_instrumental.ogg\"><\/audio><\/figure>\n\n\n\n<p><\/p>\n\n\n\n<figure class=\"wp-block-table\"><table class=\"has-fixed-layout\"><tbody><tr><th>Spanish lyrics<\/th><th>English translation<\/th><\/tr><tr><td><strong>I<\/strong><br>Bolivianos: el hado propicio<br>coron\u00f3 nuestros votos y anhelo.<br>Es ya libre, ya libre este suelo,<br>ya ces\u00f3 su servil condici\u00f3n.<br><br>Al estruendo marcial que ayer fuera<br>y al clamor de la guerra horroroso,<br>\ud834\udd06 siguen hoy, en contraste armonioso,<br>dulces himnos de paz y de uni\u00f3n. \ud834\udd07<br><br><strong>Coro:<\/strong><br>De la Patria, el alto nombre,<br>en glorioso esplendor conservemos.<br>Y en sus aras de nuevo juremos:<br>\u00a1Morir antes que esclavos vivir!<br>\u00a1Morir antes que esclavos vivir!<br>\u00a1Morir antes que esclavos vivir!<br><br><strong>II<\/strong><br>Loor eterno a los bravos guerreros,<br>cuyo heroico valor y firmeza,<br>conquistaron las glorias que empieza<br>hoy Bolivia feliz a gozar.<br><br>Que sus nombres, en m\u00e1rmol y en bronce,<br>a remotas edades transmitan,<br>\ud834\udd06 y en sonoros cantares repitan:<br>\u00a1Libertad, Libertad, Libertad! \ud834\udd07<br><br><em><strong>Coro<\/strong><\/em><br><br><strong>III<\/strong><br>Aqu\u00ed alz\u00f3 la justicia su trono<br>que la vil opresi\u00f3n desconoce,<br>y en su timbre glorioso legose<br>libertad, libertad, libertad.<br><br>Esta tierra innocente y hermosa<br>que ha debido a Bol\u00edvar su nombre<br>\ud834\udd06 es la patria feliz donde el hombre<br>goza el bien de la dicha y la paz. \ud834\udd07<br><br><em><strong>Coro<\/strong><\/em><br><br><strong>IV<\/strong><br>Si extranjero poder alg\u00fan d\u00eda<br>sojuzgar a Bolivia intentare,<br>al destino fatal se prepare<br>que amenaza a soberbio agresor.<br><br>Que los hijos del grande Bol\u00edvar<br>han ya mil y mil veces jurado:<br>\ud834\udd06 morir antes que ver humillado<br>de la Patria el augusto pend\u00f3n. \ud834\udd07<br><br><em><strong>Coro<\/strong><\/em><\/td><td><strong>I<\/strong><br><a href=\"https:\/\/en.wikipedia.org\/wiki\/Bolivians\">Bolivians<\/a>, a propitious fate<br>has at long last crowned our vows and longings;<br><a href=\"https:\/\/en.wikipedia.org\/wiki\/Bolivia\">This land<\/a>&nbsp;is free, free at last.<br>Its servile state has now finally ceased.<br><br>The martial&nbsp;<a href=\"https:\/\/en.wikipedia.org\/wiki\/Viceroyalty_of_the_R%C3%ADo_de_la_Plata\">turmoil of yesterday<\/a>,<br>and&nbsp;<a href=\"https:\/\/en.wikipedia.org\/wiki\/List_of_wars_involving_Bolivia\">the horrible clamor of war<\/a>,<br>\ud834\udd06 are followed today, in harmonious contrast,<br>by sweet hymns of peace and unity. \ud834\udd07<br><br><strong>Chorus:<\/strong><br>Let us keep the lofty name of&nbsp;<a href=\"https:\/\/en.wikipedia.org\/wiki\/Bolivia\">our Fatherland<\/a><br>in glorious splendor.<br>And, on its altars, once more we must swear:<br><a href=\"https:\/\/en.wikipedia.org\/wiki\/Bolivian_War_of_Independence\">To die before we would live as slaves!<\/a><br>To die before we would live as slaves!<br>To die before we would live as slaves!<br><br><strong>II<\/strong><br>Eternal praise to the brave warriors<br>whose heroic valor and firmness<br>conquered the freedom and glories that now<br>a happy Bolivia justly begins to enjoy!<br><br>Let&nbsp;<a href=\"https:\/\/en.wikipedia.org\/wiki\/Bolivians\">their names<\/a>, preserved forever in marble and bronze,<br>transmit their glory to remote future ages.<br>\ud834\udd06 And in resounding songs let them repeat:<br>Freedom! Freedom! Freedom! \ud834\udd07<br><br><em><strong>Chorus<\/strong><\/em><br><br><strong>III<\/strong><br>Here has Justice erected its throne<br>which vile oppression ignores<br>and, on its glorious laurel it bequeathed us<br>Freedom, freedom, freedom<br><br>This innocent and beautiful land,<br>which owes its name to Bol\u00edvar,<br>\ud834\udd06 is the happy homeland where mankind<br>enjoys the benefits of bliss and peace. \ud834\udd07<br><br><em><strong>Chorus<\/strong><\/em><br><br><strong>IV<\/strong><br>If a foreigner may, any given day<br>even attempt to subjugate Bolivia,<br>let him prepare for a fatal destiny,<br>which menaces such haughty aggressor.<br><br>For the sons of the mighty Bol\u00edvar<br>have sworn, thousands upon thousands of times:<br>\ud834\udd06 to die rather than see the country&#8217;s<br><a href=\"https:\/\/en.wikipedia.org\/wiki\/Flag_of_Bolivia\">majestic banner<\/a>&nbsp;humiliated. \ud834\udd07<br><br><em><strong>Chorus<\/strong><\/em><\/td><\/tr><\/tbody><\/table><\/figure>\n\n\n\n<h3 class=\"wp-block-heading\" id=\"In_indigenous_languages\">In indigenous languages<\/h3>\n\n\n\n[<a href=\"https:\/\/en.wikipedia.org\/w\/index.php?title=National_anthem_of_Bolivia&amp;action=edit&amp;section=6\">edit<\/a>]\n\n\n\n<figure class=\"wp-block-table\"><table class=\"has-fixed-layout\"><tbody><tr><th><a href=\"https:\/\/en.wikipedia.org\/wiki\/Aymara_language\">Aymara<\/a>\u00a0lyrics<\/th><th>Aymara\u00a0<a href=\"https:\/\/en.wikipedia.org\/wiki\/International_Phonetic_Alphabet\">IPA<\/a><\/th><th><a href=\"https:\/\/en.wikipedia.org\/wiki\/Quechuan_languages\">Quechua<\/a>\u00a0lyrics<\/th><th>Quechua\u00a0<a href=\"https:\/\/en.wikipedia.org\/wiki\/International_Phonetic_Alphabet\">IPA<\/a><\/th><\/tr><tr><td><strong>I<\/strong><br>Bolivian jaqinakatakixa<br>Phuqhasiw jiwasan suyt&#8217;ataru<br>Qhisphiyataw qhisphiyataw markasaxa<br>T&#8217;aqisit jaka\u00f1ax tukusxiw.<br><br>Ch&#8217;axwa\u00f1anakana sarnaka\u00f1a<br>Nuwasi\u00f1as warari\u00f1as tukusxiwa,<br>\ud834\udd06 Uka ch&#8217;axwa\u00f1anakata mistus\u00efna,<br>Jichh\u00fcrux kusisit q&#8217;uchu\u00f1\u00e4n. \ud834\udd07<br><br><strong>Taq&#8217;itaki:<\/strong><br>Markas\u00e4na, suma sutipa,<br>Jach&#8217;ar aptasa suma arsu\u00f1\u00e4ni,<br>Markasatxa sayt&#8217;asipxa\u00f1\u00e4ni:<br>Jiwa\u00f1an jan\u00efr t&#8217;aqiskas\u00efn!<br>Jiwa\u00f1an jan\u00efr t&#8217;aqiskas\u00efn!<br>Jiwa\u00f1an jan\u00efr t&#8217;aqiskas\u00efn!<br><br><strong>II<\/strong><br>Wi\u00f1ay q&#8217;uchu\u00f1aw wakt&#8217;istu,<br>Markaslayku jiwir jaqinak\u00e4ru:<br>Jupanakaw markas ut&#8217;ayapxi,<br>Jichhurun kusisit jaka\u00f1ani.<br><br>Sutinakpax qilqantatawa,<br>Uka pachtapachaw jiwasax yatipxtana,<br>\ud834\udd06 Wali ch&#8217;amamp arsu\u00f1asawa:<br>Qhisphiyataw, qhisphiyataw, qhisphiyataw! \ud834\udd07<br><br><em><strong>Taq&#8217;itaki<\/strong><\/em><\/td><td><strong>1<\/strong><br>[bo.li.vjan ha.qe.na.ka.ta.ke.\u03c7a]<br>[p\u02b0o.q\u02b0a.siw hi.wa.san suj.t\u02bca.ta.\u027eu]<br>[q\u02b0es.p\u02b0ja.taw q\u02b0es.p\u02b0ja.taw ma\u027e.ka.sa.\u03c7a]<br>[t\u02bca.qe.sit ha.ka.\u0272a\u03c7 tu.kus.\u03c7ew]<br><br>[t\u0361\u0283\u02bca\u03c7.wa.\u0272a.na.ka.na sa\u027e.na.ka.\u0272a]<br>[nu.wa.si.\u0272as wa.\u027ea.\u027ei.\u0272as tu.kus.\u03c7e.wa]<br>\ud834\udd06 [u.ka t\u0361\u0283\u02bca\u03c7.wa.\u0272a.na.ka.ta mis.tu.si\u02d0.na]<br>[hi.t\u0361\u0283\u02b0u\u02d0.\u027eu\u03c7 ku.si.sit q\u02bco.t\u0361\u0283u.\u0272a\u02d0n] \ud834\udd07<br><br><strong>[ta.q\u02bci.ta.ki]<\/strong><br>[ma\u027e.ka.sa\u02d0.na su.ma su.ti.pa]<br>[ha.t\u0361\u0283\u02bca\u027e ap.ta.sa su.ma a\u027e.su.\u0272a\u02d0.ni]<br>[ma\u027e.ka.sat.\u03c7a saj.t\u02bca.sip.\u03c7a.\u0272a\u02d0.ni]<br>[hi.wa.\u0272an ha.ni\u02d0\u027e t\u02bca.qes.ka.si\u02d0n]<br>[hi.wa.\u0272an ha.ni\u02d0\u027e t\u02bca.qes.ka.si\u02d0n]<br>[hi.wa.\u0272an ha.ni\u02d0\u027e t\u02bca.qes.ka.si\u02d0n]<br><br><strong>2<\/strong><br>[wi.\u0272aj q\u02bco.t\u0361\u0283u.\u0272aw wak.t\u02bcis.tu]<br>[ma\u027e.kas.laj.ku hi.wi\u027e ha.qe.na.ka\u02d0.\u027eu]<br>\ud834\udd06 [hu.pa.na.kaw ma\u027e.kas u.t\u02bca.jap.\u03c7e]<br>[hi.t\u0361\u0283\u02b0u.\u027eun ku.si.sit ha.ka.\u0272a.ni] \ud834\udd07<br><br>[su.ti.nak.pa\u03c7 qel.qan.ta.ta.wa]<br>[u.ka pat\u0361\u0283.ta.pa.t\u0361\u0283aw hi.wa.sa\u03c7 ja.tip\u03c7.ta.na]<br>[wa.li t\u0361\u0283\u02bca.mamp a\u027e.su.\u0272a.sa.wa]<br>[q\u02b0es.p\u02b0ja.taw q\u02b0es.p\u02b0ja.taw q\u02b0es.p\u02b0ja.taw]<br><br><strong>[ta.q\u02bci.ta.ki]<\/strong><\/td><td><strong>I<\/strong><br>Qullasuyunchik may sumaqchasqa<br>munasqanchikmanjina junt&#8217;akun,<br>kacharisqa\u00f1a kay llaqtanchikqa<br>\u00f1ak&#8217;ariy kamachiypi kaymanta.<br><br>Allin sinchi ch&#8217;aqwa qayna karqa<br>Tinkupi q&#8217;upaypi qhapariynin<br>\ud834\udd06 Kunanqa t&#8217;inkisqa may kusiypi<br>Misk&#8217;i takiyninchikwan jukchasqa. \ud834\udd07<br><br><strong>Coro:<\/strong><br>Llaqtanchikpa jatun sutinta<br>Sumaq kusiy k&#8217;anchaypi\u00a0jap&#8217;inanchik<br>Sutinrayku tatalitananchik<br>Kamachi kanata wa\u00f1una.<br>Kamachi kanata wa\u00f1una.<br>Kamachi kanata wa\u00f1una.<\/td><td><strong>1<\/strong><br>[q\u0254.\u028e\u00e6.s\u028a.j\u028an.t\u0361\u0283\u026a\u0263\u203fm\u00e6j s\u028a.m\u00e6\u0281.t\u0361\u0283\u00e6s.\u0262\u0251]<br>[m\u028a.n\u00e6s.\u0262\u0251n.t\u0361\u0283\u026a\u0263.m\u00e6n.hi.n\u00e6 h\u028an.t\u02bc\u00e6.k\u028an]<br>[k\u00e6.t\u0361\u0283\u00e6.\u027e\u026as.\u0262\u0251.\u0272\u00e6 k\u00e6j \u028e\u00e6\u03c7.t\u00e6n.t\u0361\u0283\u026ax.\u0262\u0251]<br>[\u0272\u00e6.k\u02bc\u00e6.\u027eij k\u00e6.m\u00e6.t\u0361\u0283\u026aj.pi k\u00e6j.m\u00e6n.t\u00e6]<br><br>[\u00e6.\u028ein sin.t\u0361\u0283i t\u0361\u0283\u02bc\u0251\u0281.w\u00e6 q\u0251j.n\u00e6 k\u00e6\u027e.\u0281\u0251]<br>[t\u026an.k\u028a.pi q\u02bc\u0254.p\u00e6j.pi q\u02b0\u0251.p\u00e6.\u027eij.nin]<br>\ud834\udd06 [k\u028a.n\u00e6n.\u0262\u0251 t\u02bc\u026an.kis.\u0262\u0251 m\u00e6j k\u028a.s\u026aj.pi]<br>[m\u026as.k\u02bci t\u00e6.kij.nin.t\u0361\u0283\u026a\u0263.w\u00e6n h\u028ax.t\u0361\u0283\u00e6s.\u0262\u0251] \ud834\udd07<br><br><strong>[ko.\u027eo]<\/strong><br>[\u028e\u00e6\u03c7.t\u00e6n.t\u0361\u0283\u026ax.p\u00e6 h\u00e6.t\u028an s\u028a.tin.t\u00e6]<br>[s\u028a.m\u00e6\u03c7 k\u028a.s\u026aj k\u02bc\u00e6n.t\u0361\u0283\u00e6j.pi h\u00e6p\u02bc.\u0294\u026a.n\u00e6n.t\u0361\u0283\u026ax]<br>[s\u028a.t\u026an.\u027e\u00e6j.k\u028a t\u00e6.t\u00e6.li.t\u00e6.n\u00e6n.t\u0361\u0283\u026ax]<br>[k\u00e6.m\u00e6.t\u0361\u0283i k\u00e6.n\u00e6.t\u00e6 w\u00e6.\u0272\u028a.n\u00e6]<br>[k\u00e6.m\u00e6.t\u0361\u0283i k\u00e6.n\u00e6.t\u00e6 w\u00e6.\u0272\u028a.n\u00e6]<br>[k\u00e6.m\u00e6.t\u0361\u0283i k\u00e6.n\u00e6.t\u00e6 w\u00e6.\u0272\u028a.n\u00e6]<\/td><\/tr><\/tbody><\/table><\/figure>\n\n\n\n<figure class=\"wp-block-table\"><table class=\"has-fixed-layout\"><tbody><tr><th><a href=\"https:\/\/en.wikipedia.org\/wiki\/Guarani_language\">Guaran\u00ed<\/a>\u00a0lyrics<\/th><th>Guaran\u00ed\u00a0<a href=\"https:\/\/en.wikipedia.org\/wiki\/International_Phonetic_Alphabet\">IPA<\/a><\/th><th><a href=\"https:\/\/en.wikipedia.org\/wiki\/Moxo_languages\">Trinitario Moxos<\/a>\u00a0lyrics<\/th><th>Trinitario Moxos\u00a0<a href=\"https:\/\/en.wikipedia.org\/wiki\/International_Phonetic_Alphabet\">IPA<\/a><\/th><\/tr><tr><td><strong>I<\/strong><br>Mboriviaygua jerovia tuichague<br>temimbota jaipotavae ojeapoma,<br>ojejorama kuae \u00f1andeyvy<br>opama tembiokuair\u00e3 jaikovae.<br><br>Maemegua pychy\u0129 o\u00f1enduama<br>\u00f1andeypy<sup><a href=\"https:\/\/en.wikipedia.org\/wiki\/National_anthem_of_Bolivia#cite_note-34\">[i]<\/a><\/sup>&nbsp;reta hokope omano,<br>\ud834\udd06 ipoepykape a\u00f1ave jaiko vaer\u00e3<br>mboroayu reve p\u00e3ve kuae yvype. \ud834\udd07<br><br><strong>Coro:<\/strong><br>\u00d1amboeteuka \u00f1andeyvy<br>yvate rupi hembipe jaechauka,<br>jasapukai metei rami:<br>Ngaraama tembipyr\u00e3 jaikoje!<br>Ngaraama tembipyr\u00e3 jaikoje!<br>Ngaraama tembipyr\u00e3 jaikoje!<\/td><td><strong>1<\/strong><br>[\u1d50bo.\u027ei.\u028bja\u0268\u032f.wa \u1d48je.\u027eo.\u028bja tui\u032f.\u0255a.we]<br>[te.mi.\u1d50bo.ta \u1d48jai\u032f.po.ta.\u028bae\u032f o.\u1d48jea\u032f.po.ma]<br>[o.\u1d48je.\u1d48jo.\u027ea.ma k\u02b7ae\u032f \u0272a.\u207fde.\u0268.\u028b\u0268]<br>[o.pa.ma te.\u1d50bjo.k\u02b7ai\u032f.\u027e\u00e3 \u1d48jai\u032f.ko.\u028bae\u032f]<br><br>[mae\u032f.me.wa p\u0268.\u0255\u0268.\u0129 o.\u0272e.\u207fdu.a.ma]<br>[\u0272a.\u207fde.\u0268.p\u0268 \u027ee.ta ho.ko.pe o.ma.no]<br>\ud834\udd06 [i.poe\u032f.p\u0268.ka.pe a.\u0272a.\u028be \u1d48jai\u032f.ko \u028bae\u032f.\u027e\u00e3]<br>[\u1d50bo.\u027eoa\u032f(.)\u0268u\u032f \u027ee\u028b(e) p\u00e3.\u028be k\u02b7ai\u032f(\u203f)\u0268.\u028b\u0268.pe] \ud834\udd07<br><br><strong>[ko.\u027eo]<\/strong><br>[\u0272a.\u1d50boe\u032f.teu\u032f.ka \u0272a.\u207fde.\u0268.\u028b\u0268]<br>[\u0268.\u028ba.te \u027eu.pi he.\u1d50bi.pe \u1d48ja.e.\u0255au\u032f.ka]<br>[\u1d48ja.sa.pu.kai\u032f me.tei\u032f \u027ea.mi]<br>[\u1d51\u0261a.\u027ea\u02d0.ma te.\u1d50bi.p\u0268.\u027e\u00e3 \u1d48jai\u032f.ko.\u1d48je]<br>[\u1d51\u0261a.\u027ea\u02d0.ma te.\u1d50bi.p\u0268.\u027e\u00e3 \u1d48jai\u032f.ko.\u1d48je]<br>[\u1d51\u0261a.\u027ea\u02d0.ma te.\u1d50bi.p\u0268.\u027e\u00e3 \u1d48jai\u032f.ko.\u1d48je]<\/td><td><strong>I<\/strong><br>Bolivianos Viuusamrecre viti<br>Titecpopo yvoo&#8221;ogne viti<br>Tiuchcu&#8221;po pjoca vye&#8221;e &#8220;pog&#8221;e<br>Tputaimaretovopo to naemponnosiravi<br><br>Tiutsio&#8221;choo&#8221;ini &#8220;chopegiene nae&#8221;rorisra<br>Taegnepo to &#8220;chopegiene guerra<br>\ud834\udd06 Tcutcucompo tiuriono tajicho<br>Taegnepo titotijvocrepo vjirosare \ud834\udd07<br><br><strong>Coro:<\/strong><br>Pjoca &#8220;pog&#8221;e toonagne ta\u00e9jare<br>Vechpojricgienenaj\u00edchapo viti<br>Te tam\u00edro&#8221;u vijroca vechjiriivo<br>Vepenapo vovcuquimponnojcosi.<br>Vepenapo vovcuquimponnojcosi.<br>Vepenapo vovcuquimponnojcosi.<\/td><td><strong>1<\/strong><br>[bo.li.vja.nos \u03b2\u02b2u\u02d0.sam.\u027eek.\u027ee \u03b2i.ti]<br>[ti.tek.po.po i.vo\u02d0.\u0294o\u00e7.ne \u03b2i.ti]<br>[tjut\u0361\u0283.ku\u0294.po pho.ka \u03b2je.\u0294e \u0294po\u00e7.\u0294e]<br>[(pu.tai\u032f.ma.)\u027ee.to.\u03b2o.po to n\u0259\u0361em.pon.no.si.\u027ea.\u03b2i]<br><br>[tju.t\u0361s\u02b2o\u0294.t\u0361\u0283o\u02d0.\u0294i.ni \u0294t\u0361\u0283o.pe.\u00e7\u02b2e.ne n\u0259\u0361e\u0294.\u027eo.\u027eis.\u027ea]<br>[t\u0259\u0361e\u00e7.ne.po to \u0294t\u0361\u0283o.pe.\u00e7\u02b2e.ne ge.ra]<br>\ud834\udd06 [kut.ku.kom.po tju.\u027e\u02b2o.no ta.hi.t\u0361\u0283o]<br>[t\u0259\u0361e\u00e7.ne.po ti.to.ti.h\u02b7ok.\u027ee.po \u03b2\u02b2i.\u027eo.sa.\u027ee] \ud834\udd07<br><br><strong>[ko.\u027eo]<\/strong><br>[p\u02b2o.ka \u0294po\u00e7.\u0294e to\u02d0.na\u00e7.ne t\u0259\u0361e.ha.\u027ee]<br>[\u03b2et\u0361\u0283.poh.\u027eik.\u00e7\u02b2e.ne.na.hi.t\u0361\u0283a.po \u03b2i.ti]<br>[te ta.mi.\u027eo.\u0294u \u03b2ih.\u027eo.ka \u03b2et\u0361\u0283.hi.\u027ei\u02d0.\u03b2o]<br>[\u03b2e.pe.na.po \u03b2o\u03b2.ku.kim.pon.noh.ko.si]<br>[\u03b2e.pe.na.po \u03b2o\u03b2.ku.kim.pon.noh.ko.si]<br>[\u03b2e.pe.na.po \u03b2o\u03b2.ku.kim.pon.noh.ko.si]<\/td><\/tr><\/tbody><\/table><\/figure>\n","protected":false},"excerpt":{"rendered":"<p>Spanish lyrics English translation IBolivianos: el hado propiciocoron\u00f3 nuestros votos y anhelo.Es ya libre, ya libre este suelo,ya ces\u00f3 su servil condici\u00f3n. Al estruendo marcial que ayer fueray al clamor de la guerra horroroso,\ud834\udd06 siguen hoy, en contraste armonioso,dulces himnos de paz y de uni\u00f3n. \ud834\udd07 Coro:De la Patria, el alto nombre,en glorioso esplendor conservemos.Y&hellip;<\/p>\n","protected":false},"author":1,"featured_media":0,"parent":366,"menu_order":0,"comment_status":"closed","ping_status":"closed","template":"","meta":{"footnotes":""},"class_list":["post-1427","page","type-page","status-publish","hentry"],"_links":{"self":[{"href":"https:\/\/www.sadeora.com\/sky_dome\/the-future-planet\/wp-json\/wp\/v2\/pages\/1427","targetHints":{"allow":["GET"]}}],"collection":[{"href":"https:\/\/www.sadeora.com\/sky_dome\/the-future-planet\/wp-json\/wp\/v2\/pages"}],"about":[{"href":"https:\/\/www.sadeora.com\/sky_dome\/the-future-planet\/wp-json\/wp\/v2\/types\/page"}],"author":[{"embeddable":true,"href":"https:\/\/www.sadeora.com\/sky_dome\/the-future-planet\/wp-json\/wp\/v2\/users\/1"}],"replies":[{"embeddable":true,"href":"https:\/\/www.sadeora.com\/sky_dome\/the-future-planet\/wp-json\/wp\/v2\/comments?post=1427"}],"version-history":[{"count":0,"href":"https:\/\/www.sadeora.com\/sky_dome\/the-future-planet\/wp-json\/wp\/v2\/pages\/1427\/revisions"}],"up":[{"embeddable":true,"href":"https:\/\/www.sadeora.com\/sky_dome\/the-future-planet\/wp-json\/wp\/v2\/pages\/366"}],"wp:attachment":[{"href":"https:\/\/www.sadeora.com\/sky_dome\/the-future-planet\/wp-json\/wp\/v2\/media?parent=1427"}],"curies":[{"name":"wp","href":"https:\/\/api.w.org\/{rel}","templated":true}]}}