{"id":1425,"date":"2021-06-06T03:28:12","date_gmt":"2021-06-06T08:28:12","guid":{"rendered":"https:\/\/www.sadeora.com\/sky_dome\/the-future-planet\/?page_id=1425"},"modified":"2024-08-21T04:18:49","modified_gmt":"2024-08-21T09:18:49","slug":"bonaire","status":"publish","type":"page","link":"https:\/\/www.sadeora.com\/sky_dome\/the-future-planet\/felicitation-centers\/bonaire\/","title":{"rendered":"Bonaire"},"content":{"rendered":"\n<p><\/p>\n\n\n\n<figure class=\"wp-block-audio\"><audio controls src=\"https:\/\/www.sadeora.com\/sky_dome\/the-future-planet\/wp-content\/uploads\/2024\/08\/Teradisoloisuavebiento.ogg\"><\/audio><\/figure>\n\n\n\n<p><\/p>\n\n\n\n<figure class=\"wp-block-table\"><table class=\"has-fixed-layout\"><tbody><tr><th>Papiamentu lyrics<\/th><th><a href=\"https:\/\/en.wikipedia.org\/wiki\/International_Phonetic_Alphabet\">IPA<\/a>\u00a0transcription<\/th><th>English translation<\/th><th>Spanish translation<\/th><th>Dutch translation<\/th><\/tr><tr><td><strong>I<\/strong><br>Tera di Solo i suave bientu<br>Patria orguyoso sali fo&#8217;i laman<br>Pueblo humilde i\u00a0s\u00e8mper kontentu<br>Di un kondukta tur parti gaba<br><br>Pues laga nos trata tur dia<br>Pa s\u00e8mper nos Boneiru ta menta<br>Pa nos kanta den bon armonia<br>Dushi Boneiru nos tera stima<br><br><strong>II<\/strong><br>Laga nos tur komo Boneiriano<br>Uni nos kanto; alsa nos bos<br>Nos ku ta yu di un pueblo sano<br>S\u00e8mper kontentu sperando den Dios<br><br>Ningun poder no por kita e afekto<br>Ku nos ta sinti pa e isla di nos<br>Maske chikitu ku su defekto<br>Nos ta stimele ariba tur kos<\/td><td><strong>1<\/strong><br>[te.ra di so.lo i swa.ve bjen.tu]<br>[pa.trja\u203for.gu.jo.so sa.li foi\u032f la.man]<br>[pwe.blo hu.mil.de (i) s\u025bm.p\u0259r kon.ten.tu]<br>[di un kon.duk.ta tur par.ti ga.ba]<br><br>[pwes la.ga nos tra.ta tur di.a]<br>[pa s\u025bm.p\u0259r nos bo.nei\u032f.ru ta men.ta]<br>[pa nos kan.ta den bon ar.mo.ni.a]<br>[du.\u0283i bo.nei\u032f.ru nos te.ra sti.ma]<br><br><strong>2<\/strong><br>[la.ga nos tur ko.mo bo.nei\u032f.ri.a.no]<br>[u.ni nos kan.to al.sa nos bos]<br>[nos ku ta ju di un pwe.blo sa.no]<br>[s\u025bm.p\u0259r kon.ten.tu spe.ran.do den djos]<br><br>[ni\u014b.gun po.der no por ki.t(a)\u203fe a.fek.to]<br>[ku nos ta sin.ti p(a)\u203fe is.la di nos]<br>[mas.ke t\u0361\u0283i.ki.tu ku su de.fek.to]<br>[nos ta sti.me.le a.ri.ba tur kos]<\/td><td><strong>I<\/strong><br>Land of sun and gentle breeze,<br>Proud fatherland risen from the sea<br>Humble people, always happy,<br>Whose spirit is admired by all<br><br>So let us try each day,<br>For our Bonaire to always be mentioned<br>And we sing in good harmony<br>Sweet Bonaire, our beloved land<br><br><strong>II<\/strong><br>Let all of us as Bonairians,<br>Unite in song; raise our voices together<br>We, the children of a healthy people,<br>Always happy, trusting in God<br><br>No strength can remove this love,<br>That we feel for our island<br>Even though it is small and not perfect<br>We esteem it above everything<\/td><td><strong>I<\/strong><br>Tierra de sol y suave viento,<br>Patria orgullosa salida del mar<br>Pueblo humilde y siempre contento<br>De una conducta que todos admiran<br><br>Permitidnos afanar todo el d\u00eda,<br>Y tener siempre a Bonaire en la mente<br>Para cantar en perfecta armon\u00eda:<br>Amado Bonaire, nuestra patria querida<br><br><strong>II<\/strong><br>Permitid a todo bonaireano,<br>Unid su canto; alzad su voz<br>Nosotros como hijos de una raza sana<br>Siempre contentos esperando a Dios<br><br>Ning\u00fan poder lograr\u00e1 arrancarnos el afecto<br>Que sentimos por nuestro terru\u00f1o<br>Aunque peque\u00f1o y con sus defectos<br>Nosotros le amamos cada rinc\u00f3n<\/td><td><strong>I<\/strong><br>Land van zon en zachte bries<br>Een trots land verrezen uit de zee<br>Bescheiden volk, altijd tevreden<br>Zich altijd dapper werend<br><br>Laat ons elke dag proberen<br>Bonaire bekend te maken<br>We zingen in goede harmonie:<br>Heerlijk Bonaire, ons geliefd vaderland<br><br><strong>II<\/strong><br>Laat ons als Bonaireanen<br>Verenigingen in zangen; onze stemmen verheffen<br>Wij, als kinderen van een gezond volk,<br>Altijd gelukkig, gelovend in God<br><br>Geen kracht kan ons deze liefde afnemen<br>Zoals wij die voelen voor ons eiland<br>Ondanks dat het klein is en niet volmaakt<br>Wij houden ervan boven alles<\/td><\/tr><\/tbody><\/table><\/figure>\n","protected":false},"excerpt":{"rendered":"<p>Papiamentu lyrics IPA\u00a0transcription English translation Spanish translation Dutch translation ITera di Solo i suave bientuPatria orguyoso sali fo&#8217;i lamanPueblo humilde i\u00a0s\u00e8mper kontentuDi un kondukta tur parti gaba Pues laga nos trata tur diaPa s\u00e8mper nos Boneiru ta mentaPa nos kanta den bon armoniaDushi Boneiru nos tera stima IILaga nos tur komo BoneirianoUni nos kanto; alsa&hellip;<\/p>\n","protected":false},"author":1,"featured_media":0,"parent":366,"menu_order":0,"comment_status":"closed","ping_status":"closed","template":"","meta":{"footnotes":""},"class_list":["post-1425","page","type-page","status-publish","hentry"],"_links":{"self":[{"href":"https:\/\/www.sadeora.com\/sky_dome\/the-future-planet\/wp-json\/wp\/v2\/pages\/1425","targetHints":{"allow":["GET"]}}],"collection":[{"href":"https:\/\/www.sadeora.com\/sky_dome\/the-future-planet\/wp-json\/wp\/v2\/pages"}],"about":[{"href":"https:\/\/www.sadeora.com\/sky_dome\/the-future-planet\/wp-json\/wp\/v2\/types\/page"}],"author":[{"embeddable":true,"href":"https:\/\/www.sadeora.com\/sky_dome\/the-future-planet\/wp-json\/wp\/v2\/users\/1"}],"replies":[{"embeddable":true,"href":"https:\/\/www.sadeora.com\/sky_dome\/the-future-planet\/wp-json\/wp\/v2\/comments?post=1425"}],"version-history":[{"count":0,"href":"https:\/\/www.sadeora.com\/sky_dome\/the-future-planet\/wp-json\/wp\/v2\/pages\/1425\/revisions"}],"up":[{"embeddable":true,"href":"https:\/\/www.sadeora.com\/sky_dome\/the-future-planet\/wp-json\/wp\/v2\/pages\/366"}],"wp:attachment":[{"href":"https:\/\/www.sadeora.com\/sky_dome\/the-future-planet\/wp-json\/wp\/v2\/media?parent=1425"}],"curies":[{"name":"wp","href":"https:\/\/api.w.org\/{rel}","templated":true}]}}