{"id":1423,"date":"2021-06-06T03:26:47","date_gmt":"2021-06-06T08:26:47","guid":{"rendered":"https:\/\/www.sadeora.com\/sky_dome\/the-future-planet\/?page_id=1423"},"modified":"2024-08-21T04:39:43","modified_gmt":"2024-08-21T09:39:43","slug":"bosnia-herzegovina","status":"publish","type":"page","link":"https:\/\/www.sadeora.com\/sky_dome\/the-future-planet\/felicitation-centers\/bosnia-herzegovina\/","title":{"rendered":"Bosnia &#038; Herzegovina"},"content":{"rendered":"\n<p><\/p>\n\n\n\n<figure class=\"wp-block-audio\"><audio controls src=\"https:\/\/www.sadeora.com\/sky_dome\/the-future-planet\/wp-content\/uploads\/2024\/08\/Bosnia_and_Herzegovinas_national_anthem.ogg\"><\/audio><\/figure>\n\n\n\n<p><\/p>\n\n\n\n<figure class=\"wp-block-table\"><table class=\"has-fixed-layout\"><tbody><tr><th>Bosnian<\/th><th><a href=\"https:\/\/en.wikipedia.org\/wiki\/Serbian_Cyrillic_alphabet\">Serbian Cyrillic<\/a><\/th><th>English translation<\/th><\/tr><tr><td>Ti si svjetlost du\u0161e<br>Vje\u010dne vatre plam<br>Majko na\u0161a zemljo Bosno<br>Tebi pripadam<br><br>Divno plavo nebo<br>Hercegovine<br>U srcu su tvoje rijeke<br>Tvoje planine<br><br>Ponosna i slavna<br>Krajina predaka<br>\u017divje\u0107e\u0161 u srcu na\u0161em<br>Dov&#8217;jeka<br><br>Pokoljenja tvoja<br>Kazuju jedno<br>\ud834\udd06 Mi idemo u budu\u0107nost<br>Zajedno! \ud834\udd07<\/td><td>\u0422\u0438 \u0441\u0438 \u0441\u0432\u0458\u0435\u0442\u043b\u043e\u0441\u0442 \u0434\u0443\u0448\u0435<br>\u0412\u0458\u0435\u0447\u043d\u0435 \u0432\u0430\u0442\u0440\u0435 \u043f\u043b\u0430\u043c<br>\u041c\u0430\u0458\u043a\u043e \u043d\u0430\u0448\u0430 \u0437\u0435\u043c\u0459\u043e \u0411\u043e\u0441\u043d\u043e<br>\u0422\u0435\u0431\u0438 \u043f\u0440\u0438\u043f\u0430\u0434\u0430\u043c<br><br>\u0414\u0438\u0432\u043d\u043e \u043f\u043b\u0430\u0432\u043e \u043d\u0435\u0431\u043e<br>\u0425\u0435\u0440\u0446\u0435\u0433\u043e\u0432\u0438\u043d\u0435<br>\u0423 \u0441\u0440\u0446\u0443 \u0441\u0443 \u0442\u0432\u043e\u0458\u0435 \u0440\u0438\u0458\u0435\u043a\u0435<br>\u0422\u0432\u043e\u0458\u0435 \u043f\u043b\u0430\u043d\u0438\u043d\u0435<br><br>\u041f\u043e\u043d\u043e\u0441\u043d\u0430 \u0438 \u0441\u043b\u0430\u0432\u043d\u0430<br>\u041a\u0440\u0430\u0458\u0438\u043d\u0430 \u043f\u0440\u0435\u0434\u0430\u043a\u0430<br>\u0416\u0438\u0432\u0458\u0435\u045b\u0435\u0448 \u0443 \u0441\u0440\u0446\u0443 \u043d\u0430\u0448\u0435\u043c<br>\u0414\u043e\u0432&#8217;\u0458\u0435\u043a\u0430<br><br>\u041f\u043e\u043a\u043e\u0459\u0435\u045a\u0430 \u0442\u0432\u043e\u0458\u0430<br>\u041a\u0430\u0437\u0443\u0458\u0443 \u0458\u0435\u0434\u043d\u043e<br>\ud834\udd06 \u041c\u0438 \u0438\u0434\u0435\u043c\u043e \u0443 \u0431\u0443\u0434\u0443\u045b\u043d\u043e\u0441\u0442<br>\u0417\u0430\u0458\u0435\u0434\u043d\u043e! \ud834\udd07<\/td><td>You&#8217;re the light of the soul<br>Eternal fire&#8217;s flame<br>Mother of ours, o land of Bosnia<br>I belong to you<br><br>The beautiful blue sky<br>Of Herzegovina<br>In the heart are your rivers<br>Your mountains<br><br>Proud and glorious<br>Land of ancestors<br>You shall live in our hearts<br>Ever more<br><br>Generations of yours<br>Show up as one<br>\ud834\udd06 We go into the future<br>Together! \ud834\udd07<\/td><\/tr><\/tbody><\/table><\/figure>\n","protected":false},"excerpt":{"rendered":"<p>Bosnian Serbian Cyrillic English translation Ti si svjetlost du\u0161eVje\u010dne vatre plamMajko na\u0161a zemljo BosnoTebi pripadam Divno plavo neboHercegovineU srcu su tvoje rijekeTvoje planine Ponosna i slavnaKrajina predaka\u017divje\u0107e\u0161 u srcu na\u0161emDov&#8217;jeka Pokoljenja tvojaKazuju jedno\ud834\udd06 Mi idemo u budu\u0107nostZajedno! \ud834\udd07 \u0422\u0438 \u0441\u0438 \u0441\u0432\u0458\u0435\u0442\u043b\u043e\u0441\u0442 \u0434\u0443\u0448\u0435\u0412\u0458\u0435\u0447\u043d\u0435 \u0432\u0430\u0442\u0440\u0435 \u043f\u043b\u0430\u043c\u041c\u0430\u0458\u043a\u043e \u043d\u0430\u0448\u0430 \u0437\u0435\u043c\u0459\u043e \u0411\u043e\u0441\u043d\u043e\u0422\u0435\u0431\u0438 \u043f\u0440\u0438\u043f\u0430\u0434\u0430\u043c \u0414\u0438\u0432\u043d\u043e \u043f\u043b\u0430\u0432\u043e \u043d\u0435\u0431\u043e\u0425\u0435\u0440\u0446\u0435\u0433\u043e\u0432\u0438\u043d\u0435\u0423 \u0441\u0440\u0446\u0443 \u0441\u0443 \u0442\u0432\u043e\u0458\u0435 \u0440\u0438\u0458\u0435\u043a\u0435\u0422\u0432\u043e\u0458\u0435&hellip;<\/p>\n","protected":false},"author":1,"featured_media":0,"parent":366,"menu_order":0,"comment_status":"closed","ping_status":"closed","template":"","meta":{"footnotes":""},"class_list":["post-1423","page","type-page","status-publish","hentry"],"_links":{"self":[{"href":"https:\/\/www.sadeora.com\/sky_dome\/the-future-planet\/wp-json\/wp\/v2\/pages\/1423","targetHints":{"allow":["GET"]}}],"collection":[{"href":"https:\/\/www.sadeora.com\/sky_dome\/the-future-planet\/wp-json\/wp\/v2\/pages"}],"about":[{"href":"https:\/\/www.sadeora.com\/sky_dome\/the-future-planet\/wp-json\/wp\/v2\/types\/page"}],"author":[{"embeddable":true,"href":"https:\/\/www.sadeora.com\/sky_dome\/the-future-planet\/wp-json\/wp\/v2\/users\/1"}],"replies":[{"embeddable":true,"href":"https:\/\/www.sadeora.com\/sky_dome\/the-future-planet\/wp-json\/wp\/v2\/comments?post=1423"}],"version-history":[{"count":0,"href":"https:\/\/www.sadeora.com\/sky_dome\/the-future-planet\/wp-json\/wp\/v2\/pages\/1423\/revisions"}],"up":[{"embeddable":true,"href":"https:\/\/www.sadeora.com\/sky_dome\/the-future-planet\/wp-json\/wp\/v2\/pages\/366"}],"wp:attachment":[{"href":"https:\/\/www.sadeora.com\/sky_dome\/the-future-planet\/wp-json\/wp\/v2\/media?parent=1423"}],"curies":[{"name":"wp","href":"https:\/\/api.w.org\/{rel}","templated":true}]}}