{"id":1413,"date":"2021-06-06T03:18:06","date_gmt":"2021-06-06T08:18:06","guid":{"rendered":"https:\/\/www.sadeora.com\/sky_dome\/the-future-planet\/?page_id=1413"},"modified":"2024-08-21T05:10:33","modified_gmt":"2024-08-21T10:10:33","slug":"burkina-faso","status":"publish","type":"page","link":"https:\/\/www.sadeora.com\/sky_dome\/the-future-planet\/felicitation-centers\/burkina-faso\/","title":{"rendered":"Burkina Faso"},"content":{"rendered":"\n<p><\/p>\n\n\n\n<figure class=\"wp-block-audio\"><audio controls src=\"https:\/\/www.sadeora.com\/sky_dome\/the-future-planet\/wp-content\/uploads\/2024\/08\/National_anthem_of_Burkina_Faso.oga\"><\/audio><\/figure>\n\n\n\n<p><\/p>\n\n\n\n<p><\/p>\n\n\n\n<figure class=\"wp-block-table\"><table class=\"has-fixed-layout\"><tbody><tr><th>French lyrics<\/th><th><a href=\"https:\/\/en.wikipedia.org\/wiki\/Mossi_language\">Mossi<\/a>\u00a0lyrics<\/th><th>English translation<\/th><\/tr><tr><td><strong>I<\/strong><br>Contre la f\u00e9rule humiliante il y a d\u00e9j\u00e0 mille ans,<br>La rapacit\u00e9 venue de loin les asservir il y a cent ans.<br>Contre la cynique malice m\u00e9tamorphos\u00e9e<br>En n\u00e9ocolonialisme et ses petits servants locaux<br>Beaucoup flanch\u00e8rent et certains r\u00e9sist\u00e8rent.<br>Mais les \u00e9checs, les succ\u00e8s, la sueur, le sang<br>Ont fortifi\u00e9 notre peuple courageux<br>Et fertilis\u00e9 sa lutte h\u00e9ro\u00efque.<br><br><strong>Refrain:<\/strong><br>Et une seule nuit a rassembl\u00e9e en elle<br>L&#8217;histoire de tout un peuple.<br>Et une seule nuit a d\u00e9clench\u00e9 sa marche triomphale<br>Vers l&#8217;horizon du bonheur.<br>Une seule nuit a r\u00e9concili\u00e9 notre peuple<br>Avec tous les peuples du monde,<br>A la conqu\u00eate de la libert\u00e9 et du progr\u00e8s<br>La Patrie ou la mort, nous vaincrons!<br><br><strong>II<\/strong><br>Nourris \u00e0 la source vive de la R\u00e9volution.<br>Les engag\u00e9s volontaires de la libert\u00e9 et de la paix<br>Dans l&#8217;\u00e9nergie nocturne et salutaire du 4 ao\u00fbt<br>N&#8217;avaient pas que les armes \u00e0 la main, mais aussi et surtout<br>La flamme au coeur pour l\u00e9gitimement lib\u00e9rer<br>Le Faso \u00e0 jamais des fers de tous ceux qui<br>\u00c7\u00e0 et, l\u00e0 en poluaient l&#8217;\u00e2me sacr\u00e9e de<br>L&#8217;ind\u00e9pendance, de la souverainet\u00e9.<br><br><em><strong>Refrain<\/strong><\/em><br><br><strong>III<\/strong><br>Et s\u00e9ant d\u00e9sormais en sa dignit\u00e9 recouvr\u00e9e<br>L&#8217;amour et l&#8217;honneur en partage avec l&#8217;humanit\u00e9,<br>Le peuple du Burkina chante un hymne \u00e0 la victoire,<br>A la gloire du travail lib\u00e9rateur, \u00e9mancipateur.<br>A bas l&#8217;exploitation de l&#8217;homme par l&#8217;homme!<br>H\u00e9 en avant pour le bonheur de tout homme,<br>Par tous les hommes aujourd&#8217;hui et demain,<br>Par tous les hommes ici et pour toujours!<br><br><em><strong>Refrain<\/strong><\/em><br><br><strong>IV<\/strong><br>R\u00e9volution populaire notre s\u00e8ve nourrici\u00e8re.<br>Maternit\u00e9 immortelle du progr\u00e8s \u00e0 visage d&#8217;homme.<br>Foyer \u00e9ternel de d\u00e9mocratie consensuelle,<br>O\u00f9 enfin l&#8217;identit\u00e9 nationale a droit de cit\u00e9,<br>O\u00f9 pour toujours l&#8217;injustice perd ses quartiers,<br>Et o\u00f9, des mains des b\u00e2tisseurs d&#8217;un monde radieux<br>M\u00fbrissent partout les moissons de v\u0153ux patriotiques,<br>Brillent les soleils infinis de joie.<br><br><em><strong>Refrain<\/strong><\/em><\/td><td><strong>I<\/strong><br>Burk\u0129mb\u00e3 p\u0129nd n kisga w\u00f5rbo la y\u00e3nde hal y\u028b\u028bm tusri<br>B kisga f\u00e3adb\u00e3 s\u1ebdn yi y\u0269\u0269ga hal y\u028b\u028bm koabga, n wa ne yembdo,<br>B t\u00f5dga s\u0269lem-w\u025b\u025bg\u00e3 s\u1ebdn toeeme, n lebg yaoolem yembdo<br>B kisga s\u0269lem-w\u025b\u025bg\u00e3 yembdooh ne a t\u1ebdng-n-t\u025b\u025bndb\u00e3 f\u00e3a gilli.<br>W\u028bsg n bas raoodo, la k\u1ebder me s\u0269d z\u00e3gsame,<br>La p\u00e3n-kongr\u00e3, la t\u00f5ogr\u00e3, la t\u028b\u028blg\u00e3 kaagre,<br>Z\u0269\u0269m\u00e3 raagre kenga d nin-buiid\u00e3 pelse<br>La b paasa b raoodo n leb n z\u1ebdk b burk\u0129ndi.<br><br><strong>Reesgo I:<\/strong><br>La y\u028bng a ye t\u00e3a, a ye t\u00e3a,<br>K\u028bmba nin-buiid\u00e3 v\u0269\u0269m kibare,<br>La y\u028bng a ye t\u00e3a bal p\u028bg\u1ebd waa, t\u0269lgre sor pakame<br>T\u0269 b r\u0269k n babsd v\u0269-noogo,<br>Y\u028bng a ye lagma t\u00f5nd nin-buiid\u00e3<br>Ne nin-buiid\u00e3 s\u1ebdn be d\u0169ni w\u00e3 f\u00e3a p\u028bg\u1ebd<br>N baood t\u0269lgre la paoongo, ne b s\u0169ur\u00e3 f\u00e3a<br>Kall t\u0269 d t\u00f5oge, ba d na n ki d t\u1ebdng y\u0129nga!<\/td><td><strong>I<\/strong><br><a href=\"https:\/\/en.wikipedia.org\/wiki\/History_of_Burkina_Faso\">Against the humiliating bondage of a thousand years<\/a><br>Rapacity came from afar to subjugate them for a hundred years.<br>Against&nbsp;<a href=\"https:\/\/en.wikipedia.org\/wiki\/French_colonial_empire\">the cynical malice<\/a>&nbsp;in the shape<br>Of&nbsp;<a href=\"https:\/\/en.wikipedia.org\/wiki\/Neo-colonialism\">neo-colonialism<\/a>&nbsp;and its&nbsp;<a href=\"https:\/\/en.wikipedia.org\/wiki\/French_Upper_Volta\">petty local<\/a>&nbsp;<a href=\"https:\/\/en.wikipedia.org\/wiki\/Comprador\">servants<\/a>.<br>Many gave in and certain others resisted.<br>But the frustrations, the successes, the sweat, the blood<br>Have fortified our courageous people<br>And fertilised its heroic struggle.<br><br><strong>Chorus:<\/strong><br>And one single night has drawn together<br>The history of an entire people,<br>And one single night has launched its triumphal march.<br>Towards the horizon of good fortune.<br>One single night has brought together&nbsp;<a href=\"https:\/\/en.wikipedia.org\/wiki\/Demographics_of_Burkina_Faso\">our people<\/a><br>With all the peoples of the World,<br>In the acquisition of liberty and progress.<br><a href=\"https:\/\/en.wikipedia.org\/wiki\/Burkina_Faso\">Motherland<\/a>&nbsp;or death, we shall conquer!<br><br><strong>II<\/strong><br>Nourished in the lively source of the Revolution,<br>The volunteers for liberty and peace<br>With their nocturnal and beneficial energies of the 4th of August<br>Had not only hand arms, but also and above all<br>The flame in their hearts lawfully to free<br>Faso forever from&nbsp;<a href=\"https:\/\/en.wikipedia.org\/wiki\/France\">the fetters<\/a>&nbsp;of those who<br>Here and there were polluting the sacred soul of<br>Independence and sovereignty.<br><br><em><strong>Chorus<\/strong><\/em><br><br><strong>III<\/strong><br>And seated henceforth in rediscovered dignity,<br>Love and honour partnered with humanity,<br>The people of Burkina sing a victory hymn<br>To the glory of the work of liberation and emancipation.<br>Down with&nbsp;<a href=\"https:\/\/en.wikipedia.org\/wiki\/Capitalism\">exploitation of man by man<\/a>!<br>Forward for the good of every man<br>By all men of today and tomorrow,<br>By every man here and always!<br><br><em><strong>Chorus<\/strong><\/em><br><br><strong>IV<\/strong><br>Popular revolution our nourishing sap.<br>Undying motherhood of progress in the face of man.<br>Eternal hearth of agreed democracy,<br>Where at last national identity has the right of freedom.<br>Where&nbsp;<a href=\"https:\/\/en.wikipedia.org\/wiki\/Republic_of_Upper_Volta\">injustice has lost its place forever<\/a>,<br>And where from the hands of builders of a glorious world<br>Everywhere the harvests of patriotic vows ripen,<br>Suns of boundless joy shine.<br><br><em><strong>Chorus<\/strong><\/em><\/td><\/tr><\/tbody><\/table><\/figure>\n","protected":false},"excerpt":{"rendered":"<p>French lyrics Mossi\u00a0lyrics English translation IContre la f\u00e9rule humiliante il y a d\u00e9j\u00e0 mille ans,La rapacit\u00e9 venue de loin les asservir il y a cent ans.Contre la cynique malice m\u00e9tamorphos\u00e9eEn n\u00e9ocolonialisme et ses petits servants locauxBeaucoup flanch\u00e8rent et certains r\u00e9sist\u00e8rent.Mais les \u00e9checs, les succ\u00e8s, la sueur, le sangOnt fortifi\u00e9 notre peuple courageuxEt fertilis\u00e9 sa lutte&hellip;<\/p>\n","protected":false},"author":1,"featured_media":0,"parent":366,"menu_order":0,"comment_status":"closed","ping_status":"closed","template":"","meta":{"footnotes":""},"class_list":["post-1413","page","type-page","status-publish","hentry"],"_links":{"self":[{"href":"https:\/\/www.sadeora.com\/sky_dome\/the-future-planet\/wp-json\/wp\/v2\/pages\/1413","targetHints":{"allow":["GET"]}}],"collection":[{"href":"https:\/\/www.sadeora.com\/sky_dome\/the-future-planet\/wp-json\/wp\/v2\/pages"}],"about":[{"href":"https:\/\/www.sadeora.com\/sky_dome\/the-future-planet\/wp-json\/wp\/v2\/types\/page"}],"author":[{"embeddable":true,"href":"https:\/\/www.sadeora.com\/sky_dome\/the-future-planet\/wp-json\/wp\/v2\/users\/1"}],"replies":[{"embeddable":true,"href":"https:\/\/www.sadeora.com\/sky_dome\/the-future-planet\/wp-json\/wp\/v2\/comments?post=1413"}],"version-history":[{"count":0,"href":"https:\/\/www.sadeora.com\/sky_dome\/the-future-planet\/wp-json\/wp\/v2\/pages\/1413\/revisions"}],"up":[{"embeddable":true,"href":"https:\/\/www.sadeora.com\/sky_dome\/the-future-planet\/wp-json\/wp\/v2\/pages\/366"}],"wp:attachment":[{"href":"https:\/\/www.sadeora.com\/sky_dome\/the-future-planet\/wp-json\/wp\/v2\/media?parent=1413"}],"curies":[{"name":"wp","href":"https:\/\/api.w.org\/{rel}","templated":true}]}}