{"id":1409,"date":"2021-06-06T03:15:29","date_gmt":"2021-06-06T08:15:29","guid":{"rendered":"https:\/\/www.sadeora.com\/sky_dome\/the-future-planet\/?page_id=1409"},"modified":"2024-08-29T01:30:42","modified_gmt":"2024-08-29T06:30:42","slug":"cameroon","status":"publish","type":"page","link":"https:\/\/www.sadeora.com\/sky_dome\/the-future-planet\/felicitation-centers\/cameroon\/","title":{"rendered":"Cameroon"},"content":{"rendered":"\n<p><\/p>\n\n\n\n<figure class=\"wp-block-audio\"><audio controls src=\"https:\/\/www.sadeora.com\/sky_dome\/the-future-planet\/wp-content\/uploads\/2024\/08\/Cameroon_anthem.ogg\"><\/audio><\/figure>\n\n\n\n<p><\/p>\n\n\n\n<p><\/p>\n\n\n\n<figure class=\"wp-block-table\"><table class=\"has-fixed-layout\"><tbody><tr><th>French version<\/th><th>English translation of French version<\/th><th>English version<\/th><\/tr><tr><td><strong>I<\/strong><br>\u00d4 Cameroun berceau de nos anc\u00eatres,<br>Va debout et jaloux de ta libert\u00e9.<br>Comme un soleil ton drapeau fier doit \u00eatre<br>Un symbole ardent de foi et d&#8217;unit\u00e9.<br>Que tous tes enfants du nord au sud,<br>de l&#8217;est \u00e0 l&#8217;ouest soient tout amour,<br>Te servir que ce soit leur\u00a0seul but,<br>Pour remplir leur devoir toujours.<br><br><strong>Refrain:<\/strong><br>Ch\u00e8re patrie, terre ch\u00e9rie,<br>Tu es notre seul et vrai bonheur,<br>notre joie et notre vie,<br>\u00c0\u00a0toi l&#8217;amour et le grand honneur<br><br><strong>II<\/strong><br>Tu es la tombe o\u00f9 dorment nos p\u00e8res,<br>Le jardin que nos a\u00efeux ont cultiv\u00e9.<br>Nous travaillons pour te rendre prosp\u00e8re,<br>Un beau jour enfin nous serons arriv\u00e9s.<br>De l&#8217;Afrique sois fid\u00e8le enfant<br>Et progresse toujours en paix,<br>Esp\u00e9rant que tes jeunes enfants<br>T&#8217;aimeront sans bornes \u00e0 jamais.<br><br><em><strong>Refrain<\/strong><\/em><\/td><td><strong>I<\/strong><br>O&nbsp;<a href=\"https:\/\/en.wikipedia.org\/wiki\/Cameroon\">Cameroon<\/a>, cradle of&nbsp;<a href=\"https:\/\/en.wikipedia.org\/wiki\/Africa\">our ancestors<\/a>,<br>Go, upright and protective of your freedom.<br>Like a sun,&nbsp;<a href=\"https:\/\/en.wikipedia.org\/wiki\/Flag_of_Cameroon\">your proud flag<\/a>&nbsp;must be<br>An ardent symbol of faith and unity.<br>May all your children, from&nbsp;<a href=\"https:\/\/en.wikipedia.org\/wiki\/North_Region_(Cameroon)\">North<\/a>&nbsp;to&nbsp;<a href=\"https:\/\/en.wikipedia.org\/wiki\/South_Region_(Cameroon)\">South<\/a><br>From&nbsp;<a href=\"https:\/\/en.wikipedia.org\/wiki\/East_Region_(Cameroon)\">East<\/a>&nbsp;to&nbsp;<a href=\"https:\/\/en.wikipedia.org\/wiki\/West_Region_(Cameroon)\">West<\/a>, be all love,<br>May serving you be their only goal<br>To fulfil their duty always.<br><br><strong>Chorus:<\/strong><br>Dear&nbsp;<a href=\"https:\/\/en.wikipedia.org\/wiki\/Cameroon\">Fatherland<\/a>, cherished land,<br>You are our one and true happiness.<br>Our joy and our life<br>To you, love and great honour.<br><br><strong>II<\/strong><br>You are the grave where our fathers sleep,<br>The&nbsp;<a href=\"https:\/\/en.wikipedia.org\/wiki\/Africa\">garden that our ancestors<\/a>&nbsp;have cultivated.<br>We work to make you prosperous<br>One fine day we will finally get there.<br>Be Africa&#8217;s faithful child<br>And always progress in peace<br>Hoping that&nbsp;<a href=\"https:\/\/en.wikipedia.org\/wiki\/Demographics_of_Cameroon\">your young children<\/a><br>Will love you without bounds forever.<br><br><em><strong>Chorus<\/strong><\/em><\/td><td><strong>I<\/strong><br>O&nbsp;<a href=\"https:\/\/en.wikipedia.org\/wiki\/Cameroon\">Cameroon<\/a>, Thou Cradle of our Fathers,<br>Holy Shrine where in our midst they now repose,<br>Their tears and blood and sweat thy soil did water,<br>On thy hills and valleys once their tillage rose.<br>Dear&nbsp;<a href=\"https:\/\/en.wikipedia.org\/wiki\/Cameroon\">Fatherland<\/a>, thy worth no tongue can tell!<br>How can we ever pay thy due?<br>Thy welfare we will win in toil and love and peace,<br>Will be to thy name ever true!<br><br><strong>Chorus:<\/strong><br>Land of Promise, land of Glory!<br>Thou, of life and joy, our only store!<br>Thine be honour, thine emotion,<br>And deep endearment, for evermore.<br><br><strong>II<\/strong><br>From&nbsp;<a href=\"https:\/\/en.wikipedia.org\/wiki\/Shari_River\">Shari<\/a>, from where the&nbsp;<a href=\"https:\/\/en.wikipedia.org\/wiki\/Mungo_River,_Cameroon\">Mungo<\/a>&nbsp;meanders<br>From along the banks of lowly&nbsp;<a href=\"https:\/\/en.wikipedia.org\/wiki\/Boumba_River\">Boumba Stream<\/a>,<br>Muster thy sons in union close around thee,<br>Mighty as the&nbsp;<a href=\"https:\/\/en.wikipedia.org\/wiki\/Mount_Cameroon\">Buea Mountain<\/a>&nbsp;be their team;<br>Instil in them the love of gentle ways,<br>Regret for errors of&nbsp;<a href=\"https:\/\/en.wikipedia.org\/wiki\/History_of_Cameroon\">the past<\/a>;<br>Foster, for&nbsp;<a href=\"https:\/\/en.wikipedia.org\/wiki\/Africa\">Mother Africa<\/a>, a loyalty<br>That true shall remain to the last.<br><br><em><strong>Chorus<\/strong><\/em><\/td><\/tr><\/tbody><\/table><\/figure>\n\n\n\n<h3 class=\"wp-block-heading\" id=\"In_local_languages\">In local languages<\/h3>\n\n\n\n[<a href=\"https:\/\/en.wikipedia.org\/w\/index.php?title=O_Cameroon,_Cradle_of_Our_Forefathers&amp;action=edit&amp;section=4\">edit<\/a>]\n\n\n\n<p>The anthem has also been translated into several&nbsp;<a href=\"https:\/\/en.wikipedia.org\/wiki\/Languages_of_Cameroon\">local languages<\/a>.<\/p>\n\n\n\n<figure class=\"wp-block-table\"><table class=\"has-fixed-layout\"><tbody><tr><th><a href=\"https:\/\/en.wikipedia.org\/wiki\/Ewondo_language\">Ewondo<\/a>\u00a0lyrics<\/th><th><a href=\"https:\/\/en.wikipedia.org\/wiki\/Adamawa_Fulfulde\">Adamawa Fulfulde<\/a>\u00a0lyrics<\/th><th><a href=\"https:\/\/en.wikipedia.org\/wiki\/Ghomala_language\">Ghomala<\/a>\u00a0lyrics<\/th><\/tr><tr><td><strong>I<\/strong><br>\u00c1 Kam\u0259r\u00fan on\u0259 \u01f9nam b\u0259\u0301v\u00e1mb\u00e1<br>T\u0259\u0301b\u0259\u0301g\u0259\u0301 \u00f3s\u00fa \u00f3kaman f\u0259 ai fil\u00ed dzoe<br>An\u0259 \u01f9l\u00f3dz\u00f3b ets\u00edga dz\u00f3e y\u00e1yean b\u0254\u0301<br>Ndem ed\u01d0\u014b ai e ny\u00ed anyang \u00e1 z\u01ce\u014b b\u0254\u0301n b\u00f3\u00e9<br>Ky\u00e9 \u00e1 b\u0254\u0301n b\u0259\u0301s\u0259 y\u00e1 s\u00ed Kam\u0259r\u00fan<br>Aa t\u00e1d\u00edg\u00ed \u00e1 b\u00fag s\u00ed di ak\u0259l\u0259 ku\u00ed \u00e9fas ev\u0254\u0301g<br>B\u01d2 n\u01ce b\u0259\u0301s\u0259 b\u0259\u0301fulan \u01f9n\u0259\u0301m m\u0300b\u0254\u0301g<br>Mb\u00f3l ye n\u00e2 b\u0259v\u0259 k\u0254 \u00e1 mam m\u0259\u0301s\u0259.<br><br><strong>Mesul\u00ed:<\/strong><br>Mb\u0259mb\u0259 \u01f9nam w\u00e2n, Mb\u0259mb\u0259 \u01f9nam ed\u01d0\u014b<br>On\u0259 afidi d\u00e2n ai mv\u01d2m dz\u00e2n<br>Mb\u0259mb\u0259 \u01f9nam w\u00e2n, Mb\u0259mb\u0259 \u01f9nam ed\u01d0\u014b<br>Ed\u01d0\u014b ai wa ai olug\u00fa \u00e1s\u0259.<\/td><td><strong>I<\/strong><br>Ha Cameroun feaarou mamadjimenden,<br>Ndaranoda \u00e9 Ngikkana Ndjimoumada.<br>Bana nangu\u00e9 toutawalma hanilaato,<br>Ndoum alama nouddinki \u00e9 narralmen.<br>Nbikkon ma woila \u00e9 fombina,<br>Diga founa \u00e9 hirna fou nguidngnidtina.<br>Houwan goma tan wona noufoy\u00e9 mabb\u00e9.<br>Ngamb\u00e9 kibbina alkawal.<br><br><strong>Koor\u0257o:<\/strong><br>Lesdimenden, Nguidaandimenden,<br>Ndoum tan woni djaynitaremen.<br>Seyomeenden, Ng\u00e9dammeeden,<br>Yiid\u00e9 \u00e9 n\u00e9ddaal koufou Ngamma.<\/td><td><strong>I<\/strong><br>\u0186\u030c Kamer\u00fbn, th\u01dd\u0301si p\u0254\u0301k m\u0289\u01dd\u0302g\u01dd\u030cj\u0289&#8217;,<br>Lu tsu\u00fa s\u00ed b\u00ed\u014b c\u01dd\u014bt\u01dd b\u0254\u0301mt\u01dd\u0301 yu l\u01dd\u0300p\u0289\u01dd\u0300<br>P\u00e2&#8217; ts\u01dd\u0301nam \u00e1, yu dz\u01dd\u0302g\u00fb\u014b g\u0254 p\u01dd\u0301 l\u01dd\u014bny\u01dd<br>P\u01dd\u0301 syamti\u014b gwy\u01dd\u0301 n\u01dd\u0301 n\u01dd\u0301p\u00ee\u014b p\u00fb nt\u00e0mt\u01dd\u0300<br>Ga\u01dd\u0301 p\u00f4 p\u01d4 aw\u025b\u0301 jy\u01dd\u014bka&#8217; baa kwop<br>M nt\u01dd\u0302mn\u00e0m, m B\u00eenam p\u01dd\u0301 nt\u0289m \u014bk\u00f9\u014bny\u01dd\u0300<br>N\u01dd\u0301 p\u01dd\u0302 f\u00e1&#8217; b\u00fb p\u01dd\u0301 da&#8217; m\u00e1p mnt\u01dd\u0301mdy\u01dd\u0301<br>N\u01dd\u0301\u01dd g\u01dd\u0301\u01dd m\u00e1p mfa&#8217; n\u01dd\u0301\u01dd gu\u014b mcw\u01dd aw\u025b\u0301.<br><br><strong>P\u00ed\u014bzhw\u00f2p:<\/strong><br>\u0186\u030c gu\u014b mt\u0289\u01ddd\u01dd\u0300\u014b, \u0254\u030c c\u00e1&#8217; mt\u0289\u01ddd\u01dd\u0300\u014b,<br>\u00d3 o b\u01dd\u0301 tsu\u00fa da&#8217; y\u0254k n\u01dd\u0301pu\u014b n\u00edny\u0254,<br>Da&#8217; y\u0254k \u014bw\u025b\u0301ny\u01dd\u0301, baa y\u0254k n\u025b\u0301\u01dd\u0301cw\u01dd\u0302<br>\u014aku\u014bny\u01dd p\u01dd\u0301 buu ba gh\u00e1mt e gwy\u01dd\u0301 b\u00fb.<\/td><\/tr><\/tbody><\/table><\/figure>\n\n\n\n<h3 class=\"wp-block-heading\" id=\"Former_lyrics_(1957\u20131970)\">Former lyrics (1957\u20131970)<\/h3>\n\n\n\n[<a href=\"https:\/\/en.wikipedia.org\/w\/index.php?title=O_Cameroon,_Cradle_of_Our_Forefathers&amp;action=edit&amp;section=5\">edit<\/a>]\n\n\n\n<figure class=\"wp-block-table\"><table class=\"has-fixed-layout\"><tbody><tr><th>French lyrics<\/th><th>English translation<\/th><\/tr><tr><td><strong>I<\/strong><br>O Cameroun, berceau de nos anc\u00eatres,<br>Autrefois tu v\u00e9cus dans la barbarie,<br>Comme un soleil, tu commences \u00e0 paraitre,<br>Peu \u00e0 peu tu sors de ta sauvagerie,<br>Que tous tes enfants du Nord au Sud,<br>De l&#8217;Est \u00e0 l&#8217;Ouest soient tout amour,<br>Te servir que ce soit notre seul but,<br>Pour remplir notre devoir toujours.<br><br><strong>Refrain:<\/strong><br>Ch\u00e8re Patrie, terre ch\u00e9rie,<br>Tu es notre unique et vrai bonheur.<br>Notre joie et notre vie<br>A toi l\u2019amour et le grand honneur.<br><br><strong>II<\/strong><br>Tu es la tombe o\u00f9 dorment nos p\u00e8res,<br>Le jardin que nos a\u00efeux ont cultiv\u00e9.<br>Nous travaillons pour te rendre prosp\u00e8re,<br>Un beau jour enfin nous serons arriv\u00e9s.<br>De l&#8217;Afrique sois fid\u00e8le enfant<br>Et progresse toujours en paix,<br>Esp\u00e9rant que tes jeunes enfants<br>T&#8217;aimeront sans bornes \u00e0 jamais.<br><br><em><strong>Refrain<\/strong><\/em><\/td><td><strong>I<\/strong><br>O&nbsp;<a href=\"https:\/\/en.wikipedia.org\/wiki\/Cameroon\">Cameroon<\/a>, cradle of&nbsp;<a href=\"https:\/\/en.wikipedia.org\/wiki\/Africa\">our ancestors<\/a>,<br>You once lived in barbarism,<br>Like a sun, you start to appear,<br>Little by little you come out of your savagery,<br>May all your children, from&nbsp;<a href=\"https:\/\/en.wikipedia.org\/wiki\/North_Region_(Cameroon)\">North<\/a>&nbsp;to&nbsp;<a href=\"https:\/\/en.wikipedia.org\/wiki\/South_Region_(Cameroon)\">South<\/a><br>From&nbsp;<a href=\"https:\/\/en.wikipedia.org\/wiki\/East_Region_(Cameroon)\">East<\/a>&nbsp;to&nbsp;<a href=\"https:\/\/en.wikipedia.org\/wiki\/West_Region_(Cameroon)\">West<\/a>, be all love,<br>May serving you be our only goal<br>To fulfil their duty always.<br><br><strong>Chorus:<\/strong><br>Dear&nbsp;<a href=\"https:\/\/en.wikipedia.org\/wiki\/Cameroon\">Fatherland<\/a>, dear land,<br>You are our unique and true happiness.<br>Our joy and our life<br>To you, love and great honour.<br><br><strong>II<\/strong><br>You are the grave where our fathers sleep,<br>The&nbsp;<a href=\"https:\/\/en.wikipedia.org\/wiki\/Africa\">garden that our ancestors<\/a>&nbsp;have cultivated.<br>We work to make you prosperous<br>One fine day we will finally get there.<br>Be Africa&#8217;s faithful child<br>And always progress in peace<br>Hoping that&nbsp;<a href=\"https:\/\/en.wikipedia.org\/wiki\/Demographics_of_Cameroon\">your young children<\/a><br>Will love you without bounds forever.<br><br><em><strong>Chorus<\/strong><\/em><\/td><\/tr><\/tbody><\/table><\/figure>\n","protected":false},"excerpt":{"rendered":"<p>French version English translation of French version English version I\u00d4 Cameroun berceau de nos anc\u00eatres,Va debout et jaloux de ta libert\u00e9.Comme un soleil ton drapeau fier doit \u00eatreUn symbole ardent de foi et d&#8217;unit\u00e9.Que tous tes enfants du nord au sud,de l&#8217;est \u00e0 l&#8217;ouest soient tout amour,Te servir que ce soit leur\u00a0seul but,Pour remplir leur&hellip;<\/p>\n","protected":false},"author":1,"featured_media":0,"parent":366,"menu_order":0,"comment_status":"closed","ping_status":"closed","template":"","meta":{"footnotes":""},"class_list":["post-1409","page","type-page","status-publish","hentry"],"_links":{"self":[{"href":"https:\/\/www.sadeora.com\/sky_dome\/the-future-planet\/wp-json\/wp\/v2\/pages\/1409","targetHints":{"allow":["GET"]}}],"collection":[{"href":"https:\/\/www.sadeora.com\/sky_dome\/the-future-planet\/wp-json\/wp\/v2\/pages"}],"about":[{"href":"https:\/\/www.sadeora.com\/sky_dome\/the-future-planet\/wp-json\/wp\/v2\/types\/page"}],"author":[{"embeddable":true,"href":"https:\/\/www.sadeora.com\/sky_dome\/the-future-planet\/wp-json\/wp\/v2\/users\/1"}],"replies":[{"embeddable":true,"href":"https:\/\/www.sadeora.com\/sky_dome\/the-future-planet\/wp-json\/wp\/v2\/comments?post=1409"}],"version-history":[{"count":0,"href":"https:\/\/www.sadeora.com\/sky_dome\/the-future-planet\/wp-json\/wp\/v2\/pages\/1409\/revisions"}],"up":[{"embeddable":true,"href":"https:\/\/www.sadeora.com\/sky_dome\/the-future-planet\/wp-json\/wp\/v2\/pages\/366"}],"wp:attachment":[{"href":"https:\/\/www.sadeora.com\/sky_dome\/the-future-planet\/wp-json\/wp\/v2\/media?parent=1409"}],"curies":[{"name":"wp","href":"https:\/\/api.w.org\/{rel}","templated":true}]}}