{"id":1402,"date":"2021-06-06T03:08:17","date_gmt":"2021-06-06T08:08:17","guid":{"rendered":"https:\/\/www.sadeora.com\/sky_dome\/the-future-planet\/?page_id=1402"},"modified":"2024-08-29T02:10:28","modified_gmt":"2024-08-29T07:10:28","slug":"central-african-republic","status":"publish","type":"page","link":"https:\/\/www.sadeora.com\/sky_dome\/the-future-planet\/felicitation-centers\/central-african-republic\/","title":{"rendered":"Central African Republic"},"content":{"rendered":"\n<p><\/p>\n\n\n\n\n\n<p><\/p>\n\n\n\n<p><\/p>\n\n\n\n<figure class=\"wp-block-table\"><table class=\"has-fixed-layout\"><tbody><tr><th>French lyrics<\/th><th><a href=\"https:\/\/en.wikipedia.org\/wiki\/Sango_language\">Sango<\/a>\u00a0lyrics<\/th><th>Sango\u00a0<a href=\"https:\/\/en.wikipedia.org\/wiki\/International_Phonetic_Alphabet\">IPA<\/a>\u00a0transcription<\/th><th>English translation<\/th><\/tr><tr><td>\u00d4 Centrafrique, \u00f4 berceau des Bantous&nbsp;!<br>Reprends ton droit au respect, \u00e0 la vie&nbsp;!<br>Longtemps soumis, longtemps brim\u00e9 par tous,<br>Mais de ce jour brisant la tyrannie.<br>Dans le travail, l&#8217;ordre et la dignit\u00e9,<br>Tu reconquiers ton droit, ton unit\u00e9,<br>Et pour franchir cette \u00e9tape nouvelle,<br>De nos anc\u00eatres la voix nous appelle.<br><br><strong>Refrain:<\/strong><br>Au travail dans l&#8217;ordre et la dignit\u00e9,<br>Dans le respect du droit dans l&#8217;unit\u00e9,<br>Brisant la mis\u00e8re et la tyrannie,<br>Brandissant l&#8217;\u00e9tendard de la Patrie.<\/td><td>B\u00eaafr\u00eeka, mbeso t\u00ee \u00e2Bantu<br>K\u00eeri mo gb\u00fb g\u00eeg\u00ee t\u00ee mo-mven\u00ee<br>Mo b\u00e2a p\u00e2si na gbe t\u00ee \u00e2zo k\u00fb\u00ea<br>Me fad\u00ebs\u00f4, mo ke na k\u00fcr\u00fc g\u00f4<br>Mo s\u00f6 benda, mo b\u00fbngbi k\u00fb\u00ea \u00f4ko<br>Na kus\u00e2ra ng\u00e2 na n\u00ebng\u00f6-ter\u00ea<br>T\u00ee t\u00f6 nd\u00e2 t\u00ee fin\u00ee dut\u00ef t\u00ee \u00eb s\u00f4<br>E m\u00e4 gbeg\u00f4 t\u00ee_\u00e2k\u00f6tar\u00e4 t\u00ee \u00eb<br><br><strong>Refrain:<\/strong><br>E gb\u00fb kua nz\u00f6n\u00ee na n\u00ebng\u00f6-ter\u00ea<br>E kp\u00eb ndi\u00e4 nz\u00f6n\u00ee na m\u00e4ng\u00f6-ter\u00ea<br>E kinda was\u00ef\u00f6b\u00ea, \u00eb tomba p\u00e2si<br>E y\u00e2a band\u00eara t\u00ee k\u00f6dr\u00f6 t\u00ee \u00eb!<\/td><td>[b\u02b7\u00e9.\u00e0.fr\u00ed.k\u00e0 \u1d50b\u02b7\u025b\u0300.s\u00f2 t\u02b2\u00ed \u00e1.b\u02b7\u00e3\u0300.t\u00f9]<br>[k\u02b2\u00ed.r\u00ec m\u00f2 \u0261\u0361b\u02b7\u00fa g\u02b2\u00ed.g\u02b2\u00ed t\u02b2\u00ed m\u00f2\u203f\u1dacv\u025b\u0300.n\u02b2\u00ed]<br>[m\u00f2 b\u02b7\u00e1.\u00e0 p\u02b7\u00e1.s\u00ec n\u00e0 \u0261\u0361b\u02b7\u00e8 t\u02b2\u00ed \u00e1.z\u00f2 k\u00fa\u00e9]<br>[m\u00e8 f\u00e0.d\u0113.s\u00f3 m\u00f2 k\u02b2\u025b\u0300 n\u00e0 k\u016b.r\u016b g\u0254\u0301]<br>[m\u00f2 s\u014d b\u02b7\u025b\u0300\u0303.da m\u00f2 b\u02b7\u00f9\u0303.\u0261\u0361b\u00ec k\u00fa\u00e9\u032f \u0254\u0301.k\u0254\u0300]<br>[n\u00e0 k\u00f9.s\u00e1.r\u00e0\u203f\u1d51\u0261\u00e1 n\u00e0 n\u025b\u0304\u0303.g\u014d t\u025b\u0300.r\u025b\u0304]<br>[t\u02b2\u00ed t\u014d\u203f\u207fd\u00e1 t\u02b2\u00ed f\u02b2\u00ec.n\u02b2\u00ed d\u00f9.t\u02b2\u012b t\u02b2\u00ed \u0113 s\u00f3]<br>[\u00e8 m\u0101 \u0261\u0361b\u02b7\u025b\u0300.g\u0254\u0301 t\u02b2\u00ed\u203f\u00e1.k\u014d.t\u00e0.r\u0101 t\u02b2\u00ed \u0113]<br><br>&nbsp;<br>[\u00e8 \u0261\u0361b\u02b7\u00fa k\u00f9\u00e0\u032f\u203f\u207fz\u014d.n\u02b2\u00ed n\u00e0 n\u025b\u0304\u0303.g\u0254\u0304 t\u025b\u0300.r\u025b\u0304]<br>[\u00e8 k\u0361p\u02b7\u0113\u203f\u207fd\u02b2\u00ec.\u0101\u203f\u207fz\u014d.n\u02b2\u00ed n\u00e0 m\u0101\u0303.g\u0254\u0304 t\u025b\u0300.r\u025b\u0304]<br>[\u00e8 k\u02b2\u00ed\u0303.d\u00e0 w\u00e0.s\u02b2\u012b.\u014d.b\u02b7\u00e9 \u0113 t\u00f5.b\u02b7\u00e0 p\u00e1.s\u00ec]<br>[\u00e8 j\u00e1\u00e0\u032f b\u02b7\u00e3.d\u025b\u0301.r\u00e0 t\u02b2\u00ed k\u0254\u0304d.r\u0254\u0304 t\u02b2\u00ed \u0113]<\/td><td>Oh! Central Africa, cradle of the&nbsp;<a href=\"https:\/\/en.wikipedia.org\/wiki\/Bantu_people\">Bantu<\/a>!<br>Take up again your right to respect, to life!<br>Long subjugated, long scorned by all,<br>But, from today, breaking&nbsp;<a href=\"https:\/\/en.wikipedia.org\/wiki\/Ubangi-Shari\">tyranny<\/a>&#8216;s hold.<br>Through work, order and dignity<br>You reconquer your rights, your unity,<br>And to take this new step<br>The voice of our ancestors call us.<br><br><strong>Chorus:<\/strong><br>To work! In order and dignity,<br>In the respect for rights and in unity,<br>Breaking&nbsp;<a href=\"https:\/\/en.wikipedia.org\/wiki\/Ubangi-Shari\">poverty<\/a>&nbsp;and&nbsp;<a href=\"https:\/\/en.wikipedia.org\/wiki\/French_Equatorial_Africa\">tyranny<\/a>,<br>Holding high&nbsp;<a href=\"https:\/\/en.wikipedia.org\/wiki\/Flag_of_the_Central_African_Republic\">the standard of the Fatherland<\/a>.<\/td><\/tr><\/tbody><\/table><\/figure>\n","protected":false},"excerpt":{"rendered":"<p>French lyrics Sango\u00a0lyrics Sango\u00a0IPA\u00a0transcription English translation \u00d4 Centrafrique, \u00f4 berceau des Bantous&nbsp;!Reprends ton droit au respect, \u00e0 la vie&nbsp;!Longtemps soumis, longtemps brim\u00e9 par tous,Mais de ce jour brisant la tyrannie.Dans le travail, l&#8217;ordre et la dignit\u00e9,Tu reconquiers ton droit, ton unit\u00e9,Et pour franchir cette \u00e9tape nouvelle,De nos anc\u00eatres la voix nous appelle. Refrain:Au travail dans&hellip;<\/p>\n","protected":false},"author":1,"featured_media":0,"parent":366,"menu_order":0,"comment_status":"closed","ping_status":"closed","template":"","meta":{"footnotes":""},"class_list":["post-1402","page","type-page","status-publish","hentry"],"_links":{"self":[{"href":"https:\/\/www.sadeora.com\/sky_dome\/the-future-planet\/wp-json\/wp\/v2\/pages\/1402","targetHints":{"allow":["GET"]}}],"collection":[{"href":"https:\/\/www.sadeora.com\/sky_dome\/the-future-planet\/wp-json\/wp\/v2\/pages"}],"about":[{"href":"https:\/\/www.sadeora.com\/sky_dome\/the-future-planet\/wp-json\/wp\/v2\/types\/page"}],"author":[{"embeddable":true,"href":"https:\/\/www.sadeora.com\/sky_dome\/the-future-planet\/wp-json\/wp\/v2\/users\/1"}],"replies":[{"embeddable":true,"href":"https:\/\/www.sadeora.com\/sky_dome\/the-future-planet\/wp-json\/wp\/v2\/comments?post=1402"}],"version-history":[{"count":0,"href":"https:\/\/www.sadeora.com\/sky_dome\/the-future-planet\/wp-json\/wp\/v2\/pages\/1402\/revisions"}],"up":[{"embeddable":true,"href":"https:\/\/www.sadeora.com\/sky_dome\/the-future-planet\/wp-json\/wp\/v2\/pages\/366"}],"wp:attachment":[{"href":"https:\/\/www.sadeora.com\/sky_dome\/the-future-planet\/wp-json\/wp\/v2\/media?parent=1402"}],"curies":[{"name":"wp","href":"https:\/\/api.w.org\/{rel}","templated":true}]}}