{"id":1398,"date":"2021-06-06T03:05:41","date_gmt":"2021-06-06T08:05:41","guid":{"rendered":"https:\/\/www.sadeora.com\/sky_dome\/the-future-planet\/?page_id=1398"},"modified":"2024-08-29T02:18:38","modified_gmt":"2024-08-29T07:18:38","slug":"chile","status":"publish","type":"page","link":"https:\/\/www.sadeora.com\/sky_dome\/the-future-planet\/felicitation-centers\/chile\/","title":{"rendered":"Chile"},"content":{"rendered":"\n<p><\/p>\n\n\n\n<figure class=\"wp-block-audio\"><audio controls src=\"https:\/\/www.sadeora.com\/sky_dome\/the-future-planet\/wp-content\/uploads\/2024\/08\/United_States_Navy_Band_-_National_Anthem_of_Chile.ogg\"><\/audio><\/figure>\n\n\n\n<p><\/p>\n\n\n\n<p><\/p>\n\n\n\n<figure class=\"wp-block-table\"><table class=\"has-fixed-layout\"><tbody><tr><th>Spanish original<\/th><th><a href=\"https:\/\/en.wikipedia.org\/wiki\/International_Phonetic_Alphabet\">IPA<\/a>\u00a0transcription<\/th><th>English translation<\/th><\/tr><tr><td>Puro, Chile, es tu cielo azulado.<br>Puras brisas te cruzan tambi\u00e9n.<br>Y tu campo de flores bordado<br>Es la copia feliz del Ed\u00e9n.<br>Majestuosa es la blanca monta\u00f1a<br>\ud834\udd06 Que te dio por baluarte el Se\u00f1or, \ud834\udd07<br>\ud834\udd06 Y ese mar que tranquilo te ba\u00f1a<br>Te promete futuro esplendor. \ud834\udd07<br><br><strong>Coro:<\/strong><br>Dulce Patria, recibe los votos<br>Con que Chile en tus aras jur\u00f3:<br>\ud834\udd06 Que o la tumba ser\u00e1s de los libres<br>O el asilo contra la opresi\u00f3n \ud834\udd07<br>Que o la tumba ser\u00e1s de los libres<br>O el asilo contra la opresi\u00f3n<br>O el asilo contra la opresi\u00f3n<br>O el asilo contra la opresi\u00f3n.<\/td><td>[\u02c8pu.\u027eo | \u02c8t\u0361\u0283i.le\u203fes tu \u02c8sje.lo\u203fa.su.\u02c8la.\u00f0o \u01c1]<br>[\u02c8pu.\u027eaz \u02c8\u03b2\u027ei.sas te \u02c8k\u027eu.san tam.\u02c8bjen \u2016]<br>[i tu \u02c8kam.po \u00f0e \u02c8flo.\u027eez \u03b2o\u027e.\u02c8\u00f0a.\u00f0o]<br>[ez la \u02c8kop.ja fe.\u02c8liz \u00f0el e.\u02c8\u00f0en \u2016]<br>[ma.xes.\u02c8tuo\u032f.sa\u203fez la \u02c8\u03b2la\u014b.ka mon.\u02c8ta.\u0272a]<br>\ud834\udd06 [ke te \u00f0jo po\u027e \u03b2a.\u02c8lwa\u027e.te\u203fel se.\u02c8\u0272o\u027e |] \ud834\udd07<br>\ud834\udd06 [\u02c8i(\u203f)e.se ma\u027e ke t\u027ea\u014b.\u02c8ki.lo te \u02c8\u03b2a.\u0272a]<br>[te p\u027eo.\u02c8me.te fu.\u02c8tu.\u027eo\u203fes.plen.\u02c8do\u027e \u01c1] \ud834\udd07<br><br><strong>[\u02c8ko.\u027eo]<\/strong><br>[\u02c8dul.se \u02c8pa.t\u027eja | re.\u02c8si.\u03b2e loz \u02c8\u03b2o.tos]<br>[ko\u014b ke \u02c8t\u0361\u0283i.le\u203fen tus \u02c8a.\u027eas xu.\u02c8\u027eo |]<br>\ud834\udd06 [ke\u203fo la \u02c8tum.ba se.\u02c8\u027eaz \u00f0e loz \u02c8li\u03b2.\u027ees]<br>[o\u203fel a.\u02c8si.lo \u02c8kon.t\u027ea la o.p\u027ee.\u02c8sjon] \ud834\udd07<br>[ke\u203fo la \u02c8tum.ba se.\u02c8\u027eaz \u00f0e loz \u02c8li\u03b2.\u027ees]<br>[o\u203fel a.\u02c8si.lo \u02c8kon.t\u027ea la o.p\u027ee.\u02c8sjon]<br>[o\u203fel a.\u02c8si.lo \u02c8kon.t\u027ea la o.p\u027ee.\u02c8sjon]<br>[o\u203fel a.\u02c8si.lo \u02c8kon.t\u027ea la o.p\u027ee.\u02c8sjon \u2016]<\/td><td>How pure, Chile, is your blue sky<br>And how pure the breezes that blow across you<br>And your countryside embroidered with flowers<br>Is a wonderful copy of Eden<br>How majestic are the snow-covered mountains<br>\ud834\udd06 That were given to you by God as protection \ud834\udd07<br>\ud834\udd06 And the sea that tranquilly bathes your shores<br>Promises a splendor future for you. \ud834\udd07<br><br><strong>Chorus:<\/strong><br>Beloved fatherland, receive the vows<br>That Chile gave you on your altars<br>\ud834\udd06 That you be either the tomb of the free<br>Or a refuge from oppression \ud834\udd07<br>That you be either the tomb of the free<br>Or a refuge from oppression<br>Or a refuge from oppression<br>Or a refuge from oppression.<\/td><\/tr><\/tbody><\/table><\/figure>\n\n\n\n<h3 class=\"wp-block-heading\" id=\"Full_lyrics\">Full lyrics<\/h3>\n\n\n\n[<a href=\"https:\/\/en.wikipedia.org\/w\/index.php?title=National_Anthem_of_Chile&amp;action=edit&amp;section=6\">edit<\/a>]\n\n\n\n<p>According to Chilean Constitution [decree 260], only the fifth verse and the chorus are played officially as the National Anthem.<\/p>\n\n\n\n<figure class=\"wp-block-table\"><table class=\"has-fixed-layout\"><tbody><tr><th>Spanish original<\/th><th>English translation<\/th><\/tr><tr><td><strong>Coro:<\/strong><br>Dulce Patria, recibe los votos<br>con que Chile en tus aras jur\u00f3<br>que o la tumba ser\u00e1s de los libres<br>o el asilo contra la opresi\u00f3n.<br><br><strong>I<\/strong><br>Ha cesado la lucha sangrienta;<br>ya es hermano el que ayer invasor;<br>de tres siglos lavamos la afrenta<br>combatiendo en el campo de honor.<br>El que ayer dobleg\u00e1base esclavo<br>libre al fin y triunfante se ve;<br>libertad es la herencia del bravo,<br>la Victoria se humilla a su pie.<br><br><strong>II<\/strong><br>Alza, Chile, sin mancha la frente;<br>conquistaste tu nombre en la lid;<br>siempre noble, constante y valiente<br>te encontraron los hijos del Cid.<br>Que tus libres tranquilos coronen<br>a las artes, la industria y la paz,<br>y de triunfos cantares entonen<br>que amedrenten al d\u00e9spota audaz.<br><br><strong>III<\/strong><br>Vuestros nombres, valientes soldados,<br>que hab\u00e9is sido de Chile el sost\u00e9n,<br>nuestros pechos los llevan grabados;<br>los sabr\u00e1n nuestros hijos tambi\u00e9n.<br>Sean ellos el grito de muerte<br>que lancemos marchando a lidiar,<br>y sonando en la boca del fuerte<br>hagan siempre al tirano temblar.<br><br><strong>IV<\/strong><br>Si pretende el ca\u00f1\u00f3n extranjero<br>nuestros pueblos, osado, invadir;<br>desnudemos al punto el acero<br>y sepamos vencer o morir.<br>Con su sangre el altivo araucano<br>nos leg\u00f3, por herencia, el valor;<br>y no tiembla la espada en la mano<br>defendiendo, de Chile, el honor.<br><br><strong>V&nbsp;(verso oficial)<\/strong><br>Puro, Chile, es tu cielo azulado,<br>puras brisas te cruzan tambi\u00e9n,<br>y tu campo de flores bordado<br>es la copia feliz del Ed\u00e9n.<br>Majestuosa es la blanca monta\u00f1a<br>que te dio por baluarte el Se\u00f1or,<br>Y ese mar que tranquilo te ba\u00f1a<br>te promete futuro esplendor.<br><br><strong>VI<\/strong><br>Esas galas, \u00a1oh, Patria!, esas flores<br>que tapizan tu suelo feraz,<br>no las pisen jam\u00e1s invasores;<br>con tu sombra las cubra la paz.<br>Nuestros pechos ser\u00e1n tu baluarte,<br>con tu nombre sabremos vencer,<br>o tu noble, glorioso estandarte,<br>nos ver\u00e1, combatiendo, caer.<\/td><td><strong>Chorus:<\/strong><br>Sweet Homeland, receive the vows<br>That Chile gave you on your altars<br>That you be either the tomb of the free<br>Or a refuge from oppression<br><br><strong>I<\/strong><br>The bloody fight has ceased;<br>and yesterday&#8217;s invader is now our brother;<br>three centuries we washed the affront<br>fighting in the field of honor.<br>That who yesterday was a slave<br>is free and triumphant today;<br>freedom is the heritage of the brave,<br>Victory lies shameful to his feet.<br><br><strong>II<\/strong><br>Rise, Chile, with a spotless forehead;<br>you conquered your name on the fight;<br>always noble, constant and courageous<br>the children of the Cid found you.<br>May your free calmly crown<br>the arts, industry and peace,<br>and may they sing songs of your triumph<br>to intimidate the daring despot.<br><br><strong>III<\/strong><br>Your names, brave soldiers<br>who have been Chile&#8217;s mainstay,<br>they are engraved in our chests;<br>our children will know them as well.<br>May they be the death cry<br>that comes out when we march to the fight,<br>and ringing in the mouth of the strong<br>they always make the tyrant tremble.<br><br><strong>IV<\/strong><br>If the foreign cannon intends<br>to invade, daring, our people;<br>let&#8217;s draw our arms<br>and know victory or death.<br>With its blood the proud Mapuches<br>inherited its courage to us;<br>and the sword doesn&#8217;t tremble in the hand<br>of that who defends the honor of Chile.<br><br><strong>V&nbsp;(official verse)<\/strong><br>Pure, Chile, is your bluish sky<br>Pure breezes cross you as well<br>And your flower-embroidered fields<br>Are the happy copy of Eden<br>Majestic are the white mountains<br>That the Lord gave you as a bastion<br>And that sea that tranquilly bathes your shore<br>Promises you a future splendor.<br><br><strong>VI<\/strong><br>That pride, oh, Homeland!, those flowers<br>growing on your fertile soil,<br>may they never be stepped on by invaders;<br>may your shadow cover them with peace.<br>Our chests will be your bastion<br>in your name we will know how to win,<br>or your noble, glorious emblem<br>will see us fall in the fight.<\/td><\/tr><\/tbody><\/table><\/figure>\n\n\n\n<h3 class=\"wp-block-heading\" id=\"1973\u20131990_lyrics\">1973\u20131990 lyrics<\/h3>\n\n\n\n[<a href=\"https:\/\/en.wikipedia.org\/w\/index.php?title=National_Anthem_of_Chile&amp;action=edit&amp;section=7\">edit<\/a>]\n\n\n\n<p>The following lyrics were used during the military regime in the country. Both the 5th and 3rd verses were used.<\/p>\n\n\n\n<figure class=\"wp-block-table\"><table class=\"has-fixed-layout\"><tbody><tr><th>Spanish original<\/th><th>English translation<\/th><\/tr><tr><td><strong>I<\/strong><br>Puro, Chile, es tu cielo azulado.<br>Puras brisas te cruzan tambi\u00e9n.<br>Y tu campo de flores bordado<br>Es la copia feliz del Ed\u00e9n.<br>Majestuosa es la blanca monta\u00f1a<br>\ud834\udd06 Que te dio por baluarte el Se\u00f1or, \ud834\udd07<br>\ud834\udd06 Y ese mar que tranquilo te ba\u00f1a<br>Te promete un futuro esplendor \ud834\udd07.<br><br><strong>Coro:<\/strong><br>Dulce Patria, recibe los votos<br>Con que Chile en tus aras jur\u00f3:<br>\ud834\udd06 Que o la tumba ser\u00e1s de los libres<br>O el asilo contra la opresi\u00f3n \ud834\udd07<br>Que o la tumba ser\u00e1s de los libres<br>O el asilo contra la opresi\u00f3n<br>O el asilo contra la opresi\u00f3n<br>O el asilo contra la opresi\u00f3n.<br><br><strong>II<\/strong><br>Vuestros nombres, valientes soldados,<br>que hab\u00e9is sido de Chile el sost\u00e9n,<br>nuestros pechos los llevan grabados;<br>los sabr\u00e1n nuestros hijos tambi\u00e9n.<br>Sean ellos el grito de muerte<br>\ud834\udd06 que lancemos marchando a lidiar, \ud834\udd07<br>\ud834\udd06 y sonando en la boca del fuerte<br>hagan siempre al tirano temblar. \ud834\udd07<br><br><em><strong>Coro<\/strong><\/em><\/td><td><strong>I<\/strong><br>Pure, Chile, is your bluish sky<br>Pure breezes cross you as well<br>And your flower-embroidered fields<br>Are the happy copy of Eden<br>Majestic are the white mountains<br>\ud834\udd06 That the Lord gave you as a bastion \ud834\udd07<br>\ud834\udd06 And that sea that tranquilly bathes your shore<br>Promises you a future splendor. \ud834\udd07<br><br><strong>Chorus:<\/strong><br>Sweet Fatherland receive the vows<br>With which Chile swore at your altars<br>\ud834\udd06 Either the tomb of the free you will be<br>Or the refuge against oppression \ud834\udd07<br>Either the tomb of the free you will be<br>Or the refuge against oppression<br>Or the refuge against oppression<br>Or the refuge against oppression.<br><br><strong>II<\/strong><br>Your names, brave soldiers<br>who have been Chile&#8217;s mainstay,<br>they are engraved in our chests;<br>our children will know them as well.<br>May they be the death cry<br>\ud834\udd06 that comes out when we march to the fight, \ud834\udd07<br>and ringing in the mouth of the strong<br>they always make the tyrant tremble. \ud834\udd07<br><br><em><strong>Chorus<\/strong><\/em><\/td><\/tr><\/tbody><\/table><\/figure>\n","protected":false},"excerpt":{"rendered":"<p>Spanish original IPA\u00a0transcription English translation Puro, Chile, es tu cielo azulado.Puras brisas te cruzan tambi\u00e9n.Y tu campo de flores bordadoEs la copia feliz del Ed\u00e9n.Majestuosa es la blanca monta\u00f1a\ud834\udd06 Que te dio por baluarte el Se\u00f1or, \ud834\udd07\ud834\udd06 Y ese mar que tranquilo te ba\u00f1aTe promete futuro esplendor. \ud834\udd07 Coro:Dulce Patria, recibe los votosCon que Chile&hellip;<\/p>\n","protected":false},"author":1,"featured_media":0,"parent":366,"menu_order":0,"comment_status":"closed","ping_status":"closed","template":"","meta":{"footnotes":""},"class_list":["post-1398","page","type-page","status-publish","hentry"],"_links":{"self":[{"href":"https:\/\/www.sadeora.com\/sky_dome\/the-future-planet\/wp-json\/wp\/v2\/pages\/1398","targetHints":{"allow":["GET"]}}],"collection":[{"href":"https:\/\/www.sadeora.com\/sky_dome\/the-future-planet\/wp-json\/wp\/v2\/pages"}],"about":[{"href":"https:\/\/www.sadeora.com\/sky_dome\/the-future-planet\/wp-json\/wp\/v2\/types\/page"}],"author":[{"embeddable":true,"href":"https:\/\/www.sadeora.com\/sky_dome\/the-future-planet\/wp-json\/wp\/v2\/users\/1"}],"replies":[{"embeddable":true,"href":"https:\/\/www.sadeora.com\/sky_dome\/the-future-planet\/wp-json\/wp\/v2\/comments?post=1398"}],"version-history":[{"count":0,"href":"https:\/\/www.sadeora.com\/sky_dome\/the-future-planet\/wp-json\/wp\/v2\/pages\/1398\/revisions"}],"up":[{"embeddable":true,"href":"https:\/\/www.sadeora.com\/sky_dome\/the-future-planet\/wp-json\/wp\/v2\/pages\/366"}],"wp:attachment":[{"href":"https:\/\/www.sadeora.com\/sky_dome\/the-future-planet\/wp-json\/wp\/v2\/media?parent=1398"}],"curies":[{"name":"wp","href":"https:\/\/api.w.org\/{rel}","templated":true}]}}