{"id":1387,"date":"2021-06-06T02:57:45","date_gmt":"2021-06-06T07:57:45","guid":{"rendered":"https:\/\/www.sadeora.com\/sky_dome\/the-future-planet\/?page_id=1387"},"modified":"2024-08-29T03:09:45","modified_gmt":"2024-08-29T08:09:45","slug":"colombia","status":"publish","type":"page","link":"https:\/\/www.sadeora.com\/sky_dome\/the-future-planet\/felicitation-centers\/colombia\/","title":{"rendered":"Colombia"},"content":{"rendered":"\n<p><\/p>\n\n\n\n<figure class=\"wp-block-audio\"><audio controls src=\"https:\/\/www.sadeora.com\/sky_dome\/the-future-planet\/wp-content\/uploads\/2024\/08\/United_States_Navy_Band_-_\u00a1Oh_gloria_inmarcesible.ogg\"><\/audio><\/figure>\n\n\n\n<p><\/p>\n\n\n\n<p><\/p>\n\n\n\n<figure class=\"wp-block-table\"><table class=\"has-fixed-layout\"><tbody><tr><th>Spanish original<\/th><th><a href=\"https:\/\/en.wikipedia.org\/wiki\/International_Phonetic_Alphabet\">IPA<\/a>\u00a0transcription<\/th><th>English translation<\/th><\/tr><tr><td><strong>Coro:<\/strong><br>\u00a1O, gloria inmarcesible!<br>\u00a1O, j\u00fabilo inmortal!<br>En surcos de dolores,<br>\ud834\udd06 el bien germina ya. \ud834\udd07<br><br>\u00a1O, gloria inmarcesible!<br>\u00a1O, j\u00fabilo inmortal!<br>En surcos de dolores,<br>el bien germina ya.<br><br><strong>I<\/strong><br>Ces\u00f3 la horrible noche.<br>La libertad sublime<br>derrama las auroras<br>de su invencible luz.<br><br>La humanidad entera,<br>que entre cadenas gime,<br>comprende las palabras<br>del que\u00a0<a href=\"https:\/\/en.wikipedia.org\/wiki\/Jesus\">muri\u00f3 en La Cruz<\/a>.<br><br><em><strong>Coro<\/strong><\/em><br><br><strong>II<\/strong><br>&#8220;\u00a1Independencia!&#8221;, grita<br>el mundo americano.<br>Se ba\u00f1a en sangre de h\u00e9roes<br>la tierra de Col\u00f3n.<br><br>Pero este gran principio;<br>&#8220;El rey no es soberano&#8221;<br>resuena, y los que sufren<br>bendicen su pasi\u00f3n.<br><br><em><strong>Coro<\/strong><\/em><br><br><strong>III<\/strong><br>Del Orinoco el cauce<br>se colma de despojos,<br>de sangre y llanto un r\u00edo<br>se mira all\u00ed correr.<br><br>En B\u00e1rbula no saben<br>las almas ni los ojos,<br>si admiraci\u00f3n o espanto<br>sentir o padecer.<br><br><em><strong>Coro<\/strong><\/em><br><br><strong>IV<\/strong><br>A orillas del Caribe,<br>hambriento un pueblo lucha,<br>horrores prefiriendo<br>a p\u00e9rfida salud.<br><br>\u00a1Oh, s\u00ed!, de Cartagena<br>la abnegaci\u00f3n es mucha,<br>y escombros de la muerte<br>desprecia su virtud.<br><br><em><strong>Coro<\/strong><\/em><br><br><strong>V<\/strong><br>De Boyac\u00e1 en los campos,<br>el genio de la gloria,<br>con cada espiga un h\u00e9roe<br>invicto coron\u00f3.<br><br>Soldados sin coraza<br>ganaron la victoria;<br>su varonil aliento<br>de escudo les sirvi\u00f3.<br><br><em><strong>Coro<\/strong><\/em><br><br><strong>VI<\/strong><br>Bol\u00edvar cruza el Ande<br>que riegan dos oc\u00e9anos,<br>espadas cual centellas<br>fulguran en Jun\u00edn.<br><br>Centauros indomables<br>descienden a los llanos,<br>y empieza a presentirse,<br>de la epopeya el fin.<br><br><em><strong>Coro<\/strong><\/em><br><br><strong>VII<\/strong><br>La trompa victoriosa<br>en Ayacucho truena,<br>que en cada triunfo crece<br>su formidable son.<br><br>En su expansivo empuje<br>la libertad se estrena,<br>del cielo americano<br>formando un pabell\u00f3n.<br><br><em><strong>Coro<\/strong><\/em><br><br><strong>VIII<\/strong><br>La virgen sus cabellos<br>arranca en agon\u00eda<br>y de su amor viuda<br>los cuelga del cipr\u00e9s.<br><br>Lamenta su esperanza<br>que cubre loza fr\u00eda,<br>pero glorioso orgullo<br>circunda su alba tez.<br><br><em><strong>Coro<\/strong><\/em><br><br><strong>IX<\/strong><br>La patria as\u00ed se forma,<br>term\u00f3pilas brotando;<br>constelaci\u00f3n de c\u00edclopes<br>su noche ilumin\u00f3.<br><br>La flor estremecida<br>mortal el viento hallando,<br>debajo los laureles<br>seguridad busc\u00f3.<br><br><em><strong>Coro<\/strong><\/em><br><br><strong>X<\/strong><br>Mas no es completa gloria<br>vencer en la batalla,<br>que el brazo que combate<br>lo anima la verdad.<br><br>La independencia sola<br>el gran clamor no acalla;<br>si el sol alumbra a todos,<br>justicia es libertad.<br><br><em><strong>Coro<\/strong><\/em><br><br><strong>XI<\/strong><br>Del hombre los derechos<br>Nari\u00f1o predicando,<br>el alma de la lucha<br>prof\u00e9tico ense\u00f1\u00f3.<br><br>Ricaurte en San Mateo,<br>en \u00e1tomos volando,<br>&#8220;Deber antes que vida,&#8221;<br>con llamas escribi\u00f3.<br><br><em><strong>Coro<\/strong><\/em><\/td><td><strong>[\u02c8ko\u027eo]<\/strong><br>[o \u02c8\u0261lo\u027eja imma\u027ese\u02c8sible]<br>[o \u02c8hubilo immo\u027e\u02c8tal]<br>[en \u02c8su\u027ekos de do\u02c8lo\u027ees]<br>\ud834\udd06 [el \u02c8bjen he\u027e\u02c8mina \u02c8\u029da] \ud834\udd07<br><br>[o \u02c8\u0261lo\u027eja imma\u027ese\u02c8sible]<br>[o \u02c8hubilo immo\u027e\u02c8tal]<br>[en \u02c8su\u027ekos de do\u02c8lo\u027ees]<br>[el \u02c8bjen he\u027e\u02c8mina \u02c8\u029da]<br><br><strong>1<\/strong><br>[se\u02c8so la o\u02c8rible \u02c8not\u0361\u0283e]<br>[la libe\u027e\u02c8tad su\u02c8blime]<br>[de\u02c8rama las au\u02c8\u027eo\u027eas]<br>[de su imben\u02c8sible \u02c8lus]<br><br>[la umani\u02c8dad en\u02c8te\u027ea]<br>[ke \u02c8ent\u027ee ka\u02c8denas \u02c8hime]<br>[kom\u02c8p\u027eende las pa\u02c8lab\u027eas]<br>[del ke mu\u02c8\u027ejo en la \u02c8k\u027eus]<br><br><em><strong>[\u02c8ko\u027eo]<\/strong><\/em><\/td><td><strong>Chorus:<\/strong><br>Oh, unwithering glory!<br>Oh, immortal jubilance!<br>In furrows of pain,<br>\ud834\udd06 goodness now germinates. \ud834\udd07<br><br>Oh, unwithering glory!<br>Oh, immortal jubilance!<br>In furrows of pain,<br>goodness now germinates.<br><br><strong>I<\/strong><br>The horrible night has ceased.<br>Sublime Liberty<br>spills the auroras<br>of her invincible light.<br><br>The entirety of humanity<br>that groans within chains,<br>comprehend the words<br>of&nbsp;<a href=\"https:\/\/en.wikipedia.org\/wiki\/Jesus\">He who died on the cross<\/a>.<br><br><em><strong>Chorus<\/strong><\/em><br><br><strong>II<\/strong><br>&#8220;Independence!&#8221; shouts<br>the&nbsp;<a href=\"https:\/\/en.wikipedia.org\/wiki\/Americas\">American<\/a>&nbsp;world;<br>The land of&nbsp;<a href=\"https:\/\/en.wikipedia.org\/wiki\/Christopher_Columbus\">Columbus<\/a>.<br>Is bathed in heroes&#8217; blood.<br><br>But this great doctrine;<br>&#8220;<a href=\"https:\/\/en.wikipedia.org\/wiki\/Monarchy_of_Spain\">The king<\/a>&nbsp;is not sovereign&#8221;,<br>resounds, and those who suffer<br>bless their passion.<br><br><em><strong>Chorus<\/strong><\/em><br><br><strong>III<\/strong><br>The bed of the&nbsp;<a href=\"https:\/\/en.wikipedia.org\/wiki\/Orinoco\">Orinoco<\/a><br>Is heaped with plunder,<br>Of blood and tears a river<br>is seen to flow there.<br><br>In&nbsp;<a href=\"https:\/\/en.wikipedia.org\/wiki\/Atanasio_Girardot\">B\u00e1rbula<\/a>&nbsp;know<br>neither souls nor eyes,<br>whether admiration to feel<br>or fear to suffer.<br><br><em><strong>Chorus<\/strong><\/em><br><br><strong>IV<\/strong><br>On the shores of the&nbsp;<a href=\"https:\/\/en.wikipedia.org\/wiki\/Caribbean_sea\">Caribbean<\/a>,<br>a famished people fight,<br>preferring horror<br>to fickle health.<br><br>O, aye! from&nbsp;<a href=\"https:\/\/en.wikipedia.org\/wiki\/Battle_of_Cartagena_de_Indias\">Cartagena<\/a><br>heavy is the hardship,<br>and death&#8217;s rubble<br>disdains her virtue<br><br><em><strong>Chorus<\/strong><\/em><br><br><strong>V<\/strong><br>From&nbsp;<a href=\"https:\/\/en.wikipedia.org\/wiki\/Battle_of_Boyac%C3%A1\">Boyac\u00e1<\/a>&nbsp;in the fields,<br>the genius of glory,<br>from every sprig a hero<br>was crowned undefeated.<br><br>Soldiers without armor<br>won the victory;<br>their virile spirit<br>served them as a shield.<br><br><em><strong>Chorus<\/strong><\/em><br><br><strong>VI<\/strong><br><a href=\"https:\/\/en.wikipedia.org\/wiki\/Sim%C3%B3n_Bol%C3%ADvar\">Bol\u00edvar<\/a>&nbsp;crosses the&nbsp;<a href=\"https:\/\/en.wikipedia.org\/wiki\/Andes\">Andes<\/a><br>bathed by two oceans,<br>swords as though sparks<br>flash in&nbsp;<a href=\"https:\/\/en.wikipedia.org\/wiki\/Battle_of_Jun%C3%ADn\">Jun\u00edn<\/a>.<br><br>Indomitable centaurs<br>descend to the plains,<br>and a premonition begins to be felt,<br>of the epic&#8217;s end.<br><br><em><strong>Chorus<\/strong><\/em><br><br><strong>VII<\/strong><br>The victorious trumpet<br>in&nbsp;<a href=\"https:\/\/en.wikipedia.org\/wiki\/Battle_of_Ayacucho\">Ayacucho<\/a>&nbsp;loudly thunders,<br>as in every triumph grows<br>its formidable sound.<br><br>In its expansive thrust<br>Liberty is first felt,<br>from the American sky<br>forming a pavilion.<br><br><em><strong>Chorus<\/strong><\/em><br><br><strong>VIII<\/strong><br>In agony, the&nbsp;<a href=\"https:\/\/en.wikipedia.org\/wiki\/Mary_(mother_of_Jesus)\">Virgin<\/a><br>Tears out her hair,<br>and bereft of her love,<br>leaves it to hang on a cypress.<br><br>Regretting her hope<br>covered by a cold headstone,<br>but glorious pride<br>hallows her fair skin.<br><br><em><strong>Chorus<\/strong><\/em><br><br><strong>IX<\/strong><br>Thus the motherland is formed,<br><a href=\"https:\/\/en.wikipedia.org\/wiki\/Battle_of_Thermopylae\">Thermopylaes<\/a>&nbsp;bursting forth;<br>a constellation of cyclops<br>the night did brighten.<br><br>The trembling flower<br>finding the wind mortal,<br>underneath the laurels<br>safety sought.<br><br><em><strong>Chorus<\/strong><\/em><br><br><strong>X<\/strong><br>But it&#8217;s not complete glory<br>to defeat in battle,<br>the arm that fights<br>is encouraged by truth.<br><br>For independence alone<br>The great clamour doesn&#8217;t silence;<br>if the sun shines on everyone,<br>justice is liberty.<br><br><em><strong>Chorus<\/strong><\/em><br><br><strong>XI<\/strong><br><a href=\"https:\/\/en.wikipedia.org\/wiki\/Declaration_of_the_Rights_of_Man_and_of_the_Citizen\">Of men the rights<\/a><br><a href=\"https:\/\/en.wikipedia.org\/wiki\/Antonio_Nari%C3%B1o\">Nari\u00f1o<\/a>&#8216;s preaching,<br>the soul of struggle<br>was prophetically taught.<br><br><a href=\"https:\/\/en.wikipedia.org\/wiki\/Antonio_Ricaurte\">Ricaurte<\/a>&nbsp;in&nbsp;<a href=\"https:\/\/en.wikipedia.org\/wiki\/Battle_of_San_Mateo_(1814)\">San Mateo<\/a>,<br>in atoms flying,<br>&#8220;Duty before life,&#8221;<br>with flames he wrote.<br><br><em><strong>Chorus<\/strong><\/em><\/td><\/tr><\/tbody><\/table><\/figure>\n","protected":false},"excerpt":{"rendered":"<p>Spanish original IPA\u00a0transcription English translation Coro:\u00a1O, gloria inmarcesible!\u00a1O, j\u00fabilo inmortal!En surcos de dolores,\ud834\udd06 el bien germina ya. \ud834\udd07 \u00a1O, gloria inmarcesible!\u00a1O, j\u00fabilo inmortal!En surcos de dolores,el bien germina ya. ICes\u00f3 la horrible noche.La libertad sublimederrama las aurorasde su invencible luz. La humanidad entera,que entre cadenas gime,comprende las palabrasdel que\u00a0muri\u00f3 en La Cruz. Coro II&#8220;\u00a1Independencia!&#8221;, gritael&hellip;<\/p>\n","protected":false},"author":1,"featured_media":0,"parent":366,"menu_order":0,"comment_status":"closed","ping_status":"closed","template":"","meta":{"footnotes":""},"class_list":["post-1387","page","type-page","status-publish","hentry"],"_links":{"self":[{"href":"https:\/\/www.sadeora.com\/sky_dome\/the-future-planet\/wp-json\/wp\/v2\/pages\/1387","targetHints":{"allow":["GET"]}}],"collection":[{"href":"https:\/\/www.sadeora.com\/sky_dome\/the-future-planet\/wp-json\/wp\/v2\/pages"}],"about":[{"href":"https:\/\/www.sadeora.com\/sky_dome\/the-future-planet\/wp-json\/wp\/v2\/types\/page"}],"author":[{"embeddable":true,"href":"https:\/\/www.sadeora.com\/sky_dome\/the-future-planet\/wp-json\/wp\/v2\/users\/1"}],"replies":[{"embeddable":true,"href":"https:\/\/www.sadeora.com\/sky_dome\/the-future-planet\/wp-json\/wp\/v2\/comments?post=1387"}],"version-history":[{"count":0,"href":"https:\/\/www.sadeora.com\/sky_dome\/the-future-planet\/wp-json\/wp\/v2\/pages\/1387\/revisions"}],"up":[{"embeddable":true,"href":"https:\/\/www.sadeora.com\/sky_dome\/the-future-planet\/wp-json\/wp\/v2\/pages\/366"}],"wp:attachment":[{"href":"https:\/\/www.sadeora.com\/sky_dome\/the-future-planet\/wp-json\/wp\/v2\/media?parent=1387"}],"curies":[{"name":"wp","href":"https:\/\/api.w.org\/{rel}","templated":true}]}}