{"id":1382,"date":"2021-06-06T02:52:56","date_gmt":"2021-06-06T07:52:56","guid":{"rendered":"https:\/\/www.sadeora.com\/sky_dome\/the-future-planet\/?page_id=1382"},"modified":"2024-08-29T03:34:44","modified_gmt":"2024-08-29T08:34:44","slug":"cook-islands","status":"publish","type":"page","link":"https:\/\/www.sadeora.com\/sky_dome\/the-future-planet\/felicitation-centers\/cook-islands\/","title":{"rendered":"Cook Islands"},"content":{"rendered":"\n<p><\/p>\n\n\n\n<figure class=\"wp-block-audio\"><audio controls src=\"https:\/\/www.sadeora.com\/sky_dome\/the-future-planet\/wp-content\/uploads\/2024\/08\/National_Anthem_of_the_Cook_Islands.ogg\"><\/audio><\/figure>\n\n\n\n<p><\/p>\n\n\n\n<p><\/p>\n\n\n\n<figure class=\"wp-block-table\"><table class=\"has-fixed-layout\"><tbody><tr><th><a href=\"https:\/\/en.wikipedia.org\/wiki\/Cook_Islands_M%C4%81ori\">Cook Islands M\u0101ori<\/a>\u00a0original<\/th><th><a href=\"https:\/\/en.wikipedia.org\/wiki\/International_Phonetic_Alphabet\">IPA<\/a>\u00a0transcription<\/th><th>Poetic English translation<\/th><th>Literal English translation<\/th><\/tr><tr><td>Te Atua mou \u0113<br>Ko koe r\u0101i te p\u016b<br>O te p\u0101 &#8216;enua \u0113.<br><br>&#8216;Akarongo mai<br>I t\u014d m\u0101tou nei reo<br>T\u0113 k\u0101piki atu nei.<br><br>P\u0101ruru mai<br>I a m\u0101tou nei<br>&#8216;Omai te korona mou<br><br>Kia ng\u0101teitei<br>Kia vai r\u0101i te aro&#8217;a<br>\ud834\udd06 O te p\u0101 &#8216;enua \u0113. \ud834\udd07<\/td><td>[te a.tu.a mou\u032f e\u02d0]<br>[ko koe\u032f ra\u02d0i\u032f te pu\u02d0]<br>[o te pa\u02d0 \u0294e.nu.a e\u02d0]<br><br>[\u0294a.ka.\u027eo.\u014bo mai\u032f]<br>[i to\u02d0 ma\u02d0.tou\u032f nei\u032f \u027eeo\u032f]<br>[te\u02d0 ka\u02d0.pi.ki a.tu nei\u032f]<br><br>[pa\u02d0.\u027eu.\u027eu mai\u032f]<br>[i\u203fa ma\u02d0.tou\u032f nei\u032f]<br>[\u0294o.mai\u032f te ko.\u027eo.na mou\u032f]<br><br>[ki.a \u014ba\u02d0.tei\u032f.tei\u032f]<br>[ki.a vai\u032f ra\u02d0i\u032f te a.\u027eo.\u0294a]<br>\ud834\udd06 [o te pa\u02d0 \u0294e.nu.a e\u02d0] \ud834\udd07<\/td><td>To God Almighty<br>Ruler of the isles of the sea<br><br>&nbsp;<br>Hearken our call<br><br>&nbsp;<br>&nbsp;<br>Protect us<br><br>Crown us with liberty<br><br>&nbsp;<br>May peace and love reign supreme<br>throughout the land.<\/td><td>God of truth,<br>you are the ruler<br>of our country.<br><br>Please listen<br>to our voices<br>as we call to you.<br><br>Protect us<br>and guide us<br>and give us your crown of truth<br><br>so we can be successful<br>and so that love and peace will rule forever<br>\ud834\udd06 over our beloved country. \ud834\udd07<\/td><\/tr><\/tbody><\/table><\/figure>\n","protected":false},"excerpt":{"rendered":"<p>Cook Islands M\u0101ori\u00a0original IPA\u00a0transcription Poetic English translation Literal English translation Te Atua mou \u0113Ko koe r\u0101i te p\u016bO te p\u0101 &#8216;enua \u0113. &#8216;Akarongo maiI t\u014d m\u0101tou nei reoT\u0113 k\u0101piki atu nei. P\u0101ruru maiI a m\u0101tou nei&#8216;Omai te korona mou Kia ng\u0101teiteiKia vai r\u0101i te aro&#8217;a\ud834\udd06 O te p\u0101 &#8216;enua \u0113. \ud834\udd07 [te a.tu.a mou\u032f e\u02d0][ko&hellip;<\/p>\n","protected":false},"author":1,"featured_media":0,"parent":366,"menu_order":0,"comment_status":"closed","ping_status":"closed","template":"","meta":{"footnotes":""},"class_list":["post-1382","page","type-page","status-publish","hentry"],"_links":{"self":[{"href":"https:\/\/www.sadeora.com\/sky_dome\/the-future-planet\/wp-json\/wp\/v2\/pages\/1382","targetHints":{"allow":["GET"]}}],"collection":[{"href":"https:\/\/www.sadeora.com\/sky_dome\/the-future-planet\/wp-json\/wp\/v2\/pages"}],"about":[{"href":"https:\/\/www.sadeora.com\/sky_dome\/the-future-planet\/wp-json\/wp\/v2\/types\/page"}],"author":[{"embeddable":true,"href":"https:\/\/www.sadeora.com\/sky_dome\/the-future-planet\/wp-json\/wp\/v2\/users\/1"}],"replies":[{"embeddable":true,"href":"https:\/\/www.sadeora.com\/sky_dome\/the-future-planet\/wp-json\/wp\/v2\/comments?post=1382"}],"version-history":[{"count":0,"href":"https:\/\/www.sadeora.com\/sky_dome\/the-future-planet\/wp-json\/wp\/v2\/pages\/1382\/revisions"}],"up":[{"embeddable":true,"href":"https:\/\/www.sadeora.com\/sky_dome\/the-future-planet\/wp-json\/wp\/v2\/pages\/366"}],"wp:attachment":[{"href":"https:\/\/www.sadeora.com\/sky_dome\/the-future-planet\/wp-json\/wp\/v2\/media?parent=1382"}],"curies":[{"name":"wp","href":"https:\/\/api.w.org\/{rel}","templated":true}]}}