{"id":1378,"date":"2021-06-06T02:51:24","date_gmt":"2021-06-06T07:51:24","guid":{"rendered":"https:\/\/www.sadeora.com\/sky_dome\/the-future-planet\/?page_id=1378"},"modified":"2024-08-29T03:43:07","modified_gmt":"2024-08-29T08:43:07","slug":"cote-d-ivoire","status":"publish","type":"page","link":"https:\/\/www.sadeora.com\/sky_dome\/the-future-planet\/felicitation-centers\/cote-d-ivoire\/","title":{"rendered":"Cote D&#8217; Ivoire (Ivory Coast)"},"content":{"rendered":"\n<p><\/p>\n\n\n\n<p><\/p>\n\n\n\n<p><\/p>\n\n\n\n<figure class=\"wp-block-table\"><table class=\"has-fixed-layout\"><tbody><tr><th>French original (official)<\/th><th><a href=\"https:\/\/en.wikipedia.org\/wiki\/Nouchi\">Nouchi<\/a>\u00a0lyrics (by Nash du Gbonhi)<\/th><th>English translation<\/th><\/tr><tr><td><strong>I<\/strong><br>Salut \u00d4 terre d&#8217;esp\u00e9rance;<br>Pays de l&#8217;hospitalit\u00e9.<br>Tes l\u00e9gions remplies de vaillance<br>Ont relev\u00e9 ta dignit\u00e9.<br><br>Tes fils, ch\u00e8re C\u00f4te d&#8217;Ivoire,<br>Fiers artisans de ta grandeur,<br>Tous rassembl\u00e9s pour ta gloire<sup><a href=\"https:\/\/en.wikipedia.org\/wiki\/L%27Abidjanaise#cite_note-11\">[a]<\/a><\/sup><br>Te b\u00e2tiront dans le bonheur.<br><br><strong>Refrain I&nbsp;:<\/strong><br>Fiers Ivoiriens, le pays nous appelle.<br>Si nous avons dans la paix ramen\u00e9 la libert\u00e9,<br>Notre devoir sera d&#8217;\u00eatre un mod\u00e8le<br>De l&#8217;esp\u00e9rance promise \u00e0 l&#8217;humanit\u00e9,<br>En forgeant, unis<sup><a href=\"https:\/\/en.wikipedia.org\/wiki\/L%27Abidjanaise#cite_note-14\">[b]<\/a><\/sup>&nbsp;dans la foi nouvelle,<br>La patrie de la vraie fraternit\u00e9.<br><br><strong>II<\/strong><br>\u00c0 toi noble C\u00f4te d&#8217;Ivoire,<br>\u00d4 grand pays des bonnes gens&nbsp;!<br>Nous apportons dans la victoire,<br>L\u2019hommage de nos c\u0153urs ardents.<br><br>Dans l\u2019amiti\u00e9 des peuples fr\u00e8res,<br>Dieu guide nous vers l\u2019id\u00e9al,<br>Soumise \u00e0 la devise ch\u00e8re&nbsp;:<br>Union, discipline, travail.<br><br><strong>Refrain II&nbsp;:<\/strong><br>Pour ta grandeur, riche et noble patrie,<br>Nous marcherons de l\u2019avant, pleins d\u2019amour et pleins de foi.<br>De c\u0153urs unis, au cours de notre vie,<br>Nous \u0153uvrerons dans l\u2019honneur pour le juste droit,<br>De c\u0153urs unis au cours de notre vie,<br>\u00c0 tes appels nous serons tous pr\u00e9sents.<br><br><strong>III<\/strong><br>\u00c0 tous nos compagnons de route,<br>\u00c0 l\u2019aube de ce jour tomb\u00e9s,<br>Pour que ne r\u00e8gne plus le doute,<br>Mais la foi, la fraternit\u00e9.<br><br>\u00c0 tous nos bataillons d\u2019\u00e9lite,<br>Dans la tombe aujourd\u2019hui couch\u00e9s,<br>\u00d4 peuple tout entier redites&nbsp;:<br>Amour, honneur, fid\u00e9lit\u00e9.<br><br><em><strong>Refrain I<\/strong><\/em><br><br><strong>IV<\/strong><br>Et que ton drapeau nous unisse,<br>Que ton amour nous fortifie,<br>Car pour toi seul nous voulons vivre,<br>Et pour toi combattre et mourir.<br><br>Et vous, fi\u00e8re et noble jeunesse,<br>De tous les horizons connus,<br>Suivez toujours cette sagesse,<br>de nos ain\u00e9s qui ne sont plus.<br><br><em><strong>Refrain II<\/strong><\/em><br><br><strong>V<\/strong><br>A nous qu\u2019anime l\u2019esp\u00e9rance,<br>En ton avenir lumineux,<br>Redonne toujours l\u2019assurance,<br>De nous conduire en peuple heureux.<br><br>Et nous irons de par le monde,<br>Semer ton nom et tes bienfaits,<br>En clamant sur toutes les ondes,<br>Que sur ton sol r\u00e8gne la paix.<br><br><em><strong>Refrain I<\/strong><\/em><\/td><td><strong>I<\/strong><br>Voici mon Gb\u00f4 Dougou sans d\u00e9gbahure<br>Gl\u00f4ki te tous les soutrays.<br>Tes kokas gb\u00e9s de cracrahure<br>Ont reguigui ta djidjit\u00e9.<br><br>Tes fris Gopios C\u00f4te d&#8217;Ivoire<br>Fans Djobeurs de ta Doungbahure<br>Tous en Gbonhi pour que tu Djafoule<br>Vont te Kpata dans l&#8217;Enjaillement.<br><br><strong>Refrain I:<\/strong><br>Fros Ivoiriens, le Gl\u00f4ki nous kpokpo Soyons Djawlys<br>Si nous Frayassons dans la Bl\u00eamou Toufassons le sans-Kaba<br>Notre w\u00e9 est de Zier en Vi\u00e9m\u00f4g\u00f4ni.<br>Sans se D\u00e9gba Panpandra \u00e0 la Gbonhit\u00e9<br>En magn\u00e9rant foule dans la Siance Nik\u00e9l\u00e9<br>Le Djassa de djidji Fr\u00eassanhit\u00e9.<\/td><td><strong>I<\/strong><br>We salute you, O land of hope,<br>Country of hospitality;<br>Thy full gallant legions<br>Have restored thy dignity.<br><br>Beloved&nbsp;<a href=\"https:\/\/en.wikipedia.org\/wiki\/Ivory_Coast\">Ivory Coast<\/a>, thy sons,<br>Proud builders of thy greatness,<br>All gathered together for thy glory,<br>In joy will we construct thee.<br><br><strong>Chorus I:<\/strong><br>Proud Ivorians, the country calls us.<br>If we have brought back liberty peacefully,<br>It will be our duty to be an example<br>Of the hope promised to humanity,<br>In building, united in the new faith<br>The homeland of true brotherhood.<br><br><strong>II<\/strong><br>To you, noble Ivory Coast,<br>O great country of good people!<br>We bring in victory,<br>The homage of our ardent hearts.<br><br>In the friendship of the brotherly peoples,<br>God guides us to the ideal,<br>Subject to the motto:<br>Union labor discipline.<br><br><strong>Chorus II:<\/strong><br>For your greatness, rich and noble homeland,<br>We will walk forward, full of love and full of faith.<br>From united hearts, during our life,<br>We will work in honor for the just right,<br>Of hearts united during our life,<br>With your calls we will all be present.<br><br><strong>III<\/strong><br>To all our fellow travelers,<br>At the dawn of this fallen day,<br>So that there is no longer any doubt,<br>But faith, fraternity.<br><br>To all our elite battalions,<br>In the tomb today,<br>O whole people repetitions:<br>Love, honor, fidelity.<br><br><em><strong>Chorus I<\/strong><\/em><br><br><strong>IV<\/strong><br>And let your flag unite us,<br>May your love strengthen us,<br>Because for you alone we want to live,<br>And for you fight and die.<br><br>And you, proud and noble youth,<br>From all known horizons,<br>Always follow this wisdom,<br>of our elders who are no more.<br><br><em><strong>Chorus II<\/strong><\/em><br><br><strong>V<\/strong><br>To us, which animates hope,<br>In your bright future,<br>Always restore the insurance,<br>To lead us into happy people.<br><br>And we will go around the world,<br>Sow your name and your benefits,<br>By clamoring on all the waves,<br>That on your soil reigns peace.<br><br><em><strong>Chorus I<\/strong><\/em><\/td><\/tr><\/tbody><\/table><\/figure>\n","protected":false},"excerpt":{"rendered":"<p>French original (official) Nouchi\u00a0lyrics (by Nash du Gbonhi) English translation ISalut \u00d4 terre d&#8217;esp\u00e9rance;Pays de l&#8217;hospitalit\u00e9.Tes l\u00e9gions remplies de vaillanceOnt relev\u00e9 ta dignit\u00e9. Tes fils, ch\u00e8re C\u00f4te d&#8217;Ivoire,Fiers artisans de ta grandeur,Tous rassembl\u00e9s pour ta gloire[a]Te b\u00e2tiront dans le bonheur. Refrain I&nbsp;:Fiers Ivoiriens, le pays nous appelle.Si nous avons dans la paix ramen\u00e9 la libert\u00e9,Notre&hellip;<\/p>\n","protected":false},"author":1,"featured_media":0,"parent":366,"menu_order":0,"comment_status":"closed","ping_status":"closed","template":"","meta":{"footnotes":""},"class_list":["post-1378","page","type-page","status-publish","hentry"],"_links":{"self":[{"href":"https:\/\/www.sadeora.com\/sky_dome\/the-future-planet\/wp-json\/wp\/v2\/pages\/1378","targetHints":{"allow":["GET"]}}],"collection":[{"href":"https:\/\/www.sadeora.com\/sky_dome\/the-future-planet\/wp-json\/wp\/v2\/pages"}],"about":[{"href":"https:\/\/www.sadeora.com\/sky_dome\/the-future-planet\/wp-json\/wp\/v2\/types\/page"}],"author":[{"embeddable":true,"href":"https:\/\/www.sadeora.com\/sky_dome\/the-future-planet\/wp-json\/wp\/v2\/users\/1"}],"replies":[{"embeddable":true,"href":"https:\/\/www.sadeora.com\/sky_dome\/the-future-planet\/wp-json\/wp\/v2\/comments?post=1378"}],"version-history":[{"count":0,"href":"https:\/\/www.sadeora.com\/sky_dome\/the-future-planet\/wp-json\/wp\/v2\/pages\/1378\/revisions"}],"up":[{"embeddable":true,"href":"https:\/\/www.sadeora.com\/sky_dome\/the-future-planet\/wp-json\/wp\/v2\/pages\/366"}],"wp:attachment":[{"href":"https:\/\/www.sadeora.com\/sky_dome\/the-future-planet\/wp-json\/wp\/v2\/media?parent=1378"}],"curies":[{"name":"wp","href":"https:\/\/api.w.org\/{rel}","templated":true}]}}