{"id":1376,"date":"2021-06-06T02:50:15","date_gmt":"2021-06-06T07:50:15","guid":{"rendered":"https:\/\/www.sadeora.com\/sky_dome\/the-future-planet\/?page_id=1376"},"modified":"2024-08-29T03:49:56","modified_gmt":"2024-08-29T08:49:56","slug":"cuba","status":"publish","type":"page","link":"https:\/\/www.sadeora.com\/sky_dome\/the-future-planet\/felicitation-centers\/cuba\/","title":{"rendered":"Cuba"},"content":{"rendered":"\n<p><\/p>\n\n\n\n<figure class=\"wp-block-audio\"><audio controls src=\"https:\/\/www.sadeora.com\/sky_dome\/the-future-planet\/wp-content\/uploads\/2024\/08\/Cuba_National_Anthem_Instrumental.ogg\"><\/audio><\/figure>\n\n\n\n<p><\/p>\n\n\n\n<p><\/p>\n\n\n\n<figure class=\"wp-block-table\"><table class=\"has-fixed-layout\"><tbody><tr><th>Spanish original<sup><a href=\"https:\/\/en.wikipedia.org\/wiki\/La_Bayamesa#cite_note-8\">[8]<\/a><\/sup><sup><a href=\"https:\/\/en.wikipedia.org\/wiki\/La_Bayamesa#cite_note-9\">[9]<\/a><\/sup><\/th><th>English translation<\/th><\/tr><tr><td><strong>I<\/strong><br>\u00a1Al combate, corred, bayameses!,<br>Que la patria os contempla orgullosa;<br>No tem\u00e1is una muerte gloriosa,<br>Que morir por la patria es vivir.<br>(\ud834\udd06) En cadenas vivir es vivir<br>En afrenta y oprobio sumido.<br>Del clar\u00edn escuchad el sonido:<br>\u00a1A las armas, valientes, corred! (\ud834\udd07)<br><br><strong>II<\/strong>&nbsp;<strong>(excluido)<\/strong><br>No tem\u00e1is los feroces \u00edberos,<br>Son cobardes cual todo tirano.<br>No resisten al bravo cubano;<br>Para siempre su imperio cay\u00f3.<br>(\ud834\udd06) \u00a1Cuba libre! Ya Espa\u00f1a muri\u00f3,<br>Su poder y su orgullo \u00bfdo es ido?<br>\u00a1Del clar\u00edn escuchad el sonido:<br>\u00a1A las armas, valientes, corred! (\ud834\udd07)<br><br><strong>III<\/strong>&nbsp;<strong>(excluido)<\/strong><br>Contemplad nuestras huestes triunfantes,<br>Contempladlos a ellos ca\u00eddos.<br>Por cobardes huyeron vencidos;<br>\u00a1Por valientes, sabemos triunfar!<br>(\ud834\udd06) \u00a1Cuba libre! podemos gritar<br>Del ca\u00f1\u00f3n al terrible estampido.<br>\u00a1Del clar\u00edn escuchad el sonido:<br>\u00a1A las armas, valientes, corred! (\ud834\udd07)<\/td><td><strong>I<\/strong><br>To combat, run,&nbsp;<a href=\"https:\/\/en.wikipedia.org\/wiki\/Bayamo\">people of Bayamo<\/a>!<br>Because&nbsp;<a href=\"https:\/\/en.wikipedia.org\/wiki\/Cuba\">the Fatherland<\/a>&nbsp;contemplates you proudly;<br>Do not fear a glorious death,<br><a href=\"https:\/\/en.wikipedia.org\/wiki\/List_of_wars_involving_Cuba\">Because dying for the Fatherland<\/a>&nbsp;is living.<br>(\ud834\udd06) Living in chains is living<br>Plunged in affront and opprobrium.<br>Hear the sound of the bugle:<br>To arms, brave ones, run! (\ud834\udd07)<br><br><strong>II<\/strong>&nbsp;<strong>(excluded)<\/strong><br>Fear not the fierce Iberians,<br>They are cowards like every tyrant.<br>They cannot withstand the brave Cubans;<br>Their empire has forever fallen.<br>(\ud834\udd06) Free Cuba!&nbsp;<a href=\"https:\/\/en.wikipedia.org\/wiki\/Cuban_War_of_Independence\">Spain has already died<\/a>,<br>Its power and pride, where did it go?<br>Hear the sound of the bugle:<br>To arms, brave ones, run! (\ud834\udd07)<br><br><strong>III<\/strong>&nbsp;<strong>(excluded)<\/strong><br>Behold&nbsp;<a href=\"https:\/\/en.wikipedia.org\/wiki\/Cuban_Revolutionary_Armed_Forces\">our troops triumphant<\/a>,<br>And behold&nbsp;<a href=\"https:\/\/en.wikipedia.org\/wiki\/Spaniards\">them<\/a>&nbsp;fallen.<br>Because they were cowards, they flee defeated;<br>Because we were brave, we knew how to triumph.<br>(\ud834\udd06) Free Cuba! we can shout<br>From the cannon&#8217;s terrible boom.<br>Hear the sound of the bugle,<br>To arms, brave ones, run! (\ud834\udd07)<\/td><\/tr><\/tbody><\/table><\/figure>\n","protected":false},"excerpt":{"rendered":"<p>Spanish original[8][9] English translation I\u00a1Al combate, corred, bayameses!,Que la patria os contempla orgullosa;No tem\u00e1is una muerte gloriosa,Que morir por la patria es vivir.(\ud834\udd06) En cadenas vivir es vivirEn afrenta y oprobio sumido.Del clar\u00edn escuchad el sonido:\u00a1A las armas, valientes, corred! (\ud834\udd07) II&nbsp;(excluido)No tem\u00e1is los feroces \u00edberos,Son cobardes cual todo tirano.No resisten al bravo cubano;Para siempre&hellip;<\/p>\n","protected":false},"author":1,"featured_media":0,"parent":366,"menu_order":0,"comment_status":"closed","ping_status":"closed","template":"","meta":{"footnotes":""},"class_list":["post-1376","page","type-page","status-publish","hentry"],"_links":{"self":[{"href":"https:\/\/www.sadeora.com\/sky_dome\/the-future-planet\/wp-json\/wp\/v2\/pages\/1376","targetHints":{"allow":["GET"]}}],"collection":[{"href":"https:\/\/www.sadeora.com\/sky_dome\/the-future-planet\/wp-json\/wp\/v2\/pages"}],"about":[{"href":"https:\/\/www.sadeora.com\/sky_dome\/the-future-planet\/wp-json\/wp\/v2\/types\/page"}],"author":[{"embeddable":true,"href":"https:\/\/www.sadeora.com\/sky_dome\/the-future-planet\/wp-json\/wp\/v2\/users\/1"}],"replies":[{"embeddable":true,"href":"https:\/\/www.sadeora.com\/sky_dome\/the-future-planet\/wp-json\/wp\/v2\/comments?post=1376"}],"version-history":[{"count":0,"href":"https:\/\/www.sadeora.com\/sky_dome\/the-future-planet\/wp-json\/wp\/v2\/pages\/1376\/revisions"}],"up":[{"embeddable":true,"href":"https:\/\/www.sadeora.com\/sky_dome\/the-future-planet\/wp-json\/wp\/v2\/pages\/366"}],"wp:attachment":[{"href":"https:\/\/www.sadeora.com\/sky_dome\/the-future-planet\/wp-json\/wp\/v2\/media?parent=1376"}],"curies":[{"name":"wp","href":"https:\/\/api.w.org\/{rel}","templated":true}]}}