{"id":1362,"date":"2021-06-06T02:36:51","date_gmt":"2021-06-06T07:36:51","guid":{"rendered":"https:\/\/www.sadeora.com\/sky_dome\/the-future-planet\/?page_id=1362"},"modified":"2024-08-29T05:10:17","modified_gmt":"2024-08-29T10:10:17","slug":"equatorial-guinea","status":"publish","type":"page","link":"https:\/\/www.sadeora.com\/sky_dome\/the-future-planet\/felicitation-centers\/equatorial-guinea\/","title":{"rendered":"Equatorial Guinea"},"content":{"rendered":"\n<p><\/p>\n\n\n\n<figure class=\"wp-block-audio\"><audio controls src=\"https:\/\/www.sadeora.com\/sky_dome\/the-future-planet\/wp-content\/uploads\/2024\/08\/Equatorial_Guineas_national_anthem_performed_by_the_United_States_Navy_Band.oga\"><\/audio><\/figure>\n\n\n\n<p><\/p>\n\n\n\n<p><\/p>\n\n\n\n<figure class=\"wp-block-table\"><table class=\"has-fixed-layout\"><tbody><tr><th><a href=\"https:\/\/en.wikipedia.org\/wiki\/Spanish_language\">Spanish<\/a>&nbsp;lyrics<sup><a href=\"https:\/\/en.wikipedia.org\/wiki\/Caminemos_pisando_las_sendas_de_nuestra_inmensa_felicidad#cite_note-5\">[5]<\/a><\/sup><sup><a href=\"https:\/\/en.wikipedia.org\/wiki\/Caminemos_pisando_las_sendas_de_nuestra_inmensa_felicidad#cite_note-6\">[6]<\/a><\/sup><sup><a href=\"https:\/\/en.wikipedia.org\/wiki\/Caminemos_pisando_las_sendas_de_nuestra_inmensa_felicidad#cite_note-7\">[7]<\/a><\/sup><\/th><th><a href=\"https:\/\/en.wikipedia.org\/wiki\/International_Phonetic_Alphabet\">IPA<\/a>&nbsp;transcription<sup><a href=\"https:\/\/en.wikipedia.org\/wiki\/Caminemos_pisando_las_sendas_de_nuestra_inmensa_felicidad#cite_note-8\">[a]<\/a><\/sup><\/th><\/tr><tr><td>Caminemos pisando las sendas<sup><a href=\"https:\/\/en.wikipedia.org\/wiki\/Caminemos_pisando_las_sendas_de_nuestra_inmensa_felicidad#cite_note-10\">[b]<\/a><\/sup><br>De nuestra inmensa felicidad.<br>En fraternidad, sin separaci\u00f3n,<br>\u00a1Cantemos Libertad!<br><br>Tras dos siglos de estar sometidos<br>Por la dominaci\u00f3n colonial,<sup><a href=\"https:\/\/en.wikipedia.org\/wiki\/Caminemos_pisando_las_sendas_de_nuestra_inmensa_felicidad#cite_note-13\">[c]<\/a><\/sup><br>En fraterna uni\u00f3n, sin discriminar,<br>\u00a1Cantemos Libertad!<br><br><strong>Coro:<\/strong><br>\u00a1Gritemos viva, libre Guinea,<br>Y defendamos nuestra Libertad.<br>Cantemos siempre, libre Guinea,<br>Y conservemos siempre la unidad.<br><br>\u00a1Gritemos viva, libre Guinea,<br>Y defendamos nuestra Libertad.<br>Cantemos siempre, libre Guinea,<br>\ud834\udd06 Y conservemos, y conservemos<br>La independencia nacional. \ud834\udd07<\/td><td><a href=\"https:\/\/en.wikipedia.org\/wiki\/Help:IPA\/Spanish\">[kami\u02c8nemos&nbsp;pi\u02c8sando&nbsp;la&nbsp;\u02c8senda]<\/a><br><a href=\"https:\/\/en.wikipedia.org\/wiki\/Help:IPA\/Spanish\">[de&nbsp;\u02c8nwest\u027ea&nbsp;jm\u02c8mensa&nbsp;feli\u03b8i\u02c8\u00f0a\u00f0]<\/a><br><a href=\"https:\/\/en.wikipedia.org\/wiki\/Help:IPA\/Spanish\">[e\u0271&nbsp;f\u027eate\u027eni\u02c8\u00f0a\u00f0&nbsp;\u02c8sin&nbsp;sepa\u027ea\u02c8\u03b8jon]<\/a><br><a href=\"https:\/\/en.wikipedia.org\/wiki\/Help:IPA\/Spanish\">[kan\u02c8temos&nbsp;li\u03b2e\u027e\u02c8ta\u00f0]<\/a><br><br><a href=\"https:\/\/en.wikipedia.org\/wiki\/Help:IPA\/Spanish\">[\u02c8t\u027eas&nbsp;\u02c8\u00f0os&nbsp;\u02c8si\u0263los&nbsp;\u00f0e&nbsp;es\u02c8ta\u027e&nbsp;some\u02c8ti\u00f0os]<\/a><br><a href=\"https:\/\/en.wikipedia.org\/wiki\/Help:IPA\/Spanish\">[\u02c8baxo&nbsp;la&nbsp;\u00f0omina\u02c8\u03b8jo\u014b&nbsp;kolo\u02c8njal]<\/a><br><a href=\"https:\/\/en.wikipedia.org\/wiki\/Help:IPA\/Spanish\">[e\u0271&nbsp;f\u027ea\u02c8te\u027ena&nbsp;w\u02c8njon&nbsp;\u02c8sin&nbsp;disk\u027eimi\u02c8na\u027e]<\/a><br><a href=\"https:\/\/en.wikipedia.org\/wiki\/Help:IPA\/Spanish\">[kan\u02c8temos&nbsp;li\u03b2e\u027e\u02c8ta\u00f0]<\/a><br><br><a href=\"https:\/\/en.wikipedia.org\/wiki\/Help:IPA\/Spanish\">[\u02c8ko\u027eo]<\/a><br><a href=\"https:\/\/en.wikipedia.org\/wiki\/Help:IPA\/Spanish\">[\u0261\u027ei\u02c8temos&nbsp;\u02c8\u03b2i\u03b2a&nbsp;\u02c8li\u03b2\u027ee&nbsp;\u0263i\u02c8nea]<\/a><br><a href=\"https:\/\/en.wikipedia.org\/wiki\/Help:IPA\/Spanish\">[i&nbsp;\u00f0efen\u02c8damos&nbsp;\u02c8nwest\u027ea&nbsp;li\u03b2e\u027e\u02c8ta\u00f0]<\/a><br><a href=\"https:\/\/en.wikipedia.org\/wiki\/Help:IPA\/Spanish\">[kan\u02c8temos&nbsp;\u02c8sjemp\u027ee&nbsp;\u02c8li\u03b2\u027ee&nbsp;\u0263i\u02c8nea]<\/a><br><a href=\"https:\/\/en.wikipedia.org\/wiki\/Help:IPA\/Spanish\">[i&nbsp;konse\u027e\u02c8\u03b2emos&nbsp;\u02c8sjemp\u027ee&nbsp;la&nbsp;wni\u02c8\u00f0a\u00f0]<\/a><br><br><a href=\"https:\/\/en.wikipedia.org\/wiki\/Help:IPA\/Spanish\">[\u0261\u027ei\u02c8temos&nbsp;\u02c8\u03b2i\u03b2a&nbsp;\u02c8li\u03b2\u027ee&nbsp;\u0263i\u02c8nea]<\/a><br><a href=\"https:\/\/en.wikipedia.org\/wiki\/Help:IPA\/Spanish\">[i&nbsp;\u00f0efen\u02c8damos&nbsp;\u02c8nwest\u027ea&nbsp;li\u03b2e\u027e\u02c8ta\u00f0]<\/a><br><a href=\"https:\/\/en.wikipedia.org\/wiki\/Help:IPA\/Spanish\">[kan\u02c8temos&nbsp;\u02c8sjemp\u027ee&nbsp;\u02c8li\u03b2\u027ee&nbsp;\u0263i\u02c8nea]<\/a><br>\ud834\udd06&nbsp;<a href=\"https:\/\/en.wikipedia.org\/wiki\/Help:IPA\/Spanish\">[i&nbsp;konse\u027e\u02c8\u03b2emos&nbsp;i&nbsp;konse\u027e\u02c8\u03b2emos]<\/a><br><a href=\"https:\/\/en.wikipedia.org\/wiki\/Help:IPA\/Spanish\">[la&nbsp;jndepen\u02c8den\u03b8ja&nbsp;na\u03b8jo\u02c8nal]<\/a>&nbsp;\ud834\udd07<\/td><\/tr><\/tbody><\/table><\/figure>\n\n\n\n<h3 class=\"wp-block-heading\" id=\"Translations\">Translations<\/h3>\n\n\n\n[<a href=\"https:\/\/en.wikipedia.org\/w\/index.php?title=Caminemos_pisando_las_sendas_de_nuestra_inmensa_felicidad&amp;action=edit&amp;section=4\">edit<\/a>]\n\n\n\n<figure class=\"wp-block-table\"><table class=\"has-fixed-layout\"><tbody><tr><th><a href=\"https:\/\/en.wikipedia.org\/wiki\/Portuguese_language\">Portuguese<\/a>&nbsp;lyrics<\/th><th><a href=\"https:\/\/en.wikipedia.org\/wiki\/French_language\">French<\/a>&nbsp;lyrics<\/th><th><a href=\"https:\/\/en.wikipedia.org\/wiki\/English_language\">English<\/a>&nbsp;translation<\/th><\/tr><tr><td>Caminhemos trilhando as estradas<br>Da nossa imensa felicidade,<br>Em fraternidade, sem separa\u00e7\u00e3o,<br>Cantemos Liberdade!<br><br>Ap\u00f3s dois s\u00e9culos sendo submetidos<br>\u00c0 domina\u00e7\u00e3o colonial,<br>Em fraterna uni\u00e3o, sem discrimina\u00e7\u00e3o,<br>Cantemos Liberdade!<br><br><strong>Refr\u00e3o:<\/strong><br>Gritemos viva, livre Guin\u00e9,<br>E defendamos nossa Liberdade<br>Cantemos sempre, livre Guin\u00e9,<br>E conservemos sempre a unidade.<br><br>Gritemos viva, livre Guin\u00e9,<br>E defendamos nossa Liberdade<br>Cantemos sempre, livre Guin\u00e9,<br>\ud834\udd06 E conservemos, e conservemos,<br>A independ\u00eancia nacional. \ud834\udd07<\/td><td>Marchons en parcourant les chemins<br>De notre immense bonheur,<br>Dans la fraternit\u00e9, sans s\u00e9paration,<br>Chantons la Libert\u00e9!<br><br>Apr\u00e8s deux si\u00e8cles d&#8217;\u00eatre soumis<br>Par la domination coloniale,<br>Dans l&#8217;union fraternelle, sans discrimination,<br>Chantons la Libert\u00e9!<br><br><strong>Refrain&nbsp;:<\/strong><br>Crions vive, la Guin\u00e9e libre,<br>Et d\u00e9fendons notre Libert\u00e9<br>Chantons toujours, la Guin\u00e9e libre,<br>Et conservons toujours l&#8217;unit\u00e9.<br><br>Crions vive, la Guin\u00e9e libre,<br>Et d\u00e9fendons notre Libert\u00e9<br>Chantons toujours, la Guin\u00e9e libre,<br>\ud834\udd06 Et conservons, et conservons,<br>L&#8217;ind\u00e9pendance nationale. \ud834\udd07<\/td><td>Let us walk treading the paths<br>Of our immense happiness.<br>In brotherhood, without separation,<br>Let us sing Freedom!<br><br>After two centuries of being subjected<br>By&nbsp;<a href=\"https:\/\/en.wikipedia.org\/wiki\/Spanish_Guinea\">colonial domination<\/a>,<br>In fraternal union, without discrimination,<br>Let&#8217;s sing Freedom!<br><br><strong>Chorus:<\/strong><br>Let us shout long live free&nbsp;<a href=\"https:\/\/en.wikipedia.org\/wiki\/Equatorial_Guinea\">Guinea<\/a>!,<br>and let us defend our Freedom.<br>Let us always sing free Guinea,<br>And let us always preserve the unity.<br><br>Let us shout long live free Guinea!,<br>and let us defend our Freedom.<br>Let us always sing free Guinea,<br>\ud834\udd06 And let us always preserve<br>National independence. \ud834\udd07<\/td><\/tr><\/tbody><\/table><\/figure>\n","protected":false},"excerpt":{"rendered":"<p>Spanish&nbsp;lyrics[5][6][7] IPA&nbsp;transcription[a] Caminemos pisando las sendas[b]De nuestra inmensa felicidad.En fraternidad, sin separaci\u00f3n,\u00a1Cantemos Libertad! Tras dos siglos de estar sometidosPor la dominaci\u00f3n colonial,[c]En fraterna uni\u00f3n, sin discriminar,\u00a1Cantemos Libertad! Coro:\u00a1Gritemos viva, libre Guinea,Y defendamos nuestra Libertad.Cantemos siempre, libre Guinea,Y conservemos siempre la unidad. \u00a1Gritemos viva, libre Guinea,Y defendamos nuestra Libertad.Cantemos siempre, libre Guinea,\ud834\udd06 Y conservemos, y conservemosLa&hellip;<\/p>\n","protected":false},"author":1,"featured_media":0,"parent":366,"menu_order":0,"comment_status":"closed","ping_status":"closed","template":"","meta":{"footnotes":""},"class_list":["post-1362","page","type-page","status-publish","hentry"],"_links":{"self":[{"href":"https:\/\/www.sadeora.com\/sky_dome\/the-future-planet\/wp-json\/wp\/v2\/pages\/1362","targetHints":{"allow":["GET"]}}],"collection":[{"href":"https:\/\/www.sadeora.com\/sky_dome\/the-future-planet\/wp-json\/wp\/v2\/pages"}],"about":[{"href":"https:\/\/www.sadeora.com\/sky_dome\/the-future-planet\/wp-json\/wp\/v2\/types\/page"}],"author":[{"embeddable":true,"href":"https:\/\/www.sadeora.com\/sky_dome\/the-future-planet\/wp-json\/wp\/v2\/users\/1"}],"replies":[{"embeddable":true,"href":"https:\/\/www.sadeora.com\/sky_dome\/the-future-planet\/wp-json\/wp\/v2\/comments?post=1362"}],"version-history":[{"count":0,"href":"https:\/\/www.sadeora.com\/sky_dome\/the-future-planet\/wp-json\/wp\/v2\/pages\/1362\/revisions"}],"up":[{"embeddable":true,"href":"https:\/\/www.sadeora.com\/sky_dome\/the-future-planet\/wp-json\/wp\/v2\/pages\/366"}],"wp:attachment":[{"href":"https:\/\/www.sadeora.com\/sky_dome\/the-future-planet\/wp-json\/wp\/v2\/media?parent=1362"}],"curies":[{"name":"wp","href":"https:\/\/api.w.org\/{rel}","templated":true}]}}