{"id":1360,"date":"2021-06-06T02:34:47","date_gmt":"2021-06-06T07:34:47","guid":{"rendered":"https:\/\/www.sadeora.com\/sky_dome\/the-future-planet\/?page_id=1360"},"modified":"2024-08-29T05:13:53","modified_gmt":"2024-08-29T10:13:53","slug":"eritrea","status":"publish","type":"page","link":"https:\/\/www.sadeora.com\/sky_dome\/the-future-planet\/felicitation-centers\/eritrea\/","title":{"rendered":"Eritrea"},"content":{"rendered":"\n<p><\/p>\n\n\n\n<p><\/p>\n\n\n\n<figure class=\"wp-block-audio\"><audio controls src=\"https:\/\/www.sadeora.com\/sky_dome\/the-future-planet\/wp-content\/uploads\/2024\/08\/National_Anthem_of_Eritrea_by_US_Navy_Band.ogg\"><\/audio><\/figure>\n\n\n\n<p><\/p>\n\n\n\n<p><\/p>\n\n\n\n<figure class=\"wp-block-table\"><table class=\"has-fixed-layout\"><tbody><tr><th><a href=\"https:\/\/en.wikipedia.org\/wiki\/Tigrinya_language\">Tigrinya<\/a>&nbsp;lyrics<sup><a href=\"https:\/\/en.wikipedia.org\/wiki\/Eritrea,_Eritrea,_Eritrea#cite_note-6\">[6]<\/a><\/sup><sup><a href=\"https:\/\/en.wikipedia.org\/wiki\/Eritrea,_Eritrea,_Eritrea#cite_note-7\">[7]<\/a><\/sup><\/th><th><a href=\"https:\/\/en.wikipedia.org\/wiki\/Tigrinya_language#Writing_system\">Transliteration<\/a><\/th><th><a href=\"https:\/\/en.wikipedia.org\/wiki\/International_Phonetic_Alphabet\">IPA<\/a>&nbsp;transcription<sup><a href=\"https:\/\/en.wikipedia.org\/wiki\/Eritrea,_Eritrea,_Eritrea#cite_note-IPA-8\">[a]<\/a><\/sup><\/th><th>English translation<\/th><\/tr><tr><td>\ud834\udd06 \u12a4\u122d\u1275\u122b \u12a4\u122d\u1275\u122b \u12a4\u122d\u1275\u122b\u1361<br>\u1260\u12d3\u120d \u12f0\u121b \u12a5\u1293\u120d\u1240\u1230 \u1270\u12f0\u121d\u1232\u1231\u1361<br>\u1218\u1235\u12cb\u12a5\u1273 \u1265\u1213\u122d\u1290\u1275 \u1270\u12f0\u1262\u1231\u1362 \ud834\udd07<br><br>\u1218\u12cb\u12a5\u120d \u1290\u12ba\u1233 \u12a3\u1265 \u12d5\u120b\u121b\u1361<br>\u1275\u12a5\u121d\u122d\u1272 \u133d\u1295\u12d3\u1275 \u12b0\u12ed\u1291 \u1235\u121b\u1361<br>\u12a4\u122d\u1275\u122b&#8217;\u12db \u1213\u1260\u1295 \u12cd\u1339\u12d3\u1275\u1361<br>\u12a3\u1218\u1235\u12aa\u122b \u1213\u1242 \u12ad\u121d\u1275\u12d5\u12c8\u1275\u1362<br><br>\u12a4\u122d\u1275\u122b \u12a4\u122d\u1275\u122b\u1361<br>\u12a3\u1265 \u12d3\u1208\u121d \u1328\u1262\u1323\u1276 \u130d\u1261\u12a5 \u12ad\u1265\u122b\u1362<br><br>\u1293\u133d\u1290\u1275 \u12d8\u121d\u133d\u12a3 \u120d\u12d1\u120d \u1292\u1215\u1361<br>\u1295\u1205\u1295\u133b \u1295\u120d\u121d\u12d3\u1275 \u12ad\u1230\u122d\u1215\u1361<br>\u1235\u120d\u1323\u1290 \u12a8\u1290\u120d\u1265\u1233 \u130d\u122d\u121b\u1361<br>\u1215\u12f5\u122a&#8217;\u1208\u1293 \u130d\u121d\u1303 \u12ad\u1295\u1235\u120d\u121b\u1362<br><br>\ud834\udd06 \u12a4\u122d\u1275\u122b \u12a4\u122d\u1275\u122b\u1361<br>\u12a3\u1265 \u12d3\u1208\u121d \u1328\u1262\u1323\u1276 \u130d\u1261\u12a5 \u12ad\u1265\u122b\u1362 \ud834\udd07<\/td><td>\ud834\udd06 Ertra, Ertra, Ertra,<br>B\u00e4\u2018al d\u00e4ma \u018enalq\u00e4s\u00e4 t\u00e4d\u00e4msisu,<br>M\u00e4swa\u02bc\u0259ta b\u0259\u0127arn\u00e4t t\u00e4d\u00e4bisu. \ud834\udd07<br><br>M\u00e4wa\u02bc\u0259l n\u00e4xisa ab \u2018\u0259lama,<br>T\u0259\u02bc\u0259m\u0259rti ts\u0259n\u2018at k\u02b7\u00e4ynu s\u0259ma,<br>Ertra-za \u0127ab\u00e4n w\u0259tsu\u2018at,<br>Am\u00e4skira \u0127aqi k\u0259mt\u0259\u2018\u0259w\u00e4t.<br><br>Ertra, Ertra,<br>Ab \u2018Al\u00e4m ch\u02bc\u00e4bit\u02bcato g\u0259bu\u02bc\u0259 k\u0259bra!<br><br>Nats\u0259n\u00e4t z\u00e4mts\u0259\u02bca l\u0259\u2018ul ni\u0127,<br>N\u0259hn\u0259tsa n\u0259lm\u0259\u2018at k\u0259s\u00e4r\u0259\u0127,<br>S\u0259lt\u02bcan\u00e4 k\u00e4n\u00e4lb\u0259sa g\u0259rma,<br>\u0126\u0259dri-l\u00e4na g\u0259mja k\u0259ns\u0259lma.<br><br>\ud834\udd06 Ertra, Ertra,<br>Ab \u2018Al\u00e4m ch\u02bc\u00e4bit\u02bcato g\u0259bu\u02bc\u0259 k\u0259bra! \ud834\udd07<\/td><td>\ud834\udd06 [\u0294er(\u0268).tra \u0294er(\u0268).tra \u0294er(\u0268).tra]<br>[b\u0250.\u0295al d\u0250.ma nal.k\u02bc\u0250.s\u0250 t\u0250.d\u0250m.si.su]<br>[m\u0250s.wa(\u0294).ta b\u0268.\u0127ar(\u0268).n\u0250t t\u0250.d\u0250.bi.su \u01c1] \ud834\udd07<br><br>[m\u0250.wa.\u0294\u0268l n\u0250.xi.s\u203fab \u0295\u0268.la.ma]<br>[t\u0268(.\u0294)\u0268.m\u0268r.ti t\u0361s\u02bc\u0268n.\u0295at k\u02b7\u0250j.nu s\u0268.ma]<br>[\u0294er(\u0268).tra.za \u0127a.b\u0250n w\u0268.t\u0361s\u02bcu.\u0295at]<br>[\u0294a.m\u0250s.ki.ra \u0127a.k\u02bci k\u0268m.t\u0268.\u0295\u0268.w\u0250t \u01c1]<br><br>[\u0294er(\u0268).tra \u0294er(\u0268).tra]<br>[\u0294ab \u0295a.l\u0250m t\u0361\u0283\u02bc\u0250.bi.t\u02bca.to g\u0268.bu(\u0294)\u0268 k\u0268b.ra \u01c1]<br><br>[na.t\u0361s\u02bc\u0268.n\u0250t z\u0250m.t\u0361s\u02bc\u0268.\u0294a l\u0268.\u0295ul ni\u0127]<br>[n\u0268.h\u0268n.t\u0361s\u02bca n\u0268l.m\u0268.\u0295at k\u0268.s\u0250.r\u0268\u0127]<br>[s\u0268l.t\u02bca.n\u0250 k\u0250.n\u0250l.b\u0268.sa g\u0268r.ma]<br>[\u0127\u0268d.ri.l\u0250.na g\u0268m.d\u0361\u0292a k\u0268n.s\u0268l(\u0268).ma]<br><br>\ud834\udd06 [\u0294er(\u0268).tra \u0294er(\u0268).tra]<br>[\u0294ab \u0295a.l\u0250m t\u0361\u0283\u02bc\u0250.bi.t\u02bca.to g\u0268.bu(\u0294)\u0268 k\u0268b.ra \u01c1] \ud834\udd07<\/td><td>\ud834\udd06 Eritrea, Eritrea, Eritrea,<br>Her Nemesis destroyed while wailing,<br>her sacrifices vindicated by freedom. \ud834\udd07<br><br>Forever firm in her principles,<br>her name became a synonym of tenacity,<br>Eritrea, the pride of the oppressed,<br>is a testament that truth prevails.<br><br>Eritrea, Eritrea,<br>has taken her rightful place in the world.<br><br>[So that] The supreme dedication that brought us freedom,<br>will serve to rebuild her and develop her,<br>We shall honor her with progress,<br>It is our legacy to crown her.<br><br>\ud834\udd06 Eritrea, Eritrea,<br>has taken her rightful place in the world. \ud834\udd07<\/td><\/tr><\/tbody><\/table><\/figure>\n\n\n\n<figure class=\"wp-block-table\"><table class=\"has-fixed-layout\"><tbody><tr><th><a href=\"https:\/\/en.wikipedia.org\/wiki\/Arabic\">Arabic<\/a>&nbsp;lyrics<sup><a href=\"https:\/\/en.wikipedia.org\/wiki\/Eritrea,_Eritrea,_Eritrea#cite_note-9\">[8]<\/a><\/sup><sup><a href=\"https:\/\/en.wikipedia.org\/wiki\/Eritrea,_Eritrea,_Eritrea#cite_note-10\">[9]<\/a><\/sup><sup>[<em><a href=\"https:\/\/en.wikipedia.org\/wiki\/Wikipedia:NOTRS\">better&nbsp;source&nbsp;needed<\/a><\/em>]<\/sup><\/th><th><a href=\"https:\/\/en.wikipedia.org\/wiki\/Romanization_of_Arabic\">Transliteration<\/a><\/th><\/tr><tr><td>\ud834\udd07 \u0625\u0631\u062a\u0631\u064a\u0627 \u0625\u0631\u062a\u0631\u064a\u0627 \u0625\u0631\u062a\u0631\u064a\u0627<br>\u0642\u062f \u062f\u062d\u0631\u062a \u0628\u063a\u064a\u0638\u0647\u0645 \u0623\u0639\u062f\u0627\u0621\u0647\u0627<br>\u0648\u062a\u0648\u062c\u062a \u0628\u0627\u0644\u0646\u0635\u0631 \u062a\u0636\u062d\u064a\u0627\u062a\u0647\u0627 \ud834\udd06<br><br>\u0645\u0639 \u0627\u0644\u0623\u0639\u062f\u0627\u0621 \u0642\u062f \u0645\u0631\u062a \u0645\u0646 \u0639\u0647\u0648\u062f<sup><a href=\"https:\/\/en.wikipedia.org\/wiki\/Eritrea,_Eritrea,_Eritrea#cite_note-12\">[b]<\/a><\/sup><br>\u063a\u062f\u0627 \u0627\u0633\u0645\u0647\u0627 \u0645\u0639\u062c\u0632\u0629 \u0627\u0644\u0635\u0645\u0648\u062f<br>\u0641\u062e\u0631 \u0627\u0644\u0645\u0643\u0627\u0641\u062d\u064a\u0646 \u0641\u064a \u0625\u0631\u062a\u0631\u064a\u0627<sup><a href=\"https:\/\/en.wikipedia.org\/wiki\/Eritrea,_Eritrea,_Eritrea#cite_note-14\">[c]<\/a><\/sup><br>\u0642\u062f \u0628\u0631\u0647\u0646\u062a \u0623\u0646 \u0627\u0644\u0639\u0644\u0627 \u0644\u0647\u0627<br><br>\u0625\u0631\u062a\u0631\u064a\u0627 \u0625\u0631\u062a\u0631\u064a\u0627<br>\u062a\u0628\u0648\u0623\u062a \u0645\u0643\u0627\u0646\u0647\u0627 \u0628\u064a\u0646 \u0627\u0644\u0623\u0645\u0645<br><br>\u0628\u0625\u0635\u0631\u0627\u0631\u0646\u0627 \u0627\u0644\u0630\u064a \u062c\u0646\u0649 \u0627\u0644\u062a\u062d\u0631\u064a\u0631<br>\u0633\u0646\u0646\u062c\u0632 \u0627\u0644\u0628\u0646\u0627\u0621 \u0648\u0627\u0644\u062a\u0639\u0645\u064a\u0631<br>\u0644\u062a\u0632\u062f\u0647\u0631 \u0648\u062a\u0644\u0628\u0633 \u0627\u0644\u0648\u0642\u0627\u0631<br>\u062a\u0639\u0627\u0647\u062f\u0646\u0627 \u0623\u0646 \u062a\u0633\u0645\u0648 \u0625\u0631\u062a\u0631\u064a\u0627<br><br>\ud834\udd07 \u0625\u0631\u062a\u0631\u064a\u0627 \u0625\u0631\u062a\u0631\u064a\u0627<br>\u062a\u0628\u0648\u0627\u062a \u0645\u0643\u0627\u0646\u0647\u0627 \u0628\u064a\u0646 \u0627\u0644\u0623\u0645\u0645 \ud834\udd06<\/td><td>\ud834\udd06 \u02beIritriy\u0101, \u02beIritriy\u0101, \u02beIritriy\u0101,<br>Qad d\u0101\u1e25arat bi\u1e21ayy\u1e93ihim \u02bea\u02bfd\u0101\u02beih\u0101,<br>Wa-tuwwajat bi-l-na\u1e63ri ta\u1e0da\u1e25\u012by\u0101tiha. \ud834\udd07<br><br>Ma\u02bfa-l-\u02bea\u02bfd\u0101\u02be qad mrit min \u02bfuh\u016bd,<br>\u1e20ad\u0101 ismuh\u0101 mu\u02bfjizata-\u1e63-um\u016bd,<br>Fa\u1e35r al-muk\u0101fi\u1e25\u012bn f\u012b \u02beIritriy\u0101,<br>Qad barhanat \u02bean al-\u02bfulan lah\u0101.<br><br>\u02beIritriy\u0101, \u02beIritriy\u0101,<br>Taduwwa\u02be\u0101t mak\u0101nah\u0101 bayni-l-\u02beumam.<br><br>Bi-\u02be\u1e63ar\u0101rini-la-\u1e0f\u012b jani-l-ta\u1e25r\u012br<br>Sananjaz ul-bin\u0101\u02bea wa-l-ta\u02bfm\u012br<br>Li-tazdahir wa-talbasa-l-waq\u0101r<br>Ta\u02bf\u0101hadn\u0101 \u02bean tasm\u016b \u02beIritriy\u0101<br><br>\ud834\udd06 \u02beIritriy\u0101, \u02beIritriy\u0101,<br>Taduwwa\u02be\u0101t mak\u0101nah\u0101 bayni-l-\u02beumam. \ud834\udd07<\/td><\/tr><\/tbody><\/table><\/figure>\n\n\n\n<h3 class=\"wp-block-heading\" id=\"Original_lyrics_(1986\u20131993)\">Original lyrics (1986\u20131993)<\/h3>\n\n\n\n<p><\/p>\n\n\n\n<figure class=\"wp-block-table\"><table class=\"has-fixed-layout\"><tbody><tr><th><a href=\"https:\/\/en.wikipedia.org\/wiki\/Tigrinya_language\">Tigrinya<\/a>&nbsp;lyrics<sup><a href=\"https:\/\/en.wikipedia.org\/wiki\/Eritrea,_Eritrea,_Eritrea#cite_note-BBC_News_Tsehaye-5\">[5]<\/a><\/sup><sup><a href=\"https:\/\/en.wikipedia.org\/wiki\/Eritrea,_Eritrea,_Eritrea#cite_note-15\">[12]<\/a><\/sup><sup>[<em><a href=\"https:\/\/en.wikipedia.org\/wiki\/Wikipedia:NOTRS\">better&nbsp;source&nbsp;needed<\/a><\/em>]<\/sup><sup><a href=\"https:\/\/en.wikipedia.org\/wiki\/Eritrea,_Eritrea,_Eritrea#cite_note-16\">[13]<\/a><\/sup><sup>[<em><a href=\"https:\/\/en.wikipedia.org\/wiki\/Wikipedia:NOTRS\">better&nbsp;source&nbsp;needed<\/a><\/em>]<\/sup><\/th><th><a href=\"https:\/\/en.wikipedia.org\/wiki\/Tigrinya_language#Writing_system\">Transliteration<\/a><\/th><th><a href=\"https:\/\/en.wikipedia.org\/wiki\/International_Phonetic_Alphabet\">IPA<\/a>&nbsp;transcription<sup><a href=\"https:\/\/en.wikipedia.org\/wiki\/Eritrea,_Eritrea,_Eritrea#cite_note-IPA-8\">[a]<\/a><\/sup><\/th><th>English translation<\/th><\/tr><tr><td>\ud834\udd06 \u12a4\u122d\u1275\u122b \u12a4\u122d\u1275\u122b \u12a4\u122d\u1275\u122b<br>\u1260\u12d3\u120d \u12f0\u121b \u12a5\u1293\u120d\u1240\u1230 \u1295\u12bd\u1208\u1243<br>\u1205\u12ed\u12c8\u1275\u1293 \u1290\u1215\u120d\u1348\u120b \u12a3\u1208\u1293 \u12f0\u1243 \ud834\udd07<br><br>\u1218\u130b\u12e8\u133a \u1313\u1293 \u12a8\u12ed\u1275\u12b8\u12cd\u1295<br>\u1218\u133b\u12a2 \u12d5\u12f5\u120b \u12a8\u12ed\u1218\u12ad\u1295<br>\u1293\u12ed \u12d8\u1260\u1293\u1275 \u1293\u12ed \u1205\u12dd\u1263 \u12ca\u1295\u1273<br>\u133d\u1263\u1215 \u12ad\u1228\u12ca \u12a3\u1265 \u1213\u122d\u1290\u1273<br><br>\u12a4\u122d\u1275\u122b \u12a4\u122d\u1275\u122b<br>\u12a3\u1265 \u12d3\u1208\u121d \u12ad\u12cb\u1203\u1263 \u130d\u1261\u12a5 \u12ad\u1265\u122b (\u12a9\u1209 \u1265\u1218\u133b\u12a2 \u12a5\u12e9 \u1270\u133b\u1212\u1349)<br><br>\u12a3\u121c\u1295 \u12a3\u12ed\u1260\u120d\u1293\u1295 \u12a3\u12ed\u1230\u1308\u12f5\u1293\u1295<br>\u1260\u12f2\u1205\u1293 \u1295\u12eb\u1275 \u12a3\u12e8\u12d5\u1228\u1265\u1293\u1295<br>\u12ad\u1275\u1265\u120d\u133d\u130d \u12a8\u1290\u120d\u1265\u1233 \u130d\u122d\u121b<br>\u1215\u12f5\u122a \u12a3\u1208\u1293 \u130d\u121d\u1303 \u12ad\u1295\u1235\u120d\u121b<br><br>\ud834\udd06 \u12a4\u122d\u1275\u122b \u12a4\u122d\u1275\u122b<br>\u12a3\u1265 \u12d3\u1208\u121d \u12ad\u12cb\u1203\u1263 \u130d\u1261\u12a5 \u12ad\u1265\u122b\u1362 \ud834\udd07<\/td><td>\ud834\udd06 Ertra, Ertra, Ertra,<br>B\u0259\u2018al d\u00e4ma \u018enalq\u00e4s\u00e4 n\u0259x\u0259l\u00e4qa,<br>H\u0259yw\u00e4tna n\u00e4\u0127\u0259lf\u00e4la \u02bcal\u00e4na d\u00e4qa. \ud834\udd07<br><br>M\u00e4gay\u00e4tsi gwana k\u00e4yt\u0259x\u00e4w\u0259n<br>M\u00e4tsa\u02bci \u02bc\u0259d\u0259la k\u00e4ym\u00e4k\u0259n<br>Nay z\u00e4b\u00e4nat nay h\u0259zba winta<br>Ts\u0259ba\u0127\u0259 k\u0259r\u00e4wi \u02bcab \u0127ar\u0259n\u00e4ta<br><br>Ertra, Ertra,<br>Ab \u2018Al\u00e4m k\u0259wahaba g\u0259bu\u02bc\u0259 k\u0259bra! (ku b\u0259m\u00e4tsa\u02bci \u02bc\u0259yu t\u00e4tsa\u0127ifu)<br><br>\u02bcAmen \u02bcayb\u00e4lnan \u02bcays\u00e4g\u00e4dnan<br>B\u00e4dihna n\u0259yat \u02bcay\u00e4\u2018\u0259r\u00e4bnan<br>K\u0259tb\u0259lts\u0259g k\u00e4n\u00e4lb\u0259sa g\u0259rma,<br>\u0126\u0259dri-\u02bcal\u00e4na g\u0259mja k\u0259ns\u0259lma.<br><br>\ud834\udd06 Ertra, Ertra,<br>Ab \u2018Al\u00e4m k\u0259wahaba g\u0259bu\u02bc\u0259 k\u0259bra! \ud834\udd07<\/td><td>\ud834\udd06 [\u0294er(\u0268).tra \u0294er(\u0268).tra \u0294er(\u0268).tra]<br>[b\u0250.\u0295al d\u0250.ma nal.k\u02bc\u0250.s\u0250 n\u0268.x\u0268.l\u0250.k\u02bca]<br>[h\u0268j.w\u0250t.na n\u0250.\u0127\u0268l.f\u0250.la\u203fa.l\u0250.na d\u0250.k\u02bca] \ud834\udd07<br><br>[m\u0250.ga.j\u0250t\u0361s\u02bc(i) g\u02b7a.na k\u0250j.t\u0268.x\u0250.w\u0268n]<br>[m\u0250.t\u0361s\u02bca.\u0294i \u0294\u0268.d\u0268.la k\u0250j.m\u0250.k\u0268n]<br>[naj z\u0250.b\u0250.nat naj h\u0268z.ba win.ta]<br>[t\u0361s\u02bc\u0268.ba.\u0127\u0268 k(\u0268)r\u0250.wi \u0294ab \u0127(a)r\u0268.n\u0250.ta]<br><br>[\u0294er(\u0268).tra \u0294er(\u0268).tra]<br>[\u0294ab \u0295a.l\u0250m k\u0268.wa.ha.ba g\u0268.bu.\u0294\u0268 k\u0268b.ra] [ku b\u0268.m\u0250.t\u0361s\u02bca.\u0294i \u0294\u0268.ju t\u0250.t\u0361s\u02bca.\u0127i.fu]<br><br>[\u0294a.men \u0294aj.b\u0250l.nan \u0294aj.s\u0250.g\u0250d.nan]<br>[b\u0250.dih.na n\u0268.jat \u0294a.j\u0250\u0295\u0268.r\u0250b.nan]<br>[k\u0268t.b\u0268l.t\u0361s\u02bc\u0268g k\u0250.n\u0250l.b\u0268.sa g\u0268r.ma]<br>[\u0127\u0268d.ria\u032f.l\u0250.na g\u0268m.d\u0361\u0292a k\u0268n.s\u0268l(\u0268).ma]<br><br>\ud834\udd06 [\u0294er(\u0268).tra \u0294er(\u0268).tra]<br>[\u0294ab \u0295a.l\u0250m k\u0268.wa.ha.ba g\u0268.bu.\u0294\u0268 k\u0268b.ra \u01c1] \ud834\udd07<\/td><td>\ud834\udd06 Eritrea, Eritrea, Eritrea,<br>A festival of her shed blood,<br>We devote our lives to her, her children. \ud834\udd07<br><br>To avoid becoming a foreign exploit<br>The future of her destiny will not wither.<br>The people&#8217;s will of centuries<br>Tomorrow tastes its liberty.<br><br>Eritrea, Eritrea,<br>In the world, her due glory will be given to her (all written in the future)<br><br>Amen, we did not bow down<br>Thus we did not bring her to an end.<br>For her majestic splendour to prosper,<br>We are now entrusted to decorate the treasure.<br><br>\ud834\udd06 Eritrea, Eritrea,<br>In the world, her due glory will be given to her. \ud834\udd07<\/td><\/tr><\/tbody><\/table><\/figure>\n","protected":false},"excerpt":{"rendered":"<p>Tigrinya&nbsp;lyrics[6][7] Transliteration IPA&nbsp;transcription[a] English translation \ud834\udd06 \u12a4\u122d\u1275\u122b \u12a4\u122d\u1275\u122b \u12a4\u122d\u1275\u122b\u1361\u1260\u12d3\u120d \u12f0\u121b \u12a5\u1293\u120d\u1240\u1230 \u1270\u12f0\u121d\u1232\u1231\u1361\u1218\u1235\u12cb\u12a5\u1273 \u1265\u1213\u122d\u1290\u1275 \u1270\u12f0\u1262\u1231\u1362 \ud834\udd07 \u1218\u12cb\u12a5\u120d \u1290\u12ba\u1233 \u12a3\u1265 \u12d5\u120b\u121b\u1361\u1275\u12a5\u121d\u122d\u1272 \u133d\u1295\u12d3\u1275 \u12b0\u12ed\u1291 \u1235\u121b\u1361\u12a4\u122d\u1275\u122b&#8217;\u12db \u1213\u1260\u1295 \u12cd\u1339\u12d3\u1275\u1361\u12a3\u1218\u1235\u12aa\u122b \u1213\u1242 \u12ad\u121d\u1275\u12d5\u12c8\u1275\u1362 \u12a4\u122d\u1275\u122b \u12a4\u122d\u1275\u122b\u1361\u12a3\u1265 \u12d3\u1208\u121d \u1328\u1262\u1323\u1276 \u130d\u1261\u12a5 \u12ad\u1265\u122b\u1362 \u1293\u133d\u1290\u1275 \u12d8\u121d\u133d\u12a3 \u120d\u12d1\u120d \u1292\u1215\u1361\u1295\u1205\u1295\u133b \u1295\u120d\u121d\u12d3\u1275 \u12ad\u1230\u122d\u1215\u1361\u1235\u120d\u1323\u1290 \u12a8\u1290\u120d\u1265\u1233 \u130d\u122d\u121b\u1361\u1215\u12f5\u122a&#8217;\u1208\u1293 \u130d\u121d\u1303 \u12ad\u1295\u1235\u120d\u121b\u1362 \ud834\udd06 \u12a4\u122d\u1275\u122b \u12a4\u122d\u1275\u122b\u1361\u12a3\u1265 \u12d3\u1208\u121d \u1328\u1262\u1323\u1276 \u130d\u1261\u12a5 \u12ad\u1265\u122b\u1362 \ud834\udd07 \ud834\udd06 Ertra, Ertra, Ertra,B\u00e4\u2018al d\u00e4ma&hellip;<\/p>\n","protected":false},"author":1,"featured_media":0,"parent":366,"menu_order":0,"comment_status":"closed","ping_status":"closed","template":"","meta":{"footnotes":""},"class_list":["post-1360","page","type-page","status-publish","hentry"],"_links":{"self":[{"href":"https:\/\/www.sadeora.com\/sky_dome\/the-future-planet\/wp-json\/wp\/v2\/pages\/1360","targetHints":{"allow":["GET"]}}],"collection":[{"href":"https:\/\/www.sadeora.com\/sky_dome\/the-future-planet\/wp-json\/wp\/v2\/pages"}],"about":[{"href":"https:\/\/www.sadeora.com\/sky_dome\/the-future-planet\/wp-json\/wp\/v2\/types\/page"}],"author":[{"embeddable":true,"href":"https:\/\/www.sadeora.com\/sky_dome\/the-future-planet\/wp-json\/wp\/v2\/users\/1"}],"replies":[{"embeddable":true,"href":"https:\/\/www.sadeora.com\/sky_dome\/the-future-planet\/wp-json\/wp\/v2\/comments?post=1360"}],"version-history":[{"count":0,"href":"https:\/\/www.sadeora.com\/sky_dome\/the-future-planet\/wp-json\/wp\/v2\/pages\/1360\/revisions"}],"up":[{"embeddable":true,"href":"https:\/\/www.sadeora.com\/sky_dome\/the-future-planet\/wp-json\/wp\/v2\/pages\/366"}],"wp:attachment":[{"href":"https:\/\/www.sadeora.com\/sky_dome\/the-future-planet\/wp-json\/wp\/v2\/media?parent=1360"}],"curies":[{"name":"wp","href":"https:\/\/api.w.org\/{rel}","templated":true}]}}