{"id":1341,"date":"2021-06-06T02:16:36","date_gmt":"2021-06-06T07:16:36","guid":{"rendered":"https:\/\/www.sadeora.com\/sky_dome\/the-future-planet\/?page_id=1341"},"modified":"2024-08-30T00:29:20","modified_gmt":"2024-08-30T05:29:20","slug":"ghana","status":"publish","type":"page","link":"https:\/\/www.sadeora.com\/sky_dome\/the-future-planet\/felicitation-centers\/ghana\/","title":{"rendered":"Ghana"},"content":{"rendered":"\n<p><\/p>\n\n\n\n<figure class=\"wp-block-audio\"><audio controls src=\"https:\/\/www.sadeora.com\/sky_dome\/the-future-planet\/wp-content\/uploads\/2024\/08\/National_Anthem_of_Ghana.ogg\"><\/audio><\/figure>\n\n\n\n<p><\/p>\n\n\n\n<figure class=\"wp-block-table\"><table class=\"has-fixed-layout\"><tbody><tr><th>English lyrics<\/th><th>Twi translation<\/th><th>Ewe translation<\/th><\/tr><tr><td><strong>I<\/strong><br>God bless our homeland&nbsp;<a href=\"https:\/\/en.wikipedia.org\/wiki\/Ghana\">Ghana<\/a><br>And make our nation great and strong,<br>Bold to defend forever<br>The cause of Freedom and of Right;<br>Fill our hearts with true humility,<br>Make us cherish fearless honesty,<br>\ud834\udd06 And help us to resist oppressors&#8217; rule<br>With all our will and might for evermore. \ud834\udd07<br><br><strong>II<\/strong><br>Hail to thy name, O Ghana,<br>To thee we make our solemn vow:<br>Steadfast to build together<br>A nation strong in Unity;<br>With our gifts of mind and strength of arm,<br>Whether night or day, in mist or storm,<br>\ud834\udd06 In every need, whate&#8217;er the call may be,<br>To serve thee, Ghana, now and for evermore. \ud834\udd07<br><br><strong>III<\/strong><br>Raise high the&nbsp;<a href=\"https:\/\/en.wikipedia.org\/wiki\/Flag_of_Ghana\">flag of Ghana<\/a><br>and one with&nbsp;<a href=\"https:\/\/en.wikipedia.org\/wiki\/Africa\">Africa<\/a>&nbsp;advance;<br>Black star of hope and honour<br>To all who thirst for liberty;<br>Where the banner of Ghana freely flies,<br>May the way to freedom truly lie;<br>\ud834\udd06 Arise, arise, O sons of Ghana land,<br>And under God march on for evermore! \ud834\udd07<\/td><td><strong>I<\/strong><br>Nyame nhyira y\u025bn kurom Gaana<br>Na ma y\u025bn man no ny\u025b k\u025bse na \u025bny\u025b den,<br>Akokoduru a w\u0254de b\u025bb\u0254 w\u0254n ho ban daa<br>Ahofadi ne Hokwan ho as\u025bm;<br>Fa ahobr\u025base ankasa hy\u025b y\u025bn koma ma,<br>Ma y\u025bn ani nnye nokwaredi a ensuro ho,<br>\ud834\udd06 C Na boa y\u025bn ma y\u025bnko tia nhy\u025bsofo nniso<br>Y\u025bde y\u025bn p\u025b ne y\u025bn aho\u0254den nyinaa daa daa. \ud834\udd07<br><br>II<br>O Gaana, nkamfo nka wo din,<br>Wo na y\u025bhy\u025b y\u025bn b\u0254 a \u025by\u025b aniberes\u025bm.<br>Gyina pintinn s\u025b w\u0254b\u025bbom akyekye<br>\u0186man a \u025by\u025b den w\u0254 Biakoy\u025b mu;<br>Y\u025bnam y\u025bn adwene ne basa aho\u0254den aky\u025bde ahorow no so,<br>S\u025b\u0301 \u025by\u025b anadwo anaa awia, w\u0254 nsuyiri anaa ahum mu no,<br>\ud834\udd06 C W\u0254 ahiade biara mu no, whate&#8217;er fr\u025b no betumi ay\u025b,<br>S\u025b m\u025bsom wo, Gaana, seesei ne daa daa. \ud834\udd07<br><br><br><strong>III<\/strong><br>Ma Gaana frankaa so k\u0254 soro<br>Ne biako a Afrika anya nk\u0254so;<br>Nsoromma tuntum a anidaso ne nidi wom<br>W\u0254de k\u0254ma w\u0254n a ahofadi ho suk\u0254m de w\u0254n no nyinaa;<br>Baabi a Gaana frankaa no tu fa ne ho no,<br>\u0190mmra s\u025b \u0254kwan a \u025bk\u0254 ahofadi mu no nni atoro ampa;<br>\ud834\udd06 A Gaana asase so mma, mons\u0254re, mons\u0254re,<br>Na Onyankop\u0254n ase no, nantew k\u0254 so daa! \ud834\udd07<\/td><td><strong>I<\/strong><br>Mawu nayra m\u00eda denyigba Ghana<br>Eye na m\u00eda\u0192e duk\u0254a nalolo eye w\u00f2as\u1ebd \u014bu,<br>Dzin\u0254ame\u0192ot\u0254e be w\u00f2a\u028bli eta tegbee<br>Abl\u0254\u0256e kple Gomen\u0254amesi \u0192e Nya;<br>Mits\u0254 \u0256okuib\u0254b\u0254 vav\u00e3t\u0254 y\u0254 m\u00eda\u0192e dziwo me f\u0169,<br>Na m\u00edade asix\u0254x\u0254 anukware\u0256i\u0256i si me v\u0254v\u0254\u0303 mele o \u014bu,<br>\ud834\udd06 Z Eye n\u00e0kpe \u0256e m\u00eda \u014bu m\u00edatsi tre \u0256e ametete\u0256eanyilawo \u0192e dzi\u0256u\u0256u \u014bu<br>Le m\u00eda\u0192e l\u0254l\u0254\u0303nu kple \u014bus\u1ebd kat\u00e3 me tegbee. \ud834\udd07<br><br><strong>II<\/strong><br>Mido gbe na w\u00f2 \u014bk\u0254, Oo Ghana,<br>W\u00f2e m\u00ededo m\u00eda\u0192e adz\u0254gbe vevi la na w\u00f2.<br>Mili ke be miatu nu \u0256ekae<br>Duk\u0254 si ses\u1ebd le \u00d0ekaw\u0254w\u0254 me;<br>Le m\u00eda\u0192e susu kple al\u0254 \u0192e \u014bus\u1ebd \u0192e nunanawo me la,<br>E\u0256anye z\u00e3 alo keli o, le ku\u0256i\u0256i alo ahom me,<br>\ud834\udd06 X Le hiahi\u00e3 \u0256esia\u0256e me la, y\u0254y\u0254 ka kee \u0256anye o, .<br>Be masub\u0254 w\u00f2, Ghana, fifia kple tegbee. \ud834\udd07<br><br><strong>III<\/strong><br>Do Ghana \u0192e aflaga \u0256e dzi<br>Kple \u0256eka si me Afrika do \u014bg\u0254 le;<br>M\u0254kp\u0254kp\u0254 kple bubu \u0192e \u0263letivi ameyib\u0254<br>Na amesiwo kat\u00e3 \u0192e abl\u0254\u0256e \u0192e tsik\u0254 le wuwum;<br>Afisi Ghana \u0192e aflaga dzona faa le la,<br>Neva eme be abl\u0254\u0256em\u0254 la nanye alakpa vav\u00e3;<br>\ud834\udd06 O Ghana-nyigba dzi viwo, tso, tso,<br>Eye le Mawu te la, yi edzi tegbee! \ud834\udd07<\/td><\/tr><\/tbody><\/table><\/figure>\n","protected":false},"excerpt":{"rendered":"<p>English lyrics Twi translation Ewe translation IGod bless our homeland&nbsp;GhanaAnd make our nation great and strong,Bold to defend foreverThe cause of Freedom and of Right;Fill our hearts with true humility,Make us cherish fearless honesty,\ud834\udd06 And help us to resist oppressors&#8217; ruleWith all our will and might for evermore. \ud834\udd07 IIHail to thy name, O Ghana,To&hellip;<\/p>\n","protected":false},"author":1,"featured_media":0,"parent":366,"menu_order":0,"comment_status":"closed","ping_status":"closed","template":"","meta":{"footnotes":""},"class_list":["post-1341","page","type-page","status-publish","hentry"],"_links":{"self":[{"href":"https:\/\/www.sadeora.com\/sky_dome\/the-future-planet\/wp-json\/wp\/v2\/pages\/1341","targetHints":{"allow":["GET"]}}],"collection":[{"href":"https:\/\/www.sadeora.com\/sky_dome\/the-future-planet\/wp-json\/wp\/v2\/pages"}],"about":[{"href":"https:\/\/www.sadeora.com\/sky_dome\/the-future-planet\/wp-json\/wp\/v2\/types\/page"}],"author":[{"embeddable":true,"href":"https:\/\/www.sadeora.com\/sky_dome\/the-future-planet\/wp-json\/wp\/v2\/users\/1"}],"replies":[{"embeddable":true,"href":"https:\/\/www.sadeora.com\/sky_dome\/the-future-planet\/wp-json\/wp\/v2\/comments?post=1341"}],"version-history":[{"count":0,"href":"https:\/\/www.sadeora.com\/sky_dome\/the-future-planet\/wp-json\/wp\/v2\/pages\/1341\/revisions"}],"up":[{"embeddable":true,"href":"https:\/\/www.sadeora.com\/sky_dome\/the-future-planet\/wp-json\/wp\/v2\/pages\/366"}],"wp:attachment":[{"href":"https:\/\/www.sadeora.com\/sky_dome\/the-future-planet\/wp-json\/wp\/v2\/media?parent=1341"}],"curies":[{"name":"wp","href":"https:\/\/api.w.org\/{rel}","templated":true}]}}