{"id":1331,"date":"2021-06-06T02:07:39","date_gmt":"2021-06-06T07:07:39","guid":{"rendered":"https:\/\/www.sadeora.com\/sky_dome\/the-future-planet\/?page_id=1331"},"modified":"2024-08-30T00:49:28","modified_gmt":"2024-08-30T05:49:28","slug":"guam","status":"publish","type":"page","link":"https:\/\/www.sadeora.com\/sky_dome\/the-future-planet\/felicitation-centers\/guam\/","title":{"rendered":"Guam"},"content":{"rendered":"\n<p><\/p>\n\n\n\n<figure class=\"wp-block-audio\"><audio controls src=\"https:\/\/www.sadeora.com\/sky_dome\/the-future-planet\/wp-content\/uploads\/2024\/08\/Stand_Ye_Guamanians.oga\"><\/audio><\/figure>\n\n\n\n<p><\/p>\n\n\n\n<figure class=\"wp-block-table\"><table class=\"has-fixed-layout\"><tbody><tr><th><a href=\"https:\/\/en.wikipedia.org\/wiki\/Chamorro_language\">CHamoru<\/a>&nbsp;lyrics<sup><a href=\"https:\/\/en.wikipedia.org\/wiki\/Stand_Ye_Guamanians#cite_note-Guampedia-4\">[4]<\/a><\/sup><sup><a href=\"https:\/\/en.wikipedia.org\/wiki\/Stand_Ye_Guamanians#cite_note-P.L._19-55-5\">[5]<\/a><\/sup><sup><a href=\"https:\/\/en.wikipedia.org\/wiki\/Stand_Ye_Guamanians#cite_note-Guam_Code-7\">[7]<\/a><\/sup><sup><a href=\"https:\/\/en.wikipedia.org\/wiki\/Stand_Ye_Guamanians#cite_note-Cunningham-8\">[8]<\/a><\/sup><\/th><th><a href=\"https:\/\/en.wikipedia.org\/wiki\/International_Phonetic_Alphabet\">IPA<\/a>&nbsp;transcription<sup><a href=\"https:\/\/en.wikipedia.org\/wiki\/Stand_Ye_Guamanians#cite_note-9\">[a]<\/a><\/sup><\/th><th>English lyrics since 1952<sup><a href=\"https:\/\/en.wikipedia.org\/wiki\/Stand_Ye_Guamanians#cite_note-Gumataotao-2\">[2]<\/a><\/sup><sup><a href=\"https:\/\/en.wikipedia.org\/wiki\/Stand_Ye_Guamanians#cite_note-Guampedia-4\">[4]<\/a><\/sup><sup><a href=\"https:\/\/en.wikipedia.org\/wiki\/Stand_Ye_Guamanians#cite_note-P.L._19-55-5\">[5]<\/a><\/sup><sup><a href=\"https:\/\/en.wikipedia.org\/wiki\/Stand_Ye_Guamanians#cite_note-Guam_Code-7\">[7]<\/a><\/sup><\/th><th>Original English lyrics<br>(as documented in 1934)<sup><a href=\"https:\/\/en.wikipedia.org\/wiki\/Stand_Ye_Guamanians#cite_note-Gumataotao-2\">[2]<\/a><\/sup><\/th><\/tr><tr><td><strong>I<\/strong><br>Fanohge CHamoru put i tano&#8217;-ta<sup><a href=\"https:\/\/en.wikipedia.org\/wiki\/Stand_Ye_Guamanians#cite_note-12\">[b]<\/a><\/sup><br>K\u00e5nta i ma tun\u00e5-\u00f1a gi todu i lug\u00e5t.<sup><a href=\"https:\/\/en.wikipedia.org\/wiki\/Stand_Ye_Guamanians#cite_note-13\">[c]<\/a><\/sup><br>\ud834\udd06 Para i onra, para i gloria<br>Abiba i isla sen par\u00e5t. \ud834\udd07<sup><a href=\"https:\/\/en.wikipedia.org\/wiki\/Stand_Ye_Guamanians#cite_note-17\">[d]<\/a><\/sup><br><br><strong>II<\/strong><br>Todu i tiempo i pas para hita<sup><a href=\"https:\/\/en.wikipedia.org\/wiki\/Stand_Ye_Guamanians#cite_note-18\">[e]<\/a><\/sup><br>Yan ginen i langet na bendision.<sup><a href=\"https:\/\/en.wikipedia.org\/wiki\/Stand_Ye_Guamanians#cite_note-19\">[f]<\/a><\/sup><br>\ud834\udd06 Kontra i piligru, na&#8217;fans\u00e5fo&#8217; ham<sup><a href=\"https:\/\/en.wikipedia.org\/wiki\/Stand_Ye_Guamanians#cite_note-20\">[g]<\/a><\/sup><br>Yu&#8217;os prutehi i islan Guam. \ud834\udd07<sup><a href=\"https:\/\/en.wikipedia.org\/wiki\/Stand_Ye_Guamanians#cite_note-21\">[h]<\/a><\/sup><\/td><td><strong>1<\/strong><br>[f\u00e6.noh.ge t\u0361s\u00e6.mo.ru put i t\u00e6.no\u0294.t\u00e6]<br>[k\u0251n.t\u00e6\u203fi m\u00e6 tu.n\u0251.\u0272\u00e6 gi to.du i lu.g\u0251t]<br>\ud834\udd06 [p\u00e6.r\u00e6 i on.\u027e\u00e6 p\u00e6.r\u00e6 i glo.ri.\u00e6]<br>[\u00e6.bi.b\u00e6 i is.l\u00e6 sen.p\u00e6.r\u0251t] \ud834\udd07<br><br><strong>2<\/strong><br>[to.du i t(j)em.pu i p\u0251s p\u00e6.r\u00e6 hi.t\u00e6]<br>[d\u0361z\u00e6n gi.nen i l\u00e6.\u014bet n\u00e6 ben.di.\u0283on]<br>\ud834\udd06 [kon.t\u027e\u00e6\u203fi pi.li.g\u027eu n\u00e6\u0294.f\u00e6n.s\u0251.fu\u0294 h\u00e6m]<br>[d\u0361zu.\u0294us p\u027eu.te.hi i is.l\u00e6n \u0261\u02b7\u0251m] \ud834\udd07<\/td><td><strong>I<\/strong><br>Stand ye Guamanians for your country,<br>And sing her praise from shore to shore<br>\ud834\udd06 For her honor, for her glory,<br>Exalt our island forever more. \ud834\udd07<br><br><strong>II<\/strong><br>May everlasting peace reign o&#8217;er us<br>May heaven&#8217;s blessing to us come<br>\ud834\udd06 Against all perils, do not forsake us<br>God protect our isle of Guam. \ud834\udd07<\/td><td><strong>I<\/strong><br>Stand ye Chamorros for our country,<br>And sing her praise from shore to shore,<br>\ud834\udd06 For her honor, For her glory,<br>Exalt our Island forevermore. \ud834\udd07<br><br><strong>II<\/strong><br>May ever-lasting peace reign o&#8217;er us.<br>May heaven&#8217;s blessings to us come;<br>\ud834\udd06 Against all perils, do not forsake us,<br>God protect our Island home. \ud834\udd07<\/td><\/tr><\/tbody><\/table><\/figure>\n\n\n\n<p><\/p>\n","protected":false},"excerpt":{"rendered":"<p>CHamoru&nbsp;lyrics[4][5][7][8] IPA&nbsp;transcription[a] English lyrics since 1952[2][4][5][7] Original English lyrics(as documented in 1934)[2] IFanohge CHamoru put i tano&#8217;-ta[b]K\u00e5nta i ma tun\u00e5-\u00f1a gi todu i lug\u00e5t.[c]\ud834\udd06 Para i onra, para i gloriaAbiba i isla sen par\u00e5t. \ud834\udd07[d] IITodu i tiempo i pas para hita[e]Yan ginen i langet na bendision.[f]\ud834\udd06 Kontra i piligru, na&#8217;fans\u00e5fo&#8217; ham[g]Yu&#8217;os prutehi i islan&hellip;<\/p>\n","protected":false},"author":1,"featured_media":0,"parent":366,"menu_order":0,"comment_status":"closed","ping_status":"closed","template":"","meta":{"footnotes":""},"class_list":["post-1331","page","type-page","status-publish","hentry"],"_links":{"self":[{"href":"https:\/\/www.sadeora.com\/sky_dome\/the-future-planet\/wp-json\/wp\/v2\/pages\/1331","targetHints":{"allow":["GET"]}}],"collection":[{"href":"https:\/\/www.sadeora.com\/sky_dome\/the-future-planet\/wp-json\/wp\/v2\/pages"}],"about":[{"href":"https:\/\/www.sadeora.com\/sky_dome\/the-future-planet\/wp-json\/wp\/v2\/types\/page"}],"author":[{"embeddable":true,"href":"https:\/\/www.sadeora.com\/sky_dome\/the-future-planet\/wp-json\/wp\/v2\/users\/1"}],"replies":[{"embeddable":true,"href":"https:\/\/www.sadeora.com\/sky_dome\/the-future-planet\/wp-json\/wp\/v2\/comments?post=1331"}],"version-history":[{"count":0,"href":"https:\/\/www.sadeora.com\/sky_dome\/the-future-planet\/wp-json\/wp\/v2\/pages\/1331\/revisions"}],"up":[{"embeddable":true,"href":"https:\/\/www.sadeora.com\/sky_dome\/the-future-planet\/wp-json\/wp\/v2\/pages\/366"}],"wp:attachment":[{"href":"https:\/\/www.sadeora.com\/sky_dome\/the-future-planet\/wp-json\/wp\/v2\/media?parent=1331"}],"curies":[{"name":"wp","href":"https:\/\/api.w.org\/{rel}","templated":true}]}}