{"id":1323,"date":"2021-06-06T02:02:17","date_gmt":"2021-06-06T07:02:17","guid":{"rendered":"https:\/\/www.sadeora.com\/sky_dome\/the-future-planet\/?page_id=1323"},"modified":"2024-08-30T01:05:46","modified_gmt":"2024-08-30T06:05:46","slug":"guinea","status":"publish","type":"page","link":"https:\/\/www.sadeora.com\/sky_dome\/the-future-planet\/felicitation-centers\/guinea\/","title":{"rendered":"Guinea"},"content":{"rendered":"\n<p><\/p>\n\n\n\n<figure class=\"wp-block-audio\"><audio controls src=\"https:\/\/www.sadeora.com\/sky_dome\/the-future-planet\/wp-content\/uploads\/2024\/08\/National_Anthem_of_Guinea_by_US_Navy_Band.ogg\"><\/audio><\/figure>\n\n\n\n<p><\/p>\n\n\n\n<figure class=\"wp-block-table\"><table class=\"has-fixed-layout\"><tbody><tr><th>French original<\/th><th>English translation<\/th><\/tr><tr><td>Peuple d&#8217;Afrique,<br>Le Pass\u00e9 historique&nbsp;!<br>Que chante l&#8217;hymne de la Guin\u00e9e fi\u00e8re et jeune<br>Illustre \u00e9pop\u00e9e de nos fr\u00e8res<br>Morts au champ d&#8217;honneur en lib\u00e9rant l&#8217;Afrique&nbsp;!<br>Le peuple de Guin\u00e9e pr\u00eachant l&#8217;unit\u00e9.<br><br>Appelle l&#8217;Afrique.<br>Libert\u00e9! C&#8217;est la voix d&#8217;un people<br>Qui appelle tous ses fr\u00e8res de la grande Afrique.<br><br>Libert\u00e9! C&#8217;est la voix d&#8217;un people<br>Qui appelle tous ses fr\u00e8res \u00e0 se retrouver.<br>B\u00e2tissons l&#8217;unit\u00e9 africaine dans l&#8217;ind\u00e9pendance retrouv\u00e9e.<\/td><td>People of Africa,<br>The historical past!<br>Let the anthem of a proud and young Guinea<br>The illustrious epic of our brothers<br>Who died on the field of honour, liberating Africa!<br>The people of Guinea preaching unity.<br><br>Call Africa.<br>Freedom! It&#8217;s the voice of a people<br>Who call all of their brothers from across Africa!<br><br>Freedom! It&#8217;s the voice of a people<br>Who call all their brothers to come together.<br>Let us build African unity in regained independence.<\/td><\/tr><\/tbody><\/table><\/figure>\n\n\n\n<p><\/p>\n","protected":false},"excerpt":{"rendered":"<p>French original English translation Peuple d&#8217;Afrique,Le Pass\u00e9 historique&nbsp;!Que chante l&#8217;hymne de la Guin\u00e9e fi\u00e8re et jeuneIllustre \u00e9pop\u00e9e de nos fr\u00e8resMorts au champ d&#8217;honneur en lib\u00e9rant l&#8217;Afrique&nbsp;!Le peuple de Guin\u00e9e pr\u00eachant l&#8217;unit\u00e9. Appelle l&#8217;Afrique.Libert\u00e9! C&#8217;est la voix d&#8217;un peopleQui appelle tous ses fr\u00e8res de la grande Afrique. Libert\u00e9! C&#8217;est la voix d&#8217;un peopleQui appelle tous ses&hellip;<\/p>\n","protected":false},"author":1,"featured_media":0,"parent":366,"menu_order":0,"comment_status":"closed","ping_status":"closed","template":"","meta":{"footnotes":""},"class_list":["post-1323","page","type-page","status-publish","hentry"],"_links":{"self":[{"href":"https:\/\/www.sadeora.com\/sky_dome\/the-future-planet\/wp-json\/wp\/v2\/pages\/1323","targetHints":{"allow":["GET"]}}],"collection":[{"href":"https:\/\/www.sadeora.com\/sky_dome\/the-future-planet\/wp-json\/wp\/v2\/pages"}],"about":[{"href":"https:\/\/www.sadeora.com\/sky_dome\/the-future-planet\/wp-json\/wp\/v2\/types\/page"}],"author":[{"embeddable":true,"href":"https:\/\/www.sadeora.com\/sky_dome\/the-future-planet\/wp-json\/wp\/v2\/users\/1"}],"replies":[{"embeddable":true,"href":"https:\/\/www.sadeora.com\/sky_dome\/the-future-planet\/wp-json\/wp\/v2\/comments?post=1323"}],"version-history":[{"count":0,"href":"https:\/\/www.sadeora.com\/sky_dome\/the-future-planet\/wp-json\/wp\/v2\/pages\/1323\/revisions"}],"up":[{"embeddable":true,"href":"https:\/\/www.sadeora.com\/sky_dome\/the-future-planet\/wp-json\/wp\/v2\/pages\/366"}],"wp:attachment":[{"href":"https:\/\/www.sadeora.com\/sky_dome\/the-future-planet\/wp-json\/wp\/v2\/media?parent=1323"}],"curies":[{"name":"wp","href":"https:\/\/api.w.org\/{rel}","templated":true}]}}