{"id":1311,"date":"2021-06-06T01:51:18","date_gmt":"2021-06-06T06:51:18","guid":{"rendered":"https:\/\/www.sadeora.com\/sky_dome\/the-future-planet\/?page_id=1311"},"modified":"2024-09-01T23:16:04","modified_gmt":"2024-09-02T04:16:04","slug":"jersey","status":"publish","type":"page","link":"https:\/\/www.sadeora.com\/sky_dome\/the-future-planet\/felicitation-centers\/jersey\/","title":{"rendered":"Jersey"},"content":{"rendered":"\n<p><\/p>\n\n\n\n<figure class=\"wp-block-audio\"><audio controls src=\"https:\/\/www.sadeora.com\/sky_dome\/the-future-planet\/wp-content\/uploads\/2024\/09\/United_States_Navy_Band_-_God_Save_the_Queen-4.oga\"><\/audio><\/figure>\n\n\n\n<p><\/p>\n\n\n\n<figure class=\"wp-block-table\"><table class=\"has-fixed-layout\"><tbody><tr><th>English original<sup><a href=\"https:\/\/en.wikipedia.org\/wiki\/Island_Home_(anthem)#cite_note-gov.je-10\">[10]<\/a><\/sup><\/th><th><a href=\"https:\/\/en.wikipedia.org\/wiki\/J%C3%A8rriais\">J\u00e8rriais<\/a>&nbsp;version<sup><a href=\"https:\/\/en.wikipedia.org\/wiki\/Island_Home_(anthem)#cite_note-gov.je-10\">[10]<\/a><\/sup><\/th><\/tr><tr><td>Ours is an Island home<br>Firm on rock and strong by sea<br>Loyal and proud in history,<br>Our thankful hearts are<br>Raised to God for Jersey.<br><br>The beauty of our land<br>Long inspires both eye and mind.<br>Ours the privilege to guard its shore<br>So help we God that<br>Jersey might by grace endure.<\/td><td>Nouot&#8217; \u00cele est nouotre siez nous<br>Firme sus l&#8217;rot chi forte par m\u00e9<br>Louoyale histouaithe et orgilleuse<br>tchoeurs \u00e8r conna\u00ees sants l&#8217;v\u00e9es<br>\u00e0 Dgi pouor J\u00e8rri<br><br>La bieaut\u00e9 d&#8217;nouotre pays<br>\u00censpithe yi et l\u00e9 esprit<br>Nouot&#8217;re privil\u00e8dge l\u00e9 soin san bord<br>Qu\u00e9 Dgieu nouos&#8217; A\u00eegue qu\u00e9<br>J\u00e8rri peut par gr\u00e2ce tcheindre bouon<\/td><\/tr><\/tbody><\/table><\/figure>\n","protected":false},"excerpt":{"rendered":"<p>English original[10] J\u00e8rriais&nbsp;version[10] Ours is an Island homeFirm on rock and strong by seaLoyal and proud in history,Our thankful hearts areRaised to God for Jersey. The beauty of our landLong inspires both eye and mind.Ours the privilege to guard its shoreSo help we God thatJersey might by grace endure. Nouot&#8217; \u00cele est nouotre siez nousFirme&hellip;<\/p>\n","protected":false},"author":1,"featured_media":0,"parent":366,"menu_order":0,"comment_status":"closed","ping_status":"closed","template":"","meta":{"footnotes":""},"class_list":["post-1311","page","type-page","status-publish","hentry"],"_links":{"self":[{"href":"https:\/\/www.sadeora.com\/sky_dome\/the-future-planet\/wp-json\/wp\/v2\/pages\/1311","targetHints":{"allow":["GET"]}}],"collection":[{"href":"https:\/\/www.sadeora.com\/sky_dome\/the-future-planet\/wp-json\/wp\/v2\/pages"}],"about":[{"href":"https:\/\/www.sadeora.com\/sky_dome\/the-future-planet\/wp-json\/wp\/v2\/types\/page"}],"author":[{"embeddable":true,"href":"https:\/\/www.sadeora.com\/sky_dome\/the-future-planet\/wp-json\/wp\/v2\/users\/1"}],"replies":[{"embeddable":true,"href":"https:\/\/www.sadeora.com\/sky_dome\/the-future-planet\/wp-json\/wp\/v2\/comments?post=1311"}],"version-history":[{"count":0,"href":"https:\/\/www.sadeora.com\/sky_dome\/the-future-planet\/wp-json\/wp\/v2\/pages\/1311\/revisions"}],"up":[{"embeddable":true,"href":"https:\/\/www.sadeora.com\/sky_dome\/the-future-planet\/wp-json\/wp\/v2\/pages\/366"}],"wp:attachment":[{"href":"https:\/\/www.sadeora.com\/sky_dome\/the-future-planet\/wp-json\/wp\/v2\/media?parent=1311"}],"curies":[{"name":"wp","href":"https:\/\/api.w.org\/{rel}","templated":true}]}}