{"id":1309,"date":"2021-06-06T01:49:50","date_gmt":"2021-06-06T06:49:50","guid":{"rendered":"https:\/\/www.sadeora.com\/sky_dome\/the-future-planet\/?page_id=1309"},"modified":"2024-09-01T23:18:52","modified_gmt":"2024-09-02T04:18:52","slug":"jordan","status":"publish","type":"page","link":"https:\/\/www.sadeora.com\/sky_dome\/the-future-planet\/felicitation-centers\/jordan\/","title":{"rendered":"Jordan"},"content":{"rendered":"\n<p><\/p>\n\n\n\n<figure class=\"wp-block-audio\"><audio controls src=\"https:\/\/www.sadeora.com\/sky_dome\/the-future-planet\/wp-content\/uploads\/2024\/09\/National_anthem_of_Jordan_instrumental.ogg\"><\/audio><\/figure>\n\n\n\n<p><\/p>\n\n\n\n<figure class=\"wp-block-table\"><table class=\"has-fixed-layout\"><tbody><tr><th><a href=\"https:\/\/en.wikipedia.org\/wiki\/Arabic\">Arabic<\/a>&nbsp;original<sup><a href=\"https:\/\/en.wikipedia.org\/wiki\/The_Royal_Anthem_of_the_Hashemite_Kingdom_of_Jordan#cite_note-5\">[4]<\/a><\/sup><sup><a href=\"https:\/\/en.wikipedia.org\/wiki\/The_Royal_Anthem_of_the_Hashemite_Kingdom_of_Jordan#cite_note-6\">[5]<\/a><\/sup><\/th><th><a href=\"https:\/\/en.wikipedia.org\/wiki\/Romanization_of_Arabic\">Romanization<\/a><\/th><th><a href=\"https:\/\/en.wikipedia.org\/wiki\/International_Phonetic_Alphabet\">IPA<\/a>&nbsp;transcription<sup><a href=\"https:\/\/en.wikipedia.org\/wiki\/The_Royal_Anthem_of_the_Hashemite_Kingdom_of_Jordan#cite_note-7\">[b]<\/a><\/sup><\/th><th>English translation<sup><a href=\"https:\/\/en.wikipedia.org\/wiki\/The_Royal_Anthem_of_the_Hashemite_Kingdom_of_Jordan#cite_note-8\">[6]<\/a><\/sup><\/th><\/tr><tr><td><strong>\u0661<\/strong><br>\ud834\udd07 \u0639\u0627\u0634 \u0627\u0644\u0645\u0644\u064a\u0643 \ud834\udd06<br>\u0633\u0627\u0645\u064a\u0627 \u0645\u0642\u0627\u0645\u0647<br>\u062e\u0627\u0641\u0642\u0627\u062a \u0641\u064a \u0627\u0644\u0645\u0639\u0627\u0644\u064a \u0623\u0639\u0644\u0627\u0645\u0647<br><br><strong>\u0662<\/strong><br>\u0646\u062d\u0646 \u0623\u062d\u0631\u0632\u0646\u0627 \u0627\u0644\u0645\u0646\u0649<br>\u064a\u0648\u0645 \u0623\u062d\u064a\u064a\u062a \u0644\u0646\u0627<br>\u0646\u0647\u0636\u0629 \u062a\u062d\u0641\u0632\u0646\u0627<br>\u062a\u062a\u0633\u0627\u0645\u0649 \u0641\u0648\u0642 \u0647\u0627\u0645 \u0627\u0644\u0634\u0647\u0628<br><br><strong>\u062c\u0648\u0642\u0629:<\/strong><br>\u064a\u0627 \u0645\u0644\u064a\u0643 \u0627\u0644\u0639\u0631\u0628<br>\u0644\u0643 \u0645\u0646 \u062e\u064a\u0631 \u0646\u0628\u064a<br>\u0634\u0631\u0641 \u0641\u064a \u0627\u0644\u0646\u0633\u0628<br>\u062d\u062f\u062b\u062a \u0639\u0646\u0647 \u0628\u0637\u0648\u0646 \u0627\u0644\u0643\u062a\u0628<br><br><strong>\u0663<\/strong><br>\u0627\u0644\u0634\u0628\u0627\u0628 \u0627\u0644\u0623\u0645\u062c\u062f<br>\u062c\u0646\u062f\u0643 \u0627\u0644\u0645\u062c\u0646\u062f<br>\u0639\u0632\u0645\u0647 \u0644\u0627 \u064a\u062e\u0645\u062f<br>\u0641\u064a\u0647 \u0645\u0646 \u0645\u0639\u0646\u0627\u0643 \u0631\u0645\u0632 \u0627\u0644\u062f\u0623\u0628<br><br><em><strong>\u062c\u0648\u0642\u0629<\/strong><\/em><br><br><strong>\u0664<\/strong><br>\u062f\u0645\u062a \u0646\u0648\u0631\u0627 \u0648\u0647\u062f\u0649<br>\u0641\u064a \u0627\u0644\u0628\u0631\u0627\u064a\u0627 \u0633\u064a\u062f\u0627<br>\u0647\u0627\u0646\u0626\u0627 \u0645\u0645\u062c\u062f\u0627<br>\u062a\u062d\u062a \u0623\u0639\u0644\u0627\u0645\u0643 \u0645\u062c\u062f \u0627\u0644\u0639\u0631\u0628<br><br><em><strong>\u062c\u0648\u0642\u0629<\/strong><\/em><\/td><td><strong>I<\/strong><br>\ud834\udd06 \u02bf\u0100sh al-Mal\u012bk \ud834\udd07<br>S\u0101miyan maq\u0101muhu<br>Kh\u0101fiq\u0101tin f\u012b-l-ma\u02bf\u0101l\u012b \u02bea\u02bfl\u0101muhu<br><br><strong>II<\/strong><br>Na\u1e25nu \u02bea\u1e25razn\u0101 l-mun\u0101<br>Yawma \u02bea\u1e25yayta lan\u0101<br>Nah\u1e0datan ta\u1e25fizun\u0101<br>Tatas\u0101m\u0101 fawqa h\u0101mi sh-shuhubi<br><br><strong>Jawqa:<\/strong><br>Y\u0101 mal\u012bka l-\u02bfArabi<br>Laka min khayri nab\u012b<br>Sharafun f\u012b-n-nasabi<br>\u1e24addathat \u02bfanhu bu\u1e6d\u016bnu l-kutubi<br><br><strong>III<\/strong><br>Ash-shab\u0101bu l-\u02beamjadu<br>Junduka l-mujannadu<br>\u02bfAzmuhu l\u0101 yakhmadu<br>F\u012bhi min ma\u02bfn\u0101ka ramzu d-da\u02beabi<br><br><em><strong>Jawqa<\/strong><\/em><br><br><strong>IV<\/strong><br>Dumta n\u016bran wa-hud\u0101<br>F\u012b-l-bar\u0101y\u0101 sayyid\u0101<br>H\u0101ni\u02bean mumajjad\u0101<br>Ta\u1e25ta \u02bea\u02bfl\u0101mika majdu l-\u02bfArabi<br><br><em><strong>Jawqa<\/strong><\/em><\/td><td><strong>1<\/strong><br>\ud834\udd06 [\u0295\u0251\u02d0\u0283 \u00e6l.m\u00e6.li\u02d0k] \ud834\udd07<br>[s\u00e6\u02d0.mi.j\u00e6n m\u0251.q\u0251\u02d0.mu.hu]<br>[x\u0251\u02d0.f\u026a.q\u0251\u02d0.t\u026an f\u026a\u02d0\u203fl.m\u00e6.\u0295\u00e6\u02d0.li\u02d0 \u0294\u0251\u0295.l\u00e6\u02d0.mu.hu]<br><br><strong>2<\/strong><br>[n\u0251\u0127.n\u028a \u0294\u0251\u0127.r\u0251z.n\u00e6\u02d0\u203fl.m\u028a.n\u00e6\u02d0]<br>[j\u0251w.m\u00e6 \u0294\u0251\u0127.j\u00e6j.t\u00e6 l\u00e6.n\u00e6\u02d0]<br>[n\u0251h.d\u02c1\u0251.t\u00e6n t\u0251\u0127.f\u026a.z\u028a.n\u00e6\u02d0]<br>[t\u00e6.t\u00e6.s\u00e6\u02d0.m\u00e6\u02d0 f\u0251w.q\u0251 h\u00e6\u02d0.mi\u203f\u0283.\u0283u.hu.bi]<br><br><strong>[\u0292\u0251w.q\u0251]<\/strong><br>[j\u00e6\u02d0 m\u00e6.li\u02d0k\u00e6\u203fl.\u0295\u0251.r\u0251.bi]<br>[l\u00e6.k\u00e6 m\u026an x\u0251j.ri n\u00e6.bi\u02d0]<br>[\u0283\u0251.r\u0251.f\u028an f\u026a\u02d0\u203fn.n\u00e6.s\u00e6.bi]<br>[\u0127\u0251d.d\u00e6.\u03b8\u00e6t \u0295\u0251n.hu b\u028a.t\u02c1\u028a\u02d0.n\u028a\u203fl.ku.tu.bi]<br><br><strong>3<\/strong><br>[\u00e6\u0283.\u0283\u00e6.b\u00e6\u02d0.bu\u203fl.\u0294\u00e6m.\u0292\u00e6.du]<br>[\u0292un.du.k\u00e6\u203fl.mu.\u0292\u00e6n.n\u00e6.du]<br>[\u0295\u0251z.mu.hu l\u00e6\u02d0 j\u0251x.m\u00e6.du]<br>[fi\u02d0.hi m\u026an m\u0251\u0295.n\u00e6\u02d0.k\u0251 r\u0251m.zu\u203fd.d\u00e6.\u0294\u00e6.bi]<br><br><strong>[\u0292\u0251w.q\u0251]<\/strong><br><br><strong>4<\/strong><br>[d\u028am.t\u00e6 nu\u02d0.r\u0251n w\u00e6 h\u028a.d\u00e6\u02d0]<br>[f\u026a\u02d0\u203fl.b\u0251.r\u0251\u02d0.j\u00e6\u02d0 s\u00e6j.j\u026a.d\u00e6\u02d0]<br>[h\u00e6\u02d0.ni.\u0294\u00e6n mu.m\u00e6\u0292.\u0292\u00e6.d\u00e6\u02d0]<br>[t\u0251\u0127.t\u00e6 \u0294\u0251\u0295.l\u00e6\u02d0.mi.k\u00e6 m\u00e6\u0292.du\u203fl.\u0295\u0251.r\u0251.bi]<br><br><strong>[\u0292\u0251w.q\u0251]<\/strong><\/td><td><strong>I<\/strong><br>\ud834\udd06 Long live the&nbsp;<a href=\"https:\/\/en.wikipedia.org\/wiki\/King_of_Jordan\">King<\/a>! \ud834\udd07<br>His position sublime,<br>His&nbsp;<a href=\"https:\/\/en.wikipedia.org\/wiki\/Flag_of_Jordan\">banners<\/a>&nbsp;wave in glory supreme.<br><br><strong>II<\/strong><br>Our goal we&#8217;ve attained,<br>For us the day you&#8217;ve revived,<br>A&nbsp;<a href=\"https:\/\/en.wikipedia.org\/wiki\/Arab_Revolt\">revolution<\/a>&nbsp;gives us our motivation!<br>Flying over the shoulders of the highest comets.<br><br><strong>Chorus:<\/strong><br>O king of Arabs,<br>From your best&nbsp;<a href=\"https:\/\/en.wikipedia.org\/wiki\/Muhammad\">prophet<\/a>.<br>The honour of the&nbsp;<a href=\"https:\/\/en.wikipedia.org\/wiki\/Hashemites\">dynasty<\/a>,<br>Talked about in the depths of&nbsp;<a href=\"https:\/\/en.wikipedia.org\/wiki\/Quran\">books<\/a>!<br><br><strong>III<\/strong><br>All the youthful men<br>Are your&nbsp;<a href=\"https:\/\/en.wikipedia.org\/wiki\/Jordanian_Armed_Forces\">armies<\/a><br>His determination never dies out!<br>Getting from your meaning a symbol of well-being!<sup><a href=\"https:\/\/en.wikipedia.org\/wiki\/The_Royal_Anthem_of_the_Hashemite_Kingdom_of_Jordan#cite_note-9\">[c]<\/a><\/sup><br><br><em><strong>Chorus<\/strong><\/em><br><br><strong>IV<\/strong><br>May you stay the light and the guide,<br>A master in being away of all sins and wrong-doing,<br>Living your life happily and well-respected!<br>Under your&nbsp;<a href=\"https:\/\/en.wikipedia.org\/wiki\/Flag_of_Jordan\">flag<\/a>&nbsp;rests the glory of Arabs.<br><br><em><strong>Chorus<\/strong><\/em><\/td><\/tr><\/tbody><\/table><\/figure>\n","protected":false},"excerpt":{"rendered":"<p>Arabic&nbsp;original[4][5] Romanization IPA&nbsp;transcription[b] English translation[6] \u0661\ud834\udd07 \u0639\u0627\u0634 \u0627\u0644\u0645\u0644\u064a\u0643 \ud834\udd06\u0633\u0627\u0645\u064a\u0627 \u0645\u0642\u0627\u0645\u0647\u062e\u0627\u0641\u0642\u0627\u062a \u0641\u064a \u0627\u0644\u0645\u0639\u0627\u0644\u064a \u0623\u0639\u0644\u0627\u0645\u0647 \u0662\u0646\u062d\u0646 \u0623\u062d\u0631\u0632\u0646\u0627 \u0627\u0644\u0645\u0646\u0649\u064a\u0648\u0645 \u0623\u062d\u064a\u064a\u062a \u0644\u0646\u0627\u0646\u0647\u0636\u0629 \u062a\u062d\u0641\u0632\u0646\u0627\u062a\u062a\u0633\u0627\u0645\u0649 \u0641\u0648\u0642 \u0647\u0627\u0645 \u0627\u0644\u0634\u0647\u0628 \u062c\u0648\u0642\u0629:\u064a\u0627 \u0645\u0644\u064a\u0643 \u0627\u0644\u0639\u0631\u0628\u0644\u0643 \u0645\u0646 \u062e\u064a\u0631 \u0646\u0628\u064a\u0634\u0631\u0641 \u0641\u064a \u0627\u0644\u0646\u0633\u0628\u062d\u062f\u062b\u062a \u0639\u0646\u0647 \u0628\u0637\u0648\u0646 \u0627\u0644\u0643\u062a\u0628 \u0663\u0627\u0644\u0634\u0628\u0627\u0628 \u0627\u0644\u0623\u0645\u062c\u062f\u062c\u0646\u062f\u0643 \u0627\u0644\u0645\u062c\u0646\u062f\u0639\u0632\u0645\u0647 \u0644\u0627 \u064a\u062e\u0645\u062f\u0641\u064a\u0647 \u0645\u0646 \u0645\u0639\u0646\u0627\u0643 \u0631\u0645\u0632 \u0627\u0644\u062f\u0623\u0628 \u062c\u0648\u0642\u0629 \u0664\u062f\u0645\u062a \u0646\u0648\u0631\u0627 \u0648\u0647\u062f\u0649\u0641\u064a \u0627\u0644\u0628\u0631\u0627\u064a\u0627 \u0633\u064a\u062f\u0627\u0647\u0627\u0646\u0626\u0627 \u0645\u0645\u062c\u062f\u0627\u062a\u062d\u062a \u0623\u0639\u0644\u0627\u0645\u0643 \u0645\u062c\u062f \u0627\u0644\u0639\u0631\u0628 \u062c\u0648\u0642\u0629 I\ud834\udd06 \u02bf\u0100sh&hellip;<\/p>\n","protected":false},"author":1,"featured_media":0,"parent":366,"menu_order":0,"comment_status":"closed","ping_status":"closed","template":"","meta":{"footnotes":""},"class_list":["post-1309","page","type-page","status-publish","hentry"],"_links":{"self":[{"href":"https:\/\/www.sadeora.com\/sky_dome\/the-future-planet\/wp-json\/wp\/v2\/pages\/1309","targetHints":{"allow":["GET"]}}],"collection":[{"href":"https:\/\/www.sadeora.com\/sky_dome\/the-future-planet\/wp-json\/wp\/v2\/pages"}],"about":[{"href":"https:\/\/www.sadeora.com\/sky_dome\/the-future-planet\/wp-json\/wp\/v2\/types\/page"}],"author":[{"embeddable":true,"href":"https:\/\/www.sadeora.com\/sky_dome\/the-future-planet\/wp-json\/wp\/v2\/users\/1"}],"replies":[{"embeddable":true,"href":"https:\/\/www.sadeora.com\/sky_dome\/the-future-planet\/wp-json\/wp\/v2\/comments?post=1309"}],"version-history":[{"count":0,"href":"https:\/\/www.sadeora.com\/sky_dome\/the-future-planet\/wp-json\/wp\/v2\/pages\/1309\/revisions"}],"up":[{"embeddable":true,"href":"https:\/\/www.sadeora.com\/sky_dome\/the-future-planet\/wp-json\/wp\/v2\/pages\/366"}],"wp:attachment":[{"href":"https:\/\/www.sadeora.com\/sky_dome\/the-future-planet\/wp-json\/wp\/v2\/media?parent=1309"}],"curies":[{"name":"wp","href":"https:\/\/api.w.org\/{rel}","templated":true}]}}