{"id":1303,"date":"2021-06-06T01:47:08","date_gmt":"2021-06-06T06:47:08","guid":{"rendered":"https:\/\/www.sadeora.com\/sky_dome\/the-future-planet\/?page_id=1303"},"modified":"2024-09-01T23:31:06","modified_gmt":"2024-09-02T04:31:06","slug":"kiribati","status":"publish","type":"page","link":"https:\/\/www.sadeora.com\/sky_dome\/the-future-planet\/felicitation-centers\/kiribati\/","title":{"rendered":"Kiribati"},"content":{"rendered":"\n<p><\/p>\n\n\n\n<figure class=\"wp-block-audio\"><audio controls src=\"https:\/\/www.sadeora.com\/sky_dome\/the-future-planet\/wp-content\/uploads\/2024\/09\/Kiribati_Anthem_Performed_by_US_Navy_Band.oga\"><\/audio><\/figure>\n\n\n\n<p><\/p>\n\n\n\n<figure class=\"wp-block-table\"><table class=\"has-fixed-layout\"><tbody><tr><th><a href=\"https:\/\/en.wikipedia.org\/wiki\/Gilbertese_language\">Gilbertese<\/a>&nbsp;lyrics<sup><a href=\"https:\/\/en.wikipedia.org\/wiki\/Kunan_Kiribati#cite_note-:0-1\">[1]<\/a><\/sup><sup><a href=\"https:\/\/en.wikipedia.org\/wiki\/Kunan_Kiribati#cite_note-:1-3\">[3]<\/a><\/sup><\/th><th><a href=\"https:\/\/en.wikipedia.org\/wiki\/International_Phonetic_Alphabet\">IPA<\/a>&nbsp;transcription<sup><a href=\"https:\/\/en.wikipedia.org\/wiki\/Kunan_Kiribati#cite_note-5\">[5]<\/a><\/sup><sup><a href=\"https:\/\/en.wikipedia.org\/wiki\/Kunan_Kiribati#cite_note-6\">[6]<\/a><\/sup><sup><a href=\"https:\/\/en.wikipedia.org\/wiki\/Kunan_Kiribati#cite_note-7\">[a]<\/a><\/sup><\/th><th>English lyrics<sup><a href=\"https:\/\/en.wikipedia.org\/wiki\/Kunan_Kiribati#cite_note-:1-3\">[3]<\/a><\/sup><sup><a href=\"https:\/\/en.wikipedia.org\/wiki\/Kunan_Kiribati#cite_note-8\">[7]<\/a><\/sup><sup><a href=\"https:\/\/en.wikipedia.org\/wiki\/Kunan_Kiribati#cite_note-9\">[8]<\/a><\/sup><\/th><\/tr><tr><td><strong>I<\/strong><br>Teirake kaaini Kiribati,<br>Anene ma te kakatonga,<br>Tauraoi nakon te mwioko,<br>Ma ni buokia aomata.<br>Tauaninne nte raoiroi,<br>Tangiria aomata nako.<br>Tauaninne nte raoiroi,<br>Tangiria aomata.<br><br><strong>II<\/strong><br>Reken te kabaia ma te rau,<br>Ibuakoia kaain abara,<br>Bon reken te nano ae banin,<br>Ma te i-tangitangiri naba.<br>Ma ni wakina te kabaia,<br>Ma n neboa i eta abara.<br>Ma ni wakina te kabaia,<br>Ma n neboa abara.<br><br><strong>III<\/strong><br>Ti butiko ngkoe Atuara,<br>Kawakinira ao kairira,<br>Nakon taai aika i maira,<br>Buokira ni baim ae akoi.<br>Kakabaia ara Tautaeka,<br>Ma ake a makuri iai.<br>Kakabaia ara Tautaeka,<br>Ma aomata ni bane.<\/td><td><strong>1<\/strong><br>[tei\u032f.\u027ea.ke ka\u02d0i\u032f.ni ki.\u027ei.b\u00e6.si]<br>[a.ne.ne m\u00e6 te ka.ka.to.\u014ba]<br>[tau\u032f.\u027ea.oi\u032f na.kon te m\u02e0i.o.ko]<br>[m\u00e6 ni bu.o.ki.a ao\u032f.m\u00e6.ta]<br>[tau\u032f.a.nin.ne (i)n.te \u027ea.oi\u032f.\u027eoi\u032f]<br>[ta.\u014bi.\u027ei.a ao\u032f.m\u00e6.ta na.ko]<br>[tau\u032f.a.nin.ne (i)n.te \u027ea.oi\u032f.\u027eoi\u032f]<br>[ta.\u014bi.\u027ei.a ao\u032f.m\u00e6.ta]<br><br><strong>2<\/strong><br>[\u027ee.ken te ka.bai\u032f.a m\u00e6 te \u027eau\u032f]<br>[i.bu.a.koi\u032f.a ka\u02d0.in a.b\u00e6.\u027ea]<br>[bon \u027ee.ken te n\u00e6.no ae\u032f ba.nin]<br>[m\u00e6 te\u203fi\u032f.ta.\u014bi.ta.\u014bi.\u027ei na.b\u00e6]<br>[m\u00e6 ni \u03b2\u02e0a.ki.na te ka.bai\u032f.a]<br>[m\u00e6\u203fn ne.bo.a\u203fi\u032f e.ta a.b\u00e6.\u027ea]<br>[m\u00e6 ni \u03b2\u02e0a.ki.na te ka.bai\u032f.a]<br>[m\u00e6\u203fn ne.bo.a a.b\u00e6.\u027ea]<br><br><strong>3<\/strong><br>[si bu.si.ko\u203f\u014bkoe\u032f a.tu.a.\u027ea]<br>[ka.\u03b2\u02e0a.ki.ni.\u027ea a.o kai\u032f.\u027ei.\u027ea]<br>[na.kon ta\u02d0i\u032f ai\u032f.ka i ma.i.\u027ea]<br>[bu.o.ki.\u027ea ni b\u00e6i\u032fm ae\u032f a.koi\u032f]<br>[ka.ka.bai\u032f.a a.\u027ea tau\u032f.tae\u032f.ka]<br>[m\u00e6 a.ke a ma.ku.\u027ei i.ai\u032f]<br>[ka.ka.bai\u032f.a a.\u027ea tau\u032f.tae\u032f.ka]<br>[m\u00e6 ao\u032f.m\u00e6.ta ni b\u00e6.ne]<\/td><td><strong>I<\/strong><br>Stand up, people of Kiribati!<br>Sing with jubilation!<br>Prepare to accept responsibility<br>And to help each other!<br>Be steadfastly righteous!<br>Love all our people!<br>Be steadfastly righteous!<br>Love all our people!<br><br><strong>II<\/strong><br>The attainment of contentment<br>And peace by our people<br>Will be achieved<br>When all our hearts beat as one,<br>Love two another!<br>Promote happiness and unity!<br>Love one another!<br>Promote happiness and unity!<br><br><strong>III<\/strong><br>We beseech You, O God,<br>To protect and lead us<br>In the days to come.<br>Help us with Your loving hand.<br>Bless our Government<br>And all our people!<br>Bless our Government<br>And all our people!<\/td><\/tr><\/tbody><\/table><\/figure>\n\n\n\n<p><\/p>\n","protected":false},"excerpt":{"rendered":"<p>Gilbertese&nbsp;lyrics[1][3] IPA&nbsp;transcription[5][6][a] English lyrics[3][7][8] ITeirake kaaini Kiribati,Anene ma te kakatonga,Tauraoi nakon te mwioko,Ma ni buokia aomata.Tauaninne nte raoiroi,Tangiria aomata nako.Tauaninne nte raoiroi,Tangiria aomata. IIReken te kabaia ma te rau,Ibuakoia kaain abara,Bon reken te nano ae banin,Ma te i-tangitangiri naba.Ma ni wakina te kabaia,Ma n neboa i eta abara.Ma ni wakina te kabaia,Ma n neboa abara.&hellip;<\/p>\n","protected":false},"author":1,"featured_media":0,"parent":366,"menu_order":0,"comment_status":"closed","ping_status":"closed","template":"","meta":{"footnotes":""},"class_list":["post-1303","page","type-page","status-publish","hentry"],"_links":{"self":[{"href":"https:\/\/www.sadeora.com\/sky_dome\/the-future-planet\/wp-json\/wp\/v2\/pages\/1303","targetHints":{"allow":["GET"]}}],"collection":[{"href":"https:\/\/www.sadeora.com\/sky_dome\/the-future-planet\/wp-json\/wp\/v2\/pages"}],"about":[{"href":"https:\/\/www.sadeora.com\/sky_dome\/the-future-planet\/wp-json\/wp\/v2\/types\/page"}],"author":[{"embeddable":true,"href":"https:\/\/www.sadeora.com\/sky_dome\/the-future-planet\/wp-json\/wp\/v2\/users\/1"}],"replies":[{"embeddable":true,"href":"https:\/\/www.sadeora.com\/sky_dome\/the-future-planet\/wp-json\/wp\/v2\/comments?post=1303"}],"version-history":[{"count":0,"href":"https:\/\/www.sadeora.com\/sky_dome\/the-future-planet\/wp-json\/wp\/v2\/pages\/1303\/revisions"}],"up":[{"embeddable":true,"href":"https:\/\/www.sadeora.com\/sky_dome\/the-future-planet\/wp-json\/wp\/v2\/pages\/366"}],"wp:attachment":[{"href":"https:\/\/www.sadeora.com\/sky_dome\/the-future-planet\/wp-json\/wp\/v2\/media?parent=1303"}],"curies":[{"name":"wp","href":"https:\/\/api.w.org\/{rel}","templated":true}]}}