{"id":1296,"date":"2021-06-06T01:42:42","date_gmt":"2021-06-06T06:42:42","guid":{"rendered":"https:\/\/www.sadeora.com\/sky_dome\/the-future-planet\/?page_id=1296"},"modified":"2024-09-01T23:42:13","modified_gmt":"2024-09-02T04:42:13","slug":"kosovo","status":"publish","type":"page","link":"https:\/\/www.sadeora.com\/sky_dome\/the-future-planet\/felicitation-centers\/kosovo\/","title":{"rendered":"Kosovo"},"content":{"rendered":"\n<p><\/p>\n\n\n\n<figure class=\"wp-block-audio\"><audio controls src=\"https:\/\/www.sadeora.com\/sky_dome\/the-future-planet\/wp-content\/uploads\/2024\/09\/National_Anthem_of_the_Republic_of_Kosovo.ogg\"><\/audio><\/figure>\n\n\n\n<p><\/p>\n\n\n\n<figure class=\"wp-block-table\"><table class=\"has-fixed-layout\"><tbody><tr><th rowspan=\"2\">Albanian (<a href=\"https:\/\/en.wikipedia.org\/wiki\/Gheg_Albanian\">Gheg Albanian<\/a>)<sup><a href=\"https:\/\/en.wikipedia.org\/wiki\/Anthem_of_the_Republic_of_Kosovo#cite_note-11\">[11]<\/a><\/sup><sup><a href=\"https:\/\/en.wikipedia.org\/wiki\/Anthem_of_the_Republic_of_Kosovo#cite_note-12\">[12]<\/a><\/sup><\/th><th rowspan=\"2\">Albanian&nbsp;<a href=\"https:\/\/en.wikipedia.org\/wiki\/International_Phonetic_Alphabet\">IPA<\/a>&nbsp;transcription<sup><a href=\"https:\/\/en.wikipedia.org\/wiki\/Anthem_of_the_Republic_of_Kosovo#cite_note-13\">[a]<\/a><\/sup><\/th><th colspan=\"2\"><a href=\"https:\/\/en.wikipedia.org\/wiki\/Serbian_language\">Serbian<\/a><\/th><th rowspan=\"2\">English translation<\/th><\/tr><tr><th><a href=\"https:\/\/en.wikipedia.org\/wiki\/Serbian_Cyrillic_alphabet\">Cyrillic<\/a><\/th><th><a href=\"https:\/\/en.wikipedia.org\/wiki\/Gaj%27s_Latin_alphabet\">Latin<\/a><\/th><\/tr><tr><td>O m\u00ebm\u00ebdhe i dashur, vend i trimnis\u00eb<br>\u00c7erdhe e dashuris\u00eb<br>N`ty shqipet fluturojn\u00eb dhe yjet ndri\u00e7ojn\u00eb<br>Vend i t\u00eb par\u00ebve ton\u00eb<br><br>Ti qofsh bekue p\u00ebr jet\u00eb e mot<br>O n\u00ebn\u00eb e jon\u00eb<br>Ne t\u00eb dalim Zot<br><br>O m\u00ebm\u00ebdhe i dashur, vend i trimnis\u00eb<br>\u00c7erdhe e dashuris\u00eb<\/td><td>[\u0254 m\u0259.m\u0259.\u00f0\u025b i da.\u0283u\u027e v\u025bnd i t\u027eim.nis(\u0259)]<br>[t\u0361\u0283\u025b\u027e.\u00f0\u025b\u203f\u025b da.\u0283u.\u027eis(\u0259)]<br>[nty \u0283ci.p\u025bt flu.tu.\u027e\u0254jn \u00f0\u025b y.j\u025bt nd\u027ei.t\u0361\u0283\u0254jn(\u0259)]<br>[v\u025bnd i\u203ft pa\u027e.v\u025b t\u0254n]<br><br>[ti c\u0254f\u0292\u203fb\u025b.ku.\u025b p\u0259\u027e j\u025bt \u025b m\u0254t]<br>[\u0254 n\u0259n \u025b j\u0254n]<br>[n\u025b t\u0259 da.lim z\u0254t]<br><br>[\u0254 m\u0259.m\u0259.\u00f0\u025b i da.\u0283u\u027e v\u025bnd i t\u027eim.nis(\u0259)]<br>[t\u0361\u0283\u025b\u027e.\u00f0\u025b\u203f\u025b da.\u0283u.\u027eis]<\/td><td>\u041e, \u043c\u0438\u043b\u0430 \u0434\u043e\u043c\u043e\u0432\u0438\u043d\u043e, \u0437\u0435\u043c\u0459\u043e \u0445\u0440\u0430\u0431\u0440\u043e\u0441\u0442\u0438<br>\u0413\u043d\u0435\u0437\u0434\u043e \u0459\u0443\u0431\u0430\u0432\u0438<br>\u041e\u043a\u043e \u0442\u0435\u0431\u0435 \u043e\u0440\u043b\u043e\u0432\u0438 \u043b\u0435\u0442\u0435 \u0438 \u0437\u0432\u0435\u0437\u0434\u0435 \u0441\u0438\u0458\u0430\u0458\u0443<br>\u0417\u0435\u043c\u0459\u043e \u043d\u0430\u0448\u0438\u0445 \u043f\u0440\u0435\u0434\u0430\u043a\u0430<br><br>\u0411\u0443\u0434\u0438 \u0431\u043b\u0430\u0433\u043e\u0441\u043b\u043e\u0432\u0435\u043d\u0430 \u0437\u0430 \u0436\u0438\u0432\u043e\u0442 \u0438 \u0433\u043e\u0434\u0438\u043d\u0435<br>\u041e, \u043d\u0430\u0448\u0430 \u043c\u0430\u0458\u043a\u043e<br>\u041c\u0438 \u045b\u0435\u043c\u043e \u0442\u0435 \u0437\u0430\u0448\u0442\u0438\u0442\u0438<br><br>\u041e, \u043c\u0438\u043b\u0430 \u0434\u043e\u043c\u043e\u0432\u0438\u043d\u043e, \u0437\u0435\u043c\u0459\u043e \u0445\u0440\u0430\u0431\u0440\u043e\u0441\u0442\u0438<br>\u0413\u043d\u0435\u0437\u0434\u043e \u0459\u0443\u0431\u0430\u0432\u0438<\/td><td>O, mila domovino, zemljo hrabrosti<br>Gnezdo ljubavi<br>Oko tebe orlovi lete i zvezde sijaju<br>Zemljo na\u0161ih predaka<br><br>Budi blagoslovena za \u017eivot i godine<br>O, na\u0161a majko<br>Mi \u0107emo te za\u0161titi<br><br>O, mila domovino, zemljo hrabrosti<br>Gnezdo ljubavi<\/td><td>O beloved motherland, land of bravery<br>Nest of love<br>Over thee eagles fly and stars shine<br>Land of our ancestors<br><br>Be blessed for life and years<br>O our mother<br>We shall protect thee<br><br>O beloved motherland, land of bravery<br>Nest of love<\/td><\/tr><\/tbody><\/table><\/figure>\n","protected":false},"excerpt":{"rendered":"<p>Albanian (Gheg Albanian)[11][12] Albanian&nbsp;IPA&nbsp;transcription[a] Serbian English translation Cyrillic Latin O m\u00ebm\u00ebdhe i dashur, vend i trimnis\u00eb\u00c7erdhe e dashuris\u00ebN`ty shqipet fluturojn\u00eb dhe yjet ndri\u00e7ojn\u00ebVend i t\u00eb par\u00ebve ton\u00eb Ti qofsh bekue p\u00ebr jet\u00eb e motO n\u00ebn\u00eb e jon\u00ebNe t\u00eb dalim Zot O m\u00ebm\u00ebdhe i dashur, vend i trimnis\u00eb\u00c7erdhe e dashuris\u00eb [\u0254 m\u0259.m\u0259.\u00f0\u025b i da.\u0283u\u027e v\u025bnd i&hellip;<\/p>\n","protected":false},"author":1,"featured_media":0,"parent":366,"menu_order":0,"comment_status":"closed","ping_status":"closed","template":"","meta":{"footnotes":""},"class_list":["post-1296","page","type-page","status-publish","hentry"],"_links":{"self":[{"href":"https:\/\/www.sadeora.com\/sky_dome\/the-future-planet\/wp-json\/wp\/v2\/pages\/1296","targetHints":{"allow":["GET"]}}],"collection":[{"href":"https:\/\/www.sadeora.com\/sky_dome\/the-future-planet\/wp-json\/wp\/v2\/pages"}],"about":[{"href":"https:\/\/www.sadeora.com\/sky_dome\/the-future-planet\/wp-json\/wp\/v2\/types\/page"}],"author":[{"embeddable":true,"href":"https:\/\/www.sadeora.com\/sky_dome\/the-future-planet\/wp-json\/wp\/v2\/users\/1"}],"replies":[{"embeddable":true,"href":"https:\/\/www.sadeora.com\/sky_dome\/the-future-planet\/wp-json\/wp\/v2\/comments?post=1296"}],"version-history":[{"count":0,"href":"https:\/\/www.sadeora.com\/sky_dome\/the-future-planet\/wp-json\/wp\/v2\/pages\/1296\/revisions"}],"up":[{"embeddable":true,"href":"https:\/\/www.sadeora.com\/sky_dome\/the-future-planet\/wp-json\/wp\/v2\/pages\/366"}],"wp:attachment":[{"href":"https:\/\/www.sadeora.com\/sky_dome\/the-future-planet\/wp-json\/wp\/v2\/media?parent=1296"}],"curies":[{"name":"wp","href":"https:\/\/api.w.org\/{rel}","templated":true}]}}