{"id":1294,"date":"2021-06-06T01:41:49","date_gmt":"2021-06-06T06:41:49","guid":{"rendered":"https:\/\/www.sadeora.com\/sky_dome\/the-future-planet\/?page_id=1294"},"modified":"2024-09-01T23:48:33","modified_gmt":"2024-09-02T04:48:33","slug":"kyrgyzstan","status":"publish","type":"page","link":"https:\/\/www.sadeora.com\/sky_dome\/the-future-planet\/felicitation-centers\/kyrgyzstan\/","title":{"rendered":"Kyrgyzstan"},"content":{"rendered":"\n<p><\/p>\n\n\n\n<figure class=\"wp-block-audio\"><audio controls src=\"https:\/\/www.sadeora.com\/sky_dome\/the-future-planet\/wp-content\/uploads\/2024\/09\/National_anthem_of_Kyrgyzstan.ogg\"><\/audio><\/figure>\n\n\n\n<p><\/p>\n\n\n\n<figure class=\"wp-block-table\"><table class=\"has-fixed-layout\"><tbody><tr><th>Kyrgyz original (<a href=\"https:\/\/en.wikipedia.org\/wiki\/Kyrgyz_alphabets\">Cyrillic script<\/a>)<sup><a href=\"https:\/\/en.wikipedia.org\/wiki\/National_Anthem_of_the_Kyrgyz_Republic#cite_note-nationalanthems.info-5\">[4]<\/a><\/sup><sup><a href=\"https:\/\/en.wikipedia.org\/wiki\/National_Anthem_of_the_Kyrgyz_Republic#cite_note-6\">[5]<\/a><\/sup><sup><a href=\"https:\/\/en.wikipedia.org\/wiki\/National_Anthem_of_the_Kyrgyz_Republic#cite_note-7\">[6]<\/a><\/sup><\/th><th><a href=\"https:\/\/en.wikipedia.org\/wiki\/Romanization_of_Kyrgyz\">Romanization of Kyrgyz<\/a><\/th><th><a href=\"https:\/\/en.wikipedia.org\/wiki\/International_Phonetic_Alphabet\">IPA<\/a>&nbsp;transcription<sup><a href=\"https:\/\/en.wikipedia.org\/wiki\/National_Anthem_of_the_Kyrgyz_Republic#cite_note-IPA-8\">[b]<\/a><\/sup><\/th><th>Singable English translation<\/th><\/tr><tr><td><strong>I<\/strong><br>\u0410\u043a \u043c\u04e9\u04a3\u0433\u04af\u043b\u04af\u04af \u0430\u0441\u043a\u0430, \u0437\u043e\u043e\u043b\u043e\u0440, \u0442\u0430\u043b\u0430\u0430\u043b\u0430\u0440,<br>\u042d\u043b\u0438\u0431\u0438\u0437\u0434\u0438\u043d \u0436\u0430\u043d\u044b \u043c\u0435\u043d\u0435\u043d \u0431\u0430\u0440\u0430\u0431\u0430\u0440.<br>\u0421\u0430\u043d\u0441\u044b\u0437 \u043a\u044b\u043b\u044b\u043c \u0410\u043b\u0430-\u0422\u043e\u043e\u0441\u0443\u043d \u043c\u0435\u043a\u0435\u043d\u0434\u0435\u043f,<br>\u0421\u0430\u043a\u0442\u0430\u043f \u043a\u0435\u043b\u0434\u0438 \u0431\u0438\u0437\u0434\u0438\u043d \u0430\u0442\u0430-\u0431\u0430\u0431\u0430\u043b\u0430\u0440.<br><br><strong>\u041a\u0430\u0439\u044b\u0440\u043c\u0430:<\/strong><br>\u0410\u043b\u0433\u0430\u043b\u0430\u0439 \u0431\u0435\u0440, \u043a\u044b\u0440\u0433\u044b\u0437 \u044d\u043b,<br>\u0410\u0437\u0430\u0442\u0442\u044b\u043a\u0442\u044b\u043d \u0436\u043e\u043b\u0443\u043d\u0434\u0430.<br>\u04e8\u0440\u043a\u04af\u043d\u0434\u04e9\u0439 \u0431\u0435\u0440, \u04e9\u0441\u04e9 \u0431\u0435\u0440,<br>\u04e8\u0437 \u0442\u0430\u0433\u0434\u044b\u0440\u044b\u04a3 \u043a\u043e\u043b\u0443\u04a3\u0434\u0430.<br><br><strong>II<\/strong><br>\u0410\u0442\u043a\u0430\u0440\u044b\u043b\u044b\u043f \u044d\u043b\u0434\u0438\u043d \u04af\u043c\u04af\u0442 \u0442\u0438\u043b\u0435\u0433\u0438,<br>\u0416\u0435\u043b\u0431\u0438\u0440\u0435\u0434\u0438 \u044d\u0440\u043a\u0438\u043d\u0434\u0438\u043a\u0442\u0438\u043d \u0436\u0435\u043b\u0435\u0433\u0438.<br>\u0411\u0438\u0437\u0433\u0435 \u0436\u0435\u0442\u043a\u0435\u043d \u0430\u0442\u0430 \u0441\u0430\u043b\u0442\u044b\u043d, \u043c\u0443\u0440\u0430\u0441\u044b\u043d,<br>\u042b\u0439\u044b\u043a \u0441\u0430\u043a\u0442\u0430\u043f \u0443\u0440\u043f\u0430\u043a\u0442\u0430\u0440\u0433\u0430 \u0431\u0435\u0440\u0435\u043b\u0438.<br><br><em><strong>\u041a\u0430\u0439\u044b\u0440\u043c\u0430<\/strong><\/em><\/td><td><strong>I<\/strong><br>Ak mongg\u00fcl\u00fc\u00fc aska zoolor, talaalar,<br>Elibizdin jany menen barabar.<br>Sansyz kylym Ala-Toosun mekendep,<br>Saktap keldi bizdin ata-babalar.<br><br><strong>Kaiyrma:<\/strong><br>Algalai ber, kyrgyz el,<br>Azattyktyn jolunda.<br>\u00d6rk\u00fcnd\u00f6i ber, \u00f6s\u00f6 ber,<br>\u00d6z tagdyryng kolungda.<br><br><strong>II<\/strong><br>Atkarylyp eldin \u00fcm\u00fct, tilegi,<br>Jelbiredi erkindiktin jelegi.<br>Bizge jetken ata saltyn, murasyn,<br>Yiyk saktap urpaktarga bereli.<br><br><em><strong>Kaiyrma<\/strong><\/em><\/td><td><strong>1<\/strong><br>[\u0251q m\u0275\u014b.g\u0289.\u02c8l\u0289\u02d0 \u0251s.\u02c8q\u0251 z\u0254\u02d0.\u02c8\u026b\u0254r t\u0251.\u026b\u0251\u02d0.\u02c8\u026b\u0251r |]<br>[e.li.biz.\u02c8din d\u0361\u0291\u0251.\u02c8n\u026f me.\u02c8nen b\u0251.r\u0251.\u02c8b\u0251r \u2016]<br>[s\u0251n.\u02c8s\u026fz q\u026f.\u02c8\u026b\u026fm \u0251.\u026b\u0251.t\u0254\u02d0.\u02c8sun me.cen.\u02c8dep |]<br>[s\u0251\u03c7.\u02c8t\u0251p cel.\u02c8di biz.\u02c8din \u0251.\u02c8t\u0251 b\u0251.b\u0251.\u02c8\u026b\u0251r \u2016]<br><br><strong>[q\u0251.j\u026fr.\u02c8m\u0251]<\/strong><br>[\u0251\u026b.\u0281\u0251.\u02c8\u026b\u0251j ber q\u026fr.\u02c8\u0281\u026fz el |]<br>[\u0251.z\u0251t.t\u026f\u03c7.\u02c8t\u026fn d\u0361\u0291\u0254.\u026bun.\u02c8d\u0251 \u2016]<br>[\u0275r.k\u0289n.\u02c8d\u0275j ber \u0275.\u02c8s\u0275 ber |]<br>[\u0275z t\u0251\u0262.d\u026f.\u02c8r\u026f\u0274 q\u0254.\u026bu\u0274.\u02c8d\u0251 \u2016]<br><br><strong>2<\/strong><br>[\u0251t.q\u0251.r\u026f.\u02c8\u026b\u026fp el.\u02c8din \u0289.\u02c8m\u0289t ti.le.\u02c8\u025fi |]<br>[d\u0361\u0291el.bi.re.\u02c8di er.cin.dic.\u02c8tin d\u0361\u0291e.le.\u02c8\u025fi \u2016]<br>[biz.\u02c8\u025fe d\u0361\u0291et.\u02c8cen \u0251.\u02c8t\u0251 s\u0251\u026b.\u02c8t\u026fn mu.r\u0251.\u02c8s\u026fn |]<br>[\u026f.\u02c8j\u026f\u03c7\u203fs\u0251\u03c7.\u02c8t\u0251p ur.p\u0251\u03c7.t\u0251r.\u02c8\u0281\u0251 be.re.\u02c8li \u2016]<br><br><strong>[q\u0251.j\u026fr.\u02c8m\u0251]<\/strong><\/td><td><strong>I<\/strong><br>Land of snowy mountains, steppes and valleys,<br>Which are equal to the souls of our folks.<br>Within your Ala-Too for aeons countless,<br>Where our fathers dwelled and protected them.<br><br><strong>Chorus:<\/strong><br>March on, oh Kyrgyz folk,<br>March towards democracy!<br>Keep prospering, off we go,<br>In your hands lies your destiny!<br><br><strong>II<\/strong><br>Our hopes, aspirations accomplished,<br>Your banner of freedom is soaring over us,<br>With our forebears&#8217; traditions we are endowed,<br>For aeons shall our culture stay holy to us.<br><br><em><strong>Chorus<\/strong><\/em><\/td><\/tr><\/tbody><\/table><\/figure>\n","protected":false},"excerpt":{"rendered":"<p>Kyrgyz original (Cyrillic script)[4][5][6] Romanization of Kyrgyz IPA&nbsp;transcription[b] Singable English translation I\u0410\u043a \u043c\u04e9\u04a3\u0433\u04af\u043b\u04af\u04af \u0430\u0441\u043a\u0430, \u0437\u043e\u043e\u043b\u043e\u0440, \u0442\u0430\u043b\u0430\u0430\u043b\u0430\u0440,\u042d\u043b\u0438\u0431\u0438\u0437\u0434\u0438\u043d \u0436\u0430\u043d\u044b \u043c\u0435\u043d\u0435\u043d \u0431\u0430\u0440\u0430\u0431\u0430\u0440.\u0421\u0430\u043d\u0441\u044b\u0437 \u043a\u044b\u043b\u044b\u043c \u0410\u043b\u0430-\u0422\u043e\u043e\u0441\u0443\u043d \u043c\u0435\u043a\u0435\u043d\u0434\u0435\u043f,\u0421\u0430\u043a\u0442\u0430\u043f \u043a\u0435\u043b\u0434\u0438 \u0431\u0438\u0437\u0434\u0438\u043d \u0430\u0442\u0430-\u0431\u0430\u0431\u0430\u043b\u0430\u0440. \u041a\u0430\u0439\u044b\u0440\u043c\u0430:\u0410\u043b\u0433\u0430\u043b\u0430\u0439 \u0431\u0435\u0440, \u043a\u044b\u0440\u0433\u044b\u0437 \u044d\u043b,\u0410\u0437\u0430\u0442\u0442\u044b\u043a\u0442\u044b\u043d \u0436\u043e\u043b\u0443\u043d\u0434\u0430.\u04e8\u0440\u043a\u04af\u043d\u0434\u04e9\u0439 \u0431\u0435\u0440, \u04e9\u0441\u04e9 \u0431\u0435\u0440,\u04e8\u0437 \u0442\u0430\u0433\u0434\u044b\u0440\u044b\u04a3 \u043a\u043e\u043b\u0443\u04a3\u0434\u0430. II\u0410\u0442\u043a\u0430\u0440\u044b\u043b\u044b\u043f \u044d\u043b\u0434\u0438\u043d \u04af\u043c\u04af\u0442 \u0442\u0438\u043b\u0435\u0433\u0438,\u0416\u0435\u043b\u0431\u0438\u0440\u0435\u0434\u0438 \u044d\u0440\u043a\u0438\u043d\u0434\u0438\u043a\u0442\u0438\u043d \u0436\u0435\u043b\u0435\u0433\u0438.\u0411\u0438\u0437\u0433\u0435 \u0436\u0435\u0442\u043a\u0435\u043d \u0430\u0442\u0430 \u0441\u0430\u043b\u0442\u044b\u043d, \u043c\u0443\u0440\u0430\u0441\u044b\u043d,\u042b\u0439\u044b\u043a \u0441\u0430\u043a\u0442\u0430\u043f \u0443\u0440\u043f\u0430\u043a\u0442\u0430\u0440\u0433\u0430 \u0431\u0435\u0440\u0435\u043b\u0438. \u041a\u0430\u0439\u044b\u0440\u043c\u0430 IAk mongg\u00fcl\u00fc\u00fc aska zoolor, talaalar,Elibizdin jany&hellip;<\/p>\n","protected":false},"author":1,"featured_media":0,"parent":366,"menu_order":0,"comment_status":"closed","ping_status":"closed","template":"","meta":{"footnotes":""},"class_list":["post-1294","page","type-page","status-publish","hentry"],"_links":{"self":[{"href":"https:\/\/www.sadeora.com\/sky_dome\/the-future-planet\/wp-json\/wp\/v2\/pages\/1294","targetHints":{"allow":["GET"]}}],"collection":[{"href":"https:\/\/www.sadeora.com\/sky_dome\/the-future-planet\/wp-json\/wp\/v2\/pages"}],"about":[{"href":"https:\/\/www.sadeora.com\/sky_dome\/the-future-planet\/wp-json\/wp\/v2\/types\/page"}],"author":[{"embeddable":true,"href":"https:\/\/www.sadeora.com\/sky_dome\/the-future-planet\/wp-json\/wp\/v2\/users\/1"}],"replies":[{"embeddable":true,"href":"https:\/\/www.sadeora.com\/sky_dome\/the-future-planet\/wp-json\/wp\/v2\/comments?post=1294"}],"version-history":[{"count":0,"href":"https:\/\/www.sadeora.com\/sky_dome\/the-future-planet\/wp-json\/wp\/v2\/pages\/1294\/revisions"}],"up":[{"embeddable":true,"href":"https:\/\/www.sadeora.com\/sky_dome\/the-future-planet\/wp-json\/wp\/v2\/pages\/366"}],"wp:attachment":[{"href":"https:\/\/www.sadeora.com\/sky_dome\/the-future-planet\/wp-json\/wp\/v2\/media?parent=1294"}],"curies":[{"name":"wp","href":"https:\/\/api.w.org\/{rel}","templated":true}]}}