{"id":1292,"date":"2021-06-06T01:41:06","date_gmt":"2021-06-06T06:41:06","guid":{"rendered":"https:\/\/www.sadeora.com\/sky_dome\/the-future-planet\/?page_id=1292"},"modified":"2024-09-01T23:52:54","modified_gmt":"2024-09-02T04:52:54","slug":"laos","status":"publish","type":"page","link":"https:\/\/www.sadeora.com\/sky_dome\/the-future-planet\/felicitation-centers\/laos\/","title":{"rendered":"Laos"},"content":{"rendered":"\n<p><\/p>\n\n\n\n<figure class=\"wp-block-audio\"><audio controls src=\"https:\/\/www.sadeora.com\/sky_dome\/the-future-planet\/wp-content\/uploads\/2024\/09\/National_Anthem_of_Laos.ogg\"><\/audio><\/figure>\n\n\n\n<p><\/p>\n\n\n\n<h3 class=\"wp-block-heading\" id=\"Current_lyrics\">Current lyrics<\/h3>\n\n\n\n<p><\/p>\n\n\n\n<figure class=\"wp-block-table\"><table class=\"has-fixed-layout\"><tbody><tr><th>Lao original<sup><a href=\"https:\/\/en.wikipedia.org\/wiki\/Pheng_Xat_Lao#cite_note-9\">[9]<\/a><\/sup><sup><a href=\"https:\/\/en.wikipedia.org\/wiki\/Pheng_Xat_Lao#cite_note-10\">[10]<\/a><\/sup><\/th><th><a href=\"https:\/\/en.wikipedia.org\/wiki\/Romanization_of_Lao\">Romanization<\/a><sup><a href=\"https:\/\/en.wikipedia.org\/wiki\/Pheng_Xat_Lao#cite_note-11\">[11]<\/a><\/sup><\/th><th><a href=\"https:\/\/en.wikipedia.org\/wiki\/International_Phonetic_Alphabet\">IPA<\/a>&nbsp;transcription<sup><a href=\"https:\/\/en.wikipedia.org\/wiki\/Pheng_Xat_Lao#cite_note-12\">[a]<\/a><\/sup><sup>[<em><a href=\"https:\/\/en.wikipedia.org\/wiki\/Wikipedia:Cleanup\">tone?<\/a><\/em>]<\/sup><\/th><th>English translation<sup>[<em><a href=\"https:\/\/en.wikipedia.org\/wiki\/Wikipedia:Citation_needed\">citation needed<\/a><\/em>]<\/sup><\/th><\/tr><tr><td>\u0e8a\u0eb2\u0e94\u0ea5\u0eb2\u0ea7\u0e95\u0eb1\u0ec9\u0e87\u0ec1\u0e95\u0ec8\u0ec3\u0e94\u0ea1\u0eb2<br>\u0ea5\u0eb2\u0ea7\u0e97\u0eb8\u0e81\u0e97\u0ebb\u0ec8\u0ea7\u0eab\u0e99\u0ec9\u0eb2\u0ec0\u0e8a\u0eb5\u0e94\u0e8a\u0eb9\u0eaa\u0eb8\u0e94\u0ec3\u0e88<br>\u0eae\u0ec8\u0ea7\u0ea1\u0ec1\u0eae\u0e87\u0eae\u0ec8\u0ea7\u0ea1\u0e88\u0eb4\u0e94\u0eae\u0ec8\u0ea7\u0ea1\u0ec3\u0e88<br>\u0eaa\u0eb2\u0ea1\u0eb1\u0e81\u0e84\u0eb5\u0e81\u0eb1\u0e99\u0ec0\u0e9b\u0eb1\u0e99\u0e81\u0eb3\u0ea5\u0eb1\u0e87\u0e94\u0ebd\u0ea7<br><br>\u0ec0\u0e94\u0eb1\u0e94\u0e94\u0ec8\u0ebd\u0ea7\u0e9e\u0ec9\u0ead\u0ea1\u0e81\u0eb1\u0e99\u0e81\u0ec9\u0eb2\u0ea7\u0eab\u0e99\u0ec9\u0eb2<br>\u0e9a\u0eb9\u0e8a\u0eb2\u0e8a\u0eb9\u0e81\u0ebd\u0e94\u0e82\u0ead\u0e87\u0ea5\u0eb2\u0ea7<br>\u0eaa\u0ebb\u0ec8\u0e87\u0ec0\u0eaa\u0eb5\u0ea1\u0ec3\u0e8a\u0ec9\u0eaa\u0eb4\u0e94\u0ec0\u0e9b\u0eb1\u0e99\u0ec0\u0e88\u0ebb\u0ec9\u0eb2<br>\u0ea5\u0eb2\u0ea7\u0e97\u0eb8\u0e81\u0e8a\u0ebb\u0e99\u0ec0\u0e9c\u0ebb\u0ec8\u0eb2\u0eaa\u0eb0\u0ec0\u0edd\u0eb5\u0e9e\u0eb2\u0e9a\u0e81\u0eb1\u0e99<br><br>\u0e9a\u0ecd\u0ec8\u0ec3\u0eab\u0ec9\u0e9e\u0ea7\u0e81\u0e88\u0eb1\u0e81\u0e81\u0eb0\u0e9e\u0eb1\u0e94<br>\u0ec1\u0ea5\u0eb0\u0e9e\u0ea7\u0e81\u0e82\u0eb2\u0e8d\u0e8a\u0eb2\u0e94\u0ec0\u0e82\u0ebb\u0ec9\u0eb2\u0ea1\u0eb2\u0ea5\u0ebb\u0e9a\u0e81\u0ea7\u0e99<br>\u0ea5\u0eb2\u0ea7\u0e97\u0eb1\u0e87\u0ea1\u0ea7\u0e99\u0e8a\u0eb9\u0ec0\u0ead\u0e81\u0eb0\u0ea5\u0eb2\u0e94<br>\u0ead\u0eb4\u0e94\u0eaa\u0eb0\u0eab\u0ea5\u0eb0\u0e9e\u0eb2\u0e9a\u0e82\u0ead\u0e87\u0e8a\u0eb2\u0e94\u0ea5\u0eb2\u0ea7\u0ec4\u0ea7\u0ec9<br><br>\u0e95\u0eb1\u0e94\u0eaa\u0eb4\u0e99\u0ec3\u0e88\u0eaa\u0eb9\u0ec9\u0e8a\u0eb5\u0e87\u0ec0\u0ead\u0ebb\u0eb2\u0ec4\u0e8a<br>\u0e9e\u0eb2\u0e8a\u0eb2\u0e94\u0e81\u0ec9\u0eb2\u0ea7\u0ec4\u0e9b\u0eaa\u0eb9\u0ec8\u0e84\u0ea7\u0eb2\u0ea1\u0ea7\u0eb1\u0e94\u0e97\u0eb0\u0e99\u0eb2<\/td><td>S\u0101t L\u0101o tangt\u01e3 daim\u0101<br>L\u0101o thuk th\u016ba n\u0101 s\u0153\u0304t s\u016b sutchai<br>H\u016bam h\u01e3ng, h\u016bam chit, h\u016bam chai,<br>samakkhi kan pen kamlang d\u012bao.<br><br>Det d\u012bao ph\u01edmkan k\u0101on\u0101,<br>b\u016bs\u0101 s\u016b k\u012bat kh\u01edng L\u0101o,<br>Songs\u0153\u0304m sai sit pen chao<br>L\u0101o thuk son phao sam\u0153\u0304; ph\u0101p kan.<br><br>B\u01ed hai ph\u016bak chakkaphat<br>l\u00e6 ph\u016bak khaj s\u0101t khao m\u0101 lopkh\u016ban,<br>L\u0101o thang m\u016ban s\u016b \u0113kal\u0101t,<br>itsalaph\u0101p kh\u01edng s\u0101t L\u0101o wai<br><br>Tatsinchai s\u016b sing ao sai<br>ph\u0101 s\u0101t k\u0101o pai s\u016b kh\u016bam watthan\u0101.<\/td><td>[sa\u02d0t\u031a la\u02d0w ta\u014b.t\u025b\u02d0 daj.ma\u02d0]<br>[la\u02d0w t\u02b0uk\u031a t\u02b0u\u02d0\u0259\u032fn na\u02d0 s\u0264\u02d0t\u031a su\u02d0 sut\u031a.t\u0361\u0255aj]<br>[hu\u02d0\u0259\u032fm h\u025b\u02d0\u014b hu\u02d0\u0259\u032fm t\u0361\u0255it\u031a hu\u02d0\u0259\u032fm t\u0361\u0255aj]<br>[sa\u02d0.mak\u031a.k\u02b0i\u02d0 kan pen kam.la\u014b di\u02d0\u0259\u032fw]<br><br>[det\u031a di\u02d0\u0259\u032fw p\u02b0\u0254\u02d0m.kan ka\u02d0w.na\u02d0]<br>[bu\u02d0.sa\u02d0 su\u02d0 ki\u02d0\u0259\u032ft\u031a k\u02b0\u0254\u02d0\u014b la\u02d0w]<br>[so\u014b.s\u0264\u02d0m saj sit\u031a pen t\u0361\u0255aw]<br>[la\u02d0w t\u02b0uk\u031a son p\u02b0aw sa.m\u0264\u02d0 p\u02b0a\u02d0p\u031a kan]<br><br>[b\u0254\u02d0 haj p\u02b0u\u02d0\u0259\u032fk\u031a t\u0361\u0255ak\u031a.ka.p\u02b0at\u031a]<br>[l\u025b p\u02b0u\u02d0\u0259\u032fk\u031a k\u02b0aj sa\u02d0t\u031a k\u02b0aw ma\u02d0 lop\u031a.k\u02b0u\u02d0\u0259\u032fn]<br>[la\u02d0w t\u02b0a\u014b mu\u02d0\u0259\u032fn su\u02d0 ek\u031a.ka.la\u02d0t\u031a]<br>[it\u031a.sa.la.p\u02b0ap\u031a k\u02b0\u0254\u02d0\u014b sa\u02d0t la\u02d0w waj]<br><br>[tat\u031a.sin.t\u0361\u0255aj su\u02d0 si\u014b aw saj]<br>[p\u02b0a\u02d0 sa\u02d0t\u031a ka\u02d0w paj su\u02d0 k\u02b0u\u02d0\u0259\u032fm wat\u031a.t\u02b0a.na\u02d0]<\/td><td>For all time, the&nbsp;<a href=\"https:\/\/en.wikipedia.org\/wiki\/List_of_ethnic_groups_in_Laos\">Lao people<\/a><br>Have glorified their&nbsp;<a href=\"https:\/\/en.wikipedia.org\/wiki\/Laos\">motherland<\/a>,<br>United in heart,<br>Spirit and vigor as one.<br><br>Resolutely moving forwards,<br>Respecting and increasing the dignity of the Lao people<br>And proclaiming the right to be their own masters.<br>The Lao people of all origins are equal<br><br>And will no longer allow imperialists<sup><a href=\"https:\/\/en.wikipedia.org\/wiki\/Pheng_Xat_Lao#cite_note-13\">[b]<\/a><\/sup><br>And traitors to harm them.<br>The entire people will safeguard the independence<br>And the freedom of the Lao nation.<br><br>They are resolved to struggle for victory<br>In order to lead the nation to prosperity.<\/td><\/tr><\/tbody><\/table><\/figure>\n\n\n\n<h3 class=\"wp-block-heading\" id=\"Original_lyrics_(1947\u20131975)\">Original lyrics (1947\u20131975)<\/h3>\n\n\n\n<p><\/p>\n\n\n\n<figure class=\"wp-block-table\"><table class=\"has-fixed-layout\"><tbody><tr><th><a href=\"https:\/\/en.wikipedia.org\/wiki\/Lao_language\">Lao<\/a>&nbsp;original<\/th><th><strong><a href=\"https:\/\/en.wikipedia.org\/wiki\/Romanization_of_Lao\">Romanization<\/a><\/strong><\/th><th>Literal English translation<\/th><th>Poetic English translation (singable)<\/th><\/tr><tr><td>\u0e8a\u0eb2\u0e95\u0ea5\u0eb2\u0ea7\u0e95\u0eb1\u0ec9\u0e87\u0ec1\u0e95\u0ec8\u0ec0\u0e94\u0eb5\u0ea1\u0ea1\u0eb2<br>\u0e82\u0eb6\u0ec9\u0e99\u0e8a\u0eb7\u0ec8\u0ea5\u0eb7\u0e8a\u0eb2\u0ea2\u0eb9\u0ec8\u0ec3\u0e99\u0ead\u0eb2\u0e8a\u0eb5<br>\u0e8a\u0eb2\u0ea7\u0ea5\u0eb2\u0ea7\u0e9c\u0eb9\u0e81\u0e9e\u0eb1\u0e99\u0ec4\u0ea1\u0e95\u0ea3\u0eb5<br>\u0eae\u0ec8\u0ea7\u0ea1\u0eaa\u0eb2\u0ea1\u0eb1\u0e84\u0e84\u0eb5\u0eae\u0eb1\u0e81\u0eab\u0ecd\u0ec8\u0ec2\u0eae\u0ea1\u0e81\u0eb1\u0e99<br><br>\u0eae\u0eb1\u0e81\u0e8a\u0eb2\u0e95\u0eae\u0eb1\u0e81\u0e9b\u0eb0\u0ec0\u0e97\u0eaa\u0ec0\u0eae\u0ebb\u0eb2<br>\u0eae\u0eb1\u0e81\u0ec0\u0e88\u0ebb\u0ec9\u0eb2\u0e9b\u0ebb\u0e81\u0ec0\u0e81\u0eaa\u0ec0\u0e81\u0eaa\u0eb2<br>\u0ec2\u0eae\u0ea1\u0eae\u0eb1\u0e81\u0eae\u0ec8\u0ea7\u0ea1\u0eaa\u0eb2\u0eaa\u0e99\u0eb2<br>\u0ec1\u0e95\u0ec8\u0e9a\u0eb9\u0eae\u0eb2\u0e99\u0ea1\u0eb2\u0eae\u0eb1\u0e81\u0eaa\u0eb2\u0e94\u0eb4\u0e99\u0ec1\u0e94\u0e99<br><br>\u0e9a\u0ecd\u0ec8\u0ec3\u0eab\u0ec9\u0e8a\u0eb2\u0e95\u0ec3\u0e94\u0ea1\u0eb2\u0ea5\u0ea7\u0e99<br>\u0eae\u0eb2\u0ea7\u0eb5\u0eae\u0ebb\u0e9a\u0e81\u0ea7\u0e99\u0e8d\u0eb2\u0e94\u0ec1\u0e8d\u0ec8\u0e87\u0e8a\u0eb5\u0e87\u0ec0\u0ead\u0ebb\u0eb2<br>\u0ec3\u0e9c\u0e82\u0eb7\u0e99\u0ec0\u0e82\u0ebb\u0ec9\u0eb2\u0ea1\u0eb2\u0ea5\u0eb9\u0ec8\u0ea7\u0eb8\u0ec8\u0e99\u0ea7\u0eb2\u0e8d<br>\u0eaa\u0eb9\u0ec9\u0e88\u0ebb\u0e99\u0e95\u0ebb\u0ea7\u0e95\u0eb2\u0e8d\u0e95\u0ec9\u0eb2\u0e99\u0e97\u0eb2\u0e99\u0eaa\u0eb1\u0e95\u0ea3\u0eb9<br><br>\u0e8a\u0ec8\u0ea7\u0e8d\u0ec0\u0e8a\u0eb5\u0e94\u0e8a\u0eb9\u0ec0\u0ea5\u0eb7\u0ead\u0e94\u0ec0\u0e99\u0eb7\u0ec9\u0ead\u0ec0\u0e8a\u0eb7\u0ec9\u0ead\u0ec0\u0e9c\u0ebb\u0ec8\u0eb2<br>\u0e9f\u0eb7\u0ec9\u0e99\u0e9f\u0eb9\u0e81\u0eb9\u0ec9\u0ec0\u0ead\u0ebb\u0eb2\u0e9a\u0eb1\u0ea3\u0ec0\u0e97\u0ebb\u0eb2\u0e97\u0eb8\u0e81\u0e82\u0ecc\u0e81\u0eb1\u0e99<\/td><td>S\u0101t L\u0101o tangt\u01e3 d\u0153\u0304mm\u0101<br>Kh\u01b0n s\u01b0 l\u01b0 s\u0101 y\u016bnai \u0101si<br>S\u0101o L\u0101o ph\u016bkphan maitri<br>H\u016bam s\u0101makkhi hak h\u014d\u031c \u014dmkan.<br><br>Haksat hak path\u0113t hao<br>Hak chao pak k\u0113t k\u0113s\u0101<br>H\u014dm hak h\u016bam s\u0101san\u0101<br>T\u01e3 b\u016bh\u0101n m\u0101 hak s\u0101 tind\u01e3n.<br><br>B\u014d\u031c hai s\u0101t dai m\u0101 lu\u0101n<br>H\u0101 vi hab ku\u0101n ny\u0101t ny\u01e3ng sing ao<br>Phai kh\u01b0n khao m\u0101 l\u016b vunv\u0101i<br>Su chan tao t\u0101i t\u0101n th\u0101n sattr\u016b.<br><br>S\u016bay s\u0153\u0304t su l\u01b0\u0304at n\u01b0\u0304a s\u01b0\u0304a phao<br>Ph\u01b0\u0304n ph\u016b k\u016b ao banthao thuk kan.<\/td><td>In the old days, our&nbsp;<a href=\"https:\/\/en.wikipedia.org\/wiki\/Lao_people\">Lao people<\/a><br>Were famous all over&nbsp;<a href=\"https:\/\/en.wikipedia.org\/wiki\/Asia\">Asia<\/a>.<br>Because the Lao<br>Were united in love.<br><br>Still today, they love their people and&nbsp;<a href=\"https:\/\/en.wikipedia.org\/wiki\/Laos\">country<\/a><br>And rally around their&nbsp;<a href=\"https:\/\/en.wikipedia.org\/wiki\/List_of_monarchs_of_Laos\">Kings<\/a>.<br>They preserve the&nbsp;<a href=\"https:\/\/en.wikipedia.org\/wiki\/Theravada_Buddhism\">religion<\/a>&nbsp;of their fathers,<br>And protect the soil of their ancestors.<br><br>They will never allow another nation to threaten them<br>Or to occupy their territory.<br>Every enemy who enters their country<br>Will find them ready to fight until death.<br><br>All together, they can restore the ancient glory of their blood,<br>and they will stand together in the&nbsp;<a href=\"https:\/\/en.wikipedia.org\/wiki\/List_of_wars_involving_Laos\">days of danger<\/a>.<\/td><td>Once our Laotian race<br>In Asia highly honored stood<br>And at that time the folk<br>Of Laos were united in love<br><br>Today they love their race<br>And rally round their chiefs<br>They guard the land and the<br>Religion of their ancestors<br><br>They will resist each foe<br>Who may oppress them or invade<br>And such invaders will<br>Be met with battle unto death<br><br>They&#8217;ll restore the fame of Laos<br>And through ills united stand.<\/td><\/tr><\/tbody><\/table><\/figure>\n","protected":false},"excerpt":{"rendered":"<p>Current lyrics Lao original[9][10] Romanization[11] IPA&nbsp;transcription[a][tone?] English translation[citation needed] \u0e8a\u0eb2\u0e94\u0ea5\u0eb2\u0ea7\u0e95\u0eb1\u0ec9\u0e87\u0ec1\u0e95\u0ec8\u0ec3\u0e94\u0ea1\u0eb2\u0ea5\u0eb2\u0ea7\u0e97\u0eb8\u0e81\u0e97\u0ebb\u0ec8\u0ea7\u0eab\u0e99\u0ec9\u0eb2\u0ec0\u0e8a\u0eb5\u0e94\u0e8a\u0eb9\u0eaa\u0eb8\u0e94\u0ec3\u0e88\u0eae\u0ec8\u0ea7\u0ea1\u0ec1\u0eae\u0e87\u0eae\u0ec8\u0ea7\u0ea1\u0e88\u0eb4\u0e94\u0eae\u0ec8\u0ea7\u0ea1\u0ec3\u0e88\u0eaa\u0eb2\u0ea1\u0eb1\u0e81\u0e84\u0eb5\u0e81\u0eb1\u0e99\u0ec0\u0e9b\u0eb1\u0e99\u0e81\u0eb3\u0ea5\u0eb1\u0e87\u0e94\u0ebd\u0ea7 \u0ec0\u0e94\u0eb1\u0e94\u0e94\u0ec8\u0ebd\u0ea7\u0e9e\u0ec9\u0ead\u0ea1\u0e81\u0eb1\u0e99\u0e81\u0ec9\u0eb2\u0ea7\u0eab\u0e99\u0ec9\u0eb2\u0e9a\u0eb9\u0e8a\u0eb2\u0e8a\u0eb9\u0e81\u0ebd\u0e94\u0e82\u0ead\u0e87\u0ea5\u0eb2\u0ea7\u0eaa\u0ebb\u0ec8\u0e87\u0ec0\u0eaa\u0eb5\u0ea1\u0ec3\u0e8a\u0ec9\u0eaa\u0eb4\u0e94\u0ec0\u0e9b\u0eb1\u0e99\u0ec0\u0e88\u0ebb\u0ec9\u0eb2\u0ea5\u0eb2\u0ea7\u0e97\u0eb8\u0e81\u0e8a\u0ebb\u0e99\u0ec0\u0e9c\u0ebb\u0ec8\u0eb2\u0eaa\u0eb0\u0ec0\u0edd\u0eb5\u0e9e\u0eb2\u0e9a\u0e81\u0eb1\u0e99 \u0e9a\u0ecd\u0ec8\u0ec3\u0eab\u0ec9\u0e9e\u0ea7\u0e81\u0e88\u0eb1\u0e81\u0e81\u0eb0\u0e9e\u0eb1\u0e94\u0ec1\u0ea5\u0eb0\u0e9e\u0ea7\u0e81\u0e82\u0eb2\u0e8d\u0e8a\u0eb2\u0e94\u0ec0\u0e82\u0ebb\u0ec9\u0eb2\u0ea1\u0eb2\u0ea5\u0ebb\u0e9a\u0e81\u0ea7\u0e99\u0ea5\u0eb2\u0ea7\u0e97\u0eb1\u0e87\u0ea1\u0ea7\u0e99\u0e8a\u0eb9\u0ec0\u0ead\u0e81\u0eb0\u0ea5\u0eb2\u0e94\u0ead\u0eb4\u0e94\u0eaa\u0eb0\u0eab\u0ea5\u0eb0\u0e9e\u0eb2\u0e9a\u0e82\u0ead\u0e87\u0e8a\u0eb2\u0e94\u0ea5\u0eb2\u0ea7\u0ec4\u0ea7\u0ec9 \u0e95\u0eb1\u0e94\u0eaa\u0eb4\u0e99\u0ec3\u0e88\u0eaa\u0eb9\u0ec9\u0e8a\u0eb5\u0e87\u0ec0\u0ead\u0ebb\u0eb2\u0ec4\u0e8a\u0e9e\u0eb2\u0e8a\u0eb2\u0e94\u0e81\u0ec9\u0eb2\u0ea7\u0ec4\u0e9b\u0eaa\u0eb9\u0ec8\u0e84\u0ea7\u0eb2\u0ea1\u0ea7\u0eb1\u0e94\u0e97\u0eb0\u0e99\u0eb2 S\u0101t L\u0101o tangt\u01e3 daim\u0101L\u0101o thuk th\u016ba n\u0101 s\u0153\u0304t s\u016b sutchaiH\u016bam h\u01e3ng, h\u016bam chit, h\u016bam chai,samakkhi kan pen kamlang d\u012bao. Det d\u012bao ph\u01edmkan k\u0101on\u0101,b\u016bs\u0101 s\u016b k\u012bat kh\u01edng L\u0101o,Songs\u0153\u0304m sai sit pen chaoL\u0101o thuk son phao sam\u0153\u0304; ph\u0101p kan. B\u01ed hai ph\u016bak chakkaphatl\u00e6 ph\u016bak&hellip;<\/p>\n","protected":false},"author":1,"featured_media":0,"parent":366,"menu_order":0,"comment_status":"closed","ping_status":"closed","template":"","meta":{"footnotes":""},"class_list":["post-1292","page","type-page","status-publish","hentry"],"_links":{"self":[{"href":"https:\/\/www.sadeora.com\/sky_dome\/the-future-planet\/wp-json\/wp\/v2\/pages\/1292","targetHints":{"allow":["GET"]}}],"collection":[{"href":"https:\/\/www.sadeora.com\/sky_dome\/the-future-planet\/wp-json\/wp\/v2\/pages"}],"about":[{"href":"https:\/\/www.sadeora.com\/sky_dome\/the-future-planet\/wp-json\/wp\/v2\/types\/page"}],"author":[{"embeddable":true,"href":"https:\/\/www.sadeora.com\/sky_dome\/the-future-planet\/wp-json\/wp\/v2\/users\/1"}],"replies":[{"embeddable":true,"href":"https:\/\/www.sadeora.com\/sky_dome\/the-future-planet\/wp-json\/wp\/v2\/comments?post=1292"}],"version-history":[{"count":0,"href":"https:\/\/www.sadeora.com\/sky_dome\/the-future-planet\/wp-json\/wp\/v2\/pages\/1292\/revisions"}],"up":[{"embeddable":true,"href":"https:\/\/www.sadeora.com\/sky_dome\/the-future-planet\/wp-json\/wp\/v2\/pages\/366"}],"wp:attachment":[{"href":"https:\/\/www.sadeora.com\/sky_dome\/the-future-planet\/wp-json\/wp\/v2\/media?parent=1292"}],"curies":[{"name":"wp","href":"https:\/\/api.w.org\/{rel}","templated":true}]}}