{"id":1288,"date":"2021-06-06T01:37:14","date_gmt":"2021-06-06T06:37:14","guid":{"rendered":"https:\/\/www.sadeora.com\/sky_dome\/the-future-planet\/?page_id=1288"},"modified":"2024-09-02T00:16:23","modified_gmt":"2024-09-02T05:16:23","slug":"lesotho","status":"publish","type":"page","link":"https:\/\/www.sadeora.com\/sky_dome\/the-future-planet\/felicitation-centers\/lesotho\/","title":{"rendered":"Lesotho"},"content":{"rendered":"\n<p><\/p>\n\n\n\n<figure class=\"wp-block-audio\"><audio controls src=\"https:\/\/www.sadeora.com\/sky_dome\/the-future-planet\/wp-content\/uploads\/2024\/09\/National_anthem_of_Lesotho_performed_by_the_U.S._Navy_Band.wav\"><\/audio><\/figure>\n\n\n\n<p><\/p>\n\n\n\n<h3 class=\"wp-block-heading\" id=\"Current_lyrics\">Current lyrics<\/h3>\n\n\n\n<p><\/p>\n\n\n\n<figure class=\"wp-block-table\"><table class=\"has-fixed-layout\"><tbody><tr><th><a href=\"https:\/\/en.wikipedia.org\/wiki\/Sesotho\">Sesotho<\/a>&nbsp;lyrics<sup><a href=\"https:\/\/en.wikipedia.org\/wiki\/Lesotho_Fatse_La_Bontata_Rona#cite_note-3\">[3]<\/a><\/sup><sup><a href=\"https:\/\/en.wikipedia.org\/wiki\/Lesotho_Fatse_La_Bontata_Rona#cite_note-4\">[4]<\/a><\/sup><\/th><th><a href=\"https:\/\/en.wikipedia.org\/wiki\/International_Phonetic_Alphabet\">IPA<\/a>&nbsp;transcription<sup><a href=\"https:\/\/en.wikipedia.org\/wiki\/Lesotho_Fatse_La_Bontata_Rona#cite_note-5\">[a]<\/a><\/sup><\/th><th>English translation<\/th><\/tr><tr><td><strong>I<\/strong><br>Lesotho fat\u0161e la bo-ntat&#8217;a rona;<br>Har&#8217;a mafat\u0161e le letle ke lona;<br>Ke moo re hlahileng,<br>Ke moo re holileng,<br>Rea le rata.<br><br><strong>II<\/strong><br>Molimo ak&#8217;u boloke Lesotho,<br>U felise lintoa le mat\u0161oenyeho;<br>Oho fat\u0161e lena;<br>La bo-ntat&#8217;a rona;<br>Le be le khotso.<\/td><td><strong>1<\/strong><br>[l\u026a.s\u028a.t\u02b0\u028a f\u0251.t\u0361s\u02b0\u026a l\u0251 b\u0254n.t\u02bc\u0251.t\u02bc\u0251 \u0280\u028a.n\u0251]<br>[h\u0251.\u0280\u0251 m\u0251.f\u0251.t\u0361s\u02b0\u026a l\u025b l\u026a.t\u0361\u026c\u02bc\u025b k\u02bc\u026a l\u0254.n\u0251]<br>[k\u02bc\u026a m\u0254 \u0280\u026a \u026c\u0251.\u0266i.l\u025b\u014b]<br>[k\u02bc\u026a m\u0254 \u0280\u026a \u0266\u028a.di.l\u025b\u014b]<br>[\u0280\u026a.\u0251 l\u026a \u0280\u0251.t\u02bc\u0251]<br><br><strong>2<\/strong><br>[m\u028a.di.m\u028a \u0251.k\u02bc\u0254 b\u028a.l\u028a.k\u02bc\u025b l\u026a.s\u028a.t\u02b0\u028a]<br>[\u028a f\u025b.di.s\u025b din.t\u02bc\u028a\u032f\u0251 l\u026a m\u0251.t\u0361s\u02b0\u028a\u032f\u025b.\u0272\u025b.\u0266\u0254]<br>[\u0254.\u0266\u0254 f\u0251.t\u0361s\u02b0\u026a l\u025b.n\u0251]<br>[l\u0251 b\u0254n.t\u02bc\u0251.t\u02bc\u0251 \u0280\u028a.n\u0251]<br>[l\u026a b\u025b l\u026a k\u02b0\u0254.t\u0361s\u02bc\u0254]<\/td><td><strong>I<\/strong><br>Lesotho, land of our Fathers,<br>Among the lands she is the most beautiful.<br>She is where we were born,<br>She is where we grew up,<br>We love her.<br><br><strong>II<\/strong><br>God, please protect Lesotho.<br>Spare it conflict and tribulation,<br>Oh, this land,<br>Land of our Fathers,<br>May it have peace.<\/td><\/tr><\/tbody><\/table><\/figure>\n\n\n\n<h3 class=\"wp-block-heading\" id=\"Original_lyrics\">Original lyrics<\/h3>\n\n\n\n<p><\/p>\n\n\n\n<figure class=\"wp-block-table\"><table class=\"has-fixed-layout\"><tbody><tr><th><a href=\"https:\/\/en.wikipedia.org\/wiki\/Sesotho\">Sesotho<\/a>&nbsp;lyrics<sup><a href=\"https:\/\/en.wikipedia.org\/wiki\/Lesotho_Fatse_La_Bontata_Rona#cite_note-6\">[5]<\/a><\/sup><\/th><th>English translation<\/th><\/tr><tr><td><strong>I<\/strong><br>Lesotho fat\u0161e la bo-ntat&#8217;a rona,<br>Har&#8217;a mafat\u0161e le letle ke lona;<br>Ke moo re hlahileng,<br>Ke moo re holileng,<br>Rea le rata,<br><br><strong>II<\/strong><br>Leha ba bang ba re le lenyenyane,<br>Ho rona le leholo, le lekane<br>Re na le masimo,<br>Re na le likhomo;<br>Ho re lekane.<br><br><strong>III<\/strong><br>&#8216;Me leha le hloka lintho tse ngata,<br>Le tse rorisoang ke tse ling lichaba,<br>Le na le lithaba,<br>Makhulo, liliba,<br>Lea rateha.<br><br><strong>IV<\/strong><br>Haholo lefat\u0161e lena la r\u014dna,<br>Le se le na le taba tsa Morena;<br>Batho b&#8217;a rapela,<br>Le mekhoa e&#8217;a fela.<br><br><strong>V<\/strong><br>M\u014dlim\u014d ak&#8217;u b\u014dl\u014dke Les\u014dth\u014d;<br>U felise lintoa le mat\u0161oenyeho;<br>Oho fat\u0161e lena;<br>La bo-ntat&#8217;a r\u014dna;<br>Le be le khotso.<\/td><td><strong>I<\/strong><br>Lesotho is the land of our ancestors<br>You are the best of the world;<br>That&#8217;s where we were born,<br>That&#8217;s where we grew up,<br>We love you,<br><br><strong>II<\/strong><br>Though some say she is small,<br>For us she is big, enough<br>We have fields,<br>We have cattle;<br>It is enough for us.<br><br><strong>III<\/strong><br>And though you need many things,<br>And praise from nations,<br>You have mountains,<br>Pastures, wells,<br>It&#8217;s lovely.<br><br><strong>IV<\/strong><br>So much for our world<br>You already have the word of the Lord;<br>People are praying,<br>And the trends are coming to an end.<br><br><strong>V<\/strong><br>God save Lesotho;<br>End wars and anxieties;<br>Oh this earth;<br>Land of our fathers;<br>Be at peace.<\/td><\/tr><\/tbody><\/table><\/figure>\n","protected":false},"excerpt":{"rendered":"<p>Current lyrics Sesotho&nbsp;lyrics[3][4] IPA&nbsp;transcription[a] English translation ILesotho fat\u0161e la bo-ntat&#8217;a rona;Har&#8217;a mafat\u0161e le letle ke lona;Ke moo re hlahileng,Ke moo re holileng,Rea le rata. IIMolimo ak&#8217;u boloke Lesotho,U felise lintoa le mat\u0161oenyeho;Oho fat\u0161e lena;La bo-ntat&#8217;a rona;Le be le khotso. 1[l\u026a.s\u028a.t\u02b0\u028a f\u0251.t\u0361s\u02b0\u026a l\u0251 b\u0254n.t\u02bc\u0251.t\u02bc\u0251 \u0280\u028a.n\u0251][h\u0251.\u0280\u0251 m\u0251.f\u0251.t\u0361s\u02b0\u026a l\u025b l\u026a.t\u0361\u026c\u02bc\u025b k\u02bc\u026a l\u0254.n\u0251][k\u02bc\u026a m\u0254 \u0280\u026a \u026c\u0251.\u0266i.l\u025b\u014b][k\u02bc\u026a m\u0254 \u0280\u026a \u0266\u028a.di.l\u025b\u014b][\u0280\u026a.\u0251&hellip;<\/p>\n","protected":false},"author":1,"featured_media":0,"parent":366,"menu_order":0,"comment_status":"closed","ping_status":"closed","template":"","meta":{"footnotes":""},"class_list":["post-1288","page","type-page","status-publish","hentry"],"_links":{"self":[{"href":"https:\/\/www.sadeora.com\/sky_dome\/the-future-planet\/wp-json\/wp\/v2\/pages\/1288","targetHints":{"allow":["GET"]}}],"collection":[{"href":"https:\/\/www.sadeora.com\/sky_dome\/the-future-planet\/wp-json\/wp\/v2\/pages"}],"about":[{"href":"https:\/\/www.sadeora.com\/sky_dome\/the-future-planet\/wp-json\/wp\/v2\/types\/page"}],"author":[{"embeddable":true,"href":"https:\/\/www.sadeora.com\/sky_dome\/the-future-planet\/wp-json\/wp\/v2\/users\/1"}],"replies":[{"embeddable":true,"href":"https:\/\/www.sadeora.com\/sky_dome\/the-future-planet\/wp-json\/wp\/v2\/comments?post=1288"}],"version-history":[{"count":0,"href":"https:\/\/www.sadeora.com\/sky_dome\/the-future-planet\/wp-json\/wp\/v2\/pages\/1288\/revisions"}],"up":[{"embeddable":true,"href":"https:\/\/www.sadeora.com\/sky_dome\/the-future-planet\/wp-json\/wp\/v2\/pages\/366"}],"wp:attachment":[{"href":"https:\/\/www.sadeora.com\/sky_dome\/the-future-planet\/wp-json\/wp\/v2\/media?parent=1288"}],"curies":[{"name":"wp","href":"https:\/\/api.w.org\/{rel}","templated":true}]}}