{"id":1274,"date":"2021-06-06T01:26:03","date_gmt":"2021-06-06T06:26:03","guid":{"rendered":"https:\/\/www.sadeora.com\/sky_dome\/the-future-planet\/?page_id=1274"},"modified":"2024-09-02T02:40:58","modified_gmt":"2024-09-02T07:40:58","slug":"maldives","status":"publish","type":"page","link":"https:\/\/www.sadeora.com\/sky_dome\/the-future-planet\/felicitation-centers\/maldives\/","title":{"rendered":"Maldives"},"content":{"rendered":"\n<p><\/p>\n\n\n\n<figure class=\"wp-block-audio\"><audio controls src=\"https:\/\/www.sadeora.com\/sky_dome\/the-future-planet\/wp-content\/uploads\/2024\/09\/Gaumii_salaam.ogg\"><\/audio><\/figure>\n\n\n\n<p><\/p>\n\n\n\n<figure class=\"wp-block-table\"><table class=\"has-fixed-layout\"><tbody><tr><th><a href=\"https:\/\/en.wikipedia.org\/wiki\/Maldivian_language\">Dhivehi<\/a>&nbsp;(<a href=\"https:\/\/en.wikipedia.org\/wiki\/Thaana\">Thaana<\/a>) original<sup><a href=\"https:\/\/en.wikipedia.org\/wiki\/Gaumee_Salaam#cite_note-6\">[6]<\/a><\/sup><\/th><th><a href=\"https:\/\/en.wikipedia.org\/wiki\/Mal%C3%A9_Latin\">Nasiri romanisation<\/a><\/th><th><a href=\"https:\/\/en.wikipedia.org\/wiki\/ISO_15919\">ISO 15919 romanisation<\/a><\/th><th><a href=\"https:\/\/en.wikipedia.org\/wiki\/International_Phonetic_Alphabet\">IPA<\/a>&nbsp;transcription<sup><a href=\"https:\/\/en.wikipedia.org\/wiki\/Gaumee_Salaam#cite_note-7\">[a]<\/a><\/sup><\/th><th>English translation<\/th><\/tr><tr><td><strong>\u0786\u07af\u0783\u07a6\u0790\u07b0<\/strong><br>\u07a4\u07a6\u0787\u07aa\u0789\u07a9 \u0789\u07a8\u0787\u07ac\u0786\u07aa\u0788\u07ac\u0783\u07a8\u0786\u07a6\u0782\u07b0 \u0789\u07a6\u078c\u07a9 \u078c\u07a8\u0784\u07ac\u078e\u07ac\u0782\u07b0 \u0786\u07aa\u0783\u07a9\u0789\u07ac \u0790\u07a6\u078d\u07a7\u0789\u07b0<br>\u07a4\u07a6\u0787\u07aa\u0789\u07a9 \u0784\u07a6\u0780\u07aa\u0782\u07b0 \u078e\u07a8\u0782\u07a6 \u0780\u07ac\u0794\u07ae \u078b\u07aa\u07a2\u07a7 \u0786\u07aa\u0783\u07a6\u0789\u07aa\u0782\u07b0 \u0786\u07aa\u0783\u07a9\u0789\u07ac \u0790\u07a6\u078d\u07a7\u0789\u07b0<br><br><strong>1<\/strong><br>\u07a4\u07a6\u0787\u07aa\u0789\u07a9 \u0782\u07a8\u079d\u07a7\u0782\u07a6\u0781\u07b0 \u0799\u07aa\u0783\u07aa\u0789\u07a6\u078c\u07a7\u0787\u07ac\u0786\u07aa \u0784\u07af\u078d\u07a6\u0782\u0784\u07a7 \u078c\u07a8\u0784\u07ac\u078e\u07ac\u0782\u07b0<br>\u0787\u07a6\u0787\u07aa\u078b\u07a7\u0782\u07a6\u0786\u07a6\u0782\u07b0 \u078d\u07a8\u0784\u07a8\u078e\u07ac\u0782\u07b0 \u0787\u07ac\u0788\u07a7 \u078b\u07a8\u078b\u07a6\u0787\u07a6\u0781\u07b0 \u0786\u07aa\u0783\u07a9\u0789\u07ac \u0790\u07a6\u078d\u07a7\u0789\u07b0<br><br><em><strong>\u0786\u07af\u0783\u07a6\u0790\u07b0<\/strong><\/em><br><br><strong>2<\/strong><br>\u0782\u07a6\u0790\u07b0\u0783\u07a7 \u0782\u07a6\u0790\u07a9\u0784\u07a7 \u0786\u07a7\u0789\u07a8\u0794\u07a7\u0784\u07aa\u078e\u07ac \u0783\u07a6\u0789\u07b0\u0792\u07a6\u0786\u07a6\u0781\u07b0 \u0780\u07a8\u0789\u07ac\u0782\u07ad<br>\u078a\u07ac\u0787\u07b0\u0790\u07a7\u0787\u07a8 \u0783\u07a6\u078c\u07a7\u0787\u07a8 \u0780\u07aa\u078b\u07a7 \u0787\u07ac\u0786\u07a9 \u078a\u07ac\u0782\u07aa\u0789\u07aa\u0782\u07b0 \u0786\u07aa\u0783\u07a9\u0789\u07ac \u0790\u07a6\u078d\u07a7\u0789\u07b0<br><br><em><strong>\u0786\u07af\u0783\u07a6\u0790\u07b0<\/strong><\/em><br><br><strong>3<\/strong><br>\u078a\u07a6\u079a\u07aa\u0783\u07a7 \u079d\u07a6\u0783\u07a6\u078a\u07aa \u07a4\u07a6\u0787\u07aa\u0789\u07a6\u0781\u07b0 \u0787\u07ac\u0780\u07af\u078b\u07a6\u0787\u07a8\u078b\u07ac\u0787\u07b0\u0788\u07a8 \u0784\u07a6\u07a0\u07a6\u078d\u07aa\u0782\u07b0\u0782\u07a6\u0781\u07b0<br>\u0792\u07a8\u0786\u07aa\u0783\u07a7\u078e\u07ac \u0789\u07a6\u078c\u07a8\u0788\u07ac\u0783\u07a8 \u0785\u07ac\u0782\u07b0\u078c\u07a6\u0786\u07aa\u0782\u07b0 \u0787\u07a6\u078b\u07aa\u078e\u07a6\u0787\u07a8 \u0786\u07aa\u0783\u07a9\u0789\u07ac \u0790\u07a6\u078d\u07a7\u0789\u07b0<br><br><em><strong>\u0786\u07af\u0783\u07a6\u0790\u07b0<\/strong><\/em><br><br><strong>4<\/strong><br>\u078b\u07a8\u0788\u07ac\u0780\u07a9\u0782\u07b0\u078e\u07ac \u0787\u07ac\u0782\u07b0\u0789\u07ac\u0782\u07b0 \u0786\u07aa\u0783\u07a8\u0787\u07a6\u0783\u07a6\u0787\u07a8 \u0790\u07a8\u078d\u07b0\u0789\u07a7 \u0790\u07a6\u078d\u07a7\u0789\u07a6\u078c\u07aa\u078e\u07a7<br>\u078b\u07a8\u0788\u07ac\u0780\u07a9\u0782\u07b0\u078e\u07ac \u0782\u07a6\u0782\u07b0 \u0789\u07ae\u0785\u07aa\u0788\u07aa\u0782\u07b0 \u0787\u07a6\u078b\u07a6\u0787\u07a8 \u078c\u07a8\u0784\u07ac\u078e\u07ac\u0782\u07b0 \u0786\u07aa\u0783\u07a9\u0789\u07ac \u0790\u07a6\u078d\u07a7\u0789\u07b0<br><br><em><strong>\u0786\u07af\u0783\u07a6\u0790\u07b0<\/strong><\/em><br><br><strong>5<\/strong><br>\u0789\u07a8\u0782\u07a8\u0788\u07a6\u0782\u07b0\u0786\u07a6\u0789\u07a7 \u0789\u07a6\u078b\u07a6\u0782\u07a8\u0787\u07b0\u0794\u07a6\u078c\u07a7 \u078d\u07a8\u0784\u07a8\u078e\u07ac\u0782\u07b0 \u0789\u07a8 \u07a2\u07a7\u078d\u07a6\u0789\u07aa\u078e\u07a7<br>\u078b\u07a8\u0782\u07a8\u078e\u07ac\u0782\u07b0 \u0780\u07a8\u078c\u07a7\u0789\u07a6\u078c\u07a6\u0786\u07aa\u0782\u07b0 \u078c\u07a8\u0784\u07aa\u0782\u07b0 \u0787\u07ac\u078b\u07a8\u078e\u07ac\u0782\u07b0 \u0786\u07aa\u0783\u07a9\u0789\u07ac \u0790\u07a6\u078d\u07a7\u0789\u07b0<br><br><em><strong>\u0786\u07af\u0783\u07a6\u0790\u07b0<\/strong><\/em><br><br><strong>6<\/strong><br>\u078b\u07a9\u0782\u07a7\u0787\u07a8 \u0788\u07ac\u0783\u07a8\u0782\u07b0\u0782\u07a6\u0781\u07b0 \u0780\u07ac\u0794\u07ae\u0780\u07a8\u078c\u07aa\u0782\u07b0 \u0780\u07aa\u0783\u07aa\u0789\u07a6\u078c\u07b0 \u0787\u07a6\u078b\u07a7\u0786\u07aa\u0783\u07a6\u0789\u07aa\u0782\u07b0<br>\u0790\u07a9\u078b\u07a7 \u0788\u07a6\u078a\u07a7\u078c\u07ac\u0783\u07a8\u0786\u07a6\u0782\u07b0\u0789\u07a6\u078c\u07a9 \u078c\u07a8\u0784\u07ac\u078e\u07ac\u0782\u07b0 \u0786\u07aa\u0783\u07a9\u0789\u07ac \u0790\u07a6\u078d\u07a7\u0789\u07b0<br><br><em><strong>\u0786\u07af\u0783\u07a6\u0790\u07b0<\/strong><\/em><br><br><strong>7<\/strong><br>\u078b\u07a6\u0787\u07aa\u078d\u07a6\u078c\u07aa\u078e\u07ac \u0787\u07a6\u0784\u07aa\u0783\u07a7 \u07a2\u07a8\u0787\u07b0\u0792\u07a6\u078c\u07a7 \u0789\u07a6\u078c\u07a8\u0788\u07ac\u0783\u07a8\u0788\u07ac\u078e\u07ac\u0782\u07b0 \u0787\u07a6\u0784\u07a6\u078b\u07a6\u0781\u07b0<br>\u0787\u07a6\u0787\u07aa\u078b\u07a7\u0782\u07a6\u0788\u07aa\u0782\u07b0 \u0787\u07ac\u078b\u07a8 \u0780\u07ac\u0794\u07ae \u078b\u07aa\u07a2\u07a7 \u0786\u07aa\u0783\u07a6\u0789\u07aa\u0782\u07b0 \u0786\u07aa\u0783\u07a9\u0789\u07ac \u0790\u07a6\u078d\u07a7\u0789\u07b0<br><br><em><strong>\u0786\u07af\u0783\u07a6\u0790\u07b0<\/strong><\/em><\/td><td><strong>Chorus:<\/strong><br>Qaumee mi ekuverikan mathee thibegen kureeme salaam,<br>Qaumee bahun gina heyo dhu&#8217;aa kuramun kureeme salaam.<br><br><strong>I<\/strong><br>Qaumee nishaanah hurumathaaeku boala&#8217;nbaa thibegen,<br>Audhaanakan libigen evaa dhidha-ah kureeme salaam.<br><br><em><strong>Chorus<\/strong><\/em><br><br><strong>II<\/strong><br>Nasraa naseebaa kaamiyaabuge ramzakah himeney,<br>Fessaai rathaai hudhaa ekee fenumun kureeme salaam.<br><br><em><strong>Chorus<\/strong><\/em><br><br><strong>III<\/strong><br>Fakhuraa sharafu qaumah ehoadhaidhevvi bathalunnah,<br>Zikuraage mathiveri lhenthakun adhugai kureeme salaam.<br><br><em><strong>Chorus<\/strong><\/em><br><br><strong>IV<\/strong><br>Dhiveheenge emmen kuriarai silmaa salaamathugaa,<br>Dhiveheenge nan molhu vun adhai thibegen kureeme salaam.<br><br><em><strong>Chorus<\/strong><\/em><br><br><strong>V<\/strong><br>Minivankamaa madhaniyyathaa libigen mi&#8217; aalamugaa,<br>Dhinigen hithaamathakun thibun edhigen kureeme salaam.<br><br><em><strong>Chorus<\/strong><\/em><br><br><strong>VI<\/strong><br>Dheenaai verinnah heyo hithun hurumaiy adhaa kuramun,<br>Seedhaa vafaatherikammathee thibegen kureeme salaam.<br><br><em><strong>Chorus<\/strong><\/em><br><br><strong>VII<\/strong><br>Dhaulathuge aburaa &#8216;izzathaa mathiveri vegen abadhah,<br>Audhaanavun edhi heyo dhu&#8217;aa kuramun kureeme salaam.<br><br><em><strong>Chorus<\/strong><\/em><\/td><td><strong>K\u014dras:<\/strong><br>Qaum\u012b mi ekuverikan mat\u012b tibegen kur\u012bme sal\u0101m,<br>Qaum\u012b bahun gina heyo du\u2018\u0101 kuramun kur\u012bme sal\u0101m.<br><br><strong>I<\/strong><br>Qaum\u012b ni\u015b\u0101na\u02be \u1e25urumat\u0101\u02beeku b\u014dlam\u0306b\u0101 tibegen,<br>Aud\u0101nakan libigen ev\u0101 dida\u02bea\u02be kur\u012bme sal\u0101m.<br><br><em><strong>K\u014dras<\/strong><\/em><br><br><strong>II<\/strong><br>Nasr\u0101 nas\u012bb\u0101 k\u0101miy\u0101buge ramzaka\u02be himen\u0113,<br>Fess\u0101i rat\u0101i hud\u0101 ek\u012b fenumun kur\u012bme sal\u0101m.<br><br><em><strong>K\u014dras<\/strong><\/em><br><br><strong>III<\/strong><br>Fak\u035fhur\u0101 \u015barafu qauma\u02be eh\u014ddaidevvi bat\u0324alunna\u02be,<br>Zikur\u0101ge mativeri \u1e37entakun adugai kur\u012bme sal\u0101m.<br><br><em><strong>K\u014dras<\/strong><\/em><br><br><strong>IV<\/strong><br>Diveh\u012bnge emmen kuriarai silm\u0101 sal\u0101matug\u0101,<br>Diveh\u012bnge nan mo\u1e37uvun adai tibegen kur\u012bme sal\u0101m.<br><br><em><strong>K\u014dras<\/strong><\/em><br><br><strong>V<\/strong><br>Minivankam\u0101 madaniyyat\u0101 libigen mi \u2018\u0101lamug\u0101,<br>Dinigen hit\u0101matakun tibun edigen kur\u012bme sal\u0101m.<br><br><em><strong>K\u014dras<\/strong><\/em><br><br><strong>VI<\/strong><br>D\u012bn\u0101i verinna\u02be heyo hitun hurumat ad\u0101 kuramun,<br>S\u012bd\u0101 vaf\u0101terikan mat\u012b tibegen kur\u012bme sal\u0101m.<br><br><em><strong>K\u014dras<\/strong><\/em><br><br><strong>VII<\/strong><br>Dauletuge abur\u0101 \u2018izzat\u0101 mativeri vegen abada\u02be,<br>Aud\u0101navun edi heyo du\u2018\u0101 kuramun kur\u012bme sal\u0101m.<br><br><em><strong>K\u014dras<\/strong><\/em><\/td><td><strong>Chorus:<\/strong><br>[qau.mi\u02d0 mi\u203fe.ku.we.\u027ei.kam\u203fma.t\u032ai\u02d0 t\u032ai.be.ge\u014b ku.\u027ei\u02d0.me s\u033aa.la\u02d0m]<br>[qau.mi\u02d0 ba.hu\u014b gi.na he.jo d\u032au.\u0295a\u02d0 ku.\u027ea.mu\u014b ku.\u027ei\u02d0.me s\u033aa.la\u02d0m]<br><br><strong>1<\/strong><br>[qau.mi\u02d0 ni.\u0283a\u02d0.na\u014b \u0127u.\u027eu.ma.t\u032aa\u02d0\u203fe.ku bo\u02d0.la.\u1d50ba\u02d0 t\u032ai.be.ge\u014b]<br>[\u0294au.d\u032aa\u02d0.na.ka\u014b li.bi.ge\u014b e.\u028ba\u02d0 d\u032ai.d\u032aa.(j)ak\u203fku.\u027ei\u02d0.me s\u033aa.la\u02d0m]<br><br><em><strong>Chorus<\/strong><\/em><br><br><strong>2<\/strong><br>[nas\u033a.\u027ea\u02d0 na.s\u033ai\u02d0.ba\u02d0 ka\u02d0.mi.ja\u02d0.bu.ge \u027eam.za.ka\u014b hi.me.ne\u02d0]<br>[fes\u033a.s\u033aa\u02d0i \u027ea.ta\u02d0.i hu.d\u032aa\u02d0\u203fe.ki\u02d0 fe.nu.mu\u014b ku.\u027ei\u02d0.me s\u033aa.la\u02d0m]<br><br><em><strong>Chorus<\/strong><\/em><br><br><strong>3<\/strong><br>[fa.xu.\u027ea\u02d0 \u0283a.\u027ea.fu gau.ma\u014b e.ho\u02d0.d\u032aai d\u032ae\u028b.\u028bi ba.t\u02e4a.lun.n\u032aa\u0294]<br>[z\u033ai.ku.\u027ea\u02d0.ge ma.t\u032ai.\u028be.\u027ei \u026den\u032a.t\u032aa.ku\u014b a.d\u032au.gai ku.\u027ei\u02d0.me s\u033aa.la\u02d0m]<br><br><em><strong>Chorus<\/strong><\/em><br><br><strong>4<\/strong><br>[d\u032ai.\u028be.hi\u02d0\u014b.ge \u0294em.me\u014b ku.\u027ei\u203fa.\u027eai s\u033ail.ma\u02d0 s\u033aa.la\u02d0.ma.t\u032au.ga\u02d0]<br>[d\u032ai.\u028be.hi\u02d0\u014b.ge nam\u203fmo.\u026du.wu\u014b a.d\u032aai t\u032ai.be.ge\u014b ku.\u027ei\u02d0.me s\u033aa.la\u02d0m]<br><br><em><strong>Chorus<\/strong><\/em><br><br><strong>5<\/strong><br>[mi.ni.\u028ba\u014b.ka.ma\u02d0 ma.d\u032aa.nij.ja.t\u032aa\u02d0 li.bi.ge\u014b mi \u0295a\u02d0.la.mu.ga\u02d0]<br>[d\u032ai.ni.ge\u014b hi.t\u032aa\u02d0.ma.t\u032aa.kun\u032a t\u032ai.bu\u014b e.d\u032ai.ge\u014b ku.\u027ei\u02d0.me s\u033aa.la\u02d0m]<br><br><em><strong>Chorus<\/strong><\/em><br><br><strong>6<\/strong><br>[d\u032ai\u02d0.na\u02d0.i \u028be.\u027ei(\u02d0)n.na\u014b he.jo.hi.t\u032au\u014b hu.\u027eu.m\u00e6\u014b a.d\u032aa\u02d0 ku.\u027ea.mu\u014b]<br>[s\u033ai\u02d0.d\u032aa\u02d0 \u028ba.fa\u02d0.t\u032ae.\u027ei.kam\u203fma.t\u032ai\u02d0 t\u032ai.be.ge\u014b ku.\u027ei\u02d0.me s\u033aa.la\u02d0m]<br><br><em><strong>Chorus<\/strong><\/em><br><br><strong>7<\/strong><br>[d\u032aau.la.t\u032au.ge \u0294a.bu.\u027ea\u02d0 \u0295iz\u033a.z\u033aa.t\u032aa\u02d0 ma.t\u032ai.\u028be.\u027ei \u028be.ge\u014b a.ba.d\u032aa\u0294]<br>[\u0294au.d\u032aa\u02d0.na \u028bu\u014b e.d\u032ai he.jo d\u032au.\u0295a\u02d0 ku.\u027ea.mu\u014b ku.\u027ei\u02d0.me s\u033aa.la\u02d0m]<br><br><em><strong>Chorus<\/strong><\/em><\/td><td><strong>Chorus:<\/strong><br>We salute you, o&nbsp;<a href=\"https:\/\/en.wikipedia.org\/wiki\/Maldives\">Motherland<\/a>, in unity<br>With an abundance with well-wishes in our very own tongue<br><br><strong>I<\/strong><br>Bowing our heads to your crescent moon and star<br>With our bright colours streaming in the air, we hail our buoyant flag.<br><br><em><strong>Chorus<\/strong><\/em><br><br><strong>II<\/strong><br>Victory and good fortune be its alone<br>We salute&nbsp;<a href=\"https:\/\/en.wikipedia.org\/wiki\/Flag_of_Maldives\">the mighty red, white and green<\/a>;<br><br><em><strong>Chorus<\/strong><\/em><br><br><strong>III<\/strong><br>To those heroes who sought out honour and pride for the nation<br>We give salute today in auspicious verses of remembrance.<br><br><em><strong>Chorus<\/strong><\/em><br><br><strong>IV<\/strong><br>May there be fame and good wealth for Maldivian land<br>And Maldivians&#8217; name become grand<br><br><em><strong>Chorus<\/strong><\/em><br><br><strong>V<\/strong><br>We wish for their freedom and progress in this world<br>And for their freedom from sorrows, and thus we salute.<br><br><em><strong>Chorus<\/strong><\/em><br><br><strong>VI<\/strong><br>With full respect and heartfelt blessing towards&nbsp;<a href=\"https:\/\/en.wikipedia.org\/wiki\/Islam\">religion<\/a>&nbsp;and&nbsp;<a href=\"https:\/\/en.wikipedia.org\/wiki\/President_of_the_Maldives\">our leaders<\/a>,<br>We salute you in uprightness and truth.<br><br><em><strong>Chorus<\/strong><\/em><br><br><strong>VII<\/strong><br>May the State ever have auspicious honour and respect.<br>With good wishes for your continuing might, we salute you.<br><br><em><strong>Chorus<\/strong><\/em><\/td><\/tr><\/tbody><\/table><\/figure>\n","protected":false},"excerpt":{"rendered":"<p>Dhivehi&nbsp;(Thaana) original[6] Nasiri romanisation ISO 15919 romanisation IPA&nbsp;transcription[a] English translation \u0786\u07af\u0783\u07a6\u0790\u07b0\u07a4\u07a6\u0787\u07aa\u0789\u07a9 \u0789\u07a8\u0787\u07ac\u0786\u07aa\u0788\u07ac\u0783\u07a8\u0786\u07a6\u0782\u07b0 \u0789\u07a6\u078c\u07a9 \u078c\u07a8\u0784\u07ac\u078e\u07ac\u0782\u07b0 \u0786\u07aa\u0783\u07a9\u0789\u07ac \u0790\u07a6\u078d\u07a7\u0789\u07b0\u07a4\u07a6\u0787\u07aa\u0789\u07a9 \u0784\u07a6\u0780\u07aa\u0782\u07b0 \u078e\u07a8\u0782\u07a6 \u0780\u07ac\u0794\u07ae \u078b\u07aa\u07a2\u07a7 \u0786\u07aa\u0783\u07a6\u0789\u07aa\u0782\u07b0 \u0786\u07aa\u0783\u07a9\u0789\u07ac \u0790\u07a6\u078d\u07a7\u0789\u07b0 1\u07a4\u07a6\u0787\u07aa\u0789\u07a9 \u0782\u07a8\u079d\u07a7\u0782\u07a6\u0781\u07b0 \u0799\u07aa\u0783\u07aa\u0789\u07a6\u078c\u07a7\u0787\u07ac\u0786\u07aa \u0784\u07af\u078d\u07a6\u0782\u0784\u07a7 \u078c\u07a8\u0784\u07ac\u078e\u07ac\u0782\u07b0\u0787\u07a6\u0787\u07aa\u078b\u07a7\u0782\u07a6\u0786\u07a6\u0782\u07b0 \u078d\u07a8\u0784\u07a8\u078e\u07ac\u0782\u07b0 \u0787\u07ac\u0788\u07a7 \u078b\u07a8\u078b\u07a6\u0787\u07a6\u0781\u07b0 \u0786\u07aa\u0783\u07a9\u0789\u07ac \u0790\u07a6\u078d\u07a7\u0789\u07b0 \u0786\u07af\u0783\u07a6\u0790\u07b0 2\u0782\u07a6\u0790\u07b0\u0783\u07a7 \u0782\u07a6\u0790\u07a9\u0784\u07a7 \u0786\u07a7\u0789\u07a8\u0794\u07a7\u0784\u07aa\u078e\u07ac \u0783\u07a6\u0789\u07b0\u0792\u07a6\u0786\u07a6\u0781\u07b0 \u0780\u07a8\u0789\u07ac\u0782\u07ad\u078a\u07ac\u0787\u07b0\u0790\u07a7\u0787\u07a8 \u0783\u07a6\u078c\u07a7\u0787\u07a8 \u0780\u07aa\u078b\u07a7 \u0787\u07ac\u0786\u07a9 \u078a\u07ac\u0782\u07aa\u0789\u07aa\u0782\u07b0 \u0786\u07aa\u0783\u07a9\u0789\u07ac \u0790\u07a6\u078d\u07a7\u0789\u07b0 \u0786\u07af\u0783\u07a6\u0790\u07b0 3\u078a\u07a6\u079a\u07aa\u0783\u07a7 \u079d\u07a6\u0783\u07a6\u078a\u07aa \u07a4\u07a6\u0787\u07aa\u0789\u07a6\u0781\u07b0 \u0787\u07ac\u0780\u07af\u078b\u07a6\u0787\u07a8\u078b\u07ac\u0787\u07b0\u0788\u07a8 \u0784\u07a6\u07a0\u07a6\u078d\u07aa\u0782\u07b0\u0782\u07a6\u0781\u07b0\u0792\u07a8\u0786\u07aa\u0783\u07a7\u078e\u07ac \u0789\u07a6\u078c\u07a8\u0788\u07ac\u0783\u07a8 \u0785\u07ac\u0782\u07b0\u078c\u07a6\u0786\u07aa\u0782\u07b0 \u0787\u07a6\u078b\u07aa\u078e\u07a6\u0787\u07a8 \u0786\u07aa\u0783\u07a9\u0789\u07ac&hellip;<\/p>\n","protected":false},"author":1,"featured_media":0,"parent":366,"menu_order":0,"comment_status":"closed","ping_status":"closed","template":"","meta":{"footnotes":""},"class_list":["post-1274","page","type-page","status-publish","hentry"],"_links":{"self":[{"href":"https:\/\/www.sadeora.com\/sky_dome\/the-future-planet\/wp-json\/wp\/v2\/pages\/1274","targetHints":{"allow":["GET"]}}],"collection":[{"href":"https:\/\/www.sadeora.com\/sky_dome\/the-future-planet\/wp-json\/wp\/v2\/pages"}],"about":[{"href":"https:\/\/www.sadeora.com\/sky_dome\/the-future-planet\/wp-json\/wp\/v2\/types\/page"}],"author":[{"embeddable":true,"href":"https:\/\/www.sadeora.com\/sky_dome\/the-future-planet\/wp-json\/wp\/v2\/users\/1"}],"replies":[{"embeddable":true,"href":"https:\/\/www.sadeora.com\/sky_dome\/the-future-planet\/wp-json\/wp\/v2\/comments?post=1274"}],"version-history":[{"count":0,"href":"https:\/\/www.sadeora.com\/sky_dome\/the-future-planet\/wp-json\/wp\/v2\/pages\/1274\/revisions"}],"up":[{"embeddable":true,"href":"https:\/\/www.sadeora.com\/sky_dome\/the-future-planet\/wp-json\/wp\/v2\/pages\/366"}],"wp:attachment":[{"href":"https:\/\/www.sadeora.com\/sky_dome\/the-future-planet\/wp-json\/wp\/v2\/media?parent=1274"}],"curies":[{"name":"wp","href":"https:\/\/api.w.org\/{rel}","templated":true}]}}