{"id":1262,"date":"2021-06-06T01:18:22","date_gmt":"2021-06-06T06:18:22","guid":{"rendered":"https:\/\/www.sadeora.com\/sky_dome\/the-future-planet\/?page_id=1262"},"modified":"2024-09-02T03:07:35","modified_gmt":"2024-09-02T08:07:35","slug":"mauritius","status":"publish","type":"page","link":"https:\/\/www.sadeora.com\/sky_dome\/the-future-planet\/felicitation-centers\/mauritius\/","title":{"rendered":"Mauritius"},"content":{"rendered":"\n<p><\/p>\n\n\n\n<figure class=\"wp-block-audio\"><audio controls src=\"https:\/\/www.sadeora.com\/sky_dome\/the-future-planet\/wp-content\/uploads\/2024\/09\/Motherland_instrumental.ogg\"><\/audio><\/figure>\n\n\n\n<p><\/p>\n\n\n\n<figure class=\"wp-block-table\"><table class=\"has-fixed-layout\"><tbody><tr><th>Original English lyrics<sup><a href=\"https:\/\/en.wikipedia.org\/wiki\/Motherland_(anthem)#cite_note-4\">[4]<\/a><\/sup><\/th><th><a href=\"https:\/\/en.wikipedia.org\/wiki\/French_language\">French<\/a>&nbsp;lyrics<sup><a href=\"https:\/\/en.wikipedia.org\/wiki\/Motherland_(anthem)#cite_note-5\">[5]<\/a><\/sup><sup><a href=\"https:\/\/en.wikipedia.org\/wiki\/Motherland_(anthem)#cite_note-6\">[6]<\/a><\/sup><\/th><\/tr><tr><td>Glory to thee,&nbsp;<a href=\"https:\/\/en.wikipedia.org\/wiki\/Mauritius\">Motherland<\/a><br>O Motherland of mine.<br>Sweet is thy beauty,<br>Sweet is thy fragrance,<br>Around thee we gather<br>As&nbsp;<a href=\"https:\/\/en.wikipedia.org\/wiki\/Mauritians\">one people<\/a>,<br>As one nation,<br>In peace, justice and liberty.<br>Beloved Country,<br>May God bless thee<br>For ever and ever.<\/td><td>Gloire \u00e0 toi, \u00eele Maurice,<br>\u00d4 ma m\u00e8re patrie,<br>Fra\u00eeche est ta beaut\u00e9,<br>Doux est ton parfum,<br>Nous voici tous debout,<br>Comme un seul peuple,<br>Une seule nation,<br>En paix, justice et libert\u00e9,<br>Pays bien-aim\u00e9,<br>Que Dieu te b\u00e9nisse,<br>Aujourd&#8217;hui et toujours.<\/td><\/tr><\/tbody><\/table><\/figure>\n","protected":false},"excerpt":{"rendered":"<p>Original English lyrics[4] French&nbsp;lyrics[5][6] Glory to thee,&nbsp;MotherlandO Motherland of mine.Sweet is thy beauty,Sweet is thy fragrance,Around thee we gatherAs&nbsp;one people,As one nation,In peace, justice and liberty.Beloved Country,May God bless theeFor ever and ever. Gloire \u00e0 toi, \u00eele Maurice,\u00d4 ma m\u00e8re patrie,Fra\u00eeche est ta beaut\u00e9,Doux est ton parfum,Nous voici tous debout,Comme un seul peuple,Une seule nation,En&hellip;<\/p>\n","protected":false},"author":1,"featured_media":0,"parent":366,"menu_order":0,"comment_status":"closed","ping_status":"closed","template":"","meta":{"footnotes":""},"class_list":["post-1262","page","type-page","status-publish","hentry"],"_links":{"self":[{"href":"https:\/\/www.sadeora.com\/sky_dome\/the-future-planet\/wp-json\/wp\/v2\/pages\/1262","targetHints":{"allow":["GET"]}}],"collection":[{"href":"https:\/\/www.sadeora.com\/sky_dome\/the-future-planet\/wp-json\/wp\/v2\/pages"}],"about":[{"href":"https:\/\/www.sadeora.com\/sky_dome\/the-future-planet\/wp-json\/wp\/v2\/types\/page"}],"author":[{"embeddable":true,"href":"https:\/\/www.sadeora.com\/sky_dome\/the-future-planet\/wp-json\/wp\/v2\/users\/1"}],"replies":[{"embeddable":true,"href":"https:\/\/www.sadeora.com\/sky_dome\/the-future-planet\/wp-json\/wp\/v2\/comments?post=1262"}],"version-history":[{"count":0,"href":"https:\/\/www.sadeora.com\/sky_dome\/the-future-planet\/wp-json\/wp\/v2\/pages\/1262\/revisions"}],"up":[{"embeddable":true,"href":"https:\/\/www.sadeora.com\/sky_dome\/the-future-planet\/wp-json\/wp\/v2\/pages\/366"}],"wp:attachment":[{"href":"https:\/\/www.sadeora.com\/sky_dome\/the-future-planet\/wp-json\/wp\/v2\/media?parent=1262"}],"curies":[{"name":"wp","href":"https:\/\/api.w.org\/{rel}","templated":true}]}}