{"id":1252,"date":"2021-06-06T01:13:01","date_gmt":"2021-06-06T06:13:01","guid":{"rendered":"https:\/\/www.sadeora.com\/sky_dome\/the-future-planet\/?page_id=1252"},"modified":"2024-09-02T03:34:34","modified_gmt":"2024-09-02T08:34:34","slug":"montenegro","status":"publish","type":"page","link":"https:\/\/www.sadeora.com\/sky_dome\/the-future-planet\/felicitation-centers\/montenegro\/","title":{"rendered":"Montenegro"},"content":{"rendered":"\n<p><\/p>\n\n\n\n<figure class=\"wp-block-audio\"><audio controls src=\"https:\/\/www.sadeora.com\/sky_dome\/the-future-planet\/wp-content\/uploads\/2024\/09\/National_Anthem_of_Montenegro.ogg\"><\/audio><\/figure>\n\n\n\n<p><\/p>\n\n\n\n<figure class=\"wp-block-table\"><table class=\"has-fixed-layout\"><tbody><tr><th><a href=\"https:\/\/en.wikipedia.org\/wiki\/Montenegrin_Cyrillic\">Montenegrin Cyrillic<\/a>&nbsp;(sole official)<sup><a href=\"https:\/\/en.wikipedia.org\/wiki\/Oj,_svijetla_majska_zoro#cite_note-opanak-2\">[2]<\/a><\/sup><\/th><th><a href=\"https:\/\/en.wikipedia.org\/wiki\/Montenegrin_Latin\">Montenegrin Latin<\/a>&nbsp;(romanization)<\/th><th><a href=\"https:\/\/en.wikipedia.org\/wiki\/International_Phonetic_Alphabet\">IPA<\/a>&nbsp;transcription<\/th><th>Metered English translation<\/th><\/tr><tr><td>\ud834\udd06 \u041e\u0458 \u0441\u0432\u0438\u0458\u0435\u0442\u043b\u0430 \u043c\u0430\u0458\u0441\u043a\u0430 \u0437\u043e\u0440\u043e. \ud834\udd07<br>\ud834\udd06 \u041c\u0430\u0458\u043a\u043e \u043d\u0430\u0448\u0430 \u0426\u0440\u043d\u0430 \u0413\u043e\u0440\u043e. \ud834\udd07<br>\ud834\udd06 \u0421\u0438\u043d\u043e\u0432\u0438 \u0441\u043c\u043e \u0442\u0432\u043e\u0433 \u0441\u0442\u0438\u0458\u0435\u045a\u0430 \ud834\udd07<br>\ud834\udd06 \u0418 \u0447\u0443\u0432\u0430\u0440\u0438 \u0442\u0432\u043e\u0433 \u043f\u043e\u0448\u0442\u0435\u045a\u0430 \ud834\udd07<br>\u0412\u043e\u043b\u0438\u043c\u043e \u0432\u0430\u0441, \u0431\u0440\u0434\u0430 \u0442\u0432\u0440\u0434\u0430<br>\u0418 \u0441\u0442\u0440\u0430\u0432\u0438\u0447\u043d\u0435 \u0432\u0430\u0448\u0435 \u043a\u043b\u0430\u043d\u0446\u0435<br>\u041a\u043e\u0458\u0438 \u043d\u0438\u043a\u0430\u0434 \u043d\u0435 \u043f\u043e\u0437\u043d\u0430\u0448\u0435<br>\u0421\u0440\u0430\u043c\u043e\u0442\u043d\u043e\u0433\u0430 \u0440\u043e\u043f\u0441\u0442\u0432\u0430 \u043b\u0430\u043d\u0446\u0435,<br>\ud834\udd06 \u041c\u0430\u0458\u043a\u043e \u043d\u0430\u0448\u0430 \u0426\u0440\u043d\u0430 \u0413\u043e\u0440\u043e! \ud834\udd07<br><br>\ud834\udd06 \u041e\u0458 \u0441\u0432\u0438\u0458\u0435\u0442\u043b\u0430 \u043c\u0430\u0458\u0441\u043a\u0430 \u0437\u043e\u0440\u043e. \ud834\udd07<br>\ud834\udd06 \u041c\u0430\u0458\u043a\u043e \u043d\u0430\u0448\u0430 \u0426\u0440\u043d\u0430 \u0413\u043e\u0440\u043e. \ud834\udd07<br>\u0414\u043e\u043a \u043b\u043e\u0432\u045b\u0435\u043d\u0441\u043a\u043e\u0458 \u043d\u0430\u0448\u043e\u0458 \u043c\u0438\u0441\u043b\u0438<br>\u041d\u0430\u0448\u0430 \u0441\u043b\u043e\u0433\u0430 \u0434\u0430\u0458\u0435 \u043a\u0440\u0438\u043b\u0430,<br>\u0411\u0438\u045b\u0435 \u0433\u043e\u0440\u0434\u0430, \u0431\u0438\u045b\u0435 \u0441\u043b\u0430\u0432\u043d\u0430<br>\u0414\u043e\u043c\u043e\u0432\u0438\u043d\u0430 \u043d\u0430\u0448\u0430 \u043c\u0438\u043b\u0430.<br>\u0420\u0438\u0458\u0435\u043a\u0430 \u045b\u0435 \u043d\u0430\u0448\u0438\u0445 \u0432\u0430\u043b\u0430<br>\u0423\u0441\u043a\u0430\u0447\u0443\u045b\u0438 \u0443 \u0434\u0432\u0430 \u043c\u043e\u0440\u0430<br>\ud834\udd06 \u0413\u043b\u0430\u0441 \u043d\u043e\u0441\u0438\u0442\u0438 \u043e\u043a\u0435\u0430\u043d\u0443,<br>\u0414\u0430 \u0458\u0435 \u0432\u0458\u0435\u0447\u043d\u0430 \u0426\u0440\u043d\u0430 \u0413\u043e\u0440\u0430. \ud834\udd07<br>\u0414\u0430 \u0458\u0435 \u0432\u0458\u0435\u0447\u043d\u0430 \u0426\u0440\u043d\u0430 \u0413\u043e\u0440\u0430!<\/td><td>\ud834\udd06 Oj svijetla majska zoro. \ud834\udd07<br>\ud834\udd06 Majko na\u0161a Crna Goro. \ud834\udd07<br>\ud834\udd06 Sinovi smo tvog stijenja \ud834\udd07<br>\ud834\udd06 I \u010duvari tvog po\u0161tenja \ud834\udd07<br>Volimo vas, brda tvrda<br>I stravi\u010dne va\u0161e klance<br>Koji nikad ne pozna\u0161e<br>Sramotnoga ropstva lance.<br>\ud834\udd06 Majko na\u0161a Crna Goro! \ud834\udd07<br><br>\ud834\udd06 Oj svijetla majska zoro. \ud834\udd07<br>\ud834\udd06 Majko na\u0161a Crna Goro. \ud834\udd07<br>Dok lov\u0107enskoj na\u0161oj misli<br>Na\u0161a sloga daje krila,<br>Bi\u0107e gorda, bi\u0107e slavna<br>Domovina na\u0161a mila.<br>Rijeka \u0107e na\u0161ih vala<br>Uska\u010du\u0107i u dva mora<br>\ud834\udd06 Glas nositi okeanu,<br>Da je vje\u010dna Crna Gora. \ud834\udd07<br>Da je vje\u010dna Crna Gora!<\/td><td>\ud834\udd06 [\u02c8oj s\u028bj\u00ea\u02d0t\u028ea m\u00e2jska z\u01d2ro] \ud834\udd07<br>\ud834\udd06 [m\u00e2jko n\u00e2\u0283a t\u0361sr\u0329\u0302\u02d0na\u02d0 \u0261\u01d2ro] \ud834\udd07<br>\ud834\udd06 [s\u00ee\u02d0no\u028b\u00ee sm\u0254\u0301 t\u028b\u00f4\u02d0\u0261 stij\u011b\u02d0\u0272a] \ud834\udd07<br>\ud834\udd06 [i t\u0361\u0283\u01d4\u028ba\u02d0ri t\u028b\u00f4\u02d0\u0261 \u02c8p\u0254\u0283t\u025b\u0272a] \ud834\udd07<br>[\u028b\u01d2\u028eim\u0254\u0301 \u028b\u00e2\u02d0s \u02c8br\u0329da t\u028br\u0302\u02d0da]<br>[i str\u01ce\u02d0\u028bi\u02c8t\u0361\u0283\u0272\u011b \u02c8va\u0283\u025b k\u028bant\u0361s\u011b]<br>[k\u01d2ji\u02d0 n\u00eekad ne \u02c8p\u0254z.na\u0283\u011b]<br>[sram\u01d2tn\u0254\u0300\u02d0\u0261a r\u01d2pst\u028ba l\u01ce\u02d0n\u0283\u011b]<br>\ud834\udd06 [m\u00e2jko n\u00e2\u0283a t\u0361sr\u0329\u0302\u02d0na\u02d0 \u0261\u01d2ro] \ud834\udd07<br><br>\ud834\udd06 [\u02c8oj s\u028bj\u00ea\u02d0t\u028ea m\u00e2jksa z\u01d2ro] \ud834\udd07<br>\ud834\udd06 [m\u00e2jko n\u00e2\u0283a t\u0361sr\u0329\u0302\u02d0na\u02d0 \u0261\u01d2ro] \ud834\udd07<br>[d\u00f4k \u02c8lof t\u0361\u0255\u00eanskoj n\u00e2\u0283oj \u02c8misli]<br>[n\u00e2\u0283a sl\u00f4\u0261a \u02c8daje \u02c8krila]<br>[b\u01d0\u02d0t\u0361\u0255e \u0261\u00f4\u02d0rda b\u01d0\u02d0t\u0361\u0255e sl\u00e2\u02d0\u028bna]<br>[d\u01d2mo\u028bina n\u00e2\u0283a m\u00ee\u028ea]<br>[rj\u011b\u02d0ka t\u0361\u0255e n\u00e2\u0283\u00eex \u028b\u01cela\u02d0]<br>[\u02c8uska\u0283ut\u0361\u0255e \u02c8u d\u028b\u00e2\u02d0 m\u01d2\u02d0ra]<br>\ud834\udd06 [\u0261l\u00e1\u02d0s n\u01d2siti ok\u011ba\u02d0nu]<br>[\u02c8da je \u028bj\u00eat\u0361\u0283no t\u0361sr\u0329\u0302\u02d0na\u02d0 \u0261\u01d2ra] \ud834\udd07<br>[\u02c8da je \u028bj\u00eat\u0361\u0283no t\u0361sr\u0329\u0302\u02d0na\u02d0 \u0261\u01d2ra] \ud834\udd07<\/td><td>\ud834\udd06 O bright dawn of May blazes forth \ud834\udd07<br>\ud834\udd06 Our mother Montenegro \ud834\udd07<br>\ud834\udd06 We are the sons of your gravel \ud834\udd07<br>\ud834\udd06 And guardians of your candour \ud834\udd07<br>We love you, your craggy highlands<br>And your magnificent gorges<br>Which never came to experience<br>The chains of shameful slavery<br>\ud834\udd06 Our mother Montenegro \ud834\udd07<br><br>\ud834\udd06 O bright dawn of May blazes forth \ud834\udd07<br>\ud834\udd06 Our mother Montenegro \ud834\udd07<br>For the cause of our&nbsp;<a href=\"https:\/\/en.wikipedia.org\/wiki\/Lov%C4%87en\">Lov\u0107en<\/a><br>Our unity gives us wings<br>All proud and lauded shall we be<br>Our dear homeland beloved<br>Estuary of our waves<br>That surges into the two seas<br>\ud834\udd06 Shall bear voice into the ocean<br>That Montenegro is ageless \ud834\udd07<br>That Montenegro is ageless<\/td><\/tr><\/tbody><\/table><\/figure>\n\n\n\n<p><\/p>\n\n\n\n<h3 class=\"wp-block-heading\" id=\"Original_version_from_the_19th_century\">Original version from the 19th century<\/h3>\n\n\n\n<p><\/p>\n\n\n\n<figure class=\"wp-block-table\"><table class=\"has-fixed-layout\"><tbody><tr><th>Serbo-Croatian (Cyrillic)<\/th><th>Serbian-Croatian (Latin)<\/th><th>English translation<\/th><\/tr><tr><td>\u041e\u0458, \u0458\u0443\u043d\u0430\u0448\u0442\u0432\u0430 \u0441\u0432\u0458\u0435\u0442\u043b\u0430 \u0437\u043e\u0440\u043e,<br>\u041c\u0430\u0458\u043a\u043e \u043d\u0430\u0448\u0430 \u0426\u0440\u043d\u0430 \u0413\u043e\u0440\u043e!<br>\u041d\u0430 \u0442\u0432\u043e\u0458\u0438\u043c \u0441\u0435 \u0432\u0440\u043b\u0435\u0442\u0438\u043c\u0430,<br>\u0420\u0430\u0437\u0431\u0438 \u0441\u0438\u043b\u0430 \u0434\u0443\u0448\u043c\u0430\u043d\u0438\u043c\u0430.<br>\u0408\u0435\u0434\u0438\u043d\u0430 \u0441\u0438 \u0437\u0430 \u0441\u043b\u043e\u0431\u043e\u0434\u0443,<br>\u0422\u0438 \u043e\u0441\u0442\u0430\u043b\u0430 \u0441\u0440\u043f\u0441\u043a\u043e\u043c \u0440\u043e\u0434\u0443.<br>\u0414\u0430\u0442 \u045b\u0435 \u0411\u043e\u0433 \u0438 \u0441\u0432\u0458\u0435\u0442\u0430 \u043c\u0430\u0442\u0438<br>\u0414\u0430 \u0441\u0435 \u0458\u0435\u0434\u043d\u043e\u043c \u0441\u0432\u0435 \u043f\u043e\u0432\u0440\u0430\u0442\u0438!<\/td><td>Oj, juna\u0161tva svjetla zoro,<br>Majko na\u0161a Crna Goro!<br>Na tvojim se vrletima,<br>Razbi sila du\u0161manima.<br>Jedina si za slobodu,<br>Ti ostala srpskom rodu.<br>Dat \u0107e Bog i svjeta mati<br>Da se jednom sve povrati!<\/td><td>Oh, bright dawn of bravery,<br>Our mother&nbsp;<a href=\"https:\/\/en.wikipedia.org\/wiki\/Old_Montenegro\">Montenegro<\/a>!<br>On your mountains,<br>Broke the force of&nbsp;<a href=\"https:\/\/en.wikipedia.org\/wiki\/Ottoman_Empire\">the enemy<\/a>.<br>Only you are still remain,<br>For&nbsp;<a href=\"https:\/\/en.wikipedia.org\/wiki\/Serbs\">Serb people<\/a>&nbsp;to regain its freedom<br>God and Holy Mother&#8217;s willing<br>Everything will be restored again!<\/td><\/tr><\/tbody><\/table><\/figure>\n\n\n\n<p><\/p>\n\n\n\n<h3 class=\"wp-block-heading\" id=\"World_War_II_collaborationist_version\">World War II collaborationist version<\/h3>\n\n\n\n<p><\/p>\n\n\n\n<p><\/p>\n\n\n\n<figure class=\"wp-block-table\"><table class=\"has-fixed-layout\"><tbody><tr><th>Serbo-Croatian (Latin)<\/th><th>Serbo-Croatian (Cyrillic)<\/th><th>English translation<\/th><\/tr><tr><td>Vje\u010dna na\u0161a Crna Goro,<br>Tvoj Lov\u0107en je car Jadrana,<br>Ka seljaka tvojih djela,<br>Kad su \u010dija opjevana?<br>Volimo vas, brda tvrda,<br>I stravi\u010dne va\u0161e klance<br>Koji nikad ne pozna\u0161e<br>Sramotnoga ropstva lance.<br>Lov\u0107en nam je oltar sveti,<br>Vazda smo mu vjerni bili,<br>U njega smo vjerovali<br>I njime se ponosili.<br>Otkada je Badnje ve\u010de<br>Na\u0161u vjeru o\u010distilo,<br>Me\u0111u nama, seljacima,<br>Nevjernika nije bilo.<br>Dok lov\u0107enskoj na\u0161oj misli<br>Na\u0161a sloga daje krila,<br>Bit \u0107e gorda, bit \u0107e slavna<br>Domovina na\u0161a mila.<br>Slobode \u0107e \u010duvar biti<br>Na\u0161a brda, na\u0161e gore,<br>Dokle zemlju sunce grije<br>I dokle se ljudi bore.<br>Rijeka \u0107e na\u0161ih vala,<br>Uska\u010du\u0107i u dva mora,<br>Glas nositi oceanu,<br>Da je vje\u010dna Crna Gora.<\/td><td>\u0412\u0458\u0435\u0447\u043d\u0430 \u043d\u0430\u0448\u0430 \u0426\u0440\u043d\u0430 \u0413\u043e\u0440\u043e,<br>\u0422\u0432\u043e\u0458 \u041b\u043e\u0432\u045b\u0435\u043d \u0458\u0435 \u0446\u0430\u0440 \u0408\u0430\u0434\u0440\u0430\u043d\u0430,<br>\u041a\u0430 \u0441\u0435\u0459\u0430\u043a\u0430 \u0442\u0432\u043e\u0458\u0438\u0445 \u0434\u0458\u0435\u043b\u0430,<br>\u041a\u0430\u0434 \u0441\u0443 \u0447\u0438\u0458\u0430 \u043e\u043f\u0458\u0435\u0432\u0430\u043d\u0430?<br>\u0412\u043e\u043b\u0438\u043c\u043e \u0432\u0430\u0441, \u0431\u0440\u0434\u0430 \u0442\u0432\u0440\u0434\u0430,<br>\u0418 \u0441\u0442\u0440\u0430\u0432\u0438\u0447\u043d\u0435 \u0432\u0430\u0448\u0435 \u043a\u043b\u0430\u043d\u0446\u0435<br>\u041a\u043e\u0458\u0438 \u043d\u0438\u043a\u0430\u0434 \u043d\u0435 \u043f\u043e\u0437\u043d\u0430\u0448\u0435<br>\u0421\u0440\u0430\u043c\u043e\u0442\u043d\u043e\u0433\u0430 \u0440\u043e\u043f\u0441\u0442\u0432\u0430 \u043b\u0430\u043d\u0446\u0435.<br>\u041b\u043e\u0432\u045b\u0435\u043d \u043d\u0430\u043c \u0458\u0435 \u043e\u043b\u0442\u0430\u0440 \u0441\u0432\u0435\u0442\u0438,<br>\u0412\u0430\u0437\u0434\u0430 \u0441\u043c\u043e \u043c\u0443 \u0432\u0458\u0435\u0440\u043d\u0438 \u0431\u0438\u043b\u0438,<br>\u0423 \u045a\u0435\u0433\u0430 \u0441\u043c\u043e \u0432\u0458\u0435\u0440\u043e\u0432\u0430\u043b\u0438<br>\u0418 \u045a\u0438\u043c\u0435 \u0441\u0435 \u043f\u043e\u043d\u043e\u0441\u0438\u043b\u0438.<br>\u041e\u0442\u043a\u0430\u0434\u0430 \u0458\u0435 \u0411\u0430\u0434\u045a\u0435 \u0432\u0435\u0447\u0435<br>\u041d\u0430\u0448\u0443 \u0432\u0458\u0435\u0440\u0443 \u043e\u0447\u0438\u0441\u0442\u0438\u043b\u043e,<br>\u041c\u0435\u0452\u0443 \u043d\u0430\u043c\u0430, \u0441\u0435\u0459\u0430\u0446\u0438\u043c\u0430,<br>\u041d\u0435\u0432\u0458\u0435\u0440\u043d\u0438\u043a\u0430 \u043d\u0438\u0458\u0435 \u0431\u0438\u043b\u043e.<br>\u0414\u043e\u043a \u043b\u043e\u0432\u045b\u0435\u043d\u0441\u043a\u043e\u0458 \u043d\u0430\u0448\u043e\u0458 \u043c\u0438\u0441\u043b\u0438<br>\u041d\u0430\u0448\u0430 \u0441\u043b\u043e\u0433\u0430 \u0434\u0430\u0458\u0435 \u043a\u0440\u0438\u043b\u0430,<br>\u0411\u0438\u0442 \u045b\u0435 \u0433\u043e\u0440\u0434\u0430, \u0431\u0438\u0442 \u045b\u0435 \u0441\u043b\u0430\u0432\u043d\u0430<br>\u0414\u043e\u043c\u043e\u0432\u0438\u043d\u0430 \u043d\u0430\u0448\u0430 \u043c\u0438\u043b\u0430.<br>\u0421\u043b\u043e\u0431\u043e\u0434\u0435 \u045b\u0435 \u0447\u0443\u0432\u0430\u0440 \u0431\u0438\u0442\u0438<br>\u041d\u0430\u0448\u0430 \u0431\u0440\u0434\u0430, \u043d\u0430\u0448\u0435 \u0433\u043e\u0440\u0435,<br>\u0414\u043e\u043a\u043b\u0435 \u0437\u0435\u043c\u0459\u0443 \u0441\u0443\u043d\u0446\u0435 \u0433\u0440\u0438\u0458\u0435<br>\u0418 \u0434\u043e\u043a\u043b\u0435 \u0441\u0435 \u0459\u0443\u0434\u0438 \u0431\u043e\u0440\u0435.<br>\u0420\u0438\u0458\u0435\u043a\u0430 \u045b\u0435 \u043d\u0430\u0448\u0438\u0445 \u0432\u0430\u043b\u0430,<br>\u0423\u0441\u043a\u0430\u0447\u0443\u045b\u0438 \u0443 \u0434\u0432\u0430 \u043c\u043e\u0440\u0430,<br>\u0413\u043b\u0430\u0441 \u043d\u043e\u0441\u0438\u0442\u0438 \u043e\u0446\u0435\u0430\u043d\u0443,<br>\u0414\u0430 \u0458\u0435 \u0432\u0458\u0435\u0447\u043d\u0430 \u0426\u0440\u043d\u0430 \u0413\u043e\u0440\u0430.<\/td><td>Eternal Our Montenegro,<br>Your Lov\u0107en is the Emperor of the Adriatic,<br>Like the peasants of your rocks,<br>When were they sang?&#8217;<br>We love you, the rocky hills,<br>And your horrifying gorges<br>That never came to know<br>The shameful slavery chains.<br>Lov\u0107en is our holy Oltar,<br>Forever were we to him faithful,<br>In it we have believed<br>And with it we were proud.<br>Ever since Christmas Eve.<br>Our faith cleansed,<br>Among us peasants,<br>No infidel there was.<br>As long as our Lov\u0107en&#8217;s thought<br>Our concord gives strength,<br>It shall be proud, it shall be famous<br>Our dear homeland.<br>Freedom&#8217;s keeper shall be<br>Our hills, our highlands,<br>As long as the earth receives warmth from the sun<br>And as long as men are fighting.<br>Rivers of our waves shall,<br>Jumping into two seas<br>Bring the voice to the ocean<br>Eternal be our Montenegro.<\/td><\/tr><\/tbody><\/table><\/figure>\n\n\n\n<p><\/p>\n","protected":false},"excerpt":{"rendered":"<p>Montenegrin Cyrillic&nbsp;(sole official)[2] Montenegrin Latin&nbsp;(romanization) IPA&nbsp;transcription Metered English translation \ud834\udd06 \u041e\u0458 \u0441\u0432\u0438\u0458\u0435\u0442\u043b\u0430 \u043c\u0430\u0458\u0441\u043a\u0430 \u0437\u043e\u0440\u043e. \ud834\udd07\ud834\udd06 \u041c\u0430\u0458\u043a\u043e \u043d\u0430\u0448\u0430 \u0426\u0440\u043d\u0430 \u0413\u043e\u0440\u043e. \ud834\udd07\ud834\udd06 \u0421\u0438\u043d\u043e\u0432\u0438 \u0441\u043c\u043e \u0442\u0432\u043e\u0433 \u0441\u0442\u0438\u0458\u0435\u045a\u0430 \ud834\udd07\ud834\udd06 \u0418 \u0447\u0443\u0432\u0430\u0440\u0438 \u0442\u0432\u043e\u0433 \u043f\u043e\u0448\u0442\u0435\u045a\u0430 \ud834\udd07\u0412\u043e\u043b\u0438\u043c\u043e \u0432\u0430\u0441, \u0431\u0440\u0434\u0430 \u0442\u0432\u0440\u0434\u0430\u0418 \u0441\u0442\u0440\u0430\u0432\u0438\u0447\u043d\u0435 \u0432\u0430\u0448\u0435 \u043a\u043b\u0430\u043d\u0446\u0435\u041a\u043e\u0458\u0438 \u043d\u0438\u043a\u0430\u0434 \u043d\u0435 \u043f\u043e\u0437\u043d\u0430\u0448\u0435\u0421\u0440\u0430\u043c\u043e\u0442\u043d\u043e\u0433\u0430 \u0440\u043e\u043f\u0441\u0442\u0432\u0430 \u043b\u0430\u043d\u0446\u0435,\ud834\udd06 \u041c\u0430\u0458\u043a\u043e \u043d\u0430\u0448\u0430 \u0426\u0440\u043d\u0430 \u0413\u043e\u0440\u043e! \ud834\udd07 \ud834\udd06 \u041e\u0458 \u0441\u0432\u0438\u0458\u0435\u0442\u043b\u0430 \u043c\u0430\u0458\u0441\u043a\u0430 \u0437\u043e\u0440\u043e. \ud834\udd07\ud834\udd06 \u041c\u0430\u0458\u043a\u043e \u043d\u0430\u0448\u0430 \u0426\u0440\u043d\u0430&hellip;<\/p>\n","protected":false},"author":1,"featured_media":0,"parent":366,"menu_order":0,"comment_status":"closed","ping_status":"closed","template":"","meta":{"footnotes":""},"class_list":["post-1252","page","type-page","status-publish","hentry"],"_links":{"self":[{"href":"https:\/\/www.sadeora.com\/sky_dome\/the-future-planet\/wp-json\/wp\/v2\/pages\/1252","targetHints":{"allow":["GET"]}}],"collection":[{"href":"https:\/\/www.sadeora.com\/sky_dome\/the-future-planet\/wp-json\/wp\/v2\/pages"}],"about":[{"href":"https:\/\/www.sadeora.com\/sky_dome\/the-future-planet\/wp-json\/wp\/v2\/types\/page"}],"author":[{"embeddable":true,"href":"https:\/\/www.sadeora.com\/sky_dome\/the-future-planet\/wp-json\/wp\/v2\/users\/1"}],"replies":[{"embeddable":true,"href":"https:\/\/www.sadeora.com\/sky_dome\/the-future-planet\/wp-json\/wp\/v2\/comments?post=1252"}],"version-history":[{"count":0,"href":"https:\/\/www.sadeora.com\/sky_dome\/the-future-planet\/wp-json\/wp\/v2\/pages\/1252\/revisions"}],"up":[{"embeddable":true,"href":"https:\/\/www.sadeora.com\/sky_dome\/the-future-planet\/wp-json\/wp\/v2\/pages\/366"}],"wp:attachment":[{"href":"https:\/\/www.sadeora.com\/sky_dome\/the-future-planet\/wp-json\/wp\/v2\/media?parent=1252"}],"curies":[{"name":"wp","href":"https:\/\/api.w.org\/{rel}","templated":true}]}}