{"id":1077,"date":"2020-04-10T20:18:51","date_gmt":"2020-04-11T01:18:51","guid":{"rendered":"https:\/\/www.sadeora.com\/sky_dome\/the-future-planet\/?page_id=1077"},"modified":"2024-09-30T07:07:06","modified_gmt":"2024-09-30T12:07:06","slug":"andorra","status":"publish","type":"page","link":"https:\/\/www.sadeora.com\/sky_dome\/the-future-planet\/andorra\/","title":{"rendered":"Andorra"},"content":{"rendered":"\n<figure class=\"wp-block-image size-large is-resized\"><a href=\"https:\/\/en.wikipedia.org\/wiki\/Andorra\" target=\"_blank\" rel=\"noreferrer noopener\"><img loading=\"lazy\" decoding=\"async\" width=\"640\" height=\"480\" src=\"https:\/\/www.sadeora.com\/sky_dome\/the-future-planet\/wp-content\/uploads\/2019\/10\/andorra_round_icon_640.png\" alt=\"\" class=\"wp-image-624\" style=\"width:310px;height:233px\" srcset=\"https:\/\/www.sadeora.com\/sky_dome\/the-future-planet\/wp-content\/uploads\/2019\/10\/andorra_round_icon_640.png 640w, https:\/\/www.sadeora.com\/sky_dome\/the-future-planet\/wp-content\/uploads\/2019\/10\/andorra_round_icon_640-300x225.png 300w\" sizes=\"auto, (max-width: 640px) 100vw, 640px\" \/><\/a><\/figure>\n\n\n\n<figure class=\"wp-block-audio\"><audio controls src=\"https:\/\/www.sadeora.com\/sky_dome\/the-future-planet\/wp-content\/uploads\/2024\/08\/El_Gran_Carlemany.ogg\"><\/audio><\/figure>\n\n\n\n<figure class=\"wp-block-table\"><table><tbody><tr><th><strong><em>El Gran Carlemany<\/em><br><small>(Catalan)<\/small><\/strong><\/th><th><strong>El Gran Carlomagno<br><small>(Spanish&nbsp;translation)<\/small><\/strong><\/th><th><strong>Le Grand Charlemagne<br><small>(French&nbsp;translation)<\/small><\/strong><\/th><th><strong>The Great Charlemagne<br><small>(English translation)<\/small><\/strong><\/th><\/tr><tr><td><strong>First verse<\/strong><\/td><\/tr><tr><td><em>El gran Carlemany, mon pare,<\/em><br><em>dels alarbs em deslliur\u00e0,<\/em><br><em>I del cel vida em don\u00e0,<\/em><br><em>de Meritxell, la gran Mare.<\/em><\/td><td>El gran Carlomagno, mi padre,<br>me liber\u00f3 de los \u00e1rabes,<br>Y del cielo vida me dio,<br>de Meritxell, la gran Madre,<\/td><td>Le Grand Charlemagne mon p\u00e8re<br>nous d\u00e9livra des arabes<br>et du ciel me donna la vie,<br>de Meritxell la grande M\u00e8re.<\/td><td>The great&nbsp;<a href=\"https:\/\/en.wikipedia.org\/wiki\/Charlemagne\" class=\"aioseop-link\">Charlemagne<\/a>, my father,<br>from the&nbsp;<a href=\"https:\/\/en.wikipedia.org\/wiki\/Saracen\">Saracens<\/a>&nbsp;liberated me<br>And from heaven he gave me life,<br>of&nbsp;<a href=\"https:\/\/en.wikipedia.org\/wiki\/Our_Lady_of_Meritxell\">Meritxell<\/a>, the great Mother.<\/td><\/tr><tr><td><strong>Second verse<\/strong><\/td><\/tr><tr><td><em>Princesa nasqu\u00ed i Pubilla<\/em><br><em>entre dues nacions, neutral;<\/em><br><em>sols resto l&#8217;\u00fanica filla,<\/em><br><em>de l&#8217;imperi Carlemany.<\/em><\/td><td>Princesa nac\u00ed y heredera,<br>entre dos naciones, neutral<br>Soy la \u00fanica hija que queda<br>del Imperio Carolingio.<\/td><td>Je suis n\u00e9e Princesse h\u00e9riti\u00e8re,<br>neutre entre deux nations,<br>Je reste la seule fille<br>de l&#8217;empereur Charlemagne.<\/td><td>Princess, born Heiress<br>Into two nations, in neutrality;<br>I am the only remaining daughter,<br>of the&nbsp;<a href=\"https:\/\/en.wikipedia.org\/wiki\/Carolingian_Empire\">Carolingian empire<\/a>.<\/td><\/tr><tr><td><strong>Third verse<\/strong><\/td><\/tr><tr><td><em>Creient i lliure onze segles,<\/em><br><em>creient i lliure vull ser.<\/em><br><em>Siguin els furs mos tutors<\/em><br><em>i mos Pr\u00ednceps defensors!<\/em><br><br><em>I mos Pr\u00ednceps defensors!<\/em><\/td><td>Creyente y libre once siglos;<br>creyente y libre quiero ser.<br>\u00a1Sean los fueros mis tutores<br>y mis Pr\u00edncipes defensores!<br><br>\u00a1Y mis Pr\u00edncipes defensores!<\/td><td>Croyante et libre onze si\u00e8cles,<br>croyante et libre je veux demeurer<br>Que les Fueros soient mes tuteurs<br>et mes Princes mes d\u00e9fenseurs!<br><br>Et mes Princes mes d\u00e9fenseurs!<\/td><td>Faithful and free for eleven centuries,<br>Faithful and free I will be.<br>The laws of the land be my tutors,<br>and my Princes<small><sup><a href=\"https:\/\/en.wikipedia.org\/wiki\/El_Gran_Carlemany#cite_note-3\">[A]<\/a><\/sup><\/small>&nbsp;defenders!<br><br>And my Princes defenders!<\/td><\/tr><\/tbody><\/table><\/figure>\n","protected":false},"excerpt":{"rendered":"<p>El Gran Carlemany(Catalan) El Gran Carlomagno(Spanish&nbsp;translation) Le Grand Charlemagne(French&nbsp;translation) The Great Charlemagne(English translation) First verse El gran Carlemany, mon pare,dels alarbs em deslliur\u00e0,I del cel vida em don\u00e0,de Meritxell, la gran Mare. El gran Carlomagno, mi padre,me liber\u00f3 de los \u00e1rabes,Y del cielo vida me dio,de Meritxell, la gran Madre, Le Grand Charlemagne mon p\u00e8renous&hellip;<\/p>\n","protected":false},"author":1,"featured_media":0,"parent":0,"menu_order":0,"comment_status":"closed","ping_status":"closed","template":"","meta":{"footnotes":""},"class_list":["post-1077","page","type-page","status-publish","hentry"],"_links":{"self":[{"href":"https:\/\/www.sadeora.com\/sky_dome\/the-future-planet\/wp-json\/wp\/v2\/pages\/1077","targetHints":{"allow":["GET"]}}],"collection":[{"href":"https:\/\/www.sadeora.com\/sky_dome\/the-future-planet\/wp-json\/wp\/v2\/pages"}],"about":[{"href":"https:\/\/www.sadeora.com\/sky_dome\/the-future-planet\/wp-json\/wp\/v2\/types\/page"}],"author":[{"embeddable":true,"href":"https:\/\/www.sadeora.com\/sky_dome\/the-future-planet\/wp-json\/wp\/v2\/users\/1"}],"replies":[{"embeddable":true,"href":"https:\/\/www.sadeora.com\/sky_dome\/the-future-planet\/wp-json\/wp\/v2\/comments?post=1077"}],"version-history":[{"count":0,"href":"https:\/\/www.sadeora.com\/sky_dome\/the-future-planet\/wp-json\/wp\/v2\/pages\/1077\/revisions"}],"wp:attachment":[{"href":"https:\/\/www.sadeora.com\/sky_dome\/the-future-planet\/wp-json\/wp\/v2\/media?parent=1077"}],"curies":[{"name":"wp","href":"https:\/\/api.w.org\/{rel}","templated":true}]}}