{"id":158,"date":"2019-05-14T00:24:50","date_gmt":"2019-05-14T00:24:50","guid":{"rendered":"http:\/\/www.sadeora.com\/biography\/?page_id=158"},"modified":"2021-06-17T18:03:16","modified_gmt":"2021-06-17T18:03:16","slug":"golden-ages","status":"publish","type":"page","link":"https:\/\/www.sadeora.com\/biography\/golden-ages\/","title":{"rendered":"Golden Ages"},"content":{"rendered":"\n<h3 class=\"has-text-align-center wp-block-heading\">History of Ancient Ages<\/h3>\n\n\n\n<p>The term&nbsp;<strong>Golden Age<\/strong>&nbsp;comes from&nbsp;Greek mythology, particularly the&nbsp;<em>Works and Days<\/em>&nbsp;of&nbsp;Hesiod, and is part of the description of temporal decline of the state of peoples through five&nbsp;Ages,&nbsp;Gold&nbsp;being the first and the one during which the Golden Race of humanity (Greek:&nbsp;\u03c7\u03c1\u03cd\u03c3\u03b5\u03bf\u03bd \u03b3\u03ad\u03bd\u03bf\u03c2&nbsp;<em>chr\u00fdseon g\u00e9nos<\/em>)&nbsp;lived. Those living in the first Age were ruled by&nbsp;Kronos, after the finish of the first age was the&nbsp;Silver, then the&nbsp;Bronze, after this the&nbsp;Heroic&nbsp;age, with the fifth and current age being&nbsp;Iron.<\/p>\n\n\n\n<p>By extension \u201cGolden Age\u201d denotes a period of primordial&nbsp;peace,&nbsp;harmony,&nbsp;stability, and&nbsp;prosperity. During this age peace and harmony prevailed, people did not have to work to feed themselves, for the earth provided food in abundance. They lived to a very old age with a youthful appearance, eventually dying peacefully, with spirits living on as \u201cguardians\u201d.&nbsp;Plato&nbsp;in&nbsp;<em>Cratylus<\/em>&nbsp;(397 e) recounts the golden race of humans who came first. He clarifies that Hesiod did not mean literally made of gold, but good and noble.<\/p>\n\n\n\n<p>In classical Greek mythology the Golden Age was presided over by the leading&nbsp;Titan&nbsp;Cronus. In some version of the myth&nbsp;Astraea&nbsp;also ruled. She lived with men until the end of the Silver Age, but in the Bronze Age, when men became violent and greedy, fled to the stars, where she appears as the constellation&nbsp;Virgo, holding the scales of Justice, or&nbsp;Libra.<\/p>\n\n\n\n<p>European&nbsp;pastoral&nbsp;literary tradition often depicted nymphs and shepherds as living a life of rustic innocence and peace, set in&nbsp;Arcadia, a region of Greece that was the abode and center of worship of their tutelary deity, goat-footed&nbsp;Pan, who dwelt among them.<\/p>\n\n\n\n<blockquote class=\"wp-block-quote is-layout-flow wp-block-quote-is-layout-flow\"><p>[Men] lived like gods without sorrow of heart, remote and free from toil and grief: miserable age rested not on them; but with legs and arms never failing they made merry with feasting beyond the reach of all devils. When they died, it was as though they were overcome with sleep, and they had all good things; for the fruitful earth unforced bare them fruit abundantly and without stint. They dwelt in ease and peace.<\/p><\/blockquote>\n\n\n\n<h2 class=\"wp-block-heading\">Other Golden Ages<\/h2>\n\n\n\n<p>There are analogous concepts in the religious and philosophical traditions of the South Asian subcontinent. For example, the&nbsp;Vedic&nbsp;or ancient&nbsp;Hindu&nbsp;culture saw history as cyclical, composed of&nbsp;yugas&nbsp;with alternating Dark and Golden Ages. The Kali yuga (Iron Age), Dwapara yuga (Bronze Age), Treta yuga (Silver Age) and Satya yuga (Golden Age) correspond to the four Greek ages. Similar beliefs occur in the ancient&nbsp;Middle East and throughout the ancient world, as well.<\/p>\n\n\n\n<h3 class=\"wp-block-heading\">Hindu<\/h3>\n\n\n\n<p>The Indian teachings differentiate the four world ages (Yugas) not according to metals, but according to quality with Truth being the defining feature of the Golden Age. After the world fall at the end of the fourth, worst age (the Kali yuga) named after the Messianic figure Kali, the cycle should be continued, eventually culminating in a new golden age.<\/p>\n\n\n\n<p>The&nbsp;Krita Yuga&nbsp;also known as the Satya yuga, the First and Perfect Age, as described in the&nbsp;Mahabharata, a&nbsp;Hindu&nbsp;epic:<\/p>\n\n\n\n<blockquote class=\"wp-block-quote is-layout-flow wp-block-quote-is-layout-flow\"><p>Men neither bought nor sold; there were no poor and no rich; there was no need to labour, because all that men required was obtained by the power of will; the chief virtue was the abandonment of all worldly desires. The&nbsp;<em>Krita Yuga<\/em>&nbsp;was without disease; there was no lessening with the years; there was no hatred or vanity, or evil thought whatsoever; no sorrow, no fear. All mankind could attain to supreme blessedness.<\/p><\/blockquote>\n\n\n\n<p>Satya Yuga lasts for 1,728,000 years, Treta Yuga 1,296,000 years, Dvapara Yuga 864,000 years and Kali Yuga 432,000 years. According to the Puranas there are 71 such cycles in a life of Manu whose life duration is 306.72 million years. The reign of fourteen Manus (4.32 billion years) comprises one day (Kalpa) of Brahma.&nbsp;Knowledge, meditation, and communion with Spirit hold special importance in this era. The average life expectancy of a human being in Satya Yuga is believed to be about 100,000 years. That duration of life declines in next age, Treta Yuga to 10,000 years, followed by Dvapara Yuga 1 000 years and Kali Yuga up to 100 years. During Satya Yuga, most people engage only in good, sublime deeds and mankind lives in harmony with the earth.&nbsp;Ashrams&nbsp;become devoid of wickedness and deceit.&nbsp;Natyam&nbsp;(such as&nbsp;Bharatanatyam), according to&nbsp;Natya Shastra, did not exist in the Satya Yuga \u201cbecause it was the time when all people were happy\u201d.<\/p>\n\n\n\n<h3 class=\"wp-block-heading\">Brahma Kumaris<\/h3>\n\n\n\n<p>The&nbsp;Brahma Kumaris&nbsp;and&nbsp;Prajapita Brahma Kumaris&nbsp;make reference to five yuga in a single cycle of 5,000 years in which the Golden Age, or Satya yuga, is the first and lasts for 1,250 years. Three of the remaining four; Thretha Yuga (Silver Age), Dwarpar Yuga (Copper Age) and Kali Yuga (Iron Age), also last for 1,250 years each. The fifth age, Sangum Yuga (Confluence Age), is given to the last 100 years of the fourth age and represents the period when the Iron Age is destroyed and the next Golden Age is created. The World Drama is the story of the rise and fall of human souls during their sojourn in this world. It is about the interplay of souls, matter and God, and of the different stages through which human souls pass in five different epochs or acts of this drama.The drama begins with the Golden Age, when every soul expresses its original qualities of purity, peace, love and truth, and human relationships are marked by complete harmony. The virtuous nature of these divine beings is mirrored by nature, which is in its pristine state and serves humans with abundance. This is the time remembered as heaven or paradise by humanity.<\/p>\n\n\n\n<p>Golden age is the time when the human beings are full of all the divine virtues and have all the seven qualities peace, purity, love, wisdom, happiness, power and bliss to the fullest. And henceforth they are called deities, that we remember them as were our ancestors and whose divinity is worshiped in Hindu temples. The silver age comes after golden age where as time goes by, the souls, who are the actors in this drama, undergo a gradual decline. By Act Two, the number of souls has increased significantly, and though all are still happy and prosperous, the radiance and fullness that characterized their lives is no more.<\/p>\n\n\n\n<p>Rajayoga Mediation taught at the Brahma Kumaris are the way to revive the seven qualities within and awaken self true divinity, the souls of Satyuga AKA Golden Age has.<\/p>\n\n\n\n<p>Meditation energizes your awareness, bringing both peace and wisdom to a busy mind. It expands one\u2019s capacity to love, and heals broken hearts. It also dissolves many fears, replacing them with lightness and freedom from anxiety.<\/p>\n\n\n\n<p>But perhaps the greatest gift that meditation brings is the glow of inner peace that is both gentle and strong.<\/p>\n\n\n\n<p>Practice of Rajyoga meditation or intellectual communion with God brings into the soul many powers. Of these, eight are important.The Eight Powers.<\/p>\n\n\n\n<h3 class=\"wp-block-heading\">Norse<\/h3>\n\n\n\n<p>The&nbsp;Old Norse&nbsp;word&nbsp;<em>gullaldr<\/em>&nbsp;(literally \u201cGolden Age\u201d) was used in&nbsp;V\u00f6lusp\u00e1&nbsp;to describe the period after&nbsp;Ragnar\u00f6k, where the surviving gods and their progeny build the city&nbsp;Giml\u00e9&nbsp;on the ruins of&nbsp;Asgard. In this period,&nbsp;Baldrreigns.<\/p>\n\n\n\n<h3 class=\"wp-block-heading\">Bible<\/h3>\n\n\n\n<p>There is a reference to a succession of kingdoms in&nbsp;Nebuchadnezzar\u2019s dream in&nbsp;Daniel 2, in decreasing order identified as gold, silver, bronze, iron and finally mixed iron and clay.<\/p>\n\n\n\n<p>31 \u201cYour Majesty looked, and there before you stood a large statue \u2013 an enormous, dazzling statue, awesome in appearance. 32 The head of the statue was made of pure gold, its chest and arms of silver, its belly and thighs of bronze, 33 its legs of iron, its feet partly of iron and partly of baked clay. 34 While you were watching, a rock was cut out, but not by human hands. It struck the statue on its feet of iron and clay and smashed them. 35 Then the iron, the clay, the bronze, the silver and the gold were all broken to pieces and became like chaff on a threshing floor in the summer. The wind swept them away without leaving a trace. But the rock that struck the statue became a huge mountain and filled the whole earth.\u201d \u2014\u2009Daniel 2: 31-35<\/p>\n\n\n\n<p>The interpretation of the dream follows in verses 36\u201345.<\/p>\n\n\n\n<h3 class=\"wp-block-heading\">Fantasy<\/h3>\n\n\n\n<p>In modern&nbsp;fantasy worlds, whose background and setting sometimes draw heavily on real-world myths, similar or compatible concepts of a Golden Age exist in the said world\u2019s prehistory; when deities or&nbsp;elf-like creatures existed, before the coming of&nbsp;humans.<\/p>\n\n\n\n<p>For example, in&nbsp;<em>The Silmarillion<\/em>&nbsp;by&nbsp;J. R. R. Tolkien, a Golden Age exists in&nbsp;Middle-earth&nbsp;legendarium.&nbsp;Arda&nbsp;(the part of the world where&nbsp;<em>The Lord of the Rings<\/em>&nbsp;is set), was designed to be symmetrical and perfect. After the wars of the Gods, Arda lost its perfect shape (known as&nbsp;Arda Unmarred) and was called&nbsp;Arda Marred. Another kind of \u2018Golden Age\u2019 follows later, after the Elves awoke; the&nbsp;Eldar&nbsp;stay on&nbsp;Valinor, live with the&nbsp;Valar&nbsp;and advance in arts and knowledge, until the rebellion and the fall of the&nbsp;Noldor, reminiscent of the Fall of Man. Eventually, after the&nbsp;end of the world, the&nbsp;Silmarilli&nbsp;will be recovered and the light of the&nbsp;Two Trees of Valinorrekindled. Arda will be remade again as&nbsp;Arda Healed.<\/p>\n\n\n\n<p>In&nbsp;<em>The Wheel of Time<\/em>&nbsp;universe, the \u201cAge of Legends\u201d is the name given to the previous Age: In this society, channelers were common and&nbsp;Aes Sedai&nbsp;\u2013 trained channelers \u2013 were extremely powerful, able to make&nbsp;<em>angreal<\/em>,&nbsp;<em>sa\u2019angreal<\/em>, and&nbsp;<em>ter\u2019angreal<\/em>, and holding important civic positions. The Age of Legends is seen as a utopian society without war or crime, and devoted to culture and learning. Aes Sedai were frequently devoted to academic endeavours, one of which inadvertently resulted in a hole \u2013 The Bore \u2013 being drilled in the Dark One\u2019s prison. The immediate effects were not realised, but the Dark One gradually asserted power over humanity, swaying many to become his followers. This resulted in the War of Power and eventually the Breaking of the World.<\/p>\n\n\n\n<p>Another example is in the background of the&nbsp;<em>Lands of Lore<\/em>&nbsp;classic computer game, where the history of the Lands is divided in Ages. One of them is also called the Golden Age, a time when the Lands were ruled by the \u2018Ancients\u2019, and there were no wars. This age ended with the \u2018War of the Heretics\u2019.<\/p>\n\n\n\n<p>The Golden Age may also refer to a state of early childhood. Herbert Spencer argued that young children progress through the cognitive stages of evolution of the human species and of human civilization, thereby linking pre-civilization and infancy.&nbsp;Kenneth Grahame&nbsp;called his evocation of early childhood&nbsp;\u2018<em>The Golden Age<\/em>\u2018&nbsp;and&nbsp;J. M. Barrie\u2019s fictional character&nbsp;Peter Pan, who first appeared in&nbsp;\u2018<em>The Little White Bird<\/em>\u2018&nbsp;was named after&nbsp;<em>Pan<\/em>, a Greek god from the Golden Age. Barrie\u2019s further works about Peter Pan&nbsp;depict early childhood as a time of pre-civilized naturalness and happiness, which is destroyed by the subsequent process of education.<\/p>\n\n\n\n<div class=\"wp-block-button aligncenter\"><a class=\"wp-block-button__link\" href=\"\/family\/enrolment\/\"><strong>Enroll For Our True Legacy<\/strong><\/a><\/div>\n","protected":false},"excerpt":{"rendered":"<p>History of Ancient Ages The term&nbsp;Golden Age&nbsp;comes from&nbsp;Greek mythology, particularly the&nbsp;Works and Days&nbsp;of&nbsp;Hesiod, and is part of the description of temporal decline of the state of peoples through five&nbsp;Ages,&nbsp;Gold&nbsp;being the first and the one during which the Golden Race of humanity (Greek:&nbsp;\u03c7\u03c1\u03cd\u03c3\u03b5\u03bf\u03bd \u03b3\u03ad\u03bd\u03bf\u03c2&nbsp;chr\u00fdseon g\u00e9nos)&nbsp;lived. Those living in the first Age were ruled by&nbsp;Kronos, after the [&hellip;]<\/p>\n","protected":false},"author":1,"featured_media":0,"parent":0,"menu_order":0,"comment_status":"closed","ping_status":"closed","template":"","meta":{"footnotes":""},"class_list":["post-158","page","type-page","status-publish","hentry"],"_links":{"self":[{"href":"https:\/\/www.sadeora.com\/biography\/wp-json\/wp\/v2\/pages\/158","targetHints":{"allow":["GET"]}}],"collection":[{"href":"https:\/\/www.sadeora.com\/biography\/wp-json\/wp\/v2\/pages"}],"about":[{"href":"https:\/\/www.sadeora.com\/biography\/wp-json\/wp\/v2\/types\/page"}],"author":[{"embeddable":true,"href":"https:\/\/www.sadeora.com\/biography\/wp-json\/wp\/v2\/users\/1"}],"replies":[{"embeddable":true,"href":"https:\/\/www.sadeora.com\/biography\/wp-json\/wp\/v2\/comments?post=158"}],"version-history":[{"count":11,"href":"https:\/\/www.sadeora.com\/biography\/wp-json\/wp\/v2\/pages\/158\/revisions"}],"predecessor-version":[{"id":474,"href":"https:\/\/www.sadeora.com\/biography\/wp-json\/wp\/v2\/pages\/158\/revisions\/474"}],"wp:attachment":[{"href":"https:\/\/www.sadeora.com\/biography\/wp-json\/wp\/v2\/media?parent=158"}],"curies":[{"name":"wp","href":"https:\/\/api.w.org\/{rel}","templated":true}]}}